{"id":1501,"date":"2020-06-09T11:17:48","date_gmt":"2020-06-09T16:17:48","guid":{"rendered":"https:\/\/resqjack.wpengine.com\/?page_id=1501"},"modified":"2026-05-13T13:56:59","modified_gmt":"2026-05-13T18:56:59","slug":"formation","status":"publish","type":"page","link":"https:\/\/res-q-jack.com\/fr\/training\/","title":{"rendered":"Formation"},"content":{"rendered":"<h1>Formation<\/h1>\t\t\t\n\t\t\t\t<p>Chez Res-Q-Jack, la formation est la pierre angulaire de tout ce que nous faisons. Trouvez des instructions et des vid\u00e9os sur nos techniques brevet\u00e9es, ainsi que des \u00e9v\u00e9nements de formation pr\u00e8s de chez vous.<\/p>\n\t\t\t\t<img decoding=\"async\" data-src=\"https:\/\/res-q-jack.com\/wp-content\/uploads\/2020\/06\/Stabilization-Training-University.jpg\" alt=\"Universit\u00e9 de stabilisation Res-Q-Jack\" title=\"Stabilisation-Formation-Universit\u00e9\" itemprop=\"image\" src=\"data:image\/svg+xml;base64,PHN2ZyB3aWR0aD0iMSIgaGVpZ2h0PSIxIiB4bWxucz0iaHR0cDovL3d3dy53My5vcmcvMjAwMC9zdmciPjwvc3ZnPg==\" class=\"lazyload\" style=\"--smush-placeholder-width: 450px; --smush-placeholder-aspect-ratio: 450\/300;\" \/>\n\t\t<h3>Universit\u00e9 de stabilisation<\/h3>\t\t\t\n\t\t\t\t<p>Stabilization University is your ticket to staying knowledgeable of your Res-Q-Jack tools and keeping up-to-date on our latest techniques<\/p>\n\t\t\t<a href=\"https:\/\/res-q-jack.com\/fr\/formation\/stabilisation-universite\/\" title=\"Voir les d\u00e9tails\" target=\"_self\"   role=\"button\" aria-label=\"Voir les d\u00e9tails\">\n\t\t\t\t\t\t\t\t\t\t\tVoir les d\u00e9tails\n\t\t<\/a>\n\t\t\t\t<img decoding=\"async\" data-src=\"https:\/\/res-q-jack.com\/wp-content\/uploads\/2020\/06\/Training-Documents.jpg\" alt=\"Documents de formation Res-Q-Jack\" title=\"Documents de formation\" itemprop=\"image\" src=\"data:image\/svg+xml;base64,PHN2ZyB3aWR0aD0iMSIgaGVpZ2h0PSIxIiB4bWxucz0iaHR0cDovL3d3dy53My5vcmcvMjAwMC9zdmciPjwvc3ZnPg==\" class=\"lazyload\" style=\"--smush-placeholder-width: 450px; --smush-placeholder-aspect-ratio: 450\/300;\" \/>\n\t\t<h3>Documents de formation<\/h3>\t\t\t\n\t\t\t\t<p>How-to articles and white papers to educate our users to become more effective, and safer at extrication<\/p>\n\t\t\t<a href=\"https:\/\/res-q-jack.com\/fr\/formation\/documents-de-formation\/\" title=\"Voir les d\u00e9tails\" target=\"_self\"   role=\"button\" aria-label=\"Voir les d\u00e9tails\">\n\t\t\t\t\t\t\t\t\t\t\tVoir les d\u00e9tails\n\t\t<\/a>\n\t\t\t\t<img decoding=\"async\" data-src=\"https:\/\/res-q-jack.com\/wp-content\/uploads\/2020\/06\/Vehicle-Stabilization-and-Extraction-Training-Videosjpg.jpg\" alt=\"Vid\u00e9os de formation sur la stabilisation et l&#039;extraction de v\u00e9hicules Res-Q-Jackjpg\" title=\"Vid\u00e9os de formation sur la stabilisation et l&#039;extraction des v\u00e9hiculesjpg\" itemprop=\"image\" src=\"data:image\/svg+xml;base64,PHN2ZyB3aWR0aD0iMSIgaGVpZ2h0PSIxIiB4bWxucz0iaHR0cDovL3d3dy53My5vcmcvMjAwMC9zdmciPjwvc3ZnPg==\" class=\"lazyload\" style=\"--smush-placeholder-width: 450px; --smush-placeholder-aspect-ratio: 450\/300;\" \/>\n\t\t<h3>Vid\u00e9os de formation<\/h3>\t\t\t\n\t\t\t\t<p>Watch Res-Q-Jack products in action and learn how to use the latest extraction and stabilization equipment<\/p>\n\t\t\t<a href=\"https:\/\/res-q-jack.com\/fr\/documents-de-formation\/videos-de-formation\/\" title=\"Voir les d\u00e9tails\" target=\"_self\"   role=\"button\" aria-label=\"Voir les d\u00e9tails\">\n\t\t\t\t\t\t\t\t\t\t\tVoir les d\u00e9tails\n\t\t<\/a>\n\t\t\t\t<img decoding=\"async\" data-src=\"https:\/\/res-q-jack.com\/wp-content\/uploads\/2020\/06\/Res-Q_Jack-Training-Events.jpg\" alt=\"\u00c9v\u00e9nements de formation Res-Q_Jack\" title=\"\u00c9v\u00e9nements de formation Res-Q_Jack\" itemprop=\"image\" src=\"data:image\/svg+xml;base64,PHN2ZyB3aWR0aD0iMSIgaGVpZ2h0PSIxIiB4bWxucz0iaHR0cDovL3d3dy53My5vcmcvMjAwMC9zdmciPjwvc3ZnPg==\" class=\"lazyload\" style=\"--smush-placeholder-width: 450px; --smush-placeholder-aspect-ratio: 450\/300;\" \/>\n\t\t<h3>\u00c9v\u00e9nements<\/h3>\t\t\t\n\t\t\t\t<p>Stay up-to-date with the latest Res-Q-Jack stabilization university events, demos, trade shows and more<\/p>\n\t\t\t<a href=\"https:\/\/res-q-jack.com\/fr\/evenements\/\" title=\"Voir les d\u00e9tails\" target=\"_self\"   role=\"button\" aria-label=\"Voir les d\u00e9tails\">\n\t\t\t\t\t\t\t\t\t\t\tVoir les d\u00e9tails\n\t\t<\/a>","protected":false},"excerpt":{"rendered":"<p>Training At Res-Q-Jack, training is the cornerstone of all we do. Find instructions and videos on our patented techniques, and training events near you. Stabilization University Stabilization University is your ticket to staying knowledgeable of your Res-Q-Jack tools and keeping up-to-date on our latest techniques View Details Training Documents How-to articles and white papers to&hellip;<\/p>","protected":false},"author":2,"featured_media":747,"parent":0,"menu_order":0,"comment_status":"closed","ping_status":"closed","template":"","meta":{"footnotes":""},"class_list":["post-1501","page","type-page","status-publish","has-post-thumbnail","hentry"],"yoast_head":"<!-- This site is optimized with the Yoast SEO plugin v27.5 - https:\/\/yoast.com\/product\/yoast-seo-wordpress\/ -->\n<title>Training | Res-Q-Jack, Inc.<\/title>\n<meta name=\"description\" content=\"Training videos, how-to articles, and training events offered by Res-Q-Jack.\" \/>\n<meta name=\"robots\" content=\"index, follow, max-snippet:-1, max-image-preview:large, max-video-preview:-1\" \/>\n<link rel=\"canonical\" href=\"https:\/\/res-q-jack.com\/fr\/formation\/\" \/>\n<meta property=\"og:locale\" content=\"fr_FR\" \/>\n<meta property=\"og:type\" content=\"article\" \/>\n<meta property=\"og:title\" content=\"Training | Res-Q-Jack, Inc.\" \/>\n<meta property=\"og:description\" content=\"Training videos, how-to articles, and training events offered by Res-Q-Jack.\" \/>\n<meta property=\"og:url\" content=\"https:\/\/res-q-jack.com\/fr\/formation\/\" \/>\n<meta property=\"og:site_name\" content=\"Res-Q-Jack, Inc.\" \/>\n<meta property=\"article:modified_time\" content=\"2026-05-13T18:56:59+00:00\" \/>\n<meta property=\"og:image\" content=\"https:\/\/res-q-jack.com\/wp-content\/uploads\/2020\/02\/APEX-X-Strut-Heavy-Duty-Vehicle-Lifting-Strut-3.jpg\" \/>\n\t<meta property=\"og:image:width\" content=\"900\" \/>\n\t<meta property=\"og:image:height\" content=\"600\" \/>\n\t<meta property=\"og:image:type\" content=\"image\/jpeg\" \/>\n<meta name=\"twitter:card\" content=\"summary_large_image\" \/>\n<meta name=\"twitter:label1\" content=\"Dur\u00e9e de lecture estim\u00e9e\" \/>\n\t<meta name=\"twitter:data1\" content=\"1 minute\" \/>\n<script type=\"application\/ld+json\" class=\"yoast-schema-graph\">{\"@context\":\"https:\\\/\\\/schema.org\",\"@graph\":[{\"@type\":\"WebPage\",\"@id\":\"https:\\\/\\\/res-q-jack.com\\\/training\\\/\",\"url\":\"https:\\\/\\\/res-q-jack.com\\\/training\\\/\",\"name\":\"Training | Res-Q-Jack, Inc.\",\"isPartOf\":{\"@id\":\"https:\\\/\\\/res-q-jack.com\\\/#website\"},\"primaryImageOfPage\":{\"@id\":\"https:\\\/\\\/res-q-jack.com\\\/training\\\/#primaryimage\"},\"image\":{\"@id\":\"https:\\\/\\\/res-q-jack.com\\\/training\\\/#primaryimage\"},\"thumbnailUrl\":\"https:\\\/\\\/res-q-jack.com\\\/wp-content\\\/uploads\\\/2020\\\/02\\\/APEX-X-Strut-Heavy-Duty-Vehicle-Lifting-Strut-3.jpg\",\"datePublished\":\"2020-06-09T16:17:48+00:00\",\"dateModified\":\"2026-05-13T18:56:59+00:00\",\"description\":\"Training videos, how-to articles, and training events offered by Res-Q-Jack.\",\"breadcrumb\":{\"@id\":\"https:\\\/\\\/res-q-jack.com\\\/training\\\/#breadcrumb\"},\"inLanguage\":\"fr-FR\",\"potentialAction\":[{\"@type\":\"ReadAction\",\"target\":[\"https:\\\/\\\/res-q-jack.com\\\/training\\\/\"]}]},{\"@type\":\"ImageObject\",\"inLanguage\":\"fr-FR\",\"@id\":\"https:\\\/\\\/res-q-jack.com\\\/training\\\/#primaryimage\",\"url\":\"https:\\\/\\\/res-q-jack.com\\\/wp-content\\\/uploads\\\/2020\\\/02\\\/APEX-X-Strut-Heavy-Duty-Vehicle-Lifting-Strut-3.jpg\",\"contentUrl\":\"https:\\\/\\\/res-q-jack.com\\\/wp-content\\\/uploads\\\/2020\\\/02\\\/APEX-X-Strut-Heavy-Duty-Vehicle-Lifting-Strut-3.jpg\",\"width\":900,\"height\":600,\"caption\":\"APEX X-Strut Heavy-Duty Vehicle Lifting Strut 3\"},{\"@type\":\"BreadcrumbList\",\"@id\":\"https:\\\/\\\/res-q-jack.com\\\/training\\\/#breadcrumb\",\"itemListElement\":[{\"@type\":\"ListItem\",\"position\":1,\"name\":\"Home\",\"item\":\"https:\\\/\\\/res-q-jack.com\\\/\"},{\"@type\":\"ListItem\",\"position\":2,\"name\":\"Training\"}]},{\"@type\":\"WebSite\",\"@id\":\"https:\\\/\\\/res-q-jack.com\\\/#website\",\"url\":\"https:\\\/\\\/res-q-jack.com\\\/\",\"name\":\"Res-Q-Jack, Inc.\",\"description\":\"Vehicle Stabilization Struts\",\"publisher\":{\"@id\":\"https:\\\/\\\/res-q-jack.com\\\/#organization\"},\"potentialAction\":[{\"@type\":\"SearchAction\",\"target\":{\"@type\":\"EntryPoint\",\"urlTemplate\":\"https:\\\/\\\/res-q-jack.com\\\/?s={search_term_string}\"},\"query-input\":{\"@type\":\"PropertyValueSpecification\",\"valueRequired\":true,\"valueName\":\"search_term_string\"}}],\"inLanguage\":\"fr-FR\"},{\"@type\":\"Organization\",\"@id\":\"https:\\\/\\\/res-q-jack.com\\\/#organization\",\"name\":\"Res-Q-Jack, Inc.\",\"url\":\"https:\\\/\\\/res-q-jack.com\\\/\",\"logo\":{\"@type\":\"ImageObject\",\"inLanguage\":\"fr-FR\",\"@id\":\"https:\\\/\\\/res-q-jack.com\\\/#\\\/schema\\\/logo\\\/image\\\/\",\"url\":\"https:\\\/\\\/res-q-jack.com\\\/wp-content\\\/uploads\\\/2020\\\/03\\\/Res-Q-Jack-SEO-Logo.png\",\"contentUrl\":\"https:\\\/\\\/res-q-jack.com\\\/wp-content\\\/uploads\\\/2020\\\/03\\\/Res-Q-Jack-SEO-Logo.png\",\"width\":612,\"height\":138,\"caption\":\"Res-Q-Jack, Inc.\"},\"image\":{\"@id\":\"https:\\\/\\\/res-q-jack.com\\\/#\\\/schema\\\/logo\\\/image\\\/\"}}]}<\/script>\n<!-- \/ Yoast SEO plugin. -->","yoast_head_json":{"title":"Formation | Res-Q-Jack, Inc.","description":"Vid\u00e9os de formation, articles pratiques et \u00e9v\u00e9nements de formation propos\u00e9s par Res-Q-Jack.","robots":{"index":"index","follow":"follow","max-snippet":"max-snippet:-1","max-image-preview":"max-image-preview:large","max-video-preview":"max-video-preview:-1"},"canonical":"https:\/\/res-q-jack.com\/fr\/formation\/","og_locale":"fr_FR","og_type":"article","og_title":"Training | Res-Q-Jack, Inc.","og_description":"Training videos, how-to articles, and training events offered by Res-Q-Jack.","og_url":"https:\/\/res-q-jack.com\/fr\/formation\/","og_site_name":"Res-Q-Jack, Inc.","article_modified_time":"2026-05-13T18:56:59+00:00","og_image":[{"width":900,"height":600,"url":"https:\/\/res-q-jack.com\/wp-content\/uploads\/2020\/02\/APEX-X-Strut-Heavy-Duty-Vehicle-Lifting-Strut-3.jpg","type":"image\/jpeg"}],"twitter_card":"summary_large_image","twitter_misc":{"Dur\u00e9e de lecture estim\u00e9e":"1 minute"},"schema":{"@context":"https:\/\/schema.org","@graph":[{"@type":"WebPage","@id":"https:\/\/res-q-jack.com\/training\/","url":"https:\/\/res-q-jack.com\/training\/","name":"Formation | Res-Q-Jack, Inc.","isPartOf":{"@id":"https:\/\/res-q-jack.com\/#website"},"primaryImageOfPage":{"@id":"https:\/\/res-q-jack.com\/training\/#primaryimage"},"image":{"@id":"https:\/\/res-q-jack.com\/training\/#primaryimage"},"thumbnailUrl":"https:\/\/res-q-jack.com\/wp-content\/uploads\/2020\/02\/APEX-X-Strut-Heavy-Duty-Vehicle-Lifting-Strut-3.jpg","datePublished":"2020-06-09T16:17:48+00:00","dateModified":"2026-05-13T18:56:59+00:00","description":"Vid\u00e9os de formation, articles pratiques et \u00e9v\u00e9nements de formation propos\u00e9s par Res-Q-Jack.","breadcrumb":{"@id":"https:\/\/res-q-jack.com\/training\/#breadcrumb"},"inLanguage":"fr-FR","potentialAction":[{"@type":"ReadAction","target":["https:\/\/res-q-jack.com\/training\/"]}]},{"@type":"ImageObject","inLanguage":"fr-FR","@id":"https:\/\/res-q-jack.com\/training\/#primaryimage","url":"https:\/\/res-q-jack.com\/wp-content\/uploads\/2020\/02\/APEX-X-Strut-Heavy-Duty-Vehicle-Lifting-Strut-3.jpg","contentUrl":"https:\/\/res-q-jack.com\/wp-content\/uploads\/2020\/02\/APEX-X-Strut-Heavy-Duty-Vehicle-Lifting-Strut-3.jpg","width":900,"height":600,"caption":"APEX X-Strut Heavy-Duty Vehicle Lifting Strut 3"},{"@type":"BreadcrumbList","@id":"https:\/\/res-q-jack.com\/training\/#breadcrumb","itemListElement":[{"@type":"ListItem","position":1,"name":"Home","item":"https:\/\/res-q-jack.com\/"},{"@type":"ListItem","position":2,"name":"Training"}]},{"@type":"WebSite","@id":"https:\/\/res-q-jack.com\/#website","url":"https:\/\/res-q-jack.com\/","name":"Res-Q-Jack, Inc.","description":"Stabilisateurs de v\u00e9hicules","publisher":{"@id":"https:\/\/res-q-jack.com\/#organization"},"potentialAction":[{"@type":"SearchAction","target":{"@type":"EntryPoint","urlTemplate":"https:\/\/res-q-jack.com\/?s={search_term_string}"},"query-input":{"@type":"PropertyValueSpecification","valueRequired":true,"valueName":"search_term_string"}}],"inLanguage":"fr-FR"},{"@type":"Organization","@id":"https:\/\/res-q-jack.com\/#organization","name":"Res-Q-Jack, Inc.","url":"https:\/\/res-q-jack.com\/","logo":{"@type":"ImageObject","inLanguage":"fr-FR","@id":"https:\/\/res-q-jack.com\/#\/schema\/logo\/image\/","url":"https:\/\/res-q-jack.com\/wp-content\/uploads\/2020\/03\/Res-Q-Jack-SEO-Logo.png","contentUrl":"https:\/\/res-q-jack.com\/wp-content\/uploads\/2020\/03\/Res-Q-Jack-SEO-Logo.png","width":612,"height":138,"caption":"Res-Q-Jack, Inc."},"image":{"@id":"https:\/\/res-q-jack.com\/#\/schema\/logo\/image\/"}}]}},"_links":{"self":[{"href":"https:\/\/res-q-jack.com\/fr\/wp-json\/wp\/v2\/pages\/1501","targetHints":{"allow":["GET"]}}],"collection":[{"href":"https:\/\/res-q-jack.com\/fr\/wp-json\/wp\/v2\/pages"}],"about":[{"href":"https:\/\/res-q-jack.com\/fr\/wp-json\/wp\/v2\/types\/page"}],"author":[{"embeddable":true,"href":"https:\/\/res-q-jack.com\/fr\/wp-json\/wp\/v2\/users\/2"}],"replies":[{"embeddable":true,"href":"https:\/\/res-q-jack.com\/fr\/wp-json\/wp\/v2\/comments?post=1501"}],"version-history":[{"count":1,"href":"https:\/\/res-q-jack.com\/fr\/wp-json\/wp\/v2\/pages\/1501\/revisions"}],"predecessor-version":[{"id":2686,"href":"https:\/\/res-q-jack.com\/fr\/wp-json\/wp\/v2\/pages\/1501\/revisions\/2686"}],"wp:featuredmedia":[{"embeddable":true,"href":"https:\/\/res-q-jack.com\/fr\/wp-json\/wp\/v2\/media\/747"}],"wp:attachment":[{"href":"https:\/\/res-q-jack.com\/fr\/wp-json\/wp\/v2\/media?parent=1501"}],"curies":[{"name":"wp","href":"https:\/\/api.w.org\/{rel}","templated":true}]}}