{"id":12,"date":"2019-12-13T10:36:36","date_gmt":"2019-12-13T15:36:36","guid":{"rendered":"https:\/\/resqjack.wpengine.com\/?page_id=12"},"modified":"2026-04-14T16:10:37","modified_gmt":"2026-04-14T21:10:37","slug":"domicile","status":"publish","type":"page","link":"https:\/\/res-q-jack.com\/fr\/","title":{"rendered":"Accueil"},"content":{"rendered":"<h2>MAXIMIZE THE LIFT.<\/h2>\r\n<h2>MINIMIZE THE EFFORT.<\/h2>\r\n<p><a href=\"https:\/\/res-q-jack.com\/fr\/accessoires\/x-drive\/\" target=\"_self\"> Discover X-Drive <\/a><\/p>\r\n<h2>Respond Faster with Pin-Free Stabilization &amp; Lifting<\/h2>\r\n<p>Nos jambes de force de stabilisation et de levage du v\u00e9hicule sans broche sont plus rapides et plus faciles \u00e0 d\u00e9ployer, ce qui permet de gagner du temps au moment le plus important.<\/p>\r\n<p><img decoding=\"async\" title=\"Super X Long w Ratchet Hooked on Top\" data-src=\"https:\/\/res-q-jack.com\/wp-content\/uploads\/2026\/04\/Super-X-Long-w-Ratchet-Hooked-on-Top.png\" alt=\"Super X Long w Ratchet Hooked on Top\" src=\"data:image\/svg+xml;base64,PHN2ZyB3aWR0aD0iMSIgaGVpZ2h0PSIxIiB4bWxucz0iaHR0cDovL3d3dy53My5vcmcvMjAwMC9zdmciPjwvc3ZnPg==\" class=\"lazyload\" style=\"--smush-placeholder-width: 1700px; --smush-placeholder-aspect-ratio: 1700\/8300;\" \/><\/p>\r\n<h5><img decoding=\"async\" data-src=\"https:\/\/res-q-jack.com\/wp-content\/uploads\/2020\/05\/Pin-Free-Stabilization-Struts-95x18-1.png\" src=\"data:image\/svg+xml;base64,PHN2ZyB3aWR0aD0iMSIgaGVpZ2h0PSIxIiB4bWxucz0iaHR0cDovL3d3dy53My5vcmcvMjAwMC9zdmciPjwvc3ZnPg==\" class=\"lazyload\" style=\"--smush-placeholder-width: 95px; --smush-placeholder-aspect-ratio: 95\/18;\" \/><\/h5>\r\n<h3>Super X-Strut Series<\/h3>\r\n<p>Le Super X est notre gamme d'\u00e9tais la plus r\u00e9sistante, con\u00e7ue pour le sauvetage de v\u00e9hicules lourds, l'\u00e9tayage structurel et le sauvetage technique.\u00a0<\/p>\r\n<p><strong>Limite de charge utile : 19 300 lb (facteur de s\u00e9curit\u00e9 de 2:1)<\/strong><\/p>\r\n<p><a title=\"Voir les d\u00e9tails\" role=\"button\" href=\"https:\/\/res-q-jack.com\/fr\/jambes-de-force\/jambes-de-stabilisation-du-vehicule\/jambes-de-stabilisation-pour-vehicules-lourds\/super-x-strut\/\" target=\"_self\" aria-label=\"Voir les d\u00e9tails\"> Voir les d\u00e9tails <\/a> <img decoding=\"async\" title=\"Apex Long Strut\" data-src=\"https:\/\/res-q-jack.com\/wp-content\/uploads\/2026\/04\/Apex-Long-Strut-scaled.png\" alt=\"Apex Long Strut\" src=\"data:image\/svg+xml;base64,PHN2ZyB3aWR0aD0iMSIgaGVpZ2h0PSIxIiB4bWxucz0iaHR0cDovL3d3dy53My5vcmcvMjAwMC9zdmciPjwvc3ZnPg==\" class=\"lazyload\" style=\"--smush-placeholder-width: 604px; --smush-placeholder-aspect-ratio: 604\/2560;\" \/><\/p>\r\n<h5><img decoding=\"async\" data-src=\"https:\/\/res-q-jack.com\/wp-content\/uploads\/2020\/05\/Pin-Free-Stabilization-Struts-95x18-1.png\" src=\"data:image\/svg+xml;base64,PHN2ZyB3aWR0aD0iMSIgaGVpZ2h0PSIxIiB4bWxucz0iaHR0cDovL3d3dy53My5vcmcvMjAwMC9zdmciPjwvc3ZnPg==\" class=\"lazyload\" style=\"--smush-placeholder-width: 95px; --smush-placeholder-aspect-ratio: 95\/18;\" \/><\/h5>\r\n<h3>Apex X-Strut Series<\/h3>\r\n<p>L'Apex est notre toute derni\u00e8re gamme de jambes de force sans axe, con\u00e7ue pour la plupart des sc\u00e9narios de sauvetage de v\u00e9hicules.\u00a0\u00a0<\/p>\r\n<p><strong>Limite de charge utile : jusqu'\u00e0 12 500 lb (facteur de s\u00e9curit\u00e9 2:1)<\/strong><\/p>\r\n<p><a title=\"Voir les d\u00e9tails\" role=\"button\" href=\"https:\/\/res-q-jack.com\/fr\/jambes-de-force\/jambes-de-stabilisation-du-vehicule\/jambes-de-stabilisation-pour-vehicules-lourds\/apex-x-strut\/\" target=\"_self\" aria-label=\"Voir les d\u00e9tails\"> Voir les d\u00e9tails <\/a> <img decoding=\"async\" title=\"Auto X Long Strut\" data-src=\"https:\/\/res-q-jack.com\/wp-content\/uploads\/2026\/04\/Auto-X-Long-Strut-scaled.png\" alt=\"Auto X Long Strut\" src=\"data:image\/svg+xml;base64,PHN2ZyB3aWR0aD0iMSIgaGVpZ2h0PSIxIiB4bWxucz0iaHR0cDovL3d3dy53My5vcmcvMjAwMC9zdmciPjwvc3ZnPg==\" class=\"lazyload\" style=\"--smush-placeholder-width: 602px; --smush-placeholder-aspect-ratio: 602\/2560;\" \/><\/p>\r\n<h5><img decoding=\"async\" data-src=\"https:\/\/res-q-jack.com\/wp-content\/uploads\/2020\/05\/Pin-Free-Stabilization-Struts-95x18-1.png\" src=\"data:image\/svg+xml;base64,PHN2ZyB3aWR0aD0iMSIgaGVpZ2h0PSIxIiB4bWxucz0iaHR0cDovL3d3dy53My5vcmcvMjAwMC9zdmciPjwvc3ZnPg==\" class=\"lazyload\" style=\"--smush-placeholder-width: 95px; --smush-placeholder-aspect-ratio: 95\/18;\" \/><\/h5>\r\n<h3>Auto X-Strut Series<\/h3>\r\n<p>L'Auto X est notre jambe de force l\u00e9g\u00e8re sans axe pour une stabilisation et un levage rapides comme l'\u00e9clair des petits v\u00e9hicules typiques.<\/p>\r\n<p><strong>Limite de charge utile : 3 250 lb (facteur de s\u00e9curit\u00e9 2:1)<\/strong><\/p>\r\n<p><a title=\"Voir les d\u00e9tails\" role=\"button\" href=\"https:\/\/res-q-jack.com\/fr\/jambes-de-force\/jambes-de-stabilisation-du-vehicule\/jambes-de-stabilisation-pour-vehicules-legers\/auto-x-strut\/\" target=\"_self\" aria-label=\"Voir les d\u00e9tails\"> Voir les d\u00e9tails <\/a><\/p>\r\n<h3>Vehicle Stabilization Elevated<\/h3>\r\n<p>At Res-Q-Jack, we take vehicle stabilization to the next level by offering the most versatile vehicle stabilization and lifting struts on the market.\u00a0 We offer struts ranging from light-duty to heavy-duty, both pin-operated and pin-free, each with a 2:1 safety factor.\u00a0 No matter your needs or your budget, Res-Q-Jack makes sure you have the right tool for the job.\u00a0 And with free training with every kit purchase, we make sure you get the most from our tools.<\/p>\r\n<p><a title=\"Lire la suite\" role=\"button\" href=\"https:\/\/res-q-jack.com\/fr\/a-propos-de\/\" target=\"_self\" aria-label=\"Lire la suite\"> Lire la suite <\/a> <img decoding=\"async\" title=\"ic\u00f4ne du camion de ciment\" data-src=\"https:\/\/res-q-jack.com\/wp-content\/uploads\/2020\/06\/cement-truck-icon.png\" alt=\"Stabilisateurs et jambes de force de sauvetage pour v\u00e9hicules lourds\" src=\"data:image\/svg+xml;base64,PHN2ZyB3aWR0aD0iMSIgaGVpZ2h0PSIxIiB4bWxucz0iaHR0cDovL3d3dy53My5vcmcvMjAwMC9zdmciPjwvc3ZnPg==\" class=\"lazyload\" style=\"--smush-placeholder-width: 115px; --smush-placeholder-aspect-ratio: 115\/115;\" \/><\/p>\r\n<p>Amortisseurs \u00e0 usage intensif<\/p>\r\n<p><img decoding=\"async\" title=\"ic\u00f4ne de prise en charge\" data-src=\"https:\/\/res-q-jack.com\/wp-content\/uploads\/2020\/06\/pickup-icon.png\" alt=\"Stabilisateurs et jambes de force de sauvetage pour v\u00e9hicules de service normal\" src=\"data:image\/svg+xml;base64,PHN2ZyB3aWR0aD0iMSIgaGVpZ2h0PSIxIiB4bWxucz0iaHR0cDovL3d3dy53My5vcmcvMjAwMC9zdmciPjwvc3ZnPg==\" class=\"lazyload\" style=\"--smush-placeholder-width: 115px; --smush-placeholder-aspect-ratio: 115\/115;\" \/><\/p>\r\n<p>Jambes de force standard<\/p>\r\n<p><img decoding=\"async\" title=\"ic\u00f4ne de voiture\" data-src=\"https:\/\/res-q-jack.com\/wp-content\/uploads\/2020\/06\/car-icon.png\" alt=\"Stabilisateurs et jambes de force de sauvetage pour v\u00e9hicules l\u00e9gers\" src=\"data:image\/svg+xml;base64,PHN2ZyB3aWR0aD0iMSIgaGVpZ2h0PSIxIiB4bWxucz0iaHR0cDovL3d3dy53My5vcmcvMjAwMC9zdmciPjwvc3ZnPg==\" class=\"lazyload\" style=\"--smush-placeholder-width: 115px; --smush-placeholder-aspect-ratio: 115\/115;\" \/><\/p>\r\n<p>Jambe de force pour service l\u00e9ger<\/p>\r\n<p><img decoding=\"async\" title=\"ic\u00f4ne de tranch\u00e9e\" data-src=\"https:\/\/res-q-jack.com\/wp-content\/uploads\/2020\/06\/trench-icon.png\" alt=\"\u00c9tais de blindage de tranch\u00e9e\" src=\"data:image\/svg+xml;base64,PHN2ZyB3aWR0aD0iMSIgaGVpZ2h0PSIxIiB4bWxucz0iaHR0cDovL3d3dy53My5vcmcvMjAwMC9zdmciPjwvc3ZnPg==\" class=\"lazyload\" style=\"--smush-placeholder-width: 115px; --smush-placeholder-aspect-ratio: 115\/115;\" \/><\/p>\r\n<p>\u00c9tais de blindage de tranch\u00e9e<\/p>\r\n<p><img decoding=\"async\" title=\"ic\u00f4ne de formation\" data-src=\"https:\/\/res-q-jack.com\/wp-content\/uploads\/2020\/06\/training-icon.png\" alt=\"Formation Res-Q-Jack\" src=\"data:image\/svg+xml;base64,PHN2ZyB3aWR0aD0iMSIgaGVpZ2h0PSIxIiB4bWxucz0iaHR0cDovL3d3dy53My5vcmcvMjAwMC9zdmciPjwvc3ZnPg==\" class=\"lazyload\" style=\"--smush-placeholder-width: 115px; --smush-placeholder-aspect-ratio: 115\/115;\" \/><\/p>\r\n<p>Ressources \u00e9ducatives<\/p>\r\n<p><img decoding=\"async\" title=\"stabu-icon\" data-src=\"https:\/\/res-q-jack.com\/wp-content\/uploads\/2020\/06\/stabu-icon.png\" alt=\"Universit\u00e9 de stabilisation\" src=\"data:image\/svg+xml;base64,PHN2ZyB3aWR0aD0iMSIgaGVpZ2h0PSIxIiB4bWxucz0iaHR0cDovL3d3dy53My5vcmcvMjAwMC9zdmciPjwvc3ZnPg==\" class=\"lazyload\" style=\"--smush-placeholder-width: 115px; --smush-placeholder-aspect-ratio: 115\/115;\" \/><\/p>\r\n<p>Universit\u00e9 de stabilisation<\/p>\r\n<p><img decoding=\"async\" title=\"ic\u00f4ne-calendrier\" data-src=\"https:\/\/res-q-jack.com\/wp-content\/uploads\/2020\/06\/calendar-icon.png\" alt=\"Calendrier des \u00e9v\u00e9nements de Res-Q-Jack\" src=\"data:image\/svg+xml;base64,PHN2ZyB3aWR0aD0iMSIgaGVpZ2h0PSIxIiB4bWxucz0iaHR0cDovL3d3dy53My5vcmcvMjAwMC9zdmciPjwvc3ZnPg==\" class=\"lazyload\" style=\"--smush-placeholder-width: 115px; --smush-placeholder-aspect-ratio: 115\/115;\" \/><\/p>\r\n<p>Calendrier des \u00e9v\u00e9nements<\/p>\r\n<h3>4 000 d\u00e9partements aux \u00c9tats-Unis et dans le monde entier lui font confiance.<\/h3>\r\n<ul>\r\n<li>\r\n<blockquote>\r\n<p>&#8220;It&#8217;s taken me 3 years to get my department to buy your Rescue Jacks\u2026and we wonder how we did things before.&#8221;&#8211; Philip Kontoulas, City of Orlando Fire Department &#8212;<\/p>\r\n<\/blockquote>\r\n<\/li>\r\n<li>\r\n<blockquote>\"Nous n'envisagions pas la stabilisation jusqu'\u00e0 ce que nous utilisions les v\u00e9rins de levage Res-Q-Jack lors d'une d\u00e9monstration pratique et que nous r\u00e9alisions tout ce qu'ils pouvaient faire.  La d\u00e9monstration nous a convaincus de l'int\u00e9r\u00eat des Res-Q-Jacks\" - Chef Artie Sullivan, service d'incendie du village de Horseheads.<\/blockquote>\r\n<\/li>\r\n<li>\r\n<blockquote>\"Nous avons mis les Res-Q-Jacks en service sur un accident de v\u00e9hicule aujourd'hui pour la premi\u00e8re fois. Ils ont tr\u00e8s bien fonctionn\u00e9 ! Merci pour votre aide et votre formation!- Bob Brown, Service d'incendie de Rose Tree -<\/blockquote>\r\n<\/li>\r\n<li>\r\n<blockquote>\" Nous avons utilis\u00e9 ces produits sur le terrain, je les utilise en formation et j'ai \u00e9galement eu l'occasion, il y a de nombreuses ann\u00e9es, de participer \u00e0 un Stab-U. Vos produits font la diff\u00e9rence. Je suis fermement convaincu que sans les montants de levage dans cet accident, l'issue aurait \u00e9t\u00e9 tr\u00e8s mauvaise pour le patient. Brian Robinson, responsable de la formation au niveau de l'\u00c9tat, Tennessee Association of Rescue Squads.<\/blockquote>\r\n<\/li>\r\n<\/ul>\r\n<h3>Programmez votre d\u00e9monstration gratuite d\u00e8s aujourd'hui !<\/h3>\r\n<p>Vous envisagez d'acheter l'une de nos jambes de force de stabilisation et de levage de v\u00e9hicule faciles \u00e0 utiliser ?  Vous voulez une d\u00e9monstration avant de vous engager dans un achat ?<\/p>\r\n<p><a href=\"https:\/\/res-q-jack.com\/fr\/demo-gratuite\/\" target=\"_self\"> Planifier une d\u00e9mo <\/a><\/p>","protected":false},"excerpt":{"rendered":"<p>MAXIMIZE THE LIFT. MINIMIZE THE EFFORT. Discover X-Drive Respond Faster with Pin-Free Stabilization &amp; Lifting Our Pin-Free Vehicle Stabilization &amp; Lifting Struts are faster and easier to deploy, saving time when it matters most. Super X-Strut Series The Super X is our most heavy-duty strut line, designed for heavy vehicle rescue, structural shoring and technical&hellip;<\/p>","protected":false},"author":2,"featured_media":14,"parent":0,"menu_order":0,"comment_status":"closed","ping_status":"closed","template":"","meta":{"footnotes":""},"class_list":["post-12","page","type-page","status-publish","has-post-thumbnail","hentry"],"yoast_head":"<!-- This site is optimized with the Yoast SEO plugin v27.2 - https:\/\/yoast.com\/product\/yoast-seo-wordpress\/ -->\n<title>Vehicle Stabilization Struts<\/title>\n<meta name=\"description\" content=\"Res-Q-Jack provides vehicle stabilization struts, lifting struts and trench shoring products for first responders, fire fighters and EMS.\" \/>\n<meta name=\"robots\" content=\"index, follow, max-snippet:-1, max-image-preview:large, max-video-preview:-1\" \/>\n<link rel=\"canonical\" href=\"https:\/\/res-q-jack.com\/fr\/\" \/>\n<meta property=\"og:locale\" content=\"fr_FR\" \/>\n<meta property=\"og:type\" content=\"article\" \/>\n<meta property=\"og:title\" content=\"Vehicle Stabilization Struts\" \/>\n<meta property=\"og:description\" content=\"Res-Q-Jack provides vehicle stabilization struts, lifting struts and trench shoring products for first responders, fire fighters and EMS.\" \/>\n<meta property=\"og:url\" content=\"https:\/\/res-q-jack.com\/fr\/\" \/>\n<meta property=\"og:site_name\" content=\"Res-Q-Jack, Inc.\" \/>\n<meta property=\"article:modified_time\" content=\"2026-04-14T21:10:37+00:00\" \/>\n<meta property=\"og:image\" content=\"https:\/\/res-q-jack.com\/wp-content\/uploads\/2019\/12\/Vehicle-Stabilization-Struts-from-Res-Q-Jack.jpg\" \/>\n\t<meta property=\"og:image:width\" content=\"900\" \/>\n\t<meta property=\"og:image:height\" content=\"600\" \/>\n\t<meta property=\"og:image:type\" content=\"image\/jpeg\" \/>\n<meta name=\"twitter:card\" content=\"summary_large_image\" \/>\n<meta name=\"twitter:label1\" content=\"Dur\u00e9e de lecture estim\u00e9e\" \/>\n\t<meta name=\"twitter:data1\" content=\"5 minutes\" \/>\n<script type=\"application\/ld+json\" class=\"yoast-schema-graph\">{\"@context\":\"https:\/\/schema.org\",\"@graph\":[{\"@type\":\"WebPage\",\"@id\":\"https:\/\/res-q-jack.com\/\",\"url\":\"https:\/\/res-q-jack.com\/\",\"name\":\"Vehicle Stabilization Struts\",\"isPartOf\":{\"@id\":\"https:\/\/res-q-jack.com\/#website\"},\"primaryImageOfPage\":{\"@id\":\"https:\/\/res-q-jack.com\/#primaryimage\"},\"image\":{\"@id\":\"https:\/\/res-q-jack.com\/#primaryimage\"},\"thumbnailUrl\":\"https:\/\/res-q-jack.com\/wp-content\/uploads\/2019\/12\/Vehicle-Stabilization-Struts-from-Res-Q-Jack.jpg\",\"datePublished\":\"2019-12-13T15:36:36+00:00\",\"dateModified\":\"2026-04-14T21:10:37+00:00\",\"description\":\"Res-Q-Jack provides vehicle stabilization struts, lifting struts and trench shoring products for first responders, fire fighters and EMS.\",\"breadcrumb\":{\"@id\":\"https:\/\/res-q-jack.com\/#breadcrumb\"},\"inLanguage\":\"fr-FR\",\"potentialAction\":[{\"@type\":\"ReadAction\",\"target\":[\"https:\/\/res-q-jack.com\/\"]}]},{\"@type\":\"ImageObject\",\"inLanguage\":\"fr-FR\",\"@id\":\"https:\/\/res-q-jack.com\/#primaryimage\",\"url\":\"https:\/\/res-q-jack.com\/wp-content\/uploads\/2019\/12\/Vehicle-Stabilization-Struts-from-Res-Q-Jack.jpg\",\"contentUrl\":\"https:\/\/res-q-jack.com\/wp-content\/uploads\/2019\/12\/Vehicle-Stabilization-Struts-from-Res-Q-Jack.jpg\",\"width\":900,\"height\":600,\"caption\":\"Vehicle Stabilization Struts\"},{\"@type\":\"BreadcrumbList\",\"@id\":\"https:\/\/res-q-jack.com\/#breadcrumb\",\"itemListElement\":[{\"@type\":\"ListItem\",\"position\":1,\"name\":\"Home\",\"item\":\"https:\/\/res-q-jack.com\/\"},{\"@type\":\"ListItem\",\"position\":2,\"name\":\"Home\"}]},{\"@type\":\"WebSite\",\"@id\":\"https:\/\/res-q-jack.com\/#website\",\"url\":\"https:\/\/res-q-jack.com\/\",\"name\":\"Res-Q-Jack, Inc.\",\"description\":\"Vehicle Stabilization Struts\",\"publisher\":{\"@id\":\"https:\/\/res-q-jack.com\/#organization\"},\"potentialAction\":[{\"@type\":\"SearchAction\",\"target\":{\"@type\":\"EntryPoint\",\"urlTemplate\":\"https:\/\/res-q-jack.com\/?s={search_term_string}\"},\"query-input\":{\"@type\":\"PropertyValueSpecification\",\"valueRequired\":true,\"valueName\":\"search_term_string\"}}],\"inLanguage\":\"fr-FR\"},{\"@type\":\"Organization\",\"@id\":\"https:\/\/res-q-jack.com\/#organization\",\"name\":\"Res-Q-Jack, Inc.\",\"url\":\"https:\/\/res-q-jack.com\/\",\"logo\":{\"@type\":\"ImageObject\",\"inLanguage\":\"fr-FR\",\"@id\":\"https:\/\/res-q-jack.com\/#\/schema\/logo\/image\/\",\"url\":\"https:\/\/res-q-jack.com\/wp-content\/uploads\/2020\/03\/Res-Q-Jack-SEO-Logo.png\",\"contentUrl\":\"https:\/\/res-q-jack.com\/wp-content\/uploads\/2020\/03\/Res-Q-Jack-SEO-Logo.png\",\"width\":612,\"height\":138,\"caption\":\"Res-Q-Jack, Inc.\"},\"image\":{\"@id\":\"https:\/\/res-q-jack.com\/#\/schema\/logo\/image\/\"}}]}<\/script>\n<!-- \/ Yoast SEO plugin. -->","yoast_head_json":{"title":"Stabilisateurs de v\u00e9hicules","description":"Res-Q-Jack fournit des \u00e9tais de stabilisation de v\u00e9hicules, des \u00e9tais de levage et des produits d'\u00e9tayage de tranch\u00e9es pour les premiers intervenants, les pompiers et le SAMU.","robots":{"index":"index","follow":"follow","max-snippet":"max-snippet:-1","max-image-preview":"max-image-preview:large","max-video-preview":"max-video-preview:-1"},"canonical":"https:\/\/res-q-jack.com\/fr\/","og_locale":"fr_FR","og_type":"article","og_title":"Vehicle Stabilization Struts","og_description":"Res-Q-Jack provides vehicle stabilization struts, lifting struts and trench shoring products for first responders, fire fighters and EMS.","og_url":"https:\/\/res-q-jack.com\/fr\/","og_site_name":"Res-Q-Jack, Inc.","article_modified_time":"2026-04-14T21:10:37+00:00","og_image":[{"width":900,"height":600,"url":"https:\/\/res-q-jack.com\/wp-content\/uploads\/2019\/12\/Vehicle-Stabilization-Struts-from-Res-Q-Jack.jpg","type":"image\/jpeg"}],"twitter_card":"summary_large_image","twitter_misc":{"Dur\u00e9e de lecture estim\u00e9e":"5 minutes"},"schema":{"@context":"https:\/\/schema.org","@graph":[{"@type":"WebPage","@id":"https:\/\/res-q-jack.com\/","url":"https:\/\/res-q-jack.com\/","name":"Stabilisateurs de v\u00e9hicules","isPartOf":{"@id":"https:\/\/res-q-jack.com\/#website"},"primaryImageOfPage":{"@id":"https:\/\/res-q-jack.com\/#primaryimage"},"image":{"@id":"https:\/\/res-q-jack.com\/#primaryimage"},"thumbnailUrl":"https:\/\/res-q-jack.com\/wp-content\/uploads\/2019\/12\/Vehicle-Stabilization-Struts-from-Res-Q-Jack.jpg","datePublished":"2019-12-13T15:36:36+00:00","dateModified":"2026-04-14T21:10:37+00:00","description":"Res-Q-Jack fournit des \u00e9tais de stabilisation de v\u00e9hicules, des \u00e9tais de levage et des produits d'\u00e9tayage de tranch\u00e9es pour les premiers intervenants, les pompiers et le SAMU.","breadcrumb":{"@id":"https:\/\/res-q-jack.com\/#breadcrumb"},"inLanguage":"fr-FR","potentialAction":[{"@type":"ReadAction","target":["https:\/\/res-q-jack.com\/"]}]},{"@type":"ImageObject","inLanguage":"fr-FR","@id":"https:\/\/res-q-jack.com\/#primaryimage","url":"https:\/\/res-q-jack.com\/wp-content\/uploads\/2019\/12\/Vehicle-Stabilization-Struts-from-Res-Q-Jack.jpg","contentUrl":"https:\/\/res-q-jack.com\/wp-content\/uploads\/2019\/12\/Vehicle-Stabilization-Struts-from-Res-Q-Jack.jpg","width":900,"height":600,"caption":"Vehicle Stabilization Struts"},{"@type":"BreadcrumbList","@id":"https:\/\/res-q-jack.com\/#breadcrumb","itemListElement":[{"@type":"ListItem","position":1,"name":"Home","item":"https:\/\/res-q-jack.com\/"},{"@type":"ListItem","position":2,"name":"Home"}]},{"@type":"WebSite","@id":"https:\/\/res-q-jack.com\/#website","url":"https:\/\/res-q-jack.com\/","name":"Res-Q-Jack, Inc.","description":"Stabilisateurs de v\u00e9hicules","publisher":{"@id":"https:\/\/res-q-jack.com\/#organization"},"potentialAction":[{"@type":"SearchAction","target":{"@type":"EntryPoint","urlTemplate":"https:\/\/res-q-jack.com\/?s={search_term_string}"},"query-input":{"@type":"PropertyValueSpecification","valueRequired":true,"valueName":"search_term_string"}}],"inLanguage":"fr-FR"},{"@type":"Organization","@id":"https:\/\/res-q-jack.com\/#organization","name":"Res-Q-Jack, Inc.","url":"https:\/\/res-q-jack.com\/","logo":{"@type":"ImageObject","inLanguage":"fr-FR","@id":"https:\/\/res-q-jack.com\/#\/schema\/logo\/image\/","url":"https:\/\/res-q-jack.com\/wp-content\/uploads\/2020\/03\/Res-Q-Jack-SEO-Logo.png","contentUrl":"https:\/\/res-q-jack.com\/wp-content\/uploads\/2020\/03\/Res-Q-Jack-SEO-Logo.png","width":612,"height":138,"caption":"Res-Q-Jack, Inc."},"image":{"@id":"https:\/\/res-q-jack.com\/#\/schema\/logo\/image\/"}}]}},"_links":{"self":[{"href":"https:\/\/res-q-jack.com\/fr\/wp-json\/wp\/v2\/pages\/12","targetHints":{"allow":["GET"]}}],"collection":[{"href":"https:\/\/res-q-jack.com\/fr\/wp-json\/wp\/v2\/pages"}],"about":[{"href":"https:\/\/res-q-jack.com\/fr\/wp-json\/wp\/v2\/types\/page"}],"author":[{"embeddable":true,"href":"https:\/\/res-q-jack.com\/fr\/wp-json\/wp\/v2\/users\/2"}],"replies":[{"embeddable":true,"href":"https:\/\/res-q-jack.com\/fr\/wp-json\/wp\/v2\/comments?post=12"}],"version-history":[{"count":5,"href":"https:\/\/res-q-jack.com\/fr\/wp-json\/wp\/v2\/pages\/12\/revisions"}],"predecessor-version":[{"id":2319,"href":"https:\/\/res-q-jack.com\/fr\/wp-json\/wp\/v2\/pages\/12\/revisions\/2319"}],"wp:featuredmedia":[{"embeddable":true,"href":"https:\/\/res-q-jack.com\/fr\/wp-json\/wp\/v2\/media\/14"}],"wp:attachment":[{"href":"https:\/\/res-q-jack.com\/fr\/wp-json\/wp\/v2\/media?parent=12"}],"curies":[{"name":"wp","href":"https:\/\/api.w.org\/{rel}","templated":true}]}}