{"id":837,"date":"2020-02-17T16:19:04","date_gmt":"2020-02-17T21:19:04","guid":{"rendered":"https:\/\/resqjack.wpengine.com\/?page_id=837"},"modified":"2020-06-12T16:54:31","modified_gmt":"2020-06-12T21:54:31","slug":"demostracion-gratuita","status":"publish","type":"page","link":"https:\/\/res-q-jack.com\/es_es\/free-demo\/","title":{"rendered":"Demostraci\u00f3n gratuita"},"content":{"rendered":"<h1>Demostraci\u00f3n gratuita<\/h1>\t\t\t\n\t\t\t\t<p>P\u00f3ngase en contacto con Res-Q-Jack para programar una demostraci\u00f3n pr\u00e1ctica y gratuita de nuestros puntales de apuntalamiento, estabilizaci\u00f3n y elevaci\u00f3n de zanjas.<\/p>\n\t\t\t\t<img decoding=\"async\" data-src=\"https:\/\/res-q-jack.com\/wp-content\/uploads\/2020\/03\/Res-Q-Jack-Free-Demonstration.jpg\" alt=\"Demostraci\u00f3n gratuita de Res-Q-Jack\" title=\"Demostraci\u00f3n gratuita de Res-Q-Jack\" itemprop=\"image\" src=\"data:image\/svg+xml;base64,PHN2ZyB3aWR0aD0iMSIgaGVpZ2h0PSIxIiB4bWxucz0iaHR0cDovL3d3dy53My5vcmcvMjAwMC9zdmciPjwvc3ZnPg==\" class=\"lazyload\" style=\"--smush-placeholder-width: 874px; --smush-placeholder-aspect-ratio: 874\/502;\" \/>\n\t<h1>\n\t\t\t\tNoche de entrenamiento, noche de simulacros, uno a uno en sus instalaciones.\n\t\t\t<\/h1>\n\t\t\t\t<p>\u00a1Todo lo que necesita es un veh\u00edculo chatarra y nosotros haremos el resto! Pruebe nuestras herramientas en la comodidad de su propia instalaci\u00f3n y experimente la diferencia de Res-Q-Jack con una demostraci\u00f3n gratuita.<\/p>\n<p>Simplemente ll\u00e1menos y le pondremos en contacto con su distribuidor local de Res-Q-Jack para que vaya a sus instalaciones, a su conveniencia, para mostrarle a usted y a su departamento las capacidades y ventajas de nuestras herramientas.<\/p>\n<p>Programe hoy mismo su demostraci\u00f3n gratuita y sin compromiso.<\/p>\n\t<ul>\n\t\t<li>\t\t\t\t\n\t\t<h3>1-800-466-9626<\/h3><\/li><li>\t\t\t\t\n\t\t<h3><a href=\"mailto:fr******@********ck.com\" data-original-string=\"VcmZBOqMyOScYmWSKXJweA==ea0FrlN9r4lF\/pgr\/8DN4FBHMAJCH8LZ4EnzCyx0tr0Zsttw+k3lEERS6JGP\/pLDSslDKxYboI75bljw7QmP4m0vQ==\" title=\"This contact has been encoded by Anti-Spam by CleanTalk. Click to decode. To finish the decoding make sure that JavaScript is enabled in your browser.?subject=Schedule a Demo with Res-Q-Jack\" target=\"_self\" rel=\"noopener noreferrer\"><span \n                data-original-string='vYKvsd7b67B+n\/q3AaoKWg==ea0G2fWuzjYFfUN96\/fqpxYxe4ArEKWKGFDLmhHdZ70KII='\n                class='apbct-email-encoder'\n                title='This contact has been encoded by Anti-Spam by CleanTalk. Click to decode. To finish the decoding make sure that JavaScript is enabled in your browser.'>Fr<span class=\"apbct-blur\">******<\/span>@<span class=\"apbct-blur\">********<\/span>ck.com<\/span><\/a><\/h3><\/li>\t<\/ul>","protected":false},"excerpt":{"rendered":"<p>Demostraci\u00f3n gratuita Contacte a Res-Q-Jack para programar una demostraci\u00f3n pr\u00e1ctica y gratuita de nuestro apuntalamiento de zanjas, estabilizaci\u00f3n y puntales de elevaci\u00f3n. Noche de Entrenamiento, Noche de Perforaci\u00f3n, uno a uno en sus instalaciones. Todo lo que necesita es un veh\u00edculo de chatarra y nosotros haremos el resto. Ponga en pr\u00e1ctica nuestras herramientas en la comodidad de sus propias instalaciones y experimente la diferencia de Res-Q-Jack...<\/p>","protected":false},"author":2,"featured_media":0,"parent":0,"menu_order":0,"comment_status":"closed","ping_status":"closed","template":"","meta":{"footnotes":""},"class_list":["post-837","page","type-page","status-publish","hentry"],"yoast_head":"<!-- This site is optimized with the Yoast SEO plugin v27.2 - https:\/\/yoast.com\/product\/yoast-seo-wordpress\/ -->\n<title>Free Demo | Res-Q-Jack, Inc.<\/title>\n<meta name=\"robots\" content=\"index, follow, max-snippet:-1, max-image-preview:large, max-video-preview:-1\" \/>\n<link rel=\"canonical\" href=\"https:\/\/res-q-jack.com\/es_es\/demostracion-gratuita\/\" \/>\n<meta property=\"og:locale\" content=\"es_ES\" \/>\n<meta property=\"og:type\" content=\"article\" \/>\n<meta property=\"og:title\" content=\"Free Demo | Res-Q-Jack, Inc.\" \/>\n<meta property=\"og:description\" content=\"Free Demo Contact Res-Q-Jack to setup a free, hands-on demo of our trench shoring, stabilization and lifting struts. Training Night, Drill Night, one-on-one at your facility. All you need is a junk vehicle and we&#8217;ll do the rest! Get hands-on with our tools in the comfort of your own facility and experience the Res-Q-Jack difference&hellip;\" \/>\n<meta property=\"og:url\" content=\"https:\/\/res-q-jack.com\/es_es\/demostracion-gratuita\/\" \/>\n<meta property=\"og:site_name\" content=\"Res-Q-Jack, Inc.\" \/>\n<meta property=\"article:modified_time\" content=\"2020-06-12T21:54:31+00:00\" \/>\n<meta property=\"og:image\" content=\"https:\/\/res-q-jack.com\/wp-content\/uploads\/2020\/03\/Res-Q-Jack-Free-Demonstration.jpg\" \/>\n<meta name=\"twitter:card\" content=\"summary_large_image\" \/>\n<meta name=\"twitter:label1\" content=\"Tiempo de lectura\" \/>\n\t<meta name=\"twitter:data1\" content=\"1 minuto\" \/>\n<script type=\"application\/ld+json\" class=\"yoast-schema-graph\">{\"@context\":\"https:\/\/schema.org\",\"@graph\":[{\"@type\":\"WebPage\",\"@id\":\"https:\/\/res-q-jack.com\/free-demo\/\",\"url\":\"https:\/\/res-q-jack.com\/free-demo\/\",\"name\":\"Free Demo | Res-Q-Jack, Inc.\",\"isPartOf\":{\"@id\":\"https:\/\/res-q-jack.com\/#website\"},\"primaryImageOfPage\":{\"@id\":\"https:\/\/res-q-jack.com\/free-demo\/#primaryimage\"},\"image\":{\"@id\":\"https:\/\/res-q-jack.com\/free-demo\/#primaryimage\"},\"thumbnailUrl\":\"https:\/\/res-q-jack.com\/wp-content\/uploads\/2020\/03\/Res-Q-Jack-Free-Demonstration.jpg\",\"datePublished\":\"2020-02-17T21:19:04+00:00\",\"dateModified\":\"2020-06-12T21:54:31+00:00\",\"breadcrumb\":{\"@id\":\"https:\/\/res-q-jack.com\/free-demo\/#breadcrumb\"},\"inLanguage\":\"es\",\"potentialAction\":[{\"@type\":\"ReadAction\",\"target\":[\"https:\/\/res-q-jack.com\/free-demo\/\"]}]},{\"@type\":\"ImageObject\",\"inLanguage\":\"es\",\"@id\":\"https:\/\/res-q-jack.com\/free-demo\/#primaryimage\",\"url\":\"https:\/\/res-q-jack.com\/wp-content\/uploads\/2020\/03\/Res-Q-Jack-Free-Demonstration.jpg\",\"contentUrl\":\"https:\/\/res-q-jack.com\/wp-content\/uploads\/2020\/03\/Res-Q-Jack-Free-Demonstration.jpg\"},{\"@type\":\"BreadcrumbList\",\"@id\":\"https:\/\/res-q-jack.com\/free-demo\/#breadcrumb\",\"itemListElement\":[{\"@type\":\"ListItem\",\"position\":1,\"name\":\"Home\",\"item\":\"https:\/\/res-q-jack.com\/\"},{\"@type\":\"ListItem\",\"position\":2,\"name\":\"Free Demo\"}]},{\"@type\":\"WebSite\",\"@id\":\"https:\/\/res-q-jack.com\/#website\",\"url\":\"https:\/\/res-q-jack.com\/\",\"name\":\"Res-Q-Jack, Inc.\",\"description\":\"Vehicle Stabilization Struts\",\"publisher\":{\"@id\":\"https:\/\/res-q-jack.com\/#organization\"},\"potentialAction\":[{\"@type\":\"SearchAction\",\"target\":{\"@type\":\"EntryPoint\",\"urlTemplate\":\"https:\/\/res-q-jack.com\/?s={search_term_string}\"},\"query-input\":{\"@type\":\"PropertyValueSpecification\",\"valueRequired\":true,\"valueName\":\"search_term_string\"}}],\"inLanguage\":\"es\"},{\"@type\":\"Organization\",\"@id\":\"https:\/\/res-q-jack.com\/#organization\",\"name\":\"Res-Q-Jack, Inc.\",\"url\":\"https:\/\/res-q-jack.com\/\",\"logo\":{\"@type\":\"ImageObject\",\"inLanguage\":\"es\",\"@id\":\"https:\/\/res-q-jack.com\/#\/schema\/logo\/image\/\",\"url\":\"https:\/\/res-q-jack.com\/wp-content\/uploads\/2020\/03\/Res-Q-Jack-SEO-Logo.png\",\"contentUrl\":\"https:\/\/res-q-jack.com\/wp-content\/uploads\/2020\/03\/Res-Q-Jack-SEO-Logo.png\",\"width\":612,\"height\":138,\"caption\":\"Res-Q-Jack, Inc.\"},\"image\":{\"@id\":\"https:\/\/res-q-jack.com\/#\/schema\/logo\/image\/\"}}]}<\/script>\n<!-- \/ Yoast SEO plugin. -->","yoast_head_json":{"title":"Demostraci\u00f3n gratuita | Res-Q-Jack, Inc.","robots":{"index":"index","follow":"follow","max-snippet":"max-snippet:-1","max-image-preview":"max-image-preview:large","max-video-preview":"max-video-preview:-1"},"canonical":"https:\/\/res-q-jack.com\/es_es\/demostracion-gratuita\/","og_locale":"es_ES","og_type":"article","og_title":"Free Demo | Res-Q-Jack, Inc.","og_description":"Free Demo Contact Res-Q-Jack to setup a free, hands-on demo of our trench shoring, stabilization and lifting struts. Training Night, Drill Night, one-on-one at your facility. All you need is a junk vehicle and we&#8217;ll do the rest! Get hands-on with our tools in the comfort of your own facility and experience the Res-Q-Jack difference&hellip;","og_url":"https:\/\/res-q-jack.com\/es_es\/demostracion-gratuita\/","og_site_name":"Res-Q-Jack, Inc.","article_modified_time":"2020-06-12T21:54:31+00:00","og_image":[{"url":"https:\/\/res-q-jack.com\/wp-content\/uploads\/2020\/03\/Res-Q-Jack-Free-Demonstration.jpg","type":"","width":"","height":""}],"twitter_card":"summary_large_image","twitter_misc":{"Tiempo de lectura":"1 minuto"},"schema":{"@context":"https:\/\/schema.org","@graph":[{"@type":"WebPage","@id":"https:\/\/res-q-jack.com\/free-demo\/","url":"https:\/\/res-q-jack.com\/free-demo\/","name":"Demostraci\u00f3n gratuita | Res-Q-Jack, Inc.","isPartOf":{"@id":"https:\/\/res-q-jack.com\/#website"},"primaryImageOfPage":{"@id":"https:\/\/res-q-jack.com\/free-demo\/#primaryimage"},"image":{"@id":"https:\/\/res-q-jack.com\/free-demo\/#primaryimage"},"thumbnailUrl":"https:\/\/res-q-jack.com\/wp-content\/uploads\/2020\/03\/Res-Q-Jack-Free-Demonstration.jpg","datePublished":"2020-02-17T21:19:04+00:00","dateModified":"2020-06-12T21:54:31+00:00","breadcrumb":{"@id":"https:\/\/res-q-jack.com\/free-demo\/#breadcrumb"},"inLanguage":"es","potentialAction":[{"@type":"ReadAction","target":["https:\/\/res-q-jack.com\/free-demo\/"]}]},{"@type":"ImageObject","inLanguage":"es","@id":"https:\/\/res-q-jack.com\/free-demo\/#primaryimage","url":"https:\/\/res-q-jack.com\/wp-content\/uploads\/2020\/03\/Res-Q-Jack-Free-Demonstration.jpg","contentUrl":"https:\/\/res-q-jack.com\/wp-content\/uploads\/2020\/03\/Res-Q-Jack-Free-Demonstration.jpg"},{"@type":"BreadcrumbList","@id":"https:\/\/res-q-jack.com\/free-demo\/#breadcrumb","itemListElement":[{"@type":"ListItem","position":1,"name":"Home","item":"https:\/\/res-q-jack.com\/"},{"@type":"ListItem","position":2,"name":"Free Demo"}]},{"@type":"WebSite","@id":"https:\/\/res-q-jack.com\/#website","url":"https:\/\/res-q-jack.com\/","name":"Res-Q-Jack, Inc.","description":"Puntales de estabilizaci\u00f3n del veh\u00edculo","publisher":{"@id":"https:\/\/res-q-jack.com\/#organization"},"potentialAction":[{"@type":"SearchAction","target":{"@type":"EntryPoint","urlTemplate":"https:\/\/res-q-jack.com\/?s={search_term_string}"},"query-input":{"@type":"PropertyValueSpecification","valueRequired":true,"valueName":"search_term_string"}}],"inLanguage":"es"},{"@type":"Organization","@id":"https:\/\/res-q-jack.com\/#organization","name":"Res-Q-Jack, Inc.","url":"https:\/\/res-q-jack.com\/","logo":{"@type":"ImageObject","inLanguage":"es","@id":"https:\/\/res-q-jack.com\/#\/schema\/logo\/image\/","url":"https:\/\/res-q-jack.com\/wp-content\/uploads\/2020\/03\/Res-Q-Jack-SEO-Logo.png","contentUrl":"https:\/\/res-q-jack.com\/wp-content\/uploads\/2020\/03\/Res-Q-Jack-SEO-Logo.png","width":612,"height":138,"caption":"Res-Q-Jack, Inc."},"image":{"@id":"https:\/\/res-q-jack.com\/#\/schema\/logo\/image\/"}}]}},"_links":{"self":[{"href":"https:\/\/res-q-jack.com\/es_es\/wp-json\/wp\/v2\/pages\/837","targetHints":{"allow":["GET"]}}],"collection":[{"href":"https:\/\/res-q-jack.com\/es_es\/wp-json\/wp\/v2\/pages"}],"about":[{"href":"https:\/\/res-q-jack.com\/es_es\/wp-json\/wp\/v2\/types\/page"}],"author":[{"embeddable":true,"href":"https:\/\/res-q-jack.com\/es_es\/wp-json\/wp\/v2\/users\/2"}],"replies":[{"embeddable":true,"href":"https:\/\/res-q-jack.com\/es_es\/wp-json\/wp\/v2\/comments?post=837"}],"version-history":[{"count":0,"href":"https:\/\/res-q-jack.com\/es_es\/wp-json\/wp\/v2\/pages\/837\/revisions"}],"wp:attachment":[{"href":"https:\/\/res-q-jack.com\/es_es\/wp-json\/wp\/v2\/media?parent=837"}],"curies":[{"name":"wp","href":"https:\/\/api.w.org\/{rel}","templated":true}]}}