{"id":819,"date":"2020-02-26T17:27:36","date_gmt":"2020-02-26T22:27:36","guid":{"rendered":"https:\/\/resqjack.wpengine.com\/?page_id=819"},"modified":"2024-10-16T13:51:44","modified_gmt":"2024-10-16T18:51:44","slug":"estabilizacion-universidad","status":"publish","type":"page","link":"https:\/\/res-q-jack.com\/es_es\/training\/stabilization-university\/","title":{"rendered":"Universidad de Estabilizaci\u00f3n"},"content":{"rendered":"<img decoding=\"async\" data-src=\"https:\/\/res-q-jack.com\/wp-content\/uploads\/2021\/06\/Stabilization-University-Logo-2021.png\" alt=\"Aprenda consejos y t\u00e9cnicas para la estabilizaci\u00f3n de veh\u00edculos\" title=\"Estabilizaci\u00f3n-Universidad-Logo 2021\" itemprop=\"image\" src=\"data:image\/svg+xml;base64,PHN2ZyB3aWR0aD0iMSIgaGVpZ2h0PSIxIiB4bWxucz0iaHR0cDovL3d3dy53My5vcmcvMjAwMC9zdmciPjwvc3ZnPg==\" class=\"lazyload\" style=\"--smush-placeholder-width: 625px; --smush-placeholder-aspect-ratio: 625\/137;\" \/>\n\t\t<h1>Herramientas patentadas.  Formaci\u00f3n patentada.<\/h1>\t\t\t\n\t\t\t\t<p>Aprenda m\u00e1s sobre nuestras herramientas y nuestras t\u00e9cnicas patentadas de la mano de instructores cualificados de Res-Q-Jack.  Estos eventos pr\u00e1cticos de un d\u00eda de duraci\u00f3n se celebran durante todo el a\u00f1o en todo el pa\u00eds.<\/p>\n\tYa est\u00e1 abierto el plazo de inscripci\u00f3n para nuestra Universidad de Estabilizaci\u00f3n de F\u00e1bricas 2025 en Greek Peak Mtn. \u00a1Resort en Cortland, NY!<br \/>\nS\u00e1bado, 27 de septiembre de 2025\n\t<ul>\n\t\t<li>\t\t\n\t\t\t\t<img decoding=\"async\" data-src=\"https:\/\/res-q-jack.com\/wp-content\/uploads\/2024\/10\/2025_stabilization-university_thumb.webp\" alt=\"Inscripci\u00f3n en la Universidad de Estabilizaci\u00f3n 2025\" title=\"2025_estabilizaci\u00f3n_universidad_thumb\" itemprop=\"image\" src=\"data:image\/svg+xml;base64,PHN2ZyB3aWR0aD0iMSIgaGVpZ2h0PSIxIiB4bWxucz0iaHR0cDovL3d3dy53My5vcmcvMjAwMC9zdmciPjwvc3ZnPg==\" class=\"lazyload\" style=\"--smush-placeholder-width: 500px; --smush-placeholder-aspect-ratio: 500\/647;\" \/>\n\t\t<h3><strong>Inscr\u00edbase ahora para reservar su plaza<\/strong> Plazas limitadas a 125 estudiantes<\/h3><p>\u00danase a nosotros para un d\u00eda especial de intensa formaci\u00f3n pr\u00e1ctica en el hermoso Greek Peak Mountain Resort en Cortland, NY. Rellene el formulario para reservar su plaza en la Universidad de Estabilizaci\u00f3n. En breve nos pondremos en contacto con usted para verificar los detalles de inscripci\u00f3n y pago.<\/p><\/li>\t<\/ul>\n\t\t\t<a href=\"https:\/\/res-q-jack.com\/wp-content\/uploads\/2024\/10\/2025_Stabilization-University_Flyer.pdf\" target=\"_blank\" rel=\"noopener\">\n\t\t\t\t\t\t\tDescargar formulario imprimible\n\t\t\t\t\t<\/a>\n\t<h1>\n\t\t\t\tFormaci\u00f3n pr\u00e1ctica sobre nuestras herramientas y t\u00e9cnicas patentadas\n\t\t\t<\/h1>\n\t<p>Aprenda lo \u00faltimo en estabilizaci\u00f3n y elevaci\u00f3n de veh\u00edculos con nuestras t\u00e9cnicas patentadas. La Universidad de Estabilizaci\u00f3n es su boleto para mantenerse informado de sus herramientas Res-Q-Jack y mantenerse al d\u00eda con nuestras \u00faltimas t\u00e9cnicas.<\/p>\n<p>Cada Universidad de Estabilizaci\u00f3n comienza con un breve resumen de nuestra teor\u00eda de elevaci\u00f3n, y luego se traslada al exterior para abordar escenarios pr\u00e1cticos realistas. Instruidos por profesionales de Res-Q-Jack, cada Universidad de Estabilizaci\u00f3n le ense\u00f1ar\u00e1 t\u00e9cnicas b\u00e1sicas y avanzadas para asegurar que usted obtenga el m\u00e1ximo de su equipo.<\/p>\n<p>Consulte nuestro calendario de eventos y s\u00edganos en Facebook para encontrar una Universidad de Estabilizaci\u00f3n cerca de usted.<\/p>\n<h3>Los cursos incluyen:<\/h3>\n<ul>\n<li>Presentaci\u00f3n sobre los conceptos b\u00e1sicos de estabilizaci\u00f3n y elevaci\u00f3n.<\/li>\n<li>Estabilizaci\u00f3n y elevaci\u00f3n b\u00e1sica de las ruedas, de los laterales y del techo.<\/li>\n<li>Rollo controlado, rollo Darlington y t\u00e9cnicas avanzadas de rollover.<\/li>\n<li>Configuraciones b\u00e1sicas y avanzadas de anulaci\u00f3n.<\/li>\n<li>Barrera, veh\u00edculos inusuales, elevaci\u00f3n de veh\u00edculos grandes y otros escenarios complejos.<\/li>\n<\/ul>","protected":false},"excerpt":{"rendered":"<p>Patented tools. Patented training. Learn more about our tools and our patented techniques from qualified Res-Q-Jack instructors.\u00a0 These hands-on, all-day events are held throughout the year all over the country. Registration is now open for our 2025 Factory Stabilization University at Greek Peak Mtn. Resort in Cortland, NY! Saturday, September 27, 2025 Register now to&hellip;<\/p>","protected":false},"author":2,"featured_media":0,"parent":1501,"menu_order":0,"comment_status":"closed","ping_status":"closed","template":"","meta":{"footnotes":""},"class_list":["post-819","page","type-page","status-publish","hentry"],"yoast_head":"<!-- This site is optimized with the Yoast SEO plugin v27.2 - https:\/\/yoast.com\/product\/yoast-seo-wordpress\/ -->\n<title>Stabilization University | Res-Q-Jack, Inc.<\/title>\n<meta name=\"robots\" content=\"index, follow, max-snippet:-1, max-image-preview:large, max-video-preview:-1\" \/>\n<link rel=\"canonical\" href=\"https:\/\/res-q-jack.com\/es_es\/formacion\/estabilizacion-universidad\/\" \/>\n<meta property=\"og:locale\" content=\"es_ES\" \/>\n<meta property=\"og:type\" content=\"article\" \/>\n<meta property=\"og:title\" content=\"Stabilization University | Res-Q-Jack, Inc.\" \/>\n<meta property=\"og:description\" content=\"Patented tools. Patented training. Learn more about our tools and our patented techniques from qualified Res-Q-Jack instructors.\u00a0 These hands-on, all-day events are held throughout the year all over the country. Registration is now open for our 2025 Factory Stabilization University at Greek Peak Mtn. Resort in Cortland, NY! Saturday, September 27, 2025 Register now to&hellip;\" \/>\n<meta property=\"og:url\" content=\"https:\/\/res-q-jack.com\/es_es\/formacion\/estabilizacion-universidad\/\" \/>\n<meta property=\"og:site_name\" content=\"Res-Q-Jack, Inc.\" \/>\n<meta property=\"article:modified_time\" content=\"2024-10-16T18:51:44+00:00\" \/>\n<meta property=\"og:image\" content=\"https:\/\/res-q-jack.com\/wp-content\/uploads\/2021\/06\/Stabilization-University-Logo-2021.png\" \/>\n<meta name=\"twitter:card\" content=\"summary_large_image\" \/>\n<meta name=\"twitter:label1\" content=\"Tiempo de lectura\" \/>\n\t<meta name=\"twitter:data1\" content=\"1 minuto\" \/>\n<script type=\"application\/ld+json\" class=\"yoast-schema-graph\">{\"@context\":\"https:\/\/schema.org\",\"@graph\":[{\"@type\":\"WebPage\",\"@id\":\"https:\/\/res-q-jack.com\/training\/stabilization-university\/\",\"url\":\"https:\/\/res-q-jack.com\/training\/stabilization-university\/\",\"name\":\"Stabilization University | Res-Q-Jack, Inc.\",\"isPartOf\":{\"@id\":\"https:\/\/res-q-jack.com\/#website\"},\"primaryImageOfPage\":{\"@id\":\"https:\/\/res-q-jack.com\/training\/stabilization-university\/#primaryimage\"},\"image\":{\"@id\":\"https:\/\/res-q-jack.com\/training\/stabilization-university\/#primaryimage\"},\"thumbnailUrl\":\"https:\/\/res-q-jack.com\/wp-content\/uploads\/2021\/06\/Stabilization-University-Logo-2021.png\",\"datePublished\":\"2020-02-26T22:27:36+00:00\",\"dateModified\":\"2024-10-16T18:51:44+00:00\",\"breadcrumb\":{\"@id\":\"https:\/\/res-q-jack.com\/training\/stabilization-university\/#breadcrumb\"},\"inLanguage\":\"es\",\"potentialAction\":[{\"@type\":\"ReadAction\",\"target\":[\"https:\/\/res-q-jack.com\/training\/stabilization-university\/\"]}]},{\"@type\":\"ImageObject\",\"inLanguage\":\"es\",\"@id\":\"https:\/\/res-q-jack.com\/training\/stabilization-university\/#primaryimage\",\"url\":\"https:\/\/res-q-jack.com\/wp-content\/uploads\/2021\/06\/Stabilization-University-Logo-2021.png\",\"contentUrl\":\"https:\/\/res-q-jack.com\/wp-content\/uploads\/2021\/06\/Stabilization-University-Logo-2021.png\"},{\"@type\":\"BreadcrumbList\",\"@id\":\"https:\/\/res-q-jack.com\/training\/stabilization-university\/#breadcrumb\",\"itemListElement\":[{\"@type\":\"ListItem\",\"position\":1,\"name\":\"Home\",\"item\":\"https:\/\/res-q-jack.com\/\"},{\"@type\":\"ListItem\",\"position\":2,\"name\":\"Training\",\"item\":\"https:\/\/res-q-jack.com\/training\/\"},{\"@type\":\"ListItem\",\"position\":3,\"name\":\"Stabilization University\"}]},{\"@type\":\"WebSite\",\"@id\":\"https:\/\/res-q-jack.com\/#website\",\"url\":\"https:\/\/res-q-jack.com\/\",\"name\":\"Res-Q-Jack, Inc.\",\"description\":\"Vehicle Stabilization Struts\",\"publisher\":{\"@id\":\"https:\/\/res-q-jack.com\/#organization\"},\"potentialAction\":[{\"@type\":\"SearchAction\",\"target\":{\"@type\":\"EntryPoint\",\"urlTemplate\":\"https:\/\/res-q-jack.com\/?s={search_term_string}\"},\"query-input\":{\"@type\":\"PropertyValueSpecification\",\"valueRequired\":true,\"valueName\":\"search_term_string\"}}],\"inLanguage\":\"es\"},{\"@type\":\"Organization\",\"@id\":\"https:\/\/res-q-jack.com\/#organization\",\"name\":\"Res-Q-Jack, Inc.\",\"url\":\"https:\/\/res-q-jack.com\/\",\"logo\":{\"@type\":\"ImageObject\",\"inLanguage\":\"es\",\"@id\":\"https:\/\/res-q-jack.com\/#\/schema\/logo\/image\/\",\"url\":\"https:\/\/res-q-jack.com\/wp-content\/uploads\/2020\/03\/Res-Q-Jack-SEO-Logo.png\",\"contentUrl\":\"https:\/\/res-q-jack.com\/wp-content\/uploads\/2020\/03\/Res-Q-Jack-SEO-Logo.png\",\"width\":612,\"height\":138,\"caption\":\"Res-Q-Jack, Inc.\"},\"image\":{\"@id\":\"https:\/\/res-q-jack.com\/#\/schema\/logo\/image\/\"}}]}<\/script>\n<!-- \/ Yoast SEO plugin. -->","yoast_head_json":{"title":"Universidad de Estabilizaci\u00f3n | Res-Q-Jack, Inc.","robots":{"index":"index","follow":"follow","max-snippet":"max-snippet:-1","max-image-preview":"max-image-preview:large","max-video-preview":"max-video-preview:-1"},"canonical":"https:\/\/res-q-jack.com\/es_es\/formacion\/estabilizacion-universidad\/","og_locale":"es_ES","og_type":"article","og_title":"Stabilization University | Res-Q-Jack, Inc.","og_description":"Patented tools. Patented training. Learn more about our tools and our patented techniques from qualified Res-Q-Jack instructors.\u00a0 These hands-on, all-day events are held throughout the year all over the country. Registration is now open for our 2025 Factory Stabilization University at Greek Peak Mtn. Resort in Cortland, NY! Saturday, September 27, 2025 Register now to&hellip;","og_url":"https:\/\/res-q-jack.com\/es_es\/formacion\/estabilizacion-universidad\/","og_site_name":"Res-Q-Jack, Inc.","article_modified_time":"2024-10-16T18:51:44+00:00","og_image":[{"url":"https:\/\/res-q-jack.com\/wp-content\/uploads\/2021\/06\/Stabilization-University-Logo-2021.png","type":"","width":"","height":""}],"twitter_card":"summary_large_image","twitter_misc":{"Tiempo de lectura":"1 minuto"},"schema":{"@context":"https:\/\/schema.org","@graph":[{"@type":"WebPage","@id":"https:\/\/res-q-jack.com\/training\/stabilization-university\/","url":"https:\/\/res-q-jack.com\/training\/stabilization-university\/","name":"Universidad de Estabilizaci\u00f3n | Res-Q-Jack, Inc.","isPartOf":{"@id":"https:\/\/res-q-jack.com\/#website"},"primaryImageOfPage":{"@id":"https:\/\/res-q-jack.com\/training\/stabilization-university\/#primaryimage"},"image":{"@id":"https:\/\/res-q-jack.com\/training\/stabilization-university\/#primaryimage"},"thumbnailUrl":"https:\/\/res-q-jack.com\/wp-content\/uploads\/2021\/06\/Stabilization-University-Logo-2021.png","datePublished":"2020-02-26T22:27:36+00:00","dateModified":"2024-10-16T18:51:44+00:00","breadcrumb":{"@id":"https:\/\/res-q-jack.com\/training\/stabilization-university\/#breadcrumb"},"inLanguage":"es","potentialAction":[{"@type":"ReadAction","target":["https:\/\/res-q-jack.com\/training\/stabilization-university\/"]}]},{"@type":"ImageObject","inLanguage":"es","@id":"https:\/\/res-q-jack.com\/training\/stabilization-university\/#primaryimage","url":"https:\/\/res-q-jack.com\/wp-content\/uploads\/2021\/06\/Stabilization-University-Logo-2021.png","contentUrl":"https:\/\/res-q-jack.com\/wp-content\/uploads\/2021\/06\/Stabilization-University-Logo-2021.png"},{"@type":"BreadcrumbList","@id":"https:\/\/res-q-jack.com\/training\/stabilization-university\/#breadcrumb","itemListElement":[{"@type":"ListItem","position":1,"name":"Home","item":"https:\/\/res-q-jack.com\/"},{"@type":"ListItem","position":2,"name":"Training","item":"https:\/\/res-q-jack.com\/training\/"},{"@type":"ListItem","position":3,"name":"Stabilization University"}]},{"@type":"WebSite","@id":"https:\/\/res-q-jack.com\/#website","url":"https:\/\/res-q-jack.com\/","name":"Res-Q-Jack, Inc.","description":"Puntales de estabilizaci\u00f3n del veh\u00edculo","publisher":{"@id":"https:\/\/res-q-jack.com\/#organization"},"potentialAction":[{"@type":"SearchAction","target":{"@type":"EntryPoint","urlTemplate":"https:\/\/res-q-jack.com\/?s={search_term_string}"},"query-input":{"@type":"PropertyValueSpecification","valueRequired":true,"valueName":"search_term_string"}}],"inLanguage":"es"},{"@type":"Organization","@id":"https:\/\/res-q-jack.com\/#organization","name":"Res-Q-Jack, Inc.","url":"https:\/\/res-q-jack.com\/","logo":{"@type":"ImageObject","inLanguage":"es","@id":"https:\/\/res-q-jack.com\/#\/schema\/logo\/image\/","url":"https:\/\/res-q-jack.com\/wp-content\/uploads\/2020\/03\/Res-Q-Jack-SEO-Logo.png","contentUrl":"https:\/\/res-q-jack.com\/wp-content\/uploads\/2020\/03\/Res-Q-Jack-SEO-Logo.png","width":612,"height":138,"caption":"Res-Q-Jack, Inc."},"image":{"@id":"https:\/\/res-q-jack.com\/#\/schema\/logo\/image\/"}}]}},"_links":{"self":[{"href":"https:\/\/res-q-jack.com\/es_es\/wp-json\/wp\/v2\/pages\/819","targetHints":{"allow":["GET"]}}],"collection":[{"href":"https:\/\/res-q-jack.com\/es_es\/wp-json\/wp\/v2\/pages"}],"about":[{"href":"https:\/\/res-q-jack.com\/es_es\/wp-json\/wp\/v2\/types\/page"}],"author":[{"embeddable":true,"href":"https:\/\/res-q-jack.com\/es_es\/wp-json\/wp\/v2\/users\/2"}],"replies":[{"embeddable":true,"href":"https:\/\/res-q-jack.com\/es_es\/wp-json\/wp\/v2\/comments?post=819"}],"version-history":[{"count":0,"href":"https:\/\/res-q-jack.com\/es_es\/wp-json\/wp\/v2\/pages\/819\/revisions"}],"up":[{"embeddable":true,"href":"https:\/\/res-q-jack.com\/es_es\/wp-json\/wp\/v2\/pages\/1501"}],"wp:attachment":[{"href":"https:\/\/res-q-jack.com\/es_es\/wp-json\/wp\/v2\/media?parent=819"}],"curies":[{"name":"wp","href":"https:\/\/api.w.org\/{rel}","templated":true}]}}