{"id":50,"date":"2019-12-13T12:40:42","date_gmt":"2019-12-13T17:40:42","guid":{"rendered":"https:\/\/resqjack.wpengine.com\/?page_id=50"},"modified":"2021-02-01T16:18:07","modified_gmt":"2021-02-01T21:18:07","slug":"sobre","status":"publish","type":"page","link":"https:\/\/res-q-jack.com\/es_es\/about\/","title":{"rendered":"Acerca de"},"content":{"rendered":"<h1>\n\t\t\t\tNuestra empresa\n\t\t\t<\/h1>\n\t<p>\"NUESTRAS HERRAMIENTAS SALVAN VIDAS\".  Estas palabras est\u00e1n impresas en un letrero de 2 metros en nuestra planta de fabricaci\u00f3n en Elmira, Nueva York, como recordatorio de lo que montan nuestros productos.  Nuestros empleados, muchos de los cuales han servido como socorristas voluntarios, conocen la importancia de los productos que fabricamos, y eso se nota en todo lo que hacemos.<\/p>\n<p>Construimos cada puntal de rescate a mano en nuestro taller, a partir de materiales probados y predecibles.  Desde las soldaduras a mano hasta el mecanizado de alta gama, todos nuestros puntales se construyen con cuidado, y se inspeccionan y prueban para garantizar a\u00f1os de rendimiento sobre el terreno.<\/p>\n<p>Nuestras herramientas nacieron gracias a la experiencia de primera mano sobre el terreno y se han perfeccionado para adaptarse a las necesidades de los intervinientes mediante la comunicaci\u00f3n con ellos.<\/p>\n<p>Nuestra filosof\u00eda es sencilla: \"Herramientas sencillas, formaci\u00f3n avanzada\".  Creemos en proporcionar a los intervinientes herramientas tan intuitivas como eficaces, y en ofrecer una formaci\u00f3n exhaustiva para maximizar la eficacia sobre el terreno.<\/p>\n<p>Hemos mantenido la sencillez de nuestros productos por una raz\u00f3n.  Queremos que los intervinientes tengan confianza y \u00e9xito al utilizar nuestras herramientas.  No utilizamos sistemas hidr\u00e1ulicos complicados, pl\u00e1sticos imprevisibles de la \"era espacial\" ni configuraciones demasiado complejas.<\/p>\n<p>Dise\u00f1amos nuestros puntales para que sean f\u00e1ciles de usar, eficaces y fiables.  Elegimos los materiales para que sean resistentes y predecibles, y dise\u00f1amos nuestros sistemas para que sean m\u00e1s sencillos, pero m\u00e1s capaces que los equipos m\u00e1s complejos.  Dise\u00f1amos nuestros puntales para que est\u00e9n listos para funcionar, directamente desde el cami\u00f3n, para ahorrar tiempo cuando m\u00e1s importa.<\/p>\n<p>Mientras que nuestras herramientas son intuitivas por dise\u00f1o, tambi\u00e9n creemos que una gran herramienta de rescate es s\u00f3lo tan buena como el entrenamiento detr\u00e1s de ella.  Es por eso que cuando su departamento compra a Res-Q-Jack, proporcionamos formaci\u00f3n gratuita en servicio, en sus instalaciones, tanto en nuestros equipos como en las t\u00e9cnicas.<\/p>\n<p>Desde los montajes b\u00e1sicos hasta las t\u00e9cnicas avanzadas, Res-Q-Jack se compromete a formar a su departamento hasta que se sienta c\u00f3modo utilizando nuestros productos.  La comprensi\u00f3n de nuestras t\u00e9cnicas pioneras de estabilizaci\u00f3n y elevaci\u00f3n le ayudar\u00e1 a tener \u00e9xito en el campo.<\/p>\n<p>Nos enorgullecemos de ser una empresa accesible que se preocupa de los intervinientes que utilizan nuestras herramientas tanto como de la raz\u00f3n por la que las utilizan.<\/p>\n<p>Usted no encontrara ningunos arboles de telefono en Res-Q-Jack, ningunas lineas automaticas, y ningun tipo de atosigacion.  Estamos aqu\u00ed para nuestros clientes cuando nos necesitan y haremos todo lo posible para ayudar de cualquier manera que podamos.  Desde demostraciones y entrenamientos gratuitos hasta productos personalizados, queremos que usted tenga las mejores herramientas y el mejor entrenamiento para hacer su trabajo.<\/p>\n<p>Somos lo suficientemente peque\u00f1os como para ser accesibles y ofrecer una atenci\u00f3n individualizada, pero con una amplia red de distribuidores seleccionados que creen tanto en nuestra marca como nosotros, somos lo suficientemente grandes como para estar ah\u00ed con formaci\u00f3n y apoyo, dondequiera que se encuentre.<\/p>\n\t<h3>\n\t\t\t\tNuestra historia\n\t\t\t<\/h3>\n\t<p>Tras su maestr\u00eda en ingenier\u00eda mec\u00e1nica y varios a\u00f1os en el campo de la consultor\u00eda y la ingenier\u00eda de dise\u00f1o, Cris Pasto cre\u00f3 la empresa Cepco Tool.  Cepco Tools comenz\u00f3 con un producto para facilitar la instalaci\u00f3n de tablas de cubierta alabeadas, madera contrachapada y materiales machihembrados. Este producto, el Bowrench Deck Tool, es a menudo en la lista de herramientas de mano m\u00e1s vendidos en amazon.com, y trajo mucho \u00e9xito a la empresa.<\/p>\n<p>El \u00e9xito del Bowrench trajo consigo un producto llamado QuikJack, un gato para suelos de madera. Con Cepco Tools desarroll\u00e1ndose y creciendo significativamente, Cris pudo dar un paso atr\u00e1s.  Entonces, hizo algo que hab\u00eda querido hacer durante un tiempo: se uni\u00f3 a su departamento de bomberos local.<\/p>\n<p>Como parte del departamento, Cris conoci\u00f3 muchas herramientas interesantes y creativas en el servicio de bomberos, pero vio mucho margen de mejora, especialmente en el campo de la estabilizaci\u00f3n de veh\u00edculos de pasajeros.  Frustrado cuando respond\u00edan a accidentes de veh\u00edculos del tipo vuelco, Cris nunca se sinti\u00f3 c\u00f3modo con el grado de estabilidad que lograban con los recursos que ten\u00edan disponibles.<\/p>\n<p>Durante los meses siguientes, Cris desarroll\u00f3 prototipos y Cepco Tools fabric\u00f3 el primer Res-Q-Jack Modelo RJ1. La intenci\u00f3n original era simplemente suministrar al \u00fanico departamento de bomberos las herramientas adecuadas para la estabilizaci\u00f3n, pero iba a venir mucho m\u00e1s.<\/p>\n<p>Despu\u00e9s de desarrollar el RJ1, el departamento de bomberos vecino pidi\u00f3 a Cepco Tools que les construyera un conjunto. A partir de ah\u00ed, Ron Moore de Firehouse Magazine y Plano Fire Dept. en Texas se enter\u00f3 de la Res-Q-Jack.<\/p>\n<p>Llam\u00f3 a Cris pregunt\u00e1ndole si pod\u00eda probar el dise\u00f1o e incluir sus hallazgos en un art\u00edculo especial para la revista Firehouse sobre estabilizaci\u00f3n. El art\u00edculo esencialmente lanz\u00f3 la l\u00ednea de productos Res-Q-Jack de cabeza al mercado. Ron tambi\u00e9n continu\u00f3 dando valiosos aportes, promoviendo la compa\u00f1\u00eda as\u00ed como el desarrollo de sus productos.<\/p>\n<p>Cuando John Meier compr\u00f3 la compa\u00f1\u00eda en 2004, Res-Q-Jack se convirti\u00f3 en su propia compa\u00f1\u00eda, separada de Cepco Tools.  Desde entonces, hemos continuado desarrollando y mejorando nuestros productos con el fin de maximizar la versatilidad, aumentar la velocidad de configuraci\u00f3n, hacer que sea m\u00e1s f\u00e1cil de usar y el paciente, y mantenerlo asequible.<\/p>\n<p>Mientras que el objetivo de los productos de Cepco Tool Company siempre fue facilitar la vida de los contratistas, Res-Q-Jack ahora facilita el trabajo de los rescatistas; y, mejor a\u00fan, ayudamos a salvar vidas todos los d\u00edas.<\/p>\n<p>Ahora, la empresa ha evolucionado hasta convertirse en lo que ve hoy en d\u00eda en nuestro sitio web, y sigue marcando el list\u00f3n de la estabilizaci\u00f3n y la elevaci\u00f3n de veh\u00edculos.<\/p>\n\t<h4>\n\t\t\t\t\u00bfPreguntas?  Ll\u00e1menos al 1-800-466-9626\n\t\t\t<\/h4>","protected":false},"excerpt":{"rendered":"<p>Nuestra empresa \"NUESTRAS HERRAMIENTAS SALVAN VIDAS\".  Estas palabras est\u00e1n impresas en un cartel de 2 metros en nuestra planta de fabricaci\u00f3n en Elmira, Nueva York, como recordatorio de lo que montan nuestros productos.  Nuestros empleados, muchos de los cuales han servido como socorristas voluntarios, conocen la importancia de los productos que fabricamos, y esto se muestra en todo lo que hacemos....<\/p>","protected":false},"author":2,"featured_media":0,"parent":0,"menu_order":0,"comment_status":"closed","ping_status":"closed","template":"","meta":{"footnotes":""},"class_list":["post-50","page","type-page","status-publish","hentry"],"yoast_head":"<!-- This site is optimized with the Yoast SEO plugin v27.2 - https:\/\/yoast.com\/product\/yoast-seo-wordpress\/ -->\n<title>About | Res-Q-Jack, Inc.<\/title>\n<meta name=\"robots\" content=\"index, follow, max-snippet:-1, max-image-preview:large, max-video-preview:-1\" \/>\n<link rel=\"canonical\" href=\"https:\/\/res-q-jack.com\/es_es\/sobre\/\" \/>\n<meta property=\"og:locale\" content=\"es_ES\" \/>\n<meta property=\"og:type\" content=\"article\" \/>\n<meta property=\"og:title\" content=\"About | Res-Q-Jack, Inc.\" \/>\n<meta property=\"og:description\" content=\"Our Company &#8220;OUR TOOLS SAVE LIVES.&#8221;\u00a0 These words are printed on an 8-foot sign in our manufacturing facility in Elmira, NY as a reminder of what rides on our products.\u00a0 Our employees, many of whom have served as volunteer responders, know the importance of the products we produce, and this shows in all we do.&hellip;\" \/>\n<meta property=\"og:url\" content=\"https:\/\/res-q-jack.com\/es_es\/sobre\/\" \/>\n<meta property=\"og:site_name\" content=\"Res-Q-Jack, Inc.\" \/>\n<meta property=\"article:modified_time\" content=\"2021-02-01T21:18:07+00:00\" \/>\n<meta name=\"twitter:card\" content=\"summary_large_image\" \/>\n<meta name=\"twitter:label1\" content=\"Tiempo de lectura\" \/>\n\t<meta name=\"twitter:data1\" content=\"4 minutos\" \/>\n<script type=\"application\/ld+json\" class=\"yoast-schema-graph\">{\"@context\":\"https:\/\/schema.org\",\"@graph\":[{\"@type\":\"WebPage\",\"@id\":\"https:\/\/res-q-jack.com\/about\/\",\"url\":\"https:\/\/res-q-jack.com\/about\/\",\"name\":\"About | Res-Q-Jack, Inc.\",\"isPartOf\":{\"@id\":\"https:\/\/res-q-jack.com\/#website\"},\"datePublished\":\"2019-12-13T17:40:42+00:00\",\"dateModified\":\"2021-02-01T21:18:07+00:00\",\"breadcrumb\":{\"@id\":\"https:\/\/res-q-jack.com\/about\/#breadcrumb\"},\"inLanguage\":\"es\",\"potentialAction\":[{\"@type\":\"ReadAction\",\"target\":[\"https:\/\/res-q-jack.com\/about\/\"]}]},{\"@type\":\"BreadcrumbList\",\"@id\":\"https:\/\/res-q-jack.com\/about\/#breadcrumb\",\"itemListElement\":[{\"@type\":\"ListItem\",\"position\":1,\"name\":\"Home\",\"item\":\"https:\/\/res-q-jack.com\/\"},{\"@type\":\"ListItem\",\"position\":2,\"name\":\"About\"}]},{\"@type\":\"WebSite\",\"@id\":\"https:\/\/res-q-jack.com\/#website\",\"url\":\"https:\/\/res-q-jack.com\/\",\"name\":\"Res-Q-Jack, Inc.\",\"description\":\"Vehicle Stabilization Struts\",\"publisher\":{\"@id\":\"https:\/\/res-q-jack.com\/#organization\"},\"potentialAction\":[{\"@type\":\"SearchAction\",\"target\":{\"@type\":\"EntryPoint\",\"urlTemplate\":\"https:\/\/res-q-jack.com\/?s={search_term_string}\"},\"query-input\":{\"@type\":\"PropertyValueSpecification\",\"valueRequired\":true,\"valueName\":\"search_term_string\"}}],\"inLanguage\":\"es\"},{\"@type\":\"Organization\",\"@id\":\"https:\/\/res-q-jack.com\/#organization\",\"name\":\"Res-Q-Jack, Inc.\",\"url\":\"https:\/\/res-q-jack.com\/\",\"logo\":{\"@type\":\"ImageObject\",\"inLanguage\":\"es\",\"@id\":\"https:\/\/res-q-jack.com\/#\/schema\/logo\/image\/\",\"url\":\"https:\/\/res-q-jack.com\/wp-content\/uploads\/2020\/03\/Res-Q-Jack-SEO-Logo.png\",\"contentUrl\":\"https:\/\/res-q-jack.com\/wp-content\/uploads\/2020\/03\/Res-Q-Jack-SEO-Logo.png\",\"width\":612,\"height\":138,\"caption\":\"Res-Q-Jack, Inc.\"},\"image\":{\"@id\":\"https:\/\/res-q-jack.com\/#\/schema\/logo\/image\/\"}}]}<\/script>\n<!-- \/ Yoast SEO plugin. -->","yoast_head_json":{"title":"Acerca de | Res-Q-Jack, Inc.","robots":{"index":"index","follow":"follow","max-snippet":"max-snippet:-1","max-image-preview":"max-image-preview:large","max-video-preview":"max-video-preview:-1"},"canonical":"https:\/\/res-q-jack.com\/es_es\/sobre\/","og_locale":"es_ES","og_type":"article","og_title":"About | Res-Q-Jack, Inc.","og_description":"Our Company &#8220;OUR TOOLS SAVE LIVES.&#8221;\u00a0 These words are printed on an 8-foot sign in our manufacturing facility in Elmira, NY as a reminder of what rides on our products.\u00a0 Our employees, many of whom have served as volunteer responders, know the importance of the products we produce, and this shows in all we do.&hellip;","og_url":"https:\/\/res-q-jack.com\/es_es\/sobre\/","og_site_name":"Res-Q-Jack, Inc.","article_modified_time":"2021-02-01T21:18:07+00:00","twitter_card":"summary_large_image","twitter_misc":{"Tiempo de lectura":"4 minutos"},"schema":{"@context":"https:\/\/schema.org","@graph":[{"@type":"WebPage","@id":"https:\/\/res-q-jack.com\/about\/","url":"https:\/\/res-q-jack.com\/about\/","name":"Acerca de | Res-Q-Jack, Inc.","isPartOf":{"@id":"https:\/\/res-q-jack.com\/#website"},"datePublished":"2019-12-13T17:40:42+00:00","dateModified":"2021-02-01T21:18:07+00:00","breadcrumb":{"@id":"https:\/\/res-q-jack.com\/about\/#breadcrumb"},"inLanguage":"es","potentialAction":[{"@type":"ReadAction","target":["https:\/\/res-q-jack.com\/about\/"]}]},{"@type":"BreadcrumbList","@id":"https:\/\/res-q-jack.com\/about\/#breadcrumb","itemListElement":[{"@type":"ListItem","position":1,"name":"Home","item":"https:\/\/res-q-jack.com\/"},{"@type":"ListItem","position":2,"name":"About"}]},{"@type":"WebSite","@id":"https:\/\/res-q-jack.com\/#website","url":"https:\/\/res-q-jack.com\/","name":"Res-Q-Jack, Inc.","description":"Puntales de estabilizaci\u00f3n del veh\u00edculo","publisher":{"@id":"https:\/\/res-q-jack.com\/#organization"},"potentialAction":[{"@type":"SearchAction","target":{"@type":"EntryPoint","urlTemplate":"https:\/\/res-q-jack.com\/?s={search_term_string}"},"query-input":{"@type":"PropertyValueSpecification","valueRequired":true,"valueName":"search_term_string"}}],"inLanguage":"es"},{"@type":"Organization","@id":"https:\/\/res-q-jack.com\/#organization","name":"Res-Q-Jack, Inc.","url":"https:\/\/res-q-jack.com\/","logo":{"@type":"ImageObject","inLanguage":"es","@id":"https:\/\/res-q-jack.com\/#\/schema\/logo\/image\/","url":"https:\/\/res-q-jack.com\/wp-content\/uploads\/2020\/03\/Res-Q-Jack-SEO-Logo.png","contentUrl":"https:\/\/res-q-jack.com\/wp-content\/uploads\/2020\/03\/Res-Q-Jack-SEO-Logo.png","width":612,"height":138,"caption":"Res-Q-Jack, Inc."},"image":{"@id":"https:\/\/res-q-jack.com\/#\/schema\/logo\/image\/"}}]}},"_links":{"self":[{"href":"https:\/\/res-q-jack.com\/es_es\/wp-json\/wp\/v2\/pages\/50","targetHints":{"allow":["GET"]}}],"collection":[{"href":"https:\/\/res-q-jack.com\/es_es\/wp-json\/wp\/v2\/pages"}],"about":[{"href":"https:\/\/res-q-jack.com\/es_es\/wp-json\/wp\/v2\/types\/page"}],"author":[{"embeddable":true,"href":"https:\/\/res-q-jack.com\/es_es\/wp-json\/wp\/v2\/users\/2"}],"replies":[{"embeddable":true,"href":"https:\/\/res-q-jack.com\/es_es\/wp-json\/wp\/v2\/comments?post=50"}],"version-history":[{"count":0,"href":"https:\/\/res-q-jack.com\/es_es\/wp-json\/wp\/v2\/pages\/50\/revisions"}],"wp:attachment":[{"href":"https:\/\/res-q-jack.com\/es_es\/wp-json\/wp\/v2\/media?parent=50"}],"curies":[{"name":"wp","href":"https:\/\/api.w.org\/{rel}","templated":true}]}}