{"id":48,"date":"2019-12-13T12:40:28","date_gmt":"2019-12-13T17:40:28","guid":{"rendered":"https:\/\/resqjack.wpengine.com\/?page_id=48"},"modified":"2024-11-13T15:48:16","modified_gmt":"2024-11-13T20:48:16","slug":"eventos","status":"publish","type":"page","link":"https:\/\/res-q-jack.com\/es_es\/events\/","title":{"rendered":"Eventos"},"content":{"rendered":"<h1>Calendario de eventos<\/h1>\r\n<p>Mant\u00e9ngase al d\u00eda sobre nuestros eventos de formaci\u00f3n, ferias comerciales y mucho m\u00e1s.<\/p>\r\n<p><iframe id=\"easyXDM_default4878_provider\" src=\"https:\/\/upto.com\/intermediary?url=https:\/\/upto.com\/embedded\/plugin\/HALO&amp;xdm_e=http%3A%2F%2Fres-q-jack.com&amp;xdm_c=default4878&amp;xdm_p=1\" name=\"easyXDM_default4878_provider\"><\/iframe><\/p>","protected":false},"excerpt":{"rendered":"<p>Calendario de eventos Mant\u00e9ngase al d\u00eda sobre nuestros eventos de formaci\u00f3n, ferias comerciales y m\u00e1s.<\/p>","protected":false},"author":2,"featured_media":0,"parent":0,"menu_order":0,"comment_status":"closed","ping_status":"closed","template":"","meta":{"footnotes":""},"class_list":["post-48","page","type-page","status-publish","hentry"],"yoast_head":"<!-- This site is optimized with the Yoast SEO plugin v27.5 - https:\/\/yoast.com\/product\/yoast-seo-wordpress\/ -->\n<title>Events | Res-Q-Jack, Inc.<\/title>\n<meta name=\"description\" content=\"Stay updated on Res-Q-Jack\u2019s latest events and training sessions. Join us to enhance your rescue skills and connect with industry experts.\" \/>\n<meta name=\"robots\" content=\"index, follow, max-snippet:-1, max-image-preview:large, max-video-preview:-1\" \/>\n<link rel=\"canonical\" href=\"https:\/\/res-q-jack.com\/es_es\/eventos\/\" \/>\n<meta property=\"og:locale\" content=\"es_ES\" \/>\n<meta property=\"og:type\" content=\"article\" \/>\n<meta property=\"og:title\" content=\"Events | Res-Q-Jack, Inc.\" \/>\n<meta property=\"og:description\" content=\"Stay updated on Res-Q-Jack\u2019s latest events and training sessions. Join us to enhance your rescue skills and connect with industry experts.\" \/>\n<meta property=\"og:url\" content=\"https:\/\/res-q-jack.com\/es_es\/eventos\/\" \/>\n<meta property=\"og:site_name\" content=\"Res-Q-Jack, Inc.\" \/>\n<meta property=\"article:modified_time\" content=\"2024-11-13T20:48:16+00:00\" \/>\n<meta name=\"twitter:card\" content=\"summary_large_image\" \/>\n<meta name=\"twitter:label1\" content=\"Tiempo de lectura\" \/>\n\t<meta name=\"twitter:data1\" content=\"1 minuto\" \/>\n<script type=\"application\/ld+json\" class=\"yoast-schema-graph\">{\"@context\":\"https:\\\/\\\/schema.org\",\"@graph\":[{\"@type\":\"WebPage\",\"@id\":\"https:\\\/\\\/res-q-jack.com\\\/events\\\/\",\"url\":\"https:\\\/\\\/res-q-jack.com\\\/events\\\/\",\"name\":\"Events | Res-Q-Jack, Inc.\",\"isPartOf\":{\"@id\":\"https:\\\/\\\/res-q-jack.com\\\/#website\"},\"datePublished\":\"2019-12-13T17:40:28+00:00\",\"dateModified\":\"2024-11-13T20:48:16+00:00\",\"description\":\"Stay updated on Res-Q-Jack\u2019s latest events and training sessions. Join us to enhance your rescue skills and connect with industry experts.\",\"breadcrumb\":{\"@id\":\"https:\\\/\\\/res-q-jack.com\\\/events\\\/#breadcrumb\"},\"inLanguage\":\"es\",\"potentialAction\":[{\"@type\":\"ReadAction\",\"target\":[\"https:\\\/\\\/res-q-jack.com\\\/events\\\/\"]}]},{\"@type\":\"BreadcrumbList\",\"@id\":\"https:\\\/\\\/res-q-jack.com\\\/events\\\/#breadcrumb\",\"itemListElement\":[{\"@type\":\"ListItem\",\"position\":1,\"name\":\"Home\",\"item\":\"https:\\\/\\\/res-q-jack.com\\\/\"},{\"@type\":\"ListItem\",\"position\":2,\"name\":\"Events\"}]},{\"@type\":\"WebSite\",\"@id\":\"https:\\\/\\\/res-q-jack.com\\\/#website\",\"url\":\"https:\\\/\\\/res-q-jack.com\\\/\",\"name\":\"Res-Q-Jack, Inc.\",\"description\":\"Vehicle Stabilization Struts\",\"publisher\":{\"@id\":\"https:\\\/\\\/res-q-jack.com\\\/#organization\"},\"potentialAction\":[{\"@type\":\"SearchAction\",\"target\":{\"@type\":\"EntryPoint\",\"urlTemplate\":\"https:\\\/\\\/res-q-jack.com\\\/?s={search_term_string}\"},\"query-input\":{\"@type\":\"PropertyValueSpecification\",\"valueRequired\":true,\"valueName\":\"search_term_string\"}}],\"inLanguage\":\"es\"},{\"@type\":\"Organization\",\"@id\":\"https:\\\/\\\/res-q-jack.com\\\/#organization\",\"name\":\"Res-Q-Jack, Inc.\",\"url\":\"https:\\\/\\\/res-q-jack.com\\\/\",\"logo\":{\"@type\":\"ImageObject\",\"inLanguage\":\"es\",\"@id\":\"https:\\\/\\\/res-q-jack.com\\\/#\\\/schema\\\/logo\\\/image\\\/\",\"url\":\"https:\\\/\\\/res-q-jack.com\\\/wp-content\\\/uploads\\\/2020\\\/03\\\/Res-Q-Jack-SEO-Logo.png\",\"contentUrl\":\"https:\\\/\\\/res-q-jack.com\\\/wp-content\\\/uploads\\\/2020\\\/03\\\/Res-Q-Jack-SEO-Logo.png\",\"width\":612,\"height\":138,\"caption\":\"Res-Q-Jack, Inc.\"},\"image\":{\"@id\":\"https:\\\/\\\/res-q-jack.com\\\/#\\\/schema\\\/logo\\\/image\\\/\"}}]}<\/script>\n<!-- \/ Yoast SEO plugin. -->","yoast_head_json":{"title":"Eventos | Res-Q-Jack, Inc.","description":"Mant\u00e9ngase al d\u00eda sobre los \u00faltimos eventos y sesiones de formaci\u00f3n de Res-Q-Jack. \u00danase a nosotros para mejorar sus habilidades de rescate y conectar con expertos de la industria.","robots":{"index":"index","follow":"follow","max-snippet":"max-snippet:-1","max-image-preview":"max-image-preview:large","max-video-preview":"max-video-preview:-1"},"canonical":"https:\/\/res-q-jack.com\/es_es\/eventos\/","og_locale":"es_ES","og_type":"article","og_title":"Events | Res-Q-Jack, Inc.","og_description":"Stay updated on Res-Q-Jack\u2019s latest events and training sessions. Join us to enhance your rescue skills and connect with industry experts.","og_url":"https:\/\/res-q-jack.com\/es_es\/eventos\/","og_site_name":"Res-Q-Jack, Inc.","article_modified_time":"2024-11-13T20:48:16+00:00","twitter_card":"summary_large_image","twitter_misc":{"Tiempo de lectura":"1 minuto"},"schema":{"@context":"https:\/\/schema.org","@graph":[{"@type":"WebPage","@id":"https:\/\/res-q-jack.com\/events\/","url":"https:\/\/res-q-jack.com\/events\/","name":"Eventos | Res-Q-Jack, Inc.","isPartOf":{"@id":"https:\/\/res-q-jack.com\/#website"},"datePublished":"2019-12-13T17:40:28+00:00","dateModified":"2024-11-13T20:48:16+00:00","description":"Mant\u00e9ngase al d\u00eda sobre los \u00faltimos eventos y sesiones de formaci\u00f3n de Res-Q-Jack. \u00danase a nosotros para mejorar sus habilidades de rescate y conectar con expertos de la industria.","breadcrumb":{"@id":"https:\/\/res-q-jack.com\/events\/#breadcrumb"},"inLanguage":"es","potentialAction":[{"@type":"ReadAction","target":["https:\/\/res-q-jack.com\/events\/"]}]},{"@type":"BreadcrumbList","@id":"https:\/\/res-q-jack.com\/events\/#breadcrumb","itemListElement":[{"@type":"ListItem","position":1,"name":"Home","item":"https:\/\/res-q-jack.com\/"},{"@type":"ListItem","position":2,"name":"Events"}]},{"@type":"WebSite","@id":"https:\/\/res-q-jack.com\/#website","url":"https:\/\/res-q-jack.com\/","name":"Res-Q-Jack, Inc.","description":"Puntales de estabilizaci\u00f3n del veh\u00edculo","publisher":{"@id":"https:\/\/res-q-jack.com\/#organization"},"potentialAction":[{"@type":"SearchAction","target":{"@type":"EntryPoint","urlTemplate":"https:\/\/res-q-jack.com\/?s={search_term_string}"},"query-input":{"@type":"PropertyValueSpecification","valueRequired":true,"valueName":"search_term_string"}}],"inLanguage":"es"},{"@type":"Organization","@id":"https:\/\/res-q-jack.com\/#organization","name":"Res-Q-Jack, Inc.","url":"https:\/\/res-q-jack.com\/","logo":{"@type":"ImageObject","inLanguage":"es","@id":"https:\/\/res-q-jack.com\/#\/schema\/logo\/image\/","url":"https:\/\/res-q-jack.com\/wp-content\/uploads\/2020\/03\/Res-Q-Jack-SEO-Logo.png","contentUrl":"https:\/\/res-q-jack.com\/wp-content\/uploads\/2020\/03\/Res-Q-Jack-SEO-Logo.png","width":612,"height":138,"caption":"Res-Q-Jack, Inc."},"image":{"@id":"https:\/\/res-q-jack.com\/#\/schema\/logo\/image\/"}}]}},"_links":{"self":[{"href":"https:\/\/res-q-jack.com\/es_es\/wp-json\/wp\/v2\/pages\/48","targetHints":{"allow":["GET"]}}],"collection":[{"href":"https:\/\/res-q-jack.com\/es_es\/wp-json\/wp\/v2\/pages"}],"about":[{"href":"https:\/\/res-q-jack.com\/es_es\/wp-json\/wp\/v2\/types\/page"}],"author":[{"embeddable":true,"href":"https:\/\/res-q-jack.com\/es_es\/wp-json\/wp\/v2\/users\/2"}],"replies":[{"embeddable":true,"href":"https:\/\/res-q-jack.com\/es_es\/wp-json\/wp\/v2\/comments?post=48"}],"version-history":[{"count":0,"href":"https:\/\/res-q-jack.com\/es_es\/wp-json\/wp\/v2\/pages\/48\/revisions"}],"wp:attachment":[{"href":"https:\/\/res-q-jack.com\/es_es\/wp-json\/wp\/v2\/media?parent=48"}],"curies":[{"name":"wp","href":"https:\/\/api.w.org\/{rel}","templated":true}]}}