{"id":42,"date":"2019-12-13T12:39:51","date_gmt":"2019-12-13T17:39:51","guid":{"rendered":"https:\/\/resqjack.wpengine.com\/?page_id=42"},"modified":"2026-05-01T10:59:32","modified_gmt":"2026-05-01T15:59:32","slug":"puntales","status":"publish","type":"page","link":"https:\/\/res-q-jack.com\/es_es\/struts\/","title":{"rendered":"Puntales de rescate"},"content":{"rendered":"<h1>Estabilizaci\u00f3n, apuntalamiento<br \/>&amp; Puntales de elevaci\u00f3n<\/h1>\t\t\t\n\t\t\t\t<p>Los puntales Res-Q-Jack nacieron de a\u00f1os de experiencia de primera mano en Bomberos y Rescate.  Seguimos perfeccionando y mejorando nuestros puntales de rescate bas\u00e1ndonos en los comentarios de los usuarios.  Dise\u00f1amos, construimos y probamos todos nuestros puntales en los Estados Unidos con materiales de calidad para ofrecerle herramientas de rescate f\u00e1ciles de usar, seguras y eficaces.<\/p>\n\t\t\t\t<img decoding=\"async\" data-src=\"https:\/\/res-q-jack.com\/wp-content\/uploads\/2026\/04\/Super-X-Long-w-Ratchet-Hooked-on-Top.png\" alt=\"Super X Long w Ratchet Hooked on Top\" title=\"Super X Long w Ratchet Hooked on Top\" itemprop=\"image\" src=\"data:image\/svg+xml;base64,PHN2ZyB3aWR0aD0iMSIgaGVpZ2h0PSIxIiB4bWxucz0iaHR0cDovL3d3dy53My5vcmcvMjAwMC9zdmciPjwvc3ZnPg==\" class=\"lazyload\" style=\"--smush-placeholder-width: 1700px; --smush-placeholder-aspect-ratio: 1700\/8300;\" \/>\n\t\t\t<h5><img decoding=\"async\" data-src=\"https:\/\/res-q-jack.com\/wp-content\/uploads\/2020\/05\/Pin-Free-Stabilization-Struts-95x18-1.png\" src=\"data:image\/svg+xml;base64,PHN2ZyB3aWR0aD0iMSIgaGVpZ2h0PSIxIiB4bWxucz0iaHR0cDovL3d3dy53My5vcmcvMjAwMC9zdmciPjwvc3ZnPg==\" class=\"lazyload\" style=\"--smush-placeholder-width: 95px; --smush-placeholder-aspect-ratio: 95\/18;\" \/><\/h5><h3>Serie Super X-Strut<\/h3>\t\t\t\n\t\t\t\t<p>La Super X es nuestra l\u00ednea de puntales m\u00e1s resistente, dise\u00f1ada para el rescate de veh\u00edculos pesados, el apuntalamiento estructural y el rescate t\u00e9cnico.\u00a0<\/p>\n<p><strong>L\u00edmite de carga de trabajo: 19.300 libras (factor de seguridad 2:1)<\/strong><\/p>\n\t\t\t<a href=\"https:\/\/res-q-jack.com\/es_es\/puntales\/puntales-de-estabilizacion-de-vehiculos\/puntales-de-estabilizacion-para-vehiculos-pesados\/super-x-strut\/\" title=\"Ver detalles\" target=\"_self\"   role=\"button\" aria-label=\"Ver detalles\">\n\t\t\t\t\t\t\t\t\t\t\tVer detalles\n\t\t<\/a>\n\t\t\t\t<img decoding=\"async\" data-src=\"https:\/\/res-q-jack.com\/wp-content\/uploads\/2026\/04\/Apex-Long-Strut-scaled.png\" alt=\"Apex Long Strut\" title=\"Apex Long Strut\" itemprop=\"image\" src=\"data:image\/svg+xml;base64,PHN2ZyB3aWR0aD0iMSIgaGVpZ2h0PSIxIiB4bWxucz0iaHR0cDovL3d3dy53My5vcmcvMjAwMC9zdmciPjwvc3ZnPg==\" class=\"lazyload\" style=\"--smush-placeholder-width: 604px; --smush-placeholder-aspect-ratio: 604\/2560;\" \/>\n\t\t\t<h5><img decoding=\"async\" data-src=\"https:\/\/res-q-jack.com\/wp-content\/uploads\/2020\/05\/Pin-Free-Stabilization-Struts-95x18-1.png\" src=\"data:image\/svg+xml;base64,PHN2ZyB3aWR0aD0iMSIgaGVpZ2h0PSIxIiB4bWxucz0iaHR0cDovL3d3dy53My5vcmcvMjAwMC9zdmciPjwvc3ZnPg==\" class=\"lazyload\" style=\"--smush-placeholder-width: 95px; --smush-placeholder-aspect-ratio: 95\/18;\" \/><\/h5><h3>Serie Apex X-Strut<\/h3>\t\t\t\n\t\t\t\t<p>El Apex es nuestra \u00faltima l\u00ednea de puntales sin pasador para trabajos pesados, dise\u00f1ada para la mayor\u00eda de los escenarios de rescate de veh\u00edculos.\u00a0\u00a0<\/p>\n<p><strong>L\u00edmite de carga de trabajo: hasta 12.500 libras (factor de seguridad 2:1)<\/strong><\/p>\n\t\t\t<a href=\"https:\/\/res-q-jack.com\/es_es\/puntales\/puntales-de-estabilizacion-de-vehiculos\/puntales-de-estabilizacion-para-vehiculos-pesados\/apex-x-strut\/\" title=\"Ver detalles\" target=\"_self\"   role=\"button\" aria-label=\"Ver detalles\">\n\t\t\t\t\t\t\t\t\t\t\tVer detalles\n\t\t<\/a>\n\t\t\t\t<img decoding=\"async\" data-src=\"https:\/\/res-q-jack.com\/wp-content\/uploads\/2026\/04\/Aluminum-Phoenix-Long-Strut-scaled-e1776176683990.png\" alt=\"Aluminum Phoenix Long Strut\" title=\"Aluminum Phoenix Long Strut\" itemprop=\"image\" src=\"data:image\/svg+xml;base64,PHN2ZyB3aWR0aD0iMSIgaGVpZ2h0PSIxIiB4bWxucz0iaHR0cDovL3d3dy53My5vcmcvMjAwMC9zdmciPjwvc3ZnPg==\" class=\"lazyload\" style=\"--smush-placeholder-width: 576px; --smush-placeholder-aspect-ratio: 576\/2415;\" \/>\n\t\t\t<h3>Aluminum X-Strut Series<\/h3>\t\t\t\n\t\t\t\t<p>El X-Strut de aluminio es nuestra l\u00ednea de puntales con pasador m\u00e1s resistente, dise\u00f1ada para el rescate de veh\u00edculos pesados junto con otras aplicaciones diversas.<\/p>\n<p><strong>L\u00edmite de carga de trabajo: 10.000 libras (factor de seguridad 2:1)<\/strong><\/p>\n\t\t\t<a href=\"https:\/\/res-q-jack.com\/es_es\/puntales\/puntales-de-estabilizacion-de-vehiculos\/puntales-de-estabilizacion-para-vehiculos-pesados\/puntal-de-aluminio-x\/\" title=\"Ver detalles\" target=\"_self\"   role=\"button\" aria-label=\"Ver detalles\">\n\t\t\t\t\t\t\t\t\t\t\tVer detalles\n\t\t<\/a>\n\t\t\t\t<img decoding=\"async\" data-src=\"https:\/\/res-q-jack.com\/wp-content\/uploads\/2026\/04\/Steel-X-Long-Strut-scaled.png\" alt=\"Steel X Long Strut\" title=\"Steel X Long Strut\" itemprop=\"image\" src=\"data:image\/svg+xml;base64,PHN2ZyB3aWR0aD0iMSIgaGVpZ2h0PSIxIiB4bWxucz0iaHR0cDovL3d3dy53My5vcmcvMjAwMC9zdmciPjwvc3ZnPg==\" class=\"lazyload\" style=\"--smush-placeholder-width: 569px; --smush-placeholder-aspect-ratio: 569\/2560;\" \/>\n\t\t\t<h3>Steel X-Strut Series Struts<\/h3>\t\t\t\n\t\t\t\t<p>La serie de puntales X de acero es nuestra l\u00ednea original de puntales X dise\u00f1ada para el rescate t\u00edpico de veh\u00edculos.<\/p>\n<p><strong>L\u00edmite de carga de trabajo: 4.000 libras (factor de seguridad 2:1)<\/strong><\/p>\n\t\t\t<a href=\"https:\/\/res-q-jack.com\/es_es\/puntales\/puntales-de-estabilizacion-de-vehiculos\/puntales-de-estabilizacion-de-vehiculos-de-serie\/puntal-de-acero-x\/\" title=\"Ver detalles\" target=\"_self\"   role=\"button\" aria-label=\"Ver detalles\">\n\t\t\t\t\t\t\t\t\t\t\tVer detalles\n\t\t<\/a>\n\t\t\t\t<img decoding=\"async\" data-src=\"https:\/\/res-q-jack.com\/wp-content\/uploads\/2026\/04\/Auto-X-Long-Strut-scaled.png\" alt=\"Auto X Long Strut\" title=\"Auto X Long Strut\" itemprop=\"image\" src=\"data:image\/svg+xml;base64,PHN2ZyB3aWR0aD0iMSIgaGVpZ2h0PSIxIiB4bWxucz0iaHR0cDovL3d3dy53My5vcmcvMjAwMC9zdmciPjwvc3ZnPg==\" class=\"lazyload\" style=\"--smush-placeholder-width: 602px; --smush-placeholder-aspect-ratio: 602\/2560;\" \/>\n\t\t\t<h5><img decoding=\"async\" data-src=\"https:\/\/res-q-jack.com\/wp-content\/uploads\/2020\/05\/Pin-Free-Stabilization-Struts-95x18-1.png\" src=\"data:image\/svg+xml;base64,PHN2ZyB3aWR0aD0iMSIgaGVpZ2h0PSIxIiB4bWxucz0iaHR0cDovL3d3dy53My5vcmcvMjAwMC9zdmciPjwvc3ZnPg==\" class=\"lazyload\" style=\"--smush-placeholder-width: 95px; --smush-placeholder-aspect-ratio: 95\/18;\" \/><\/h5><h3>Serie Auto X-Strut<\/h3>\t\t\t\n\t\t\t\t<p>El Auto X es nuestro puntal sin pasador para trabajos ligeros que permite estabilizar y elevar r\u00e1pidamente veh\u00edculos peque\u00f1os.<\/p>\n<p><strong>L\u00edmite de carga de trabajo: 3.250 libras (factor de seguridad 2:1)<\/strong><\/p>\n\t\t\t<a href=\"https:\/\/res-q-jack.com\/es_es\/puntales\/puntales-de-estabilizacion-de-vehiculos\/puntales-de-estabilizacion-de-vehiculos-ligeros\/auto-x-strut\/\" title=\"Ver detalles\" target=\"_self\"   role=\"button\" aria-label=\"Ver detalles\">\n\t\t\t\t\t\t\t\t\t\t\tVer detalles\n\t\t<\/a>\n\t\t\t\t<img decoding=\"async\" data-src=\"https:\/\/res-q-jack.com\/wp-content\/uploads\/2026\/04\/Green-X-Long-Strut-71x300.png\" alt=\"Green X Long Strut\" title=\"Green X Long Strut\" itemprop=\"image\" src=\"data:image\/svg+xml;base64,PHN2ZyB3aWR0aD0iMSIgaGVpZ2h0PSIxIiB4bWxucz0iaHR0cDovL3d3dy53My5vcmcvMjAwMC9zdmciPjwvc3ZnPg==\" class=\"lazyload\" style=\"--smush-placeholder-width: 71px; --smush-placeholder-aspect-ratio: 71\/300;\" \/>\n\t\t\t<h3>GreenLite\u2122 X-Strut Series<\/h3>\t\t\t\n\t\t\t\t<p>La serie GreenLite es nuestra l\u00ednea X-Strut m\u00e1s asequible, dise\u00f1ada para una r\u00e1pida estabilizaci\u00f3n con la capacidad de elevarse cuando sea necesario.<\/p>\n<p><strong>L\u00edmite de carga de trabajo: 2.500 libras (factor de seguridad 2:1)<\/strong><\/p>\n\t\t\t<a href=\"https:\/\/res-q-jack.com\/es_es\/puntales\/puntales-de-estabilizacion-de-vehiculos\/puntales-de-estabilizacion-de-vehiculos-ligeros\/greenlite-x-strut\/\" title=\"Ver detalles\" target=\"_self\"   role=\"button\" aria-label=\"Ver detalles\">\n\t\t\t\t\t\t\t\t\t\t\tVer detalles\n\t\t<\/a>\n\t\t\t\t<img decoding=\"async\" data-src=\"https:\/\/res-q-jack.com\/wp-content\/uploads\/2020\/01\/RJ3-Jack-Stand.png\" alt=\"RJ3 Jack Stand\" title=\"RJ3 Jack Stand\" itemprop=\"image\" src=\"data:image\/svg+xml;base64,PHN2ZyB3aWR0aD0iMSIgaGVpZ2h0PSIxIiB4bWxucz0iaHR0cDovL3d3dy53My5vcmcvMjAwMC9zdmciPjwvc3ZnPg==\" class=\"lazyload\" style=\"--smush-placeholder-width: 664px; --smush-placeholder-aspect-ratio: 664\/1500;\" \/>\n\t\t\t<h3>Puntales de la serie RJ3<\/h3>\t\t\t\n\t\t\t\t<p>La serie RJ3 es una l\u00ednea original de puntales de estabilizaci\u00f3n de acero dise\u00f1ados para el rescate t\u00edpico de veh\u00edculos.<\/p>\n<p><strong>L\u00edmite de carga de trabajo: 4.000 libras (factor de seguridad 2:1)<\/strong><\/p>\n\t\t\t<a href=\"https:\/\/res-q-jack.com\/es_es\/puntales\/puntales-de-estabilizacion-de-vehiculos\/puntales-de-estabilizacion-de-vehiculos-de-serie\/rj3-jkst-jackstand\/\" title=\"Ver detalles\" target=\"_self\"   role=\"button\" aria-label=\"Ver detalles\">\n\t\t\t\t\t\t\t\t\t\t\tVer detalles\n\t\t<\/a>\n\t\t\t\t<img decoding=\"async\" data-src=\"https:\/\/res-q-jack.com\/wp-content\/uploads\/2026\/04\/Trench-Large.png\" alt=\"Trench Large\" title=\"Trench Large\" itemprop=\"image\" src=\"data:image\/svg+xml;base64,PHN2ZyB3aWR0aD0iMSIgaGVpZ2h0PSIxIiB4bWxucz0iaHR0cDovL3d3dy53My5vcmcvMjAwMC9zdmciPjwvc3ZnPg==\" class=\"lazyload\" style=\"--smush-placeholder-width: 300px; --smush-placeholder-aspect-ratio: 300\/2000;\" \/>\n\t\t\t<h5><img decoding=\"async\" data-src=\"https:\/\/res-q-jack.com\/wp-content\/uploads\/2020\/05\/Pin-Free-Stabilization-Struts-95x18-1.png\" src=\"data:image\/svg+xml;base64,PHN2ZyB3aWR0aD0iMSIgaGVpZ2h0PSIxIiB4bWxucz0iaHR0cDovL3d3dy53My5vcmcvMjAwMC9zdmciPjwvc3ZnPg==\" class=\"lazyload\" style=\"--smush-placeholder-width: 95px; --smush-placeholder-aspect-ratio: 95\/18;\" \/><\/h5><h3>Sistema de orilla de zanja SPX<\/h3>\t\t\t\n\t\t\t\t<p>Basado en la arquitectura del Super X-Strut, este sistema ofrece una soluci\u00f3n eficaz para aplicaciones de entibaci\u00f3n de zanjas.<\/p>\n<p><strong>Working Load Limit: 10,400 lbs. &#8211; 38,400 lbs. (2:1 Safety Factor)<\/strong><\/p>\n\t\t\t<a href=\"https:\/\/res-q-jack.com\/es_es\/puntales\/zanja-escombro-puntales\/\" title=\"Ver detalles\" target=\"_self\"   role=\"button\" aria-label=\"Ver detalles\">\n\t\t\t\t\t\t\t\t\t\t\tVer detalles\n\t\t<\/a>","protected":false},"excerpt":{"rendered":"<p>Los puntales de estabilizaci\u00f3n, apuntalamiento y elevaci\u00f3n Los puntales Res-Q-Jack nacieron de a\u00f1os de experiencia de primera mano en el sector de los bomberos y el rescate.  Seguimos perfeccionando y mejorando nuestros puntales de rescate bas\u00e1ndonos en los comentarios de los usuarios.  Dise\u00f1amos, construimos y probamos todos nuestros puntales en los EE.UU. con materiales de calidad para ofrecerle un rescate f\u00e1cil de usar, seguro y eficaz...<\/p>","protected":false},"author":2,"featured_media":745,"parent":0,"menu_order":0,"comment_status":"closed","ping_status":"closed","template":"","meta":{"footnotes":""},"class_list":["post-42","page","type-page","status-publish","has-post-thumbnail","hentry"],"yoast_head":"<!-- This site is optimized with the Yoast SEO plugin v27.5 - https:\/\/yoast.com\/product\/yoast-seo-wordpress\/ -->\n<title>Rescue Struts | Res-Q-Jack, Inc.<\/title>\n<meta name=\"description\" content=\"Res-Q-Jack rescue struts include pinned and pin-free options for Fire and Rescue squads. Our rescue struts are designed, built and tested in the USA.\" \/>\n<meta name=\"robots\" content=\"index, follow, max-snippet:-1, max-image-preview:large, max-video-preview:-1\" \/>\n<link rel=\"canonical\" href=\"https:\/\/res-q-jack.com\/es_es\/puntales\/\" \/>\n<meta property=\"og:locale\" content=\"es_ES\" \/>\n<meta property=\"og:type\" content=\"article\" \/>\n<meta property=\"og:title\" content=\"Rescue Struts | Res-Q-Jack, Inc.\" \/>\n<meta property=\"og:description\" content=\"Res-Q-Jack rescue struts include pinned and pin-free options for Fire and Rescue squads. Our rescue struts are designed, built and tested in the USA.\" \/>\n<meta property=\"og:url\" content=\"https:\/\/res-q-jack.com\/es_es\/puntales\/\" \/>\n<meta property=\"og:site_name\" content=\"Res-Q-Jack, Inc.\" \/>\n<meta property=\"article:modified_time\" content=\"2026-05-01T15:59:32+00:00\" \/>\n<meta property=\"og:image\" content=\"https:\/\/res-q-jack.com\/wp-content\/uploads\/2020\/02\/APEX-X-Strut-Heavy-Duty-Vehicle-Lifting-Strut-1.jpg\" \/>\n\t<meta property=\"og:image:width\" content=\"900\" \/>\n\t<meta property=\"og:image:height\" content=\"600\" \/>\n\t<meta property=\"og:image:type\" content=\"image\/jpeg\" \/>\n<meta name=\"twitter:card\" content=\"summary_large_image\" \/>\n<meta name=\"twitter:label1\" content=\"Tiempo de lectura\" \/>\n\t<meta name=\"twitter:data1\" content=\"4 minutos\" \/>\n<script type=\"application\/ld+json\" class=\"yoast-schema-graph\">{\"@context\":\"https:\\\/\\\/schema.org\",\"@graph\":[{\"@type\":\"WebPage\",\"@id\":\"https:\\\/\\\/res-q-jack.com\\\/struts\\\/\",\"url\":\"https:\\\/\\\/res-q-jack.com\\\/struts\\\/\",\"name\":\"Rescue Struts | Res-Q-Jack, Inc.\",\"isPartOf\":{\"@id\":\"https:\\\/\\\/res-q-jack.com\\\/#website\"},\"primaryImageOfPage\":{\"@id\":\"https:\\\/\\\/res-q-jack.com\\\/struts\\\/#primaryimage\"},\"image\":{\"@id\":\"https:\\\/\\\/res-q-jack.com\\\/struts\\\/#primaryimage\"},\"thumbnailUrl\":\"https:\\\/\\\/res-q-jack.com\\\/wp-content\\\/uploads\\\/2020\\\/02\\\/APEX-X-Strut-Heavy-Duty-Vehicle-Lifting-Strut-1.jpg\",\"datePublished\":\"2019-12-13T17:39:51+00:00\",\"dateModified\":\"2026-05-01T15:59:32+00:00\",\"description\":\"Res-Q-Jack rescue struts include pinned and pin-free options for Fire and Rescue squads. Our rescue struts are designed, built and tested in the USA.\",\"breadcrumb\":{\"@id\":\"https:\\\/\\\/res-q-jack.com\\\/struts\\\/#breadcrumb\"},\"inLanguage\":\"es\",\"potentialAction\":[{\"@type\":\"ReadAction\",\"target\":[\"https:\\\/\\\/res-q-jack.com\\\/struts\\\/\"]}]},{\"@type\":\"ImageObject\",\"inLanguage\":\"es\",\"@id\":\"https:\\\/\\\/res-q-jack.com\\\/struts\\\/#primaryimage\",\"url\":\"https:\\\/\\\/res-q-jack.com\\\/wp-content\\\/uploads\\\/2020\\\/02\\\/APEX-X-Strut-Heavy-Duty-Vehicle-Lifting-Strut-1.jpg\",\"contentUrl\":\"https:\\\/\\\/res-q-jack.com\\\/wp-content\\\/uploads\\\/2020\\\/02\\\/APEX-X-Strut-Heavy-Duty-Vehicle-Lifting-Strut-1.jpg\",\"width\":900,\"height\":600,\"caption\":\"APEX X-Strut Heavy-Duty Vehicle Lifting Strut 1\"},{\"@type\":\"BreadcrumbList\",\"@id\":\"https:\\\/\\\/res-q-jack.com\\\/struts\\\/#breadcrumb\",\"itemListElement\":[{\"@type\":\"ListItem\",\"position\":1,\"name\":\"Home\",\"item\":\"https:\\\/\\\/res-q-jack.com\\\/\"},{\"@type\":\"ListItem\",\"position\":2,\"name\":\"Rescue Struts\"}]},{\"@type\":\"WebSite\",\"@id\":\"https:\\\/\\\/res-q-jack.com\\\/#website\",\"url\":\"https:\\\/\\\/res-q-jack.com\\\/\",\"name\":\"Res-Q-Jack, Inc.\",\"description\":\"Vehicle Stabilization Struts\",\"publisher\":{\"@id\":\"https:\\\/\\\/res-q-jack.com\\\/#organization\"},\"potentialAction\":[{\"@type\":\"SearchAction\",\"target\":{\"@type\":\"EntryPoint\",\"urlTemplate\":\"https:\\\/\\\/res-q-jack.com\\\/?s={search_term_string}\"},\"query-input\":{\"@type\":\"PropertyValueSpecification\",\"valueRequired\":true,\"valueName\":\"search_term_string\"}}],\"inLanguage\":\"es\"},{\"@type\":\"Organization\",\"@id\":\"https:\\\/\\\/res-q-jack.com\\\/#organization\",\"name\":\"Res-Q-Jack, Inc.\",\"url\":\"https:\\\/\\\/res-q-jack.com\\\/\",\"logo\":{\"@type\":\"ImageObject\",\"inLanguage\":\"es\",\"@id\":\"https:\\\/\\\/res-q-jack.com\\\/#\\\/schema\\\/logo\\\/image\\\/\",\"url\":\"https:\\\/\\\/res-q-jack.com\\\/wp-content\\\/uploads\\\/2020\\\/03\\\/Res-Q-Jack-SEO-Logo.png\",\"contentUrl\":\"https:\\\/\\\/res-q-jack.com\\\/wp-content\\\/uploads\\\/2020\\\/03\\\/Res-Q-Jack-SEO-Logo.png\",\"width\":612,\"height\":138,\"caption\":\"Res-Q-Jack, Inc.\"},\"image\":{\"@id\":\"https:\\\/\\\/res-q-jack.com\\\/#\\\/schema\\\/logo\\\/image\\\/\"}}]}<\/script>\n<!-- \/ Yoast SEO plugin. -->","yoast_head_json":{"title":"Puntales de rescate | Res-Q-Jack, Inc.","description":"Los puntales de rescate Res-Q-Jack incluyen opciones con y sin pasador para los escuadrones de Bomberos y Rescate. Nuestros puntales de rescate est\u00e1n dise\u00f1ados, construidos y probados en los Estados Unidos.","robots":{"index":"index","follow":"follow","max-snippet":"max-snippet:-1","max-image-preview":"max-image-preview:large","max-video-preview":"max-video-preview:-1"},"canonical":"https:\/\/res-q-jack.com\/es_es\/puntales\/","og_locale":"es_ES","og_type":"article","og_title":"Rescue Struts | Res-Q-Jack, Inc.","og_description":"Res-Q-Jack rescue struts include pinned and pin-free options for Fire and Rescue squads. Our rescue struts are designed, built and tested in the USA.","og_url":"https:\/\/res-q-jack.com\/es_es\/puntales\/","og_site_name":"Res-Q-Jack, Inc.","article_modified_time":"2026-05-01T15:59:32+00:00","og_image":[{"width":900,"height":600,"url":"https:\/\/res-q-jack.com\/wp-content\/uploads\/2020\/02\/APEX-X-Strut-Heavy-Duty-Vehicle-Lifting-Strut-1.jpg","type":"image\/jpeg"}],"twitter_card":"summary_large_image","twitter_misc":{"Tiempo de lectura":"4 minutos"},"schema":{"@context":"https:\/\/schema.org","@graph":[{"@type":"WebPage","@id":"https:\/\/res-q-jack.com\/struts\/","url":"https:\/\/res-q-jack.com\/struts\/","name":"Puntales de rescate | Res-Q-Jack, Inc.","isPartOf":{"@id":"https:\/\/res-q-jack.com\/#website"},"primaryImageOfPage":{"@id":"https:\/\/res-q-jack.com\/struts\/#primaryimage"},"image":{"@id":"https:\/\/res-q-jack.com\/struts\/#primaryimage"},"thumbnailUrl":"https:\/\/res-q-jack.com\/wp-content\/uploads\/2020\/02\/APEX-X-Strut-Heavy-Duty-Vehicle-Lifting-Strut-1.jpg","datePublished":"2019-12-13T17:39:51+00:00","dateModified":"2026-05-01T15:59:32+00:00","description":"Los puntales de rescate Res-Q-Jack incluyen opciones con y sin pasador para los escuadrones de Bomberos y Rescate. Nuestros puntales de rescate est\u00e1n dise\u00f1ados, construidos y probados en los Estados Unidos.","breadcrumb":{"@id":"https:\/\/res-q-jack.com\/struts\/#breadcrumb"},"inLanguage":"es","potentialAction":[{"@type":"ReadAction","target":["https:\/\/res-q-jack.com\/struts\/"]}]},{"@type":"ImageObject","inLanguage":"es","@id":"https:\/\/res-q-jack.com\/struts\/#primaryimage","url":"https:\/\/res-q-jack.com\/wp-content\/uploads\/2020\/02\/APEX-X-Strut-Heavy-Duty-Vehicle-Lifting-Strut-1.jpg","contentUrl":"https:\/\/res-q-jack.com\/wp-content\/uploads\/2020\/02\/APEX-X-Strut-Heavy-Duty-Vehicle-Lifting-Strut-1.jpg","width":900,"height":600,"caption":"APEX X-Strut Heavy-Duty Vehicle Lifting Strut 1"},{"@type":"BreadcrumbList","@id":"https:\/\/res-q-jack.com\/struts\/#breadcrumb","itemListElement":[{"@type":"ListItem","position":1,"name":"Home","item":"https:\/\/res-q-jack.com\/"},{"@type":"ListItem","position":2,"name":"Rescue Struts"}]},{"@type":"WebSite","@id":"https:\/\/res-q-jack.com\/#website","url":"https:\/\/res-q-jack.com\/","name":"Res-Q-Jack, Inc.","description":"Puntales de estabilizaci\u00f3n del veh\u00edculo","publisher":{"@id":"https:\/\/res-q-jack.com\/#organization"},"potentialAction":[{"@type":"SearchAction","target":{"@type":"EntryPoint","urlTemplate":"https:\/\/res-q-jack.com\/?s={search_term_string}"},"query-input":{"@type":"PropertyValueSpecification","valueRequired":true,"valueName":"search_term_string"}}],"inLanguage":"es"},{"@type":"Organization","@id":"https:\/\/res-q-jack.com\/#organization","name":"Res-Q-Jack, Inc.","url":"https:\/\/res-q-jack.com\/","logo":{"@type":"ImageObject","inLanguage":"es","@id":"https:\/\/res-q-jack.com\/#\/schema\/logo\/image\/","url":"https:\/\/res-q-jack.com\/wp-content\/uploads\/2020\/03\/Res-Q-Jack-SEO-Logo.png","contentUrl":"https:\/\/res-q-jack.com\/wp-content\/uploads\/2020\/03\/Res-Q-Jack-SEO-Logo.png","width":612,"height":138,"caption":"Res-Q-Jack, Inc."},"image":{"@id":"https:\/\/res-q-jack.com\/#\/schema\/logo\/image\/"}}]}},"_links":{"self":[{"href":"https:\/\/res-q-jack.com\/es_es\/wp-json\/wp\/v2\/pages\/42","targetHints":{"allow":["GET"]}}],"collection":[{"href":"https:\/\/res-q-jack.com\/es_es\/wp-json\/wp\/v2\/pages"}],"about":[{"href":"https:\/\/res-q-jack.com\/es_es\/wp-json\/wp\/v2\/types\/page"}],"author":[{"embeddable":true,"href":"https:\/\/res-q-jack.com\/es_es\/wp-json\/wp\/v2\/users\/2"}],"replies":[{"embeddable":true,"href":"https:\/\/res-q-jack.com\/es_es\/wp-json\/wp\/v2\/comments?post=42"}],"version-history":[{"count":6,"href":"https:\/\/res-q-jack.com\/es_es\/wp-json\/wp\/v2\/pages\/42\/revisions"}],"predecessor-version":[{"id":2484,"href":"https:\/\/res-q-jack.com\/es_es\/wp-json\/wp\/v2\/pages\/42\/revisions\/2484"}],"wp:featuredmedia":[{"embeddable":true,"href":"https:\/\/res-q-jack.com\/es_es\/wp-json\/wp\/v2\/media\/745"}],"wp:attachment":[{"href":"https:\/\/res-q-jack.com\/es_es\/wp-json\/wp\/v2\/media?parent=42"}],"curies":[{"name":"wp","href":"https:\/\/api.w.org\/{rel}","templated":true}]}}