{"id":3,"date":"2019-12-13T14:37:13","date_gmt":"2019-12-13T14:37:13","guid":{"rendered":"https:\/\/resqjack.wpengine.com\/?page_id=3"},"modified":"2020-02-19T17:27:48","modified_gmt":"2020-02-19T22:27:48","slug":"politica-de-privacidad","status":"publish","type":"page","link":"https:\/\/res-q-jack.com\/es_es\/privacy-policy\/","title":{"rendered":"Pol\u00edtica de privacidad"},"content":{"rendered":"<p><strong>POL\u00cdTICA DE PRIVACIDAD DE RES-Q-JACK.COM<\/strong><\/p>\n<strong>INTRODUCCI\u00d3N<\/strong><br \/>\nNos tomamos muy en serio su derecho a la privacidad y queremos que se sienta c\u00f3modo utilizando nuestro sitio web. Esta pol\u00edtica de privacidad se refiere a la informaci\u00f3n personal identificable (denominada \"Datos\" a continuaci\u00f3n) que podemos recoger en nuestro sitio. Esta pol\u00edtica no se aplica a otras entidades de las que no somos propietarios ni controlamos, ni a personas que no sean nuestros empleados, agentes o est\u00e9n bajo nuestro control.\n<strong>1. RECOGIDA DE DATOS<\/strong><br \/>\nNuestro proceso de registro s\u00f3lo requiere una direcci\u00f3n de correo electr\u00f3nico v\u00e1lida y una identificaci\u00f3n de usuario y contrase\u00f1a \u00fanicas. El suministro de otra informaci\u00f3n queda a su discreci\u00f3n. Tenga en cuenta que su nombre de usuario, direcci\u00f3n de correo electr\u00f3nico u otros env\u00edos que haga en este sitio pueden contener su nombre real u otra informaci\u00f3n personal identificable y, como resultado, pueden aparecer en este sitio. Al igual que muchos sitios web, tambi\u00e9n podemos recibir autom\u00e1ticamente informaci\u00f3n general contenida en los archivos de registro de nuestro servidor, como su direcci\u00f3n IP y la informaci\u00f3n de las cookies. La informaci\u00f3n sobre c\u00f3mo se puede servir la publicidad en este sitio (si es que se sirve) se expone a continuaci\u00f3n.\n<strong>2. UTILIZACI\u00d3N DE LOS DATOS<\/strong><br \/>\nPodemos utilizar los datos para personalizar y mejorar su experiencia de usuario en este sitio. Nos esforzaremos para que sus Datos no sean proporcionados a terceros a menos que (i) se disponga lo contrario en esta Pol\u00edtica de Privacidad; (ii) obtengamos su consentimiento, como cuando usted opta por aceptar o rechazar el intercambio de Datos; (iii) un servicio proporcionado en nuestro sitio requiera la interacci\u00f3n con un tercero o sea proporcionado por \u00e9ste, a modo de ejemplo un Proveedor de Servicios de Aplicaciones; (iv) en virtud de un proceso legal o de la aplicaci\u00f3n de la ley; (v) si descubrimos que el uso que usted hace de este sitio infringe nuestra Pol\u00edtica, las Condiciones de servicio, otras directrices de uso o si lo consideramos razonablemente necesario para proteger nuestros derechos legales y\/o nuestra propiedad; (vi) o (vi) si este sitio es adquirido por un tercero, por lo que \u00e9ste podr\u00e1 utilizar los Datos de la misma manera que nosotros, tal y como se establece en esta Pol\u00edtica. En caso de que decida utilizar los enlaces que aparecen en nuestro sitio para visitar otros sitios web, se le aconseja que lea las pol\u00edticas de privacidad que aparecen en esos sitios.\n<strong>3. COOKIES<\/strong><br \/>\nAl igual que muchos sitios web, establecemos y utilizamos cookies para mejorar su experiencia de usuario, por ejemplo, para conservar sus ajustes personales. La publicidad puede aparecer en nuestro sitio web y, en ese caso, puede establecer y acceder a las cookies en su ordenador y est\u00e1 sujeta a la pol\u00edtica de privacidad de las partes que proporcionan la publicidad. Sin embargo, las empresas que sirven la publicidad no tienen acceso a nuestras cookies. Estas empresas suelen utilizar c\u00f3digos no identificables personalmente o an\u00f3nimos para obtener informaci\u00f3n sobre sus visitas a nuestro sitio.\n<strong>4. NI\u00d1OS<\/strong><br \/>\nNo permitimos que las personas de diecisiete a\u00f1os o menos se hagan miembros de este sitio. Para m\u00e1s informaci\u00f3n, p\u00f3ngase en contacto con nuestro webmaster.\n<strong>5. EDITAR O ELIMINAR LA INFORMACI\u00d3N DE SU CUENTA<\/strong><br \/>\nLe proporcionamos la posibilidad de editar la informaci\u00f3n de su cuenta de usuario que nos proporcion\u00f3 en el registro mediante el \u00e1rea de configuraci\u00f3n de su p\u00e1gina personal. Puede solicitar la eliminaci\u00f3n de su cuenta de usuario poni\u00e9ndose en contacto con nuestro webmaster. El contenido u otros datos que nos haya proporcionado y que no est\u00e9n incluidos en su cuenta de usuario, como los mensajes que puedan aparecer en nuestros foros, pueden continuar en nuestro sitio a nuestra discreci\u00f3n aunque su cuenta de usuario se haya eliminado.\n<strong>6. CAMBIOS EN ESTA POL\u00cdTICA DE PRIVACIDAD<\/strong><br \/>\nPodemos realizar cambios en esta Pol\u00edtica de vez en cuando. Le notificaremos los cambios sustanciales de esta Pol\u00edtica publicando un anuncio destacado en nuestro sitio y\/o enviando un mensaje a la direcci\u00f3n de correo electr\u00f3nico que nos ha proporcionado y que figura en su configuraci\u00f3n de usuario.\n<strong>7. SIN GARANT\u00cdAS<\/strong><br \/>\nAunque esta Pol\u00edtica de Privacidad establece nuestras normas de mantenimiento de los datos y nos esforzaremos por cumplirlas, no estamos en condiciones de garantizarlas. Puede haber factores que escapen a nuestro control y que den lugar a la divulgaci\u00f3n de los datos. En consecuencia, renunciamos a cualquier garant\u00eda o representaci\u00f3n relacionada con el mantenimiento o la no divulgaci\u00f3n de los Datos.\n<strong>8. INFORMACI\u00d3N DE CONTACTO<\/strong><br \/>\nSi tiene alguna pregunta sobre esta pol\u00edtica o nuestro sitio web, no dude en ponerse en contacto con nosotros.\n<p>&nbsp;<\/p>\n\t<h3>\n\t\t\t\t\u00bfPreguntas?  Ll\u00e1menos al 1-800-466-9626\n\t\t\t<\/h3>","protected":false},"excerpt":{"rendered":"<p>POL\u00cdTICA DE PRIVACIDAD DE RES-Q-JACK.COM INTRODUCCI\u00d3N Nos tomamos muy en serio su derecho a la privacidad y queremos que se sienta c\u00f3modo utilizando nuestro sitio web. Esta pol\u00edtica de privacidad se refiere a la informaci\u00f3n personal identificable (denominada \"Datos\" a continuaci\u00f3n) que podemos recoger en nuestro sitio. Esta pol\u00edtica no se aplica a otras entidades que nosotros...<\/p>","protected":false},"author":1,"featured_media":0,"parent":0,"menu_order":0,"comment_status":"closed","ping_status":"open","template":"","meta":{"footnotes":""},"class_list":["post-3","page","type-page","status-publish","hentry"],"yoast_head":"<!-- This site is optimized with the Yoast SEO plugin v27.2 - https:\/\/yoast.com\/product\/yoast-seo-wordpress\/ -->\n<title>Privacy Policy | Res-Q-Jack, Inc.<\/title>\n<meta name=\"robots\" content=\"index, follow, max-snippet:-1, max-image-preview:large, max-video-preview:-1\" \/>\n<link rel=\"canonical\" href=\"https:\/\/res-q-jack.com\/es_es\/politica-de-privacidad\/\" \/>\n<meta property=\"og:locale\" content=\"es_ES\" \/>\n<meta property=\"og:type\" content=\"article\" \/>\n<meta property=\"og:title\" content=\"Privacy Policy | Res-Q-Jack, Inc.\" \/>\n<meta property=\"og:description\" content=\"PRIVACY POLICY FOR RES-Q-JACK.COM INTRODUCTION We take your right to privacy seriously and want you to feel comfortable using our web site. This Privacy Policy deals with personally identifiable information (referred to as &#8220;Data&#8221; below) that may be collected by us on our site. This Policy does not apply to other entities that we do&hellip;\" \/>\n<meta property=\"og:url\" content=\"https:\/\/res-q-jack.com\/es_es\/politica-de-privacidad\/\" \/>\n<meta property=\"og:site_name\" content=\"Res-Q-Jack, Inc.\" \/>\n<meta property=\"article:modified_time\" content=\"2020-02-19T22:27:48+00:00\" \/>\n<meta name=\"twitter:card\" content=\"summary_large_image\" \/>\n<meta name=\"twitter:label1\" content=\"Tiempo de lectura\" \/>\n\t<meta name=\"twitter:data1\" content=\"4 minutos\" \/>\n<script type=\"application\/ld+json\" class=\"yoast-schema-graph\">{\"@context\":\"https:\/\/schema.org\",\"@graph\":[{\"@type\":\"WebPage\",\"@id\":\"https:\/\/res-q-jack.com\/privacy-policy\/\",\"url\":\"https:\/\/res-q-jack.com\/privacy-policy\/\",\"name\":\"Privacy Policy | Res-Q-Jack, Inc.\",\"isPartOf\":{\"@id\":\"https:\/\/res-q-jack.com\/#website\"},\"datePublished\":\"2019-12-13T14:37:13+00:00\",\"dateModified\":\"2020-02-19T22:27:48+00:00\",\"breadcrumb\":{\"@id\":\"https:\/\/res-q-jack.com\/privacy-policy\/#breadcrumb\"},\"inLanguage\":\"es\",\"potentialAction\":[{\"@type\":\"ReadAction\",\"target\":[\"https:\/\/res-q-jack.com\/privacy-policy\/\"]}]},{\"@type\":\"BreadcrumbList\",\"@id\":\"https:\/\/res-q-jack.com\/privacy-policy\/#breadcrumb\",\"itemListElement\":[{\"@type\":\"ListItem\",\"position\":1,\"name\":\"Home\",\"item\":\"https:\/\/res-q-jack.com\/\"},{\"@type\":\"ListItem\",\"position\":2,\"name\":\"Privacy Policy\"}]},{\"@type\":\"WebSite\",\"@id\":\"https:\/\/res-q-jack.com\/#website\",\"url\":\"https:\/\/res-q-jack.com\/\",\"name\":\"Res-Q-Jack, Inc.\",\"description\":\"Vehicle Stabilization Struts\",\"publisher\":{\"@id\":\"https:\/\/res-q-jack.com\/#organization\"},\"potentialAction\":[{\"@type\":\"SearchAction\",\"target\":{\"@type\":\"EntryPoint\",\"urlTemplate\":\"https:\/\/res-q-jack.com\/?s={search_term_string}\"},\"query-input\":{\"@type\":\"PropertyValueSpecification\",\"valueRequired\":true,\"valueName\":\"search_term_string\"}}],\"inLanguage\":\"es\"},{\"@type\":\"Organization\",\"@id\":\"https:\/\/res-q-jack.com\/#organization\",\"name\":\"Res-Q-Jack, Inc.\",\"url\":\"https:\/\/res-q-jack.com\/\",\"logo\":{\"@type\":\"ImageObject\",\"inLanguage\":\"es\",\"@id\":\"https:\/\/res-q-jack.com\/#\/schema\/logo\/image\/\",\"url\":\"https:\/\/res-q-jack.com\/wp-content\/uploads\/2020\/03\/Res-Q-Jack-SEO-Logo.png\",\"contentUrl\":\"https:\/\/res-q-jack.com\/wp-content\/uploads\/2020\/03\/Res-Q-Jack-SEO-Logo.png\",\"width\":612,\"height\":138,\"caption\":\"Res-Q-Jack, Inc.\"},\"image\":{\"@id\":\"https:\/\/res-q-jack.com\/#\/schema\/logo\/image\/\"}}]}<\/script>\n<!-- \/ Yoast SEO plugin. -->","yoast_head_json":{"title":"Pol\u00edtica de privacidad | Res-Q-Jack, Inc.","robots":{"index":"index","follow":"follow","max-snippet":"max-snippet:-1","max-image-preview":"max-image-preview:large","max-video-preview":"max-video-preview:-1"},"canonical":"https:\/\/res-q-jack.com\/es_es\/politica-de-privacidad\/","og_locale":"es_ES","og_type":"article","og_title":"Privacy Policy | Res-Q-Jack, Inc.","og_description":"PRIVACY POLICY FOR RES-Q-JACK.COM INTRODUCTION We take your right to privacy seriously and want you to feel comfortable using our web site. This Privacy Policy deals with personally identifiable information (referred to as &#8220;Data&#8221; below) that may be collected by us on our site. This Policy does not apply to other entities that we do&hellip;","og_url":"https:\/\/res-q-jack.com\/es_es\/politica-de-privacidad\/","og_site_name":"Res-Q-Jack, Inc.","article_modified_time":"2020-02-19T22:27:48+00:00","twitter_card":"summary_large_image","twitter_misc":{"Tiempo de lectura":"4 minutos"},"schema":{"@context":"https:\/\/schema.org","@graph":[{"@type":"WebPage","@id":"https:\/\/res-q-jack.com\/privacy-policy\/","url":"https:\/\/res-q-jack.com\/privacy-policy\/","name":"Pol\u00edtica de privacidad | Res-Q-Jack, Inc.","isPartOf":{"@id":"https:\/\/res-q-jack.com\/#website"},"datePublished":"2019-12-13T14:37:13+00:00","dateModified":"2020-02-19T22:27:48+00:00","breadcrumb":{"@id":"https:\/\/res-q-jack.com\/privacy-policy\/#breadcrumb"},"inLanguage":"es","potentialAction":[{"@type":"ReadAction","target":["https:\/\/res-q-jack.com\/privacy-policy\/"]}]},{"@type":"BreadcrumbList","@id":"https:\/\/res-q-jack.com\/privacy-policy\/#breadcrumb","itemListElement":[{"@type":"ListItem","position":1,"name":"Home","item":"https:\/\/res-q-jack.com\/"},{"@type":"ListItem","position":2,"name":"Privacy Policy"}]},{"@type":"WebSite","@id":"https:\/\/res-q-jack.com\/#website","url":"https:\/\/res-q-jack.com\/","name":"Res-Q-Jack, Inc.","description":"Puntales de estabilizaci\u00f3n del veh\u00edculo","publisher":{"@id":"https:\/\/res-q-jack.com\/#organization"},"potentialAction":[{"@type":"SearchAction","target":{"@type":"EntryPoint","urlTemplate":"https:\/\/res-q-jack.com\/?s={search_term_string}"},"query-input":{"@type":"PropertyValueSpecification","valueRequired":true,"valueName":"search_term_string"}}],"inLanguage":"es"},{"@type":"Organization","@id":"https:\/\/res-q-jack.com\/#organization","name":"Res-Q-Jack, Inc.","url":"https:\/\/res-q-jack.com\/","logo":{"@type":"ImageObject","inLanguage":"es","@id":"https:\/\/res-q-jack.com\/#\/schema\/logo\/image\/","url":"https:\/\/res-q-jack.com\/wp-content\/uploads\/2020\/03\/Res-Q-Jack-SEO-Logo.png","contentUrl":"https:\/\/res-q-jack.com\/wp-content\/uploads\/2020\/03\/Res-Q-Jack-SEO-Logo.png","width":612,"height":138,"caption":"Res-Q-Jack, Inc."},"image":{"@id":"https:\/\/res-q-jack.com\/#\/schema\/logo\/image\/"}}]}},"_links":{"self":[{"href":"https:\/\/res-q-jack.com\/es_es\/wp-json\/wp\/v2\/pages\/3","targetHints":{"allow":["GET"]}}],"collection":[{"href":"https:\/\/res-q-jack.com\/es_es\/wp-json\/wp\/v2\/pages"}],"about":[{"href":"https:\/\/res-q-jack.com\/es_es\/wp-json\/wp\/v2\/types\/page"}],"author":[{"embeddable":true,"href":"https:\/\/res-q-jack.com\/es_es\/wp-json\/wp\/v2\/users\/1"}],"replies":[{"embeddable":true,"href":"https:\/\/res-q-jack.com\/es_es\/wp-json\/wp\/v2\/comments?post=3"}],"version-history":[{"count":0,"href":"https:\/\/res-q-jack.com\/es_es\/wp-json\/wp\/v2\/pages\/3\/revisions"}],"wp:attachment":[{"href":"https:\/\/res-q-jack.com\/es_es\/wp-json\/wp\/v2\/media?parent=3"}],"curies":[{"name":"wp","href":"https:\/\/api.w.org\/{rel}","templated":true}]}}