{"id":184,"date":"2019-12-18T16:16:33","date_gmt":"2019-12-18T21:16:33","guid":{"rendered":"https:\/\/resqjack.wpengine.com\/?page_id=184"},"modified":"2024-10-29T10:50:30","modified_gmt":"2024-10-29T15:50:30","slug":"zanja-escombro-puntales","status":"publish","type":"page","link":"https:\/\/res-q-jack.com\/es_es\/struts\/trench-shoring-struts\/","title":{"rendered":"Puntales de entibaci\u00f3n de zanjas"},"content":{"rendered":"<img decoding=\"async\" data-src=\"https:\/\/res-q-jack.com\/wp-content\/uploads\/2020\/01\/Trench-Shoring-Rescue-Jacks.png\" alt=\"Gatos de rescate para entibaci\u00f3n de zanjas de la serie SPX\" title=\"Gatos de rescate para entibaci\u00f3n de zanjas\" itemprop=\"image\" src=\"data:image\/svg+xml;base64,PHN2ZyB3aWR0aD0iMSIgaGVpZ2h0PSIxIiB4bWxucz0iaHR0cDovL3d3dy53My5vcmcvMjAwMC9zdmciPjwvc3ZnPg==\" class=\"lazyload\" style=\"--smush-placeholder-width: 400px; --smush-placeholder-aspect-ratio: 400\/81;\" \/>\n\t\t<h1>Puntales de entibaci\u00f3n de zanjas<\/h1>\t\t\t\n\t\t\t\t<p>Nuestros puntales de entibaci\u00f3n de zanjas tienen cargas de trabajo nominales de 10.400 - 38.400 lbs. y longitudes de vano de 26\u2033 a 112\u2033.<\/p>\n\t\t\t\t<img decoding=\"async\" data-src=\"https:\/\/res-q-jack.com\/wp-content\/uploads\/2020\/01\/Trench-Shoring-Struts.jpg\" alt=\"Puntales de entibaci\u00f3n de zanjas\" title=\"Puntales de entibaci\u00f3n de zanjas\" itemprop=\"image\" src=\"data:image\/svg+xml;base64,PHN2ZyB3aWR0aD0iMSIgaGVpZ2h0PSIxIiB4bWxucz0iaHR0cDovL3d3dy53My5vcmcvMjAwMC9zdmciPjwvc3ZnPg==\" class=\"lazyload\" style=\"--smush-placeholder-width: 220px; --smush-placeholder-aspect-ratio: 220\/408;\" \/>\n\t\t\t<h2>Puntales neum\u00e1ticos para entibaci\u00f3n de zanjas<\/h2>\t\t\t\n\t\t\t\t<p>El nuevo sistema de entibaci\u00f3n de zanjas Super X destaca en cualquier escenario de rescate de zanjas.  Fabricado en aluminio de alta calidad y con la misma funcionalidad que nuestra l\u00ednea de puntales Super X, el sistema de apuntalamiento de zanjas satisfar\u00e1 todas sus necesidades.  Estos puntales est\u00e1n disponibles en tres tama\u00f1os para adaptarse a una variedad de situaciones, y cada uno es compatible con nuestros componentes Super X-Strut, as\u00ed como los componentes de la competencia.<\/p>\n\t<ul>\n\t\t<li>\t\t\t\t\n\t\t<h4>Descargas<\/h4><\/li>\t<\/ul>\n\t<ul>\n\t\t<li><a href=\"https:\/\/res-q-jack.com\/wp-content\/uploads\/documents\/RQJ-Tech-Data-Sheet-SPX-Trench-Shore.pdf\" target=\"_blank\" rel=\"noopener\" aria-label=\"Go to https:\/\/res-q-jack.com\/wp-content\/uploads\/documents\/RQJ-Tech-Data-Sheet-SPX-Trench-Shore.pdf\">\t\t\t\t\n\t\tFicha t\u00e9cnica (801KB)<\/a><\/li><li><a href=\"https:\/\/res-q-jack.com\/es_es\/solicitud-de-presupuesto-2\/\" target=\"_blank\" rel=\"noopener\" aria-label=\"Go to https:\/\/res-q-jack.com\/request-a-catalog\/\">\t\t\t\t\n\t\tCat\u00e1logo de productos (8MB)<\/a><\/li>\t<\/ul>\n\t<ul>\n\t\t<li>\t\t\t\t\n\t\t<h4>Especificaciones<\/h4><\/li>\t<\/ul>\n\t<p>WLL a diferentes longitudes*<\/p>\n\t<ul>\n\t\t<li>\t\t\t\t\n\t\t26\u2033 Longitud: 38.400 lbs<\/li><li>\t\t\t\t\n\t\t50\u2033 de longitud: 30.600 libras<\/li><li>\t\t\t\t\n\t\t74\u2033 Longitud: 25.150 libras<\/li><li>\t\t\t\t\n\t\t94\u2033 Longitud: 14.180 lbs<\/li><li>\t\t\t\t\n\t\t112\u2033 Longitud: 10.400 libras<\/li>\t<\/ul>\n\t<p>(factor de seguridad 2:1 en puntales y accesorios)<\/p>\n<p>* L\u00edmites de carga de trabajo calculados con accesorios finales de placa giratoria para zanjas.<\/p>\n\t\t\t<a href=\"https:\/\/res-q-jack.com\/es_es\/solicitud-de-presupuesto\/\" target=\"_self\" rel=\"noopener\">\n\t\t\t\t\t\t\t\tSolicitar un presupuesto\n\t\t\t\t\t\t\t<\/a>\n\t\t\t<a href=\"https:\/\/res-q-jack.com\/es_es\/demostracion-gratuita\/\" target=\"_self\" rel=\"noopener\">\n\t\t\t\t\t\t\t\tPrograme una demostraci\u00f3n\n\t\t\t\t\t\t\t<\/a>\n\t<h4>\n\t\t\t\t\u00bfPreguntas?  Ll\u00e1menos al 1-800-466-9626\n\t\t\t<\/h4>\n\t<h3>\n\t\t\t\tTres tama\u00f1os a elegir\n\t\t\t<\/h3>\n\t\t\t<p>Disponible en tres longitudes para asegurar que tiene la longitud correcta para el trabajo.  Cada puntal de zanja tambi\u00e9n acepta cualquiera de nuestras extensiones SPX, d\u00e1ndole hasta 4 pies extra de longitud (M\u00c1X: 2 extensiones por puntal). *Todas las longitudes incluyen DOS accesorios finales de placa giratoria (incluidos con cada puntal).<\/p>\t\n\t\t\t\t<img decoding=\"async\" data-src=\"https:\/\/res-q-jack.com\/wp-content\/uploads\/2020\/01\/Trench-Shoring-Strut-Size-Comparison.png\" alt=\"Comparaci\u00f3n de tama\u00f1os de puntales de entibaci\u00f3n de zanjas\" title=\"Comparaci\u00f3n de tama\u00f1os de puntales de entibaci\u00f3n de zanjas\" itemprop=\"image\" src=\"data:image\/svg+xml;base64,PHN2ZyB3aWR0aD0iMSIgaGVpZ2h0PSIxIiB4bWxucz0iaHR0cDovL3d3dy53My5vcmcvMjAwMC9zdmciPjwvc3ZnPg==\" class=\"lazyload\" style=\"--smush-placeholder-width: 959px; --smush-placeholder-aspect-ratio: 959\/238;\" \/>\n\t<h5>\n\t\t\t\tBeneficios de un puntal de apuntalamiento para zanjas de la marca Res-Q-Jack\n\t\t\t<\/h5>\n\t\t\t\t<img decoding=\"async\" data-src=\"https:\/\/res-q-jack.com\/wp-content\/uploads\/2020\/05\/Trench-Shoring-Strut-Features.jpg\" alt=\"Caracter\u00edsticas del puntal de entibaci\u00f3n\" title=\"Caracter\u00edsticas del puntal de entibaci\u00f3n\" itemprop=\"image\" src=\"data:image\/svg+xml;base64,PHN2ZyB3aWR0aD0iMSIgaGVpZ2h0PSIxIiB4bWxucz0iaHR0cDovL3d3dy53My5vcmcvMjAwMC9zdmciPjwvc3ZnPg==\" class=\"lazyload\" style=\"--smush-placeholder-width: 374px; --smush-placeholder-aspect-ratio: 374\/681;\" \/>\n\t\t\t<h3>1. Tubo interior hueco<\/h3>\t\t\t\n\t\t\t\t<p>El Super X Trench Shore est\u00e1 dise\u00f1ado para ser r\u00e1pido y f\u00e1cil de desplegar.  Nuestro tubo interior hueco ahorra hasta 5 libras de peso a\u00f1adido frente al tubo s\u00f3lido.<\/p>\n\t\t\t<h3>2. Pasador de bloqueo patentado<\/h3>\t\t\t\n\t\t\t\t<p>Nuestro pasador de bloqueo patentado crea un tope positivo, eliminando el riesgo de sobreextensi\u00f3n y evitando que la c\u00e1mara se caiga.<\/p>\n\t\t\t<h3>3. Activaci\u00f3n neum\u00e1tica<\/h3>\t\t\t\n\t\t\t\t<p>Nuestros puntales para zanjas est\u00e1n probados hidrost\u00e1ticamente hasta 800 PSI para su uso con sistemas de aire comprimido.<\/p>\n\t\t\t<h3>4. Accesorios finales ambidiestros<\/h3>\t\t\t\n\t\t\t\t<p>Utiliza las extensiones en cualquiera de los extremos para obtener hasta 4 pies adicionales de longitud (m\u00e1ximo: 2 extensiones).<\/p>","protected":false},"excerpt":{"rendered":"<p>Puntales de entibaci\u00f3n de zanjas Nuestros puntales de entibaci\u00f3n de zanjas tienen cargas de trabajo nominales de 10.400 - 38.400 lbs. y longitudes de vano de 26\u2033 a 112\u2033. Puntales neum\u00e1ticos para entibaci\u00f3n de zanjas El nuevo sistema de entibaci\u00f3n de zanjas Super X destaca en cualquier escenario de rescate de zanjas.  Fabricado en aluminio de alta calidad y con la misma funcionalidad que nuestra l\u00ednea de puntales Super X,...<\/p>","protected":false},"author":2,"featured_media":0,"parent":42,"menu_order":0,"comment_status":"closed","ping_status":"closed","template":"","meta":{"footnotes":""},"class_list":["post-184","page","type-page","status-publish","hentry"],"yoast_head":"<!-- This site is optimized with the Yoast SEO plugin v27.2 - https:\/\/yoast.com\/product\/yoast-seo-wordpress\/ -->\n<title>Trench Shoring Struts | Res-Q-Jack, Inc.<\/title>\n<meta name=\"description\" content=\"Res-Q-Jack trench shoring struts and lifting jacks have rated working loads from 10,400 - 38,400 lbs. and span lengths from 26&quot; to 112&quot;.\" \/>\n<meta name=\"robots\" content=\"index, follow, max-snippet:-1, max-image-preview:large, max-video-preview:-1\" \/>\n<link rel=\"canonical\" href=\"https:\/\/res-q-jack.com\/es_es\/puntales\/zanja-escombro-puntales\/\" \/>\n<meta property=\"og:locale\" content=\"es_ES\" \/>\n<meta property=\"og:type\" content=\"article\" \/>\n<meta property=\"og:title\" content=\"Trench Shoring Struts | Res-Q-Jack, Inc.\" \/>\n<meta property=\"og:description\" content=\"Res-Q-Jack trench shoring struts and lifting jacks have rated working loads from 10,400 - 38,400 lbs. and span lengths from 26&quot; to 112&quot;.\" \/>\n<meta property=\"og:url\" content=\"https:\/\/res-q-jack.com\/es_es\/puntales\/zanja-escombro-puntales\/\" \/>\n<meta property=\"og:site_name\" content=\"Res-Q-Jack, Inc.\" \/>\n<meta property=\"article:modified_time\" content=\"2024-10-29T15:50:30+00:00\" \/>\n<meta property=\"og:image\" content=\"https:\/\/res-q-jack.com\/wp-content\/uploads\/2020\/01\/Trench-Shoring-Rescue-Jacks.png\" \/>\n<meta name=\"twitter:card\" content=\"summary_large_image\" \/>\n<meta name=\"twitter:label1\" content=\"Tiempo de lectura\" \/>\n\t<meta name=\"twitter:data1\" content=\"1 minuto\" \/>\n<script type=\"application\/ld+json\" class=\"yoast-schema-graph\">{\"@context\":\"https:\/\/schema.org\",\"@graph\":[{\"@type\":\"WebPage\",\"@id\":\"https:\/\/res-q-jack.com\/struts\/trench-shoring-struts\/\",\"url\":\"https:\/\/res-q-jack.com\/struts\/trench-shoring-struts\/\",\"name\":\"Trench Shoring Struts | Res-Q-Jack, Inc.\",\"isPartOf\":{\"@id\":\"https:\/\/res-q-jack.com\/#website\"},\"primaryImageOfPage\":{\"@id\":\"https:\/\/res-q-jack.com\/struts\/trench-shoring-struts\/#primaryimage\"},\"image\":{\"@id\":\"https:\/\/res-q-jack.com\/struts\/trench-shoring-struts\/#primaryimage\"},\"thumbnailUrl\":\"https:\/\/res-q-jack.com\/wp-content\/uploads\/2020\/01\/Trench-Shoring-Rescue-Jacks.png\",\"datePublished\":\"2019-12-18T21:16:33+00:00\",\"dateModified\":\"2024-10-29T15:50:30+00:00\",\"description\":\"Res-Q-Jack trench shoring struts and lifting jacks have rated working loads from 10,400 - 38,400 lbs. and span lengths from 26\\\" to 112\\\".\",\"breadcrumb\":{\"@id\":\"https:\/\/res-q-jack.com\/struts\/trench-shoring-struts\/#breadcrumb\"},\"inLanguage\":\"es\",\"potentialAction\":[{\"@type\":\"ReadAction\",\"target\":[\"https:\/\/res-q-jack.com\/struts\/trench-shoring-struts\/\"]}]},{\"@type\":\"ImageObject\",\"inLanguage\":\"es\",\"@id\":\"https:\/\/res-q-jack.com\/struts\/trench-shoring-struts\/#primaryimage\",\"url\":\"https:\/\/res-q-jack.com\/wp-content\/uploads\/2020\/01\/Trench-Shoring-Rescue-Jacks.png\",\"contentUrl\":\"https:\/\/res-q-jack.com\/wp-content\/uploads\/2020\/01\/Trench-Shoring-Rescue-Jacks.png\"},{\"@type\":\"BreadcrumbList\",\"@id\":\"https:\/\/res-q-jack.com\/struts\/trench-shoring-struts\/#breadcrumb\",\"itemListElement\":[{\"@type\":\"ListItem\",\"position\":1,\"name\":\"Home\",\"item\":\"https:\/\/res-q-jack.com\/\"},{\"@type\":\"ListItem\",\"position\":2,\"name\":\"Rescue Struts\",\"item\":\"https:\/\/res-q-jack.com\/struts\/\"},{\"@type\":\"ListItem\",\"position\":3,\"name\":\"Trench Shoring Struts\"}]},{\"@type\":\"WebSite\",\"@id\":\"https:\/\/res-q-jack.com\/#website\",\"url\":\"https:\/\/res-q-jack.com\/\",\"name\":\"Res-Q-Jack, Inc.\",\"description\":\"Vehicle Stabilization Struts\",\"publisher\":{\"@id\":\"https:\/\/res-q-jack.com\/#organization\"},\"potentialAction\":[{\"@type\":\"SearchAction\",\"target\":{\"@type\":\"EntryPoint\",\"urlTemplate\":\"https:\/\/res-q-jack.com\/?s={search_term_string}\"},\"query-input\":{\"@type\":\"PropertyValueSpecification\",\"valueRequired\":true,\"valueName\":\"search_term_string\"}}],\"inLanguage\":\"es\"},{\"@type\":\"Organization\",\"@id\":\"https:\/\/res-q-jack.com\/#organization\",\"name\":\"Res-Q-Jack, Inc.\",\"url\":\"https:\/\/res-q-jack.com\/\",\"logo\":{\"@type\":\"ImageObject\",\"inLanguage\":\"es\",\"@id\":\"https:\/\/res-q-jack.com\/#\/schema\/logo\/image\/\",\"url\":\"https:\/\/res-q-jack.com\/wp-content\/uploads\/2020\/03\/Res-Q-Jack-SEO-Logo.png\",\"contentUrl\":\"https:\/\/res-q-jack.com\/wp-content\/uploads\/2020\/03\/Res-Q-Jack-SEO-Logo.png\",\"width\":612,\"height\":138,\"caption\":\"Res-Q-Jack, Inc.\"},\"image\":{\"@id\":\"https:\/\/res-q-jack.com\/#\/schema\/logo\/image\/\"}}]}<\/script>\n<!-- \/ Yoast SEO plugin. -->","yoast_head_json":{"title":"Puntales de entibaci\u00f3n de zanjas | Res-Q-Jack, Inc.","description":"Los puntales de entibaci\u00f3n de zanjas y los gatos de elevaci\u00f3n Res-Q-Jack tienen cargas de trabajo nominales de 10.400 a 38.400 libras y longitudes de vano de 26\" a 112\".","robots":{"index":"index","follow":"follow","max-snippet":"max-snippet:-1","max-image-preview":"max-image-preview:large","max-video-preview":"max-video-preview:-1"},"canonical":"https:\/\/res-q-jack.com\/es_es\/puntales\/zanja-escombro-puntales\/","og_locale":"es_ES","og_type":"article","og_title":"Trench Shoring Struts | Res-Q-Jack, Inc.","og_description":"Res-Q-Jack trench shoring struts and lifting jacks have rated working loads from 10,400 - 38,400 lbs. and span lengths from 26\" to 112\".","og_url":"https:\/\/res-q-jack.com\/es_es\/puntales\/zanja-escombro-puntales\/","og_site_name":"Res-Q-Jack, Inc.","article_modified_time":"2024-10-29T15:50:30+00:00","og_image":[{"url":"https:\/\/res-q-jack.com\/wp-content\/uploads\/2020\/01\/Trench-Shoring-Rescue-Jacks.png","type":"","width":"","height":""}],"twitter_card":"summary_large_image","twitter_misc":{"Tiempo de lectura":"1 minuto"},"schema":{"@context":"https:\/\/schema.org","@graph":[{"@type":"WebPage","@id":"https:\/\/res-q-jack.com\/struts\/trench-shoring-struts\/","url":"https:\/\/res-q-jack.com\/struts\/trench-shoring-struts\/","name":"Puntales de entibaci\u00f3n de zanjas | Res-Q-Jack, Inc.","isPartOf":{"@id":"https:\/\/res-q-jack.com\/#website"},"primaryImageOfPage":{"@id":"https:\/\/res-q-jack.com\/struts\/trench-shoring-struts\/#primaryimage"},"image":{"@id":"https:\/\/res-q-jack.com\/struts\/trench-shoring-struts\/#primaryimage"},"thumbnailUrl":"https:\/\/res-q-jack.com\/wp-content\/uploads\/2020\/01\/Trench-Shoring-Rescue-Jacks.png","datePublished":"2019-12-18T21:16:33+00:00","dateModified":"2024-10-29T15:50:30+00:00","description":"Los puntales de entibaci\u00f3n de zanjas y los gatos de elevaci\u00f3n Res-Q-Jack tienen cargas de trabajo nominales de 10.400 a 38.400 libras y longitudes de vano de 26\" a 112\".","breadcrumb":{"@id":"https:\/\/res-q-jack.com\/struts\/trench-shoring-struts\/#breadcrumb"},"inLanguage":"es","potentialAction":[{"@type":"ReadAction","target":["https:\/\/res-q-jack.com\/struts\/trench-shoring-struts\/"]}]},{"@type":"ImageObject","inLanguage":"es","@id":"https:\/\/res-q-jack.com\/struts\/trench-shoring-struts\/#primaryimage","url":"https:\/\/res-q-jack.com\/wp-content\/uploads\/2020\/01\/Trench-Shoring-Rescue-Jacks.png","contentUrl":"https:\/\/res-q-jack.com\/wp-content\/uploads\/2020\/01\/Trench-Shoring-Rescue-Jacks.png"},{"@type":"BreadcrumbList","@id":"https:\/\/res-q-jack.com\/struts\/trench-shoring-struts\/#breadcrumb","itemListElement":[{"@type":"ListItem","position":1,"name":"Home","item":"https:\/\/res-q-jack.com\/"},{"@type":"ListItem","position":2,"name":"Rescue Struts","item":"https:\/\/res-q-jack.com\/struts\/"},{"@type":"ListItem","position":3,"name":"Trench Shoring Struts"}]},{"@type":"WebSite","@id":"https:\/\/res-q-jack.com\/#website","url":"https:\/\/res-q-jack.com\/","name":"Res-Q-Jack, Inc.","description":"Puntales de estabilizaci\u00f3n del veh\u00edculo","publisher":{"@id":"https:\/\/res-q-jack.com\/#organization"},"potentialAction":[{"@type":"SearchAction","target":{"@type":"EntryPoint","urlTemplate":"https:\/\/res-q-jack.com\/?s={search_term_string}"},"query-input":{"@type":"PropertyValueSpecification","valueRequired":true,"valueName":"search_term_string"}}],"inLanguage":"es"},{"@type":"Organization","@id":"https:\/\/res-q-jack.com\/#organization","name":"Res-Q-Jack, Inc.","url":"https:\/\/res-q-jack.com\/","logo":{"@type":"ImageObject","inLanguage":"es","@id":"https:\/\/res-q-jack.com\/#\/schema\/logo\/image\/","url":"https:\/\/res-q-jack.com\/wp-content\/uploads\/2020\/03\/Res-Q-Jack-SEO-Logo.png","contentUrl":"https:\/\/res-q-jack.com\/wp-content\/uploads\/2020\/03\/Res-Q-Jack-SEO-Logo.png","width":612,"height":138,"caption":"Res-Q-Jack, Inc."},"image":{"@id":"https:\/\/res-q-jack.com\/#\/schema\/logo\/image\/"}}]}},"_links":{"self":[{"href":"https:\/\/res-q-jack.com\/es_es\/wp-json\/wp\/v2\/pages\/184","targetHints":{"allow":["GET"]}}],"collection":[{"href":"https:\/\/res-q-jack.com\/es_es\/wp-json\/wp\/v2\/pages"}],"about":[{"href":"https:\/\/res-q-jack.com\/es_es\/wp-json\/wp\/v2\/types\/page"}],"author":[{"embeddable":true,"href":"https:\/\/res-q-jack.com\/es_es\/wp-json\/wp\/v2\/users\/2"}],"replies":[{"embeddable":true,"href":"https:\/\/res-q-jack.com\/es_es\/wp-json\/wp\/v2\/comments?post=184"}],"version-history":[{"count":0,"href":"https:\/\/res-q-jack.com\/es_es\/wp-json\/wp\/v2\/pages\/184\/revisions"}],"up":[{"embeddable":true,"href":"https:\/\/res-q-jack.com\/es_es\/wp-json\/wp\/v2\/pages\/42"}],"wp:attachment":[{"href":"https:\/\/res-q-jack.com\/es_es\/wp-json\/wp\/v2\/media?parent=184"}],"curies":[{"name":"wp","href":"https:\/\/api.w.org\/{rel}","templated":true}]}}