{"id":179,"date":"2019-12-18T16:02:56","date_gmt":"2019-12-18T21:02:56","guid":{"rendered":"https:\/\/resqjack.wpengine.com\/?page_id=179"},"modified":"2020-07-02T14:08:18","modified_gmt":"2020-07-02T19:08:18","slug":"puntales-de-estabilizacion-de-vehiculos-ligeros","status":"publish","type":"page","link":"https:\/\/res-q-jack.com\/es_es\/struts\/vehicle-stabilization-struts\/light-duty-vehicle-stabilization-struts\/","title":{"rendered":"Puntales de estabilizaci\u00f3n para veh\u00edculos ligeros"},"content":{"rendered":"<p><img decoding=\"async\" title=\"Puntales de estabilizaci\u00f3n para veh\u00edculos ligeros\" data-src=\"https:\/\/res-q-jack.com\/wp-content\/uploads\/2019\/12\/car-yellow.png\" alt=\"Puntales de estabilizaci\u00f3n para veh\u00edculos ligeros\" src=\"data:image\/svg+xml;base64,PHN2ZyB3aWR0aD0iMSIgaGVpZ2h0PSIxIiB4bWxucz0iaHR0cDovL3d3dy53My5vcmcvMjAwMC9zdmciPjwvc3ZnPg==\" class=\"lazyload\" style=\"--smush-placeholder-width: 115px; --smush-placeholder-aspect-ratio: 115\/115;\" \/><\/p>\r\n<h3>Servicio ligero<\/h3>\r\n<h1>Puntales de estabilizaci\u00f3n del veh\u00edculo<\/h1>\r\n<p>Nuestros puntales tienen cargas de trabajo inferiores a 4.000 libras (2:1) para su uso con coches compactos y veh\u00edculos m\u00e1s ligeros.<\/p>\r\n<p><img decoding=\"async\" title=\"Puntal de estabilizaci\u00f3n de veh\u00edculos ligeros de la serie Auto X-Strut\" data-src=\"https:\/\/res-q-jack.com\/wp-content\/uploads\/2019\/12\/Auto-X-Strut-Series-Light-Duty-Vehicle-Stabilization-Strut-100x300.jpg\" alt=\"Puntal de estabilizaci\u00f3n de veh\u00edculos ligeros de la serie Auto X-Strut\" src=\"data:image\/svg+xml;base64,PHN2ZyB3aWR0aD0iMSIgaGVpZ2h0PSIxIiB4bWxucz0iaHR0cDovL3d3dy53My5vcmcvMjAwMC9zdmciPjwvc3ZnPg==\" class=\"lazyload\" style=\"--smush-placeholder-width: 100px; --smush-placeholder-aspect-ratio: 100\/300;\" \/><\/p>\r\n<h5><img decoding=\"async\" data-src=\"https:\/\/res-q-jack.com\/wp-content\/uploads\/2020\/05\/Pin-Free-Stabilization-Struts-95x18-1.png\" src=\"data:image\/svg+xml;base64,PHN2ZyB3aWR0aD0iMSIgaGVpZ2h0PSIxIiB4bWxucz0iaHR0cDovL3d3dy53My5vcmcvMjAwMC9zdmciPjwvc3ZnPg==\" class=\"lazyload\" style=\"--smush-placeholder-width: 95px; --smush-placeholder-aspect-ratio: 95\/18;\" \/><\/h5>\r\n<h3>Puntal X autom\u00e1tico<sup><\/sup> Serie<\/h3>\r\n<p>El Auto X es nuestro puntal sin pasador para trabajos ligeros que permite estabilizar y elevar r\u00e1pidamente veh\u00edculos peque\u00f1os.<\/p>\r\n<p><strong>L\u00edmite de carga de trabajo: 3.250 libras (factor de seguridad 2:1)<\/strong><\/p>\r\n<p><a role=\"button\" href=\"https:\/\/res-q-jack.com\/es_es\/puntales\/puntales-de-estabilizacion-de-vehiculos\/puntales-de-estabilizacion-de-vehiculos-ligeros\/auto-x-strut\/\" target=\"_self\" rel=\"noopener noreferrer\"> Ver detalles <\/a> <img decoding=\"async\" title=\"Puntal de estabilizaci\u00f3n de veh\u00edculos ligeros de la serie X de GreenLite\" data-src=\"https:\/\/res-q-jack.com\/wp-content\/uploads\/2019\/12\/GreenLite-X-Strut-Series-Light-Duty-Vehicle-Stabilization-Strut-100x300.jpg\" alt=\"Puntal de estabilizaci\u00f3n de veh\u00edculos ligeros de la serie X de GreenLite\" src=\"data:image\/svg+xml;base64,PHN2ZyB3aWR0aD0iMSIgaGVpZ2h0PSIxIiB4bWxucz0iaHR0cDovL3d3dy53My5vcmcvMjAwMC9zdmciPjwvc3ZnPg==\" class=\"lazyload\" style=\"--smush-placeholder-width: 100px; --smush-placeholder-aspect-ratio: 100\/300;\" \/><\/p>\r\n<h3>GreenLite\u2122 X-Strut<sup><\/sup> Serie<\/h3>\r\n<p>La serie GreenLite es nuestra l\u00ednea X-Strut m\u00e1s asequible, dise\u00f1ada para una r\u00e1pida estabilizaci\u00f3n con la capacidad de elevarse cuando sea necesario.<\/p>\r\n<p><strong>L\u00edmite de carga de trabajo: 2.500 libras (factor de seguridad 2:1)<\/strong><\/p>\r\n<p><a role=\"button\" href=\"https:\/\/res-q-jack.com\/es_es\/puntales\/puntales-de-estabilizacion-de-vehiculos\/puntales-de-estabilizacion-de-vehiculos-ligeros\/greenlite-x-strut\/\" target=\"_self\" rel=\"noopener noreferrer\"> Ver detalles <\/a><\/p>\r\n<h4>\u00bfPreguntas? Ll\u00e1menos al 1-800-466-9626<\/h4>","protected":false},"excerpt":{"rendered":"<p>Puntales de estabilizaci\u00f3n de veh\u00edculos ligeros Nuestros puntales tienen cargas de trabajo inferiores a 4.000 libras (2:1) para su uso con coches compactos y veh\u00edculos m\u00e1s ligeros. Serie de puntales Auto X Los puntales Auto X son nuestros puntales ligeros sin pasador para la estabilizaci\u00f3n y elevaci\u00f3n r\u00e1pida de veh\u00edculos peque\u00f1os t\u00edpicos. L\u00edmite de carga de trabajo: 3.250 libras (factor de seguridad 2:1) Ver detalles GreenLite\u2122...<\/p>","protected":false},"author":2,"featured_media":0,"parent":187,"menu_order":0,"comment_status":"closed","ping_status":"closed","template":"","meta":{"footnotes":""},"class_list":["post-179","page","type-page","status-publish","hentry"],"yoast_head":"<!-- This site is optimized with the Yoast SEO plugin v27.2 - https:\/\/yoast.com\/product\/yoast-seo-wordpress\/ -->\n<title>Light-Duty Vehicle Stabilization Struts | Res-Q-Jack, Inc.<\/title>\n<meta name=\"description\" content=\"Res-Q-Jack light-duty struts have working loads of under 4,000 lbs. (2:1) for use with compact cars and lighter vehicles.\" \/>\n<meta name=\"robots\" content=\"index, follow, max-snippet:-1, max-image-preview:large, max-video-preview:-1\" \/>\n<link rel=\"canonical\" href=\"https:\/\/res-q-jack.com\/es_es\/puntales\/puntales-de-estabilizacion-de-vehiculos\/puntales-de-estabilizacion-de-vehiculos-ligeros\/\" \/>\n<meta property=\"og:locale\" content=\"es_ES\" \/>\n<meta property=\"og:type\" content=\"article\" \/>\n<meta property=\"og:title\" content=\"Light-Duty Vehicle Stabilization Struts | Res-Q-Jack, Inc.\" \/>\n<meta property=\"og:description\" content=\"Res-Q-Jack light-duty struts have working loads of under 4,000 lbs. (2:1) for use with compact cars and lighter vehicles.\" \/>\n<meta property=\"og:url\" content=\"https:\/\/res-q-jack.com\/es_es\/puntales\/puntales-de-estabilizacion-de-vehiculos\/puntales-de-estabilizacion-de-vehiculos-ligeros\/\" \/>\n<meta property=\"og:site_name\" content=\"Res-Q-Jack, Inc.\" \/>\n<meta property=\"article:modified_time\" content=\"2020-07-02T19:08:18+00:00\" \/>\n<meta property=\"og:image\" content=\"https:\/\/res-q-jack.com\/wp-content\/uploads\/2019\/12\/car-yellow.png\" \/>\n<meta name=\"twitter:card\" content=\"summary_large_image\" \/>\n<script type=\"application\/ld+json\" class=\"yoast-schema-graph\">{\"@context\":\"https:\/\/schema.org\",\"@graph\":[{\"@type\":\"WebPage\",\"@id\":\"https:\/\/res-q-jack.com\/struts\/vehicle-stabilization-struts\/light-duty-vehicle-stabilization-struts\/\",\"url\":\"https:\/\/res-q-jack.com\/struts\/vehicle-stabilization-struts\/light-duty-vehicle-stabilization-struts\/\",\"name\":\"Light-Duty Vehicle Stabilization Struts | Res-Q-Jack, Inc.\",\"isPartOf\":{\"@id\":\"https:\/\/res-q-jack.com\/#website\"},\"primaryImageOfPage\":{\"@id\":\"https:\/\/res-q-jack.com\/struts\/vehicle-stabilization-struts\/light-duty-vehicle-stabilization-struts\/#primaryimage\"},\"image\":{\"@id\":\"https:\/\/res-q-jack.com\/struts\/vehicle-stabilization-struts\/light-duty-vehicle-stabilization-struts\/#primaryimage\"},\"thumbnailUrl\":\"https:\/\/res-q-jack.com\/wp-content\/uploads\/2019\/12\/car-yellow.png\",\"datePublished\":\"2019-12-18T21:02:56+00:00\",\"dateModified\":\"2020-07-02T19:08:18+00:00\",\"description\":\"Res-Q-Jack light-duty struts have working loads of under 4,000 lbs. (2:1) for use with compact cars and lighter vehicles.\",\"breadcrumb\":{\"@id\":\"https:\/\/res-q-jack.com\/struts\/vehicle-stabilization-struts\/light-duty-vehicle-stabilization-struts\/#breadcrumb\"},\"inLanguage\":\"es\",\"potentialAction\":[{\"@type\":\"ReadAction\",\"target\":[\"https:\/\/res-q-jack.com\/struts\/vehicle-stabilization-struts\/light-duty-vehicle-stabilization-struts\/\"]}]},{\"@type\":\"ImageObject\",\"inLanguage\":\"es\",\"@id\":\"https:\/\/res-q-jack.com\/struts\/vehicle-stabilization-struts\/light-duty-vehicle-stabilization-struts\/#primaryimage\",\"url\":\"https:\/\/res-q-jack.com\/wp-content\/uploads\/2019\/12\/car-yellow.png\",\"contentUrl\":\"https:\/\/res-q-jack.com\/wp-content\/uploads\/2019\/12\/car-yellow.png\"},{\"@type\":\"BreadcrumbList\",\"@id\":\"https:\/\/res-q-jack.com\/struts\/vehicle-stabilization-struts\/light-duty-vehicle-stabilization-struts\/#breadcrumb\",\"itemListElement\":[{\"@type\":\"ListItem\",\"position\":1,\"name\":\"Home\",\"item\":\"https:\/\/res-q-jack.com\/\"},{\"@type\":\"ListItem\",\"position\":2,\"name\":\"Rescue Struts\",\"item\":\"https:\/\/res-q-jack.com\/struts\/\"},{\"@type\":\"ListItem\",\"position\":3,\"name\":\"Vehicle Stabilization Struts\",\"item\":\"https:\/\/res-q-jack.com\/struts\/vehicle-stabilization-struts\/\"},{\"@type\":\"ListItem\",\"position\":4,\"name\":\"Light-Duty Vehicle Stabilization Struts\"}]},{\"@type\":\"WebSite\",\"@id\":\"https:\/\/res-q-jack.com\/#website\",\"url\":\"https:\/\/res-q-jack.com\/\",\"name\":\"Res-Q-Jack, Inc.\",\"description\":\"Vehicle Stabilization Struts\",\"publisher\":{\"@id\":\"https:\/\/res-q-jack.com\/#organization\"},\"potentialAction\":[{\"@type\":\"SearchAction\",\"target\":{\"@type\":\"EntryPoint\",\"urlTemplate\":\"https:\/\/res-q-jack.com\/?s={search_term_string}\"},\"query-input\":{\"@type\":\"PropertyValueSpecification\",\"valueRequired\":true,\"valueName\":\"search_term_string\"}}],\"inLanguage\":\"es\"},{\"@type\":\"Organization\",\"@id\":\"https:\/\/res-q-jack.com\/#organization\",\"name\":\"Res-Q-Jack, Inc.\",\"url\":\"https:\/\/res-q-jack.com\/\",\"logo\":{\"@type\":\"ImageObject\",\"inLanguage\":\"es\",\"@id\":\"https:\/\/res-q-jack.com\/#\/schema\/logo\/image\/\",\"url\":\"https:\/\/res-q-jack.com\/wp-content\/uploads\/2020\/03\/Res-Q-Jack-SEO-Logo.png\",\"contentUrl\":\"https:\/\/res-q-jack.com\/wp-content\/uploads\/2020\/03\/Res-Q-Jack-SEO-Logo.png\",\"width\":612,\"height\":138,\"caption\":\"Res-Q-Jack, Inc.\"},\"image\":{\"@id\":\"https:\/\/res-q-jack.com\/#\/schema\/logo\/image\/\"}}]}<\/script>\n<!-- \/ Yoast SEO plugin. -->","yoast_head_json":{"title":"Puntales de estabilizaci\u00f3n para veh\u00edculos ligeros | Res-Q-Jack, Inc.","description":"Los puntales Res-Q-Jack para trabajos ligeros tienen cargas de trabajo inferiores a 4.000 libras (2:1) para su uso con coches compactos y veh\u00edculos m\u00e1s ligeros.","robots":{"index":"index","follow":"follow","max-snippet":"max-snippet:-1","max-image-preview":"max-image-preview:large","max-video-preview":"max-video-preview:-1"},"canonical":"https:\/\/res-q-jack.com\/es_es\/puntales\/puntales-de-estabilizacion-de-vehiculos\/puntales-de-estabilizacion-de-vehiculos-ligeros\/","og_locale":"es_ES","og_type":"article","og_title":"Light-Duty Vehicle Stabilization Struts | Res-Q-Jack, Inc.","og_description":"Res-Q-Jack light-duty struts have working loads of under 4,000 lbs. (2:1) for use with compact cars and lighter vehicles.","og_url":"https:\/\/res-q-jack.com\/es_es\/puntales\/puntales-de-estabilizacion-de-vehiculos\/puntales-de-estabilizacion-de-vehiculos-ligeros\/","og_site_name":"Res-Q-Jack, Inc.","article_modified_time":"2020-07-02T19:08:18+00:00","og_image":[{"url":"https:\/\/res-q-jack.com\/wp-content\/uploads\/2019\/12\/car-yellow.png","type":"","width":"","height":""}],"twitter_card":"summary_large_image","schema":{"@context":"https:\/\/schema.org","@graph":[{"@type":"WebPage","@id":"https:\/\/res-q-jack.com\/struts\/vehicle-stabilization-struts\/light-duty-vehicle-stabilization-struts\/","url":"https:\/\/res-q-jack.com\/struts\/vehicle-stabilization-struts\/light-duty-vehicle-stabilization-struts\/","name":"Puntales de estabilizaci\u00f3n para veh\u00edculos ligeros | Res-Q-Jack, Inc.","isPartOf":{"@id":"https:\/\/res-q-jack.com\/#website"},"primaryImageOfPage":{"@id":"https:\/\/res-q-jack.com\/struts\/vehicle-stabilization-struts\/light-duty-vehicle-stabilization-struts\/#primaryimage"},"image":{"@id":"https:\/\/res-q-jack.com\/struts\/vehicle-stabilization-struts\/light-duty-vehicle-stabilization-struts\/#primaryimage"},"thumbnailUrl":"https:\/\/res-q-jack.com\/wp-content\/uploads\/2019\/12\/car-yellow.png","datePublished":"2019-12-18T21:02:56+00:00","dateModified":"2020-07-02T19:08:18+00:00","description":"Los puntales Res-Q-Jack para trabajos ligeros tienen cargas de trabajo inferiores a 4.000 libras (2:1) para su uso con coches compactos y veh\u00edculos m\u00e1s ligeros.","breadcrumb":{"@id":"https:\/\/res-q-jack.com\/struts\/vehicle-stabilization-struts\/light-duty-vehicle-stabilization-struts\/#breadcrumb"},"inLanguage":"es","potentialAction":[{"@type":"ReadAction","target":["https:\/\/res-q-jack.com\/struts\/vehicle-stabilization-struts\/light-duty-vehicle-stabilization-struts\/"]}]},{"@type":"ImageObject","inLanguage":"es","@id":"https:\/\/res-q-jack.com\/struts\/vehicle-stabilization-struts\/light-duty-vehicle-stabilization-struts\/#primaryimage","url":"https:\/\/res-q-jack.com\/wp-content\/uploads\/2019\/12\/car-yellow.png","contentUrl":"https:\/\/res-q-jack.com\/wp-content\/uploads\/2019\/12\/car-yellow.png"},{"@type":"BreadcrumbList","@id":"https:\/\/res-q-jack.com\/struts\/vehicle-stabilization-struts\/light-duty-vehicle-stabilization-struts\/#breadcrumb","itemListElement":[{"@type":"ListItem","position":1,"name":"Home","item":"https:\/\/res-q-jack.com\/"},{"@type":"ListItem","position":2,"name":"Rescue Struts","item":"https:\/\/res-q-jack.com\/struts\/"},{"@type":"ListItem","position":3,"name":"Vehicle Stabilization Struts","item":"https:\/\/res-q-jack.com\/struts\/vehicle-stabilization-struts\/"},{"@type":"ListItem","position":4,"name":"Light-Duty Vehicle Stabilization Struts"}]},{"@type":"WebSite","@id":"https:\/\/res-q-jack.com\/#website","url":"https:\/\/res-q-jack.com\/","name":"Res-Q-Jack, Inc.","description":"Puntales de estabilizaci\u00f3n del veh\u00edculo","publisher":{"@id":"https:\/\/res-q-jack.com\/#organization"},"potentialAction":[{"@type":"SearchAction","target":{"@type":"EntryPoint","urlTemplate":"https:\/\/res-q-jack.com\/?s={search_term_string}"},"query-input":{"@type":"PropertyValueSpecification","valueRequired":true,"valueName":"search_term_string"}}],"inLanguage":"es"},{"@type":"Organization","@id":"https:\/\/res-q-jack.com\/#organization","name":"Res-Q-Jack, Inc.","url":"https:\/\/res-q-jack.com\/","logo":{"@type":"ImageObject","inLanguage":"es","@id":"https:\/\/res-q-jack.com\/#\/schema\/logo\/image\/","url":"https:\/\/res-q-jack.com\/wp-content\/uploads\/2020\/03\/Res-Q-Jack-SEO-Logo.png","contentUrl":"https:\/\/res-q-jack.com\/wp-content\/uploads\/2020\/03\/Res-Q-Jack-SEO-Logo.png","width":612,"height":138,"caption":"Res-Q-Jack, Inc."},"image":{"@id":"https:\/\/res-q-jack.com\/#\/schema\/logo\/image\/"}}]}},"_links":{"self":[{"href":"https:\/\/res-q-jack.com\/es_es\/wp-json\/wp\/v2\/pages\/179","targetHints":{"allow":["GET"]}}],"collection":[{"href":"https:\/\/res-q-jack.com\/es_es\/wp-json\/wp\/v2\/pages"}],"about":[{"href":"https:\/\/res-q-jack.com\/es_es\/wp-json\/wp\/v2\/types\/page"}],"author":[{"embeddable":true,"href":"https:\/\/res-q-jack.com\/es_es\/wp-json\/wp\/v2\/users\/2"}],"replies":[{"embeddable":true,"href":"https:\/\/res-q-jack.com\/es_es\/wp-json\/wp\/v2\/comments?post=179"}],"version-history":[{"count":0,"href":"https:\/\/res-q-jack.com\/es_es\/wp-json\/wp\/v2\/pages\/179\/revisions"}],"up":[{"embeddable":true,"href":"https:\/\/res-q-jack.com\/es_es\/wp-json\/wp\/v2\/pages\/187"}],"wp:attachment":[{"href":"https:\/\/res-q-jack.com\/es_es\/wp-json\/wp\/v2\/media?parent=179"}],"curies":[{"name":"wp","href":"https:\/\/api.w.org\/{rel}","templated":true}]}}