{"id":12,"date":"2019-12-13T10:36:36","date_gmt":"2019-12-13T15:36:36","guid":{"rendered":"https:\/\/resqjack.wpengine.com\/?page_id=12"},"modified":"2024-11-13T15:51:08","modified_gmt":"2024-11-13T20:51:08","slug":"inicio","status":"publish","type":"page","link":"https:\/\/res-q-jack.com\/es_es\/","title":{"rendered":"Inicio"},"content":{"rendered":"<h2>Responda m\u00e1s r\u00e1pido con la estabilizaci\u00f3n y elevaci\u00f3n sin pasadores<\/h2>\r\n<p>Nuestros puntales de estabilizaci\u00f3n y elevaci\u00f3n de veh\u00edculos sin pasadores son m\u00e1s r\u00e1pidos y f\u00e1ciles de desplegar, ahorrando tiempo cuando m\u00e1s importa.<\/p>\r\n<p><img decoding=\"async\" title=\"Super-X-Strut-Nuestro m\u00e1s resistente puntal de levantamiento de cargas pesadas\" data-src=\"https:\/\/res-q-jack.com\/wp-content\/uploads\/2022\/06\/Super-X-Strut-Our-Strongest-Heavy-Duty-Lifting-Strut.jpeg\" alt=\"Super X-Strut Nuestro puntal de elevaci\u00f3n m\u00e1s resistente\" src=\"data:image\/svg+xml;base64,PHN2ZyB3aWR0aD0iMSIgaGVpZ2h0PSIxIiB4bWxucz0iaHR0cDovL3d3dy53My5vcmcvMjAwMC9zdmciPjwvc3ZnPg==\" class=\"lazyload\" style=\"--smush-placeholder-width: 220px; --smush-placeholder-aspect-ratio: 220\/660;\" \/><\/p>\r\n<h5><img decoding=\"async\" data-src=\"https:\/\/res-q-jack.com\/wp-content\/uploads\/2020\/05\/Pin-Free-Stabilization-Struts-95x18-1.png\" src=\"data:image\/svg+xml;base64,PHN2ZyB3aWR0aD0iMSIgaGVpZ2h0PSIxIiB4bWxucz0iaHR0cDovL3d3dy53My5vcmcvMjAwMC9zdmciPjwvc3ZnPg==\" class=\"lazyload\" style=\"--smush-placeholder-width: 95px; --smush-placeholder-aspect-ratio: 95\/18;\" \/><\/h5>\r\n<h3>Serie Super X-Strut<\/h3>\r\n<p>La Super X es nuestra l\u00ednea de puntales m\u00e1s resistente, dise\u00f1ada para el rescate de veh\u00edculos pesados, el apuntalamiento estructural y el rescate t\u00e9cnico.\u00a0<\/p>\r\n<p><strong>L\u00edmite de carga de trabajo: 19.300 libras (factor de seguridad 2:1)<\/strong><\/p>\r\n<p><a role=\"button\" href=\"https:\/\/res-q-jack.com\/es_es\/puntales\/puntales-de-estabilizacion-de-vehiculos\/puntales-de-estabilizacion-para-vehiculos-pesados\/super-x-strut\/\" target=\"_self\" rel=\"noopener\" aria-label=\"Ver detalles\"> Ver detalles <\/a> <img decoding=\"async\" title=\"Puntal de estabilizaci\u00f3n de veh\u00edculos sin pasadores de la serie X-Struct de Apex\" data-src=\"https:\/\/res-q-jack.com\/wp-content\/uploads\/2020\/04\/Apex-X-Struct-Series-Heavy-Duty-Pin-Free-Vehicle-Stabilization-Strut-100x300.jpg\" alt=\"Puntal de estabilizaci\u00f3n de veh\u00edculos sin pasadores de la serie X-Struct de Apex\" src=\"data:image\/svg+xml;base64,PHN2ZyB3aWR0aD0iMSIgaGVpZ2h0PSIxIiB4bWxucz0iaHR0cDovL3d3dy53My5vcmcvMjAwMC9zdmciPjwvc3ZnPg==\" class=\"lazyload\" style=\"--smush-placeholder-width: 100px; --smush-placeholder-aspect-ratio: 100\/300;\" \/><\/p>\r\n<h5><img decoding=\"async\" data-src=\"https:\/\/res-q-jack.com\/wp-content\/uploads\/2020\/05\/Pin-Free-Stabilization-Struts-95x18-1.png\" src=\"data:image\/svg+xml;base64,PHN2ZyB3aWR0aD0iMSIgaGVpZ2h0PSIxIiB4bWxucz0iaHR0cDovL3d3dy53My5vcmcvMjAwMC9zdmciPjwvc3ZnPg==\" class=\"lazyload\" style=\"--smush-placeholder-width: 95px; --smush-placeholder-aspect-ratio: 95\/18;\" \/><\/h5>\r\n<h3>Serie Apex X-Strut<\/h3>\r\n<p>El Apex es nuestra \u00faltima l\u00ednea de puntales sin pasador para trabajos pesados, dise\u00f1ada para la mayor\u00eda de los escenarios de rescate de veh\u00edculos.\u00a0\u00a0<\/p>\r\n<p><strong>L\u00edmite de carga de trabajo: hasta 12.500 libras (factor de seguridad 2:1)<\/strong><\/p>\r\n<p><a role=\"button\" href=\"https:\/\/res-q-jack.com\/es_es\/puntales\/puntales-de-estabilizacion-de-vehiculos\/puntales-de-estabilizacion-para-vehiculos-pesados\/apex-x-strut\/\" target=\"_self\" rel=\"noopener\" aria-label=\"Ver detalles\"> Ver detalles <\/a> <img decoding=\"async\" title=\"Puntal de estabilizaci\u00f3n de veh\u00edculos ligeros de la serie Auto X-Strut\" data-src=\"https:\/\/res-q-jack.com\/wp-content\/uploads\/2019\/12\/Auto-X-Strut-Series-Light-Duty-Vehicle-Stabilization-Strut-100x300.jpg\" alt=\"Puntal de estabilizaci\u00f3n de veh\u00edculos ligeros de la serie Auto X-Strut\" src=\"data:image\/svg+xml;base64,PHN2ZyB3aWR0aD0iMSIgaGVpZ2h0PSIxIiB4bWxucz0iaHR0cDovL3d3dy53My5vcmcvMjAwMC9zdmciPjwvc3ZnPg==\" class=\"lazyload\" style=\"--smush-placeholder-width: 100px; --smush-placeholder-aspect-ratio: 100\/300;\" \/><\/p>\r\n<h5><img decoding=\"async\" data-src=\"https:\/\/res-q-jack.com\/wp-content\/uploads\/2020\/05\/Pin-Free-Stabilization-Struts-95x18-1.png\" src=\"data:image\/svg+xml;base64,PHN2ZyB3aWR0aD0iMSIgaGVpZ2h0PSIxIiB4bWxucz0iaHR0cDovL3d3dy53My5vcmcvMjAwMC9zdmciPjwvc3ZnPg==\" class=\"lazyload\" style=\"--smush-placeholder-width: 95px; --smush-placeholder-aspect-ratio: 95\/18;\" \/><\/h5>\r\n<h3>Serie Auto X-Strut<\/h3>\r\n<p>El Auto X es nuestro puntal sin pasador para trabajos ligeros que permite estabilizar y elevar r\u00e1pidamente veh\u00edculos peque\u00f1os.<\/p>\r\n<p><strong>L\u00edmite de carga de trabajo: 3.250 libras (factor de seguridad 2:1)<\/strong><\/p>\r\n<p><a role=\"button\" href=\"https:\/\/res-q-jack.com\/es_es\/puntales\/puntales-de-estabilizacion-de-vehiculos\/puntales-de-estabilizacion-de-vehiculos-ligeros\/auto-x-strut\/\" target=\"_self\" rel=\"noopener\" aria-label=\"Ver detalles\"> Ver detalles <\/a><\/p>\r\n<h3>Estabilizaci\u00f3n de veh\u00edculos elevados<\/h3>\r\n<p>En Res-Q-Jack, llevamos la estabilizaci\u00f3n de veh\u00edculos al siguiente nivel al ofrecer los puntales de estabilizaci\u00f3n y elevaci\u00f3n de veh\u00edculos m\u00e1s vers\u00e1tiles del mercado.  Ofrecemos puntales que van desde trabajo liviano hasta trabajo pesado, ambos operados por pasador y sin pasador, cada uno con un factor de seguridad de 2:1.  No importa sus necesidades o su presupuesto, Res-Q-Jack se asegura de que usted tenga la herramienta correcta para el trabajo.  Y con la formaci\u00f3n gratuita con cada compra de kit, nos aseguramos de que usted obtenga el m\u00e1ximo provecho de nuestras herramientas.<\/p>\r\n<p><a role=\"button\" href=\"https:\/\/res-q-jack.com\/es_es\/sobre\/\" target=\"_self\" rel=\"noopener\" aria-label=\"Leer m\u00e1s\"> Leer m\u00e1s <\/a> <img decoding=\"async\" title=\"cami\u00f3n de cemento-icono\" data-src=\"https:\/\/res-q-jack.com\/wp-content\/uploads\/2020\/06\/cement-truck-icon.png\" alt=\"Estabilizaci\u00f3n de veh\u00edculos pesados y puntales de rescate\" src=\"data:image\/svg+xml;base64,PHN2ZyB3aWR0aD0iMSIgaGVpZ2h0PSIxIiB4bWxucz0iaHR0cDovL3d3dy53My5vcmcvMjAwMC9zdmciPjwvc3ZnPg==\" class=\"lazyload\" style=\"--smush-placeholder-width: 115px; --smush-placeholder-aspect-ratio: 115\/115;\" \/><\/p>\r\n<p>Puntales de alta resistencia<\/p>\r\n<p><img decoding=\"async\" title=\"pickup-icon\" data-src=\"https:\/\/res-q-jack.com\/wp-content\/uploads\/2020\/06\/pickup-icon.png\" alt=\"Puntales de estabilizaci\u00f3n y rescate para veh\u00edculos de servicio est\u00e1ndar\" src=\"data:image\/svg+xml;base64,PHN2ZyB3aWR0aD0iMSIgaGVpZ2h0PSIxIiB4bWxucz0iaHR0cDovL3d3dy53My5vcmcvMjAwMC9zdmciPjwvc3ZnPg==\" class=\"lazyload\" style=\"--smush-placeholder-width: 115px; --smush-placeholder-aspect-ratio: 115\/115;\" \/><\/p>\r\n<p>Puntales de servicio est\u00e1ndar<\/p>\r\n<p><img decoding=\"async\" title=\"car-icon\" data-src=\"https:\/\/res-q-jack.com\/wp-content\/uploads\/2020\/06\/car-icon.png\" alt=\"Estabilizaci\u00f3n de veh\u00edculos ligeros y puntales de rescate\" src=\"data:image\/svg+xml;base64,PHN2ZyB3aWR0aD0iMSIgaGVpZ2h0PSIxIiB4bWxucz0iaHR0cDovL3d3dy53My5vcmcvMjAwMC9zdmciPjwvc3ZnPg==\" class=\"lazyload\" style=\"--smush-placeholder-width: 115px; --smush-placeholder-aspect-ratio: 115\/115;\" \/><\/p>\r\n<p>Puntales ligeros<\/p>\r\n<p><img decoding=\"async\" title=\"trinchera-icono\" data-src=\"https:\/\/res-q-jack.com\/wp-content\/uploads\/2020\/06\/trench-icon.png\" alt=\"Puntales de entibaci\u00f3n de zanjas\" src=\"data:image\/svg+xml;base64,PHN2ZyB3aWR0aD0iMSIgaGVpZ2h0PSIxIiB4bWxucz0iaHR0cDovL3d3dy53My5vcmcvMjAwMC9zdmciPjwvc3ZnPg==\" class=\"lazyload\" style=\"--smush-placeholder-width: 115px; --smush-placeholder-aspect-ratio: 115\/115;\" \/><\/p>\r\n<p>Puntales de entibaci\u00f3n de zanjas<\/p>\r\n<p><img decoding=\"async\" title=\"training-icon\" data-src=\"https:\/\/res-q-jack.com\/wp-content\/uploads\/2020\/06\/training-icon.png\" alt=\"Formaci\u00f3n Res-Q-Jack\" src=\"data:image\/svg+xml;base64,PHN2ZyB3aWR0aD0iMSIgaGVpZ2h0PSIxIiB4bWxucz0iaHR0cDovL3d3dy53My5vcmcvMjAwMC9zdmciPjwvc3ZnPg==\" class=\"lazyload\" style=\"--smush-placeholder-width: 115px; --smush-placeholder-aspect-ratio: 115\/115;\" \/><\/p>\r\n<p>Recursos educativos<\/p>\r\n<p><img decoding=\"async\" title=\"stabu-icon\" data-src=\"https:\/\/res-q-jack.com\/wp-content\/uploads\/2020\/06\/stabu-icon.png\" alt=\"Universidad de Estabilizaci\u00f3n\" src=\"data:image\/svg+xml;base64,PHN2ZyB3aWR0aD0iMSIgaGVpZ2h0PSIxIiB4bWxucz0iaHR0cDovL3d3dy53My5vcmcvMjAwMC9zdmciPjwvc3ZnPg==\" class=\"lazyload\" style=\"--smush-placeholder-width: 115px; --smush-placeholder-aspect-ratio: 115\/115;\" \/><\/p>\r\n<p>Universidad de Estabilizaci\u00f3n<\/p>\r\n<p><img decoding=\"async\" title=\"calendario-icono\" data-src=\"https:\/\/res-q-jack.com\/wp-content\/uploads\/2020\/06\/calendar-icon.png\" alt=\"Calendario de eventos de Res-Q-Jack\" src=\"data:image\/svg+xml;base64,PHN2ZyB3aWR0aD0iMSIgaGVpZ2h0PSIxIiB4bWxucz0iaHR0cDovL3d3dy53My5vcmcvMjAwMC9zdmciPjwvc3ZnPg==\" class=\"lazyload\" style=\"--smush-placeholder-width: 115px; --smush-placeholder-aspect-ratio: 115\/115;\" \/><\/p>\r\n<p>Calendario de eventos<\/p>\r\n<h3>Con la confianza de 4.000 departamentos en todo Estados Unidos y en todo el mundo.<\/h3>\r\n<p>\"He tardado 3 a\u00f1os en conseguir que mi departamento compre vuestros Rescue Jacks... y nos preguntamos c\u00f3mo hac\u00edamos las cosas antes\"- Philip Kontoulas, Departamento de Bomberos de la ciudad de Orlando.<\/p>\r\n<p>\"No est\u00e1bamos considerando la estabilizaci\u00f3n hasta que utilizamos los puntales de elevaci\u00f3n Res-Q-Jack en una demostraci\u00f3n pr\u00e1ctica y nos dimos cuenta de todo lo que pod\u00eda hacer.  El DEMO nos convenci\u00f3 de los Res-Q-Jacks\" - Jefe Artie Sullivan, Departamento de Bomberos de la ciudad de Horseheads.<\/p>\r\n<p>\"Hoy hemos puesto en servicio los Res-Q-Jacks en un accidente de tr\u00e1fico por primera vez. \u00a1Funcionaron muy bien! Gracias por su ayuda y entrenamiento\" - Bob Brown, Departamento de Bomberos de Rose Tree<\/p>\r\n<p>\"Hemos utilizado estos productos sobre el terreno, los utilizo en la formaci\u00f3n y tambi\u00e9n he tenido la oportunidad de asistir a un Stab-U hace muchos a\u00f1os. Sus productos marcan la diferencia. Creo firmemente que sin los puntales de elevaci\u00f3n en este accidente, habr\u00edamos tenido un resultado muy malo para el paciente. Sencillamente, no hab\u00eda otra opci\u00f3n\" - Brian Robinson, Responsable de Formaci\u00f3n del Estado, Asociaci\u00f3n de Escuadrones de Rescate de Tennessee.<\/p>\r\n<h3>Programe su demostraci\u00f3n gratuita hoy mismo.<\/h3>\r\n<p>\u00bfEst\u00e1 pensando en comprar uno de nuestros puntales de estabilizaci\u00f3n y elevaci\u00f3n de veh\u00edculos de f\u00e1cil uso?  \u00bfQuiere una demostraci\u00f3n antes de comprometerse a comprar?<\/p>\r\n<p><a href=\"https:\/\/res-q-jack.com\/es_es\/demostracion-gratuita\/\" target=\"_self\" rel=\"noopener\"> Programe una demostraci\u00f3n <\/a><\/p>","protected":false},"excerpt":{"rendered":"<p>Responda m\u00e1s r\u00e1pido con estabilizaci\u00f3n y elevaci\u00f3n sin pasadores Nuestros puntales de estabilizaci\u00f3n y elevaci\u00f3n de veh\u00edculos sin pasadores son m\u00e1s r\u00e1pidos y f\u00e1ciles de desplegar, ahorrando tiempo cuando m\u00e1s importa. Serie de puntales Super X La Super X es nuestra l\u00ednea de puntales m\u00e1s resistente, dise\u00f1ada para rescate de veh\u00edculos pesados, apuntalamiento estructural y rescate t\u00e9cnico.  L\u00edmite de carga de trabajo: 19.300 lbs (2:1...<\/p>","protected":false},"author":2,"featured_media":14,"parent":0,"menu_order":0,"comment_status":"closed","ping_status":"closed","template":"","meta":{"footnotes":""},"class_list":["post-12","page","type-page","status-publish","has-post-thumbnail","hentry"],"yoast_head":"<!-- This site is optimized with the Yoast SEO plugin v27.2 - https:\/\/yoast.com\/product\/yoast-seo-wordpress\/ -->\n<title>Vehicle Stabilization Struts<\/title>\n<meta name=\"description\" content=\"Res-Q-Jack provides vehicle stabilization struts, lifting struts and trench shoring products for first responders, fire fighters and EMS.\" \/>\n<meta name=\"robots\" content=\"index, follow, max-snippet:-1, max-image-preview:large, max-video-preview:-1\" \/>\n<link rel=\"canonical\" href=\"https:\/\/res-q-jack.com\/es_es\/\" \/>\n<meta property=\"og:locale\" content=\"es_ES\" \/>\n<meta property=\"og:type\" content=\"article\" \/>\n<meta property=\"og:title\" content=\"Vehicle Stabilization Struts\" \/>\n<meta property=\"og:description\" content=\"Res-Q-Jack provides vehicle stabilization struts, lifting struts and trench shoring products for first responders, fire fighters and EMS.\" \/>\n<meta property=\"og:url\" content=\"https:\/\/res-q-jack.com\/es_es\/\" \/>\n<meta property=\"og:site_name\" content=\"Res-Q-Jack, Inc.\" \/>\n<meta property=\"article:modified_time\" content=\"2024-11-13T20:51:08+00:00\" \/>\n<meta property=\"og:image\" content=\"https:\/\/res-q-jack.com\/wp-content\/uploads\/2019\/12\/Vehicle-Stabilization-Struts-from-Res-Q-Jack.jpg\" \/>\n\t<meta property=\"og:image:width\" content=\"900\" \/>\n\t<meta property=\"og:image:height\" content=\"600\" \/>\n\t<meta property=\"og:image:type\" content=\"image\/jpeg\" \/>\n<meta name=\"twitter:card\" content=\"summary_large_image\" \/>\n<meta name=\"twitter:label1\" content=\"Tiempo de lectura\" \/>\n\t<meta name=\"twitter:data1\" content=\"5 minutos\" \/>\n<script type=\"application\/ld+json\" class=\"yoast-schema-graph\">{\"@context\":\"https:\/\/schema.org\",\"@graph\":[{\"@type\":\"WebPage\",\"@id\":\"https:\/\/res-q-jack.com\/\",\"url\":\"https:\/\/res-q-jack.com\/\",\"name\":\"Vehicle Stabilization Struts\",\"isPartOf\":{\"@id\":\"https:\/\/res-q-jack.com\/#website\"},\"primaryImageOfPage\":{\"@id\":\"https:\/\/res-q-jack.com\/#primaryimage\"},\"image\":{\"@id\":\"https:\/\/res-q-jack.com\/#primaryimage\"},\"thumbnailUrl\":\"https:\/\/res-q-jack.com\/wp-content\/uploads\/2019\/12\/Vehicle-Stabilization-Struts-from-Res-Q-Jack.jpg\",\"datePublished\":\"2019-12-13T15:36:36+00:00\",\"dateModified\":\"2024-11-13T20:51:08+00:00\",\"description\":\"Res-Q-Jack provides vehicle stabilization struts, lifting struts and trench shoring products for first responders, fire fighters and EMS.\",\"breadcrumb\":{\"@id\":\"https:\/\/res-q-jack.com\/#breadcrumb\"},\"inLanguage\":\"es\",\"potentialAction\":[{\"@type\":\"ReadAction\",\"target\":[\"https:\/\/res-q-jack.com\/\"]}]},{\"@type\":\"ImageObject\",\"inLanguage\":\"es\",\"@id\":\"https:\/\/res-q-jack.com\/#primaryimage\",\"url\":\"https:\/\/res-q-jack.com\/wp-content\/uploads\/2019\/12\/Vehicle-Stabilization-Struts-from-Res-Q-Jack.jpg\",\"contentUrl\":\"https:\/\/res-q-jack.com\/wp-content\/uploads\/2019\/12\/Vehicle-Stabilization-Struts-from-Res-Q-Jack.jpg\",\"width\":900,\"height\":600,\"caption\":\"Vehicle Stabilization Struts\"},{\"@type\":\"BreadcrumbList\",\"@id\":\"https:\/\/res-q-jack.com\/#breadcrumb\",\"itemListElement\":[{\"@type\":\"ListItem\",\"position\":1,\"name\":\"Home\",\"item\":\"https:\/\/res-q-jack.com\/\"},{\"@type\":\"ListItem\",\"position\":2,\"name\":\"Home\"}]},{\"@type\":\"WebSite\",\"@id\":\"https:\/\/res-q-jack.com\/#website\",\"url\":\"https:\/\/res-q-jack.com\/\",\"name\":\"Res-Q-Jack, Inc.\",\"description\":\"Vehicle Stabilization Struts\",\"publisher\":{\"@id\":\"https:\/\/res-q-jack.com\/#organization\"},\"potentialAction\":[{\"@type\":\"SearchAction\",\"target\":{\"@type\":\"EntryPoint\",\"urlTemplate\":\"https:\/\/res-q-jack.com\/?s={search_term_string}\"},\"query-input\":{\"@type\":\"PropertyValueSpecification\",\"valueRequired\":true,\"valueName\":\"search_term_string\"}}],\"inLanguage\":\"es\"},{\"@type\":\"Organization\",\"@id\":\"https:\/\/res-q-jack.com\/#organization\",\"name\":\"Res-Q-Jack, Inc.\",\"url\":\"https:\/\/res-q-jack.com\/\",\"logo\":{\"@type\":\"ImageObject\",\"inLanguage\":\"es\",\"@id\":\"https:\/\/res-q-jack.com\/#\/schema\/logo\/image\/\",\"url\":\"https:\/\/res-q-jack.com\/wp-content\/uploads\/2020\/03\/Res-Q-Jack-SEO-Logo.png\",\"contentUrl\":\"https:\/\/res-q-jack.com\/wp-content\/uploads\/2020\/03\/Res-Q-Jack-SEO-Logo.png\",\"width\":612,\"height\":138,\"caption\":\"Res-Q-Jack, Inc.\"},\"image\":{\"@id\":\"https:\/\/res-q-jack.com\/#\/schema\/logo\/image\/\"}}]}<\/script>\n<!-- \/ Yoast SEO plugin. -->","yoast_head_json":{"title":"Puntales de estabilizaci\u00f3n del veh\u00edculo","description":"Res-Q-Jack proporciona puntales de estabilizaci\u00f3n de veh\u00edculos, puntales de elevaci\u00f3n y productos de apuntalamiento de zanjas para los primeros en responder, los bomberos y los EMS.","robots":{"index":"index","follow":"follow","max-snippet":"max-snippet:-1","max-image-preview":"max-image-preview:large","max-video-preview":"max-video-preview:-1"},"canonical":"https:\/\/res-q-jack.com\/es_es\/","og_locale":"es_ES","og_type":"article","og_title":"Vehicle Stabilization Struts","og_description":"Res-Q-Jack provides vehicle stabilization struts, lifting struts and trench shoring products for first responders, fire fighters and EMS.","og_url":"https:\/\/res-q-jack.com\/es_es\/","og_site_name":"Res-Q-Jack, Inc.","article_modified_time":"2024-11-13T20:51:08+00:00","og_image":[{"width":900,"height":600,"url":"https:\/\/res-q-jack.com\/wp-content\/uploads\/2019\/12\/Vehicle-Stabilization-Struts-from-Res-Q-Jack.jpg","type":"image\/jpeg"}],"twitter_card":"summary_large_image","twitter_misc":{"Tiempo de lectura":"5 minutos"},"schema":{"@context":"https:\/\/schema.org","@graph":[{"@type":"WebPage","@id":"https:\/\/res-q-jack.com\/","url":"https:\/\/res-q-jack.com\/","name":"Puntales de estabilizaci\u00f3n del veh\u00edculo","isPartOf":{"@id":"https:\/\/res-q-jack.com\/#website"},"primaryImageOfPage":{"@id":"https:\/\/res-q-jack.com\/#primaryimage"},"image":{"@id":"https:\/\/res-q-jack.com\/#primaryimage"},"thumbnailUrl":"https:\/\/res-q-jack.com\/wp-content\/uploads\/2019\/12\/Vehicle-Stabilization-Struts-from-Res-Q-Jack.jpg","datePublished":"2019-12-13T15:36:36+00:00","dateModified":"2024-11-13T20:51:08+00:00","description":"Res-Q-Jack proporciona puntales de estabilizaci\u00f3n de veh\u00edculos, puntales de elevaci\u00f3n y productos de apuntalamiento de zanjas para los primeros en responder, los bomberos y los EMS.","breadcrumb":{"@id":"https:\/\/res-q-jack.com\/#breadcrumb"},"inLanguage":"es","potentialAction":[{"@type":"ReadAction","target":["https:\/\/res-q-jack.com\/"]}]},{"@type":"ImageObject","inLanguage":"es","@id":"https:\/\/res-q-jack.com\/#primaryimage","url":"https:\/\/res-q-jack.com\/wp-content\/uploads\/2019\/12\/Vehicle-Stabilization-Struts-from-Res-Q-Jack.jpg","contentUrl":"https:\/\/res-q-jack.com\/wp-content\/uploads\/2019\/12\/Vehicle-Stabilization-Struts-from-Res-Q-Jack.jpg","width":900,"height":600,"caption":"Vehicle Stabilization Struts"},{"@type":"BreadcrumbList","@id":"https:\/\/res-q-jack.com\/#breadcrumb","itemListElement":[{"@type":"ListItem","position":1,"name":"Home","item":"https:\/\/res-q-jack.com\/"},{"@type":"ListItem","position":2,"name":"Home"}]},{"@type":"WebSite","@id":"https:\/\/res-q-jack.com\/#website","url":"https:\/\/res-q-jack.com\/","name":"Res-Q-Jack, Inc.","description":"Puntales de estabilizaci\u00f3n del veh\u00edculo","publisher":{"@id":"https:\/\/res-q-jack.com\/#organization"},"potentialAction":[{"@type":"SearchAction","target":{"@type":"EntryPoint","urlTemplate":"https:\/\/res-q-jack.com\/?s={search_term_string}"},"query-input":{"@type":"PropertyValueSpecification","valueRequired":true,"valueName":"search_term_string"}}],"inLanguage":"es"},{"@type":"Organization","@id":"https:\/\/res-q-jack.com\/#organization","name":"Res-Q-Jack, Inc.","url":"https:\/\/res-q-jack.com\/","logo":{"@type":"ImageObject","inLanguage":"es","@id":"https:\/\/res-q-jack.com\/#\/schema\/logo\/image\/","url":"https:\/\/res-q-jack.com\/wp-content\/uploads\/2020\/03\/Res-Q-Jack-SEO-Logo.png","contentUrl":"https:\/\/res-q-jack.com\/wp-content\/uploads\/2020\/03\/Res-Q-Jack-SEO-Logo.png","width":612,"height":138,"caption":"Res-Q-Jack, Inc."},"image":{"@id":"https:\/\/res-q-jack.com\/#\/schema\/logo\/image\/"}}]}},"_links":{"self":[{"href":"https:\/\/res-q-jack.com\/es_es\/wp-json\/wp\/v2\/pages\/12","targetHints":{"allow":["GET"]}}],"collection":[{"href":"https:\/\/res-q-jack.com\/es_es\/wp-json\/wp\/v2\/pages"}],"about":[{"href":"https:\/\/res-q-jack.com\/es_es\/wp-json\/wp\/v2\/types\/page"}],"author":[{"embeddable":true,"href":"https:\/\/res-q-jack.com\/es_es\/wp-json\/wp\/v2\/users\/2"}],"replies":[{"embeddable":true,"href":"https:\/\/res-q-jack.com\/es_es\/wp-json\/wp\/v2\/comments?post=12"}],"version-history":[{"count":0,"href":"https:\/\/res-q-jack.com\/es_es\/wp-json\/wp\/v2\/pages\/12\/revisions"}],"wp:featuredmedia":[{"embeddable":true,"href":"https:\/\/res-q-jack.com\/es_es\/wp-json\/wp\/v2\/media\/14"}],"wp:attachment":[{"href":"https:\/\/res-q-jack.com\/es_es\/wp-json\/wp\/v2\/media?parent=12"}],"curies":[{"name":"wp","href":"https:\/\/api.w.org\/{rel}","templated":true}]}}