{"id":970,"date":"2020-03-09T20:32:39","date_gmt":"2020-03-10T01:32:39","guid":{"rendered":"https:\/\/resqjack.wpengine.com\/?page_id=970"},"modified":"2020-03-09T21:06:27","modified_gmt":"2020-03-10T02:06:27","slug":"solicitud-de-presupuesto","status":"publish","type":"page","link":"https:\/\/res-q-jack.com\/es\/request-quote\/","title":{"rendered":"Solicitar presupuesto"},"content":{"rendered":"<iframe src=\"https:\/\/www.google.com\/maps\/embed?pb=!1m18!1m12!1m3!1d2959.482144546913!2d-76.80962744842185!3d42.11856045820776!2m3!1f0!2f0!3f0!3m2!1i1024!2i768!4f13.1!3m3!1m2!1s0x89d041c79a0da21f%3A0x744597c1dd640f4e!2sRes%20Q%20Jack%20Inc!5e0!3m2!1sen!2sus!4v1580327207507!5m2!1sen!2sus\" width=\"100%\" height=\"430\" frameborder=\"0\" allowfullscreen=\"\"><\/iframe>\n\t<h1>\n\t\t\t\tSolicitar un presupuesto\n\t\t\t<\/h1>\n\t\t<p>Gracias por su inter\u00e9s en el conjunto Res-Q-Jack de puntales de estabilizaci\u00f3n de veh\u00edculos y cortocircuito de zanjas.  Por favor, proporcione toda la informaci\u00f3n posible.<\/p>\t\n\t\t\t\t<img decoding=\"async\" data-src=\"https:\/\/res-q-jack.com\/wp-content\/uploads\/2020\/01\/Res-Q-Jack-Headquarters.jpg\" alt=\"Sede de Res-Q-Jack\" title=\"Sede de Res-Q-Jack\" itemprop=\"image\" src=\"data:image\/svg+xml;base64,PHN2ZyB3aWR0aD0iMSIgaGVpZ2h0PSIxIiB4bWxucz0iaHR0cDovL3d3dy53My5vcmcvMjAwMC9zdmciPjwvc3ZnPg==\" class=\"lazyload\" style=\"--smush-placeholder-width: 500px; --smush-placeholder-aspect-ratio: 500\/286;\" \/>\n\t\t<h2>RES-Q-JACK, INC.<\/h2>\t\t\t\n\t\t\t\t<p>1580 Lake Street, Elmira, NY 14901<\/p>\n\t\t\t\t\t\t\t\t\t\tToll Free\t\t\t\t\t\t\t\t\t\n\t\t\t1-800-466-9626\n\t\t\t1-800-466-9626\n\t\t\t\t\t\t\t\t\t\tLocal\t\t\t\t\t\t\t\t\t\n\t\t\t607-739-1209\n\t\t\t607-739-1209\n\t\t\t\t\t\t\t\t\t\tFax\t\t\t\t\t\t\t\t\t\n\t\t\t607-739-4583\n\t\t\t607-739-4583\n\t\t\t\t\t\t\t\t\t\tEmail\t\t\t\t\t\t\t\t\t\n\t\t\t<span \n                data-original-string='0kBJ4A542wZXfsEPnsQW0Q==ea09e127WmSVCZqqKJsCVQ2g9WGGdKhApfO6ZYPbecvMNk='\n                class='apbct-email-encoder'\n                title='This contact has been encoded by Anti-Spam by CleanTalk. Click to decode. To finish the decoding make sure that JavaScript is enabled in your browser.'>in<span class=\"apbct-blur\">**<\/span>@<span class=\"apbct-blur\">********<\/span>ck.com<\/span>\n\t\t\t<span \n                data-original-string='QiSRuI1MDilZyBVVGnKN8g==ea0QGM\/UA05LDcF6JI8hxHs2xmL1igcNU+z+98BkdfgVVg='\n                class='apbct-email-encoder'\n                title='This contact has been encoded by Anti-Spam by CleanTalk. Click to decode. To finish the decoding make sure that JavaScript is enabled in your browser.'>in<span class=\"apbct-blur\">**<\/span>@<span class=\"apbct-blur\">********<\/span>ck.com<\/span>\n\t<h4>\n\t\t\t\t\u00bfPreguntas?  Ll\u00e1menos al 1-800-466-9626\n\t\t\t<\/h4>","protected":false},"excerpt":{"rendered":"<p>Request a Quote Thank you for your interest in the Res-Q-Jack suite of vehicle stabilization and trench shorting struts.\u00a0 Please provide as much information as possible. RES-Q-JACK, INC. 1580 Lake Street, Elmira, NY 14901 Toll Free 1-800-466-9626 1-800-466-9626 Local 607-739-1209 607-739-1209 Fax 607-739-4583 607-739-4583 Email in**@********ck.com in**@********ck.com Questions? Give us a call 1-800-466-9626<\/p>","protected":false},"author":2,"featured_media":0,"parent":0,"menu_order":0,"comment_status":"closed","ping_status":"closed","template":"","meta":{"footnotes":""},"class_list":["post-970","page","type-page","status-publish","hentry"],"yoast_head":"<!-- This site is optimized with the Yoast SEO plugin v27.2 - https:\/\/yoast.com\/product\/yoast-seo-wordpress\/ -->\n<title>Request Quote | Res-Q-Jack, Inc.<\/title>\n<meta name=\"robots\" content=\"index, follow, max-snippet:-1, max-image-preview:large, max-video-preview:-1\" \/>\n<link rel=\"canonical\" href=\"https:\/\/res-q-jack.com\/es\/solicitud-de-presupuesto\/\" \/>\n<meta property=\"og:locale\" content=\"es_MX\" \/>\n<meta property=\"og:type\" content=\"article\" \/>\n<meta property=\"og:title\" content=\"Request Quote | Res-Q-Jack, Inc.\" \/>\n<meta property=\"og:description\" content=\"Request a Quote Thank you for your interest in the Res-Q-Jack suite of vehicle stabilization and trench shorting struts.\u00a0 Please provide as much information as possible. RES-Q-JACK, INC. 1580 Lake Street, Elmira, NY 14901 Toll Free 1-800-466-9626 1-800-466-9626 Local 607-739-1209 607-739-1209 Fax 607-739-4583 607-739-4583 Email in**@********ck.com in**@********ck.com Questions? Give us a call 1-800-466-9626\" \/>\n<meta property=\"og:url\" content=\"https:\/\/res-q-jack.com\/es\/solicitud-de-presupuesto\/\" \/>\n<meta property=\"og:site_name\" content=\"Res-Q-Jack, Inc.\" \/>\n<meta property=\"article:modified_time\" content=\"2020-03-10T02:06:27+00:00\" \/>\n<meta property=\"og:image\" content=\"https:\/\/res-q-jack.com\/wp-content\/uploads\/2020\/01\/Res-Q-Jack-Headquarters.jpg\" \/>\n<meta name=\"twitter:card\" content=\"summary_large_image\" \/>\n<script type=\"application\/ld+json\" class=\"yoast-schema-graph\">{\"@context\":\"https:\/\/schema.org\",\"@graph\":[{\"@type\":\"WebPage\",\"@id\":\"https:\/\/res-q-jack.com\/request-quote\/\",\"url\":\"https:\/\/res-q-jack.com\/request-quote\/\",\"name\":\"Request Quote | Res-Q-Jack, Inc.\",\"isPartOf\":{\"@id\":\"https:\/\/res-q-jack.com\/#website\"},\"primaryImageOfPage\":{\"@id\":\"https:\/\/res-q-jack.com\/request-quote\/#primaryimage\"},\"image\":{\"@id\":\"https:\/\/res-q-jack.com\/request-quote\/#primaryimage\"},\"thumbnailUrl\":\"https:\/\/res-q-jack.com\/wp-content\/uploads\/2020\/01\/Res-Q-Jack-Headquarters.jpg\",\"datePublished\":\"2020-03-10T01:32:39+00:00\",\"dateModified\":\"2020-03-10T02:06:27+00:00\",\"breadcrumb\":{\"@id\":\"https:\/\/res-q-jack.com\/request-quote\/#breadcrumb\"},\"inLanguage\":\"es\",\"potentialAction\":[{\"@type\":\"ReadAction\",\"target\":[\"https:\/\/res-q-jack.com\/request-quote\/\"]}]},{\"@type\":\"ImageObject\",\"inLanguage\":\"es\",\"@id\":\"https:\/\/res-q-jack.com\/request-quote\/#primaryimage\",\"url\":\"https:\/\/res-q-jack.com\/wp-content\/uploads\/2020\/01\/Res-Q-Jack-Headquarters.jpg\",\"contentUrl\":\"https:\/\/res-q-jack.com\/wp-content\/uploads\/2020\/01\/Res-Q-Jack-Headquarters.jpg\"},{\"@type\":\"BreadcrumbList\",\"@id\":\"https:\/\/res-q-jack.com\/request-quote\/#breadcrumb\",\"itemListElement\":[{\"@type\":\"ListItem\",\"position\":1,\"name\":\"Home\",\"item\":\"https:\/\/res-q-jack.com\/\"},{\"@type\":\"ListItem\",\"position\":2,\"name\":\"Request Quote\"}]},{\"@type\":\"WebSite\",\"@id\":\"https:\/\/res-q-jack.com\/#website\",\"url\":\"https:\/\/res-q-jack.com\/\",\"name\":\"Res-Q-Jack, Inc.\",\"description\":\"Vehicle Stabilization Struts\",\"publisher\":{\"@id\":\"https:\/\/res-q-jack.com\/#organization\"},\"potentialAction\":[{\"@type\":\"SearchAction\",\"target\":{\"@type\":\"EntryPoint\",\"urlTemplate\":\"https:\/\/res-q-jack.com\/?s={search_term_string}\"},\"query-input\":{\"@type\":\"PropertyValueSpecification\",\"valueRequired\":true,\"valueName\":\"search_term_string\"}}],\"inLanguage\":\"es\"},{\"@type\":\"Organization\",\"@id\":\"https:\/\/res-q-jack.com\/#organization\",\"name\":\"Res-Q-Jack, Inc.\",\"url\":\"https:\/\/res-q-jack.com\/\",\"logo\":{\"@type\":\"ImageObject\",\"inLanguage\":\"es\",\"@id\":\"https:\/\/res-q-jack.com\/#\/schema\/logo\/image\/\",\"url\":\"https:\/\/res-q-jack.com\/wp-content\/uploads\/2020\/03\/Res-Q-Jack-SEO-Logo.png\",\"contentUrl\":\"https:\/\/res-q-jack.com\/wp-content\/uploads\/2020\/03\/Res-Q-Jack-SEO-Logo.png\",\"width\":612,\"height\":138,\"caption\":\"Res-Q-Jack, Inc.\"},\"image\":{\"@id\":\"https:\/\/res-q-jack.com\/#\/schema\/logo\/image\/\"}}]}<\/script>\n<!-- \/ Yoast SEO plugin. -->","yoast_head_json":{"title":"Solicitud de presupuesto | Res-Q-Jack, Inc.","robots":{"index":"index","follow":"follow","max-snippet":"max-snippet:-1","max-image-preview":"max-image-preview:large","max-video-preview":"max-video-preview:-1"},"canonical":"https:\/\/res-q-jack.com\/es\/solicitud-de-presupuesto\/","og_locale":"es_MX","og_type":"article","og_title":"Request Quote | Res-Q-Jack, Inc.","og_description":"Request a Quote Thank you for your interest in the Res-Q-Jack suite of vehicle stabilization and trench shorting struts.\u00a0 Please provide as much information as possible. RES-Q-JACK, INC. 1580 Lake Street, Elmira, NY 14901 Toll Free 1-800-466-9626 1-800-466-9626 Local 607-739-1209 607-739-1209 Fax 607-739-4583 607-739-4583 Email in**@********ck.com in**@********ck.com Questions? Give us a call 1-800-466-9626","og_url":"https:\/\/res-q-jack.com\/es\/solicitud-de-presupuesto\/","og_site_name":"Res-Q-Jack, Inc.","article_modified_time":"2020-03-10T02:06:27+00:00","og_image":[{"url":"https:\/\/res-q-jack.com\/wp-content\/uploads\/2020\/01\/Res-Q-Jack-Headquarters.jpg","type":"","width":"","height":""}],"twitter_card":"summary_large_image","schema":{"@context":"https:\/\/schema.org","@graph":[{"@type":"WebPage","@id":"https:\/\/res-q-jack.com\/request-quote\/","url":"https:\/\/res-q-jack.com\/request-quote\/","name":"Solicitud de presupuesto | Res-Q-Jack, Inc.","isPartOf":{"@id":"https:\/\/res-q-jack.com\/#website"},"primaryImageOfPage":{"@id":"https:\/\/res-q-jack.com\/request-quote\/#primaryimage"},"image":{"@id":"https:\/\/res-q-jack.com\/request-quote\/#primaryimage"},"thumbnailUrl":"https:\/\/res-q-jack.com\/wp-content\/uploads\/2020\/01\/Res-Q-Jack-Headquarters.jpg","datePublished":"2020-03-10T01:32:39+00:00","dateModified":"2020-03-10T02:06:27+00:00","breadcrumb":{"@id":"https:\/\/res-q-jack.com\/request-quote\/#breadcrumb"},"inLanguage":"es","potentialAction":[{"@type":"ReadAction","target":["https:\/\/res-q-jack.com\/request-quote\/"]}]},{"@type":"ImageObject","inLanguage":"es","@id":"https:\/\/res-q-jack.com\/request-quote\/#primaryimage","url":"https:\/\/res-q-jack.com\/wp-content\/uploads\/2020\/01\/Res-Q-Jack-Headquarters.jpg","contentUrl":"https:\/\/res-q-jack.com\/wp-content\/uploads\/2020\/01\/Res-Q-Jack-Headquarters.jpg"},{"@type":"BreadcrumbList","@id":"https:\/\/res-q-jack.com\/request-quote\/#breadcrumb","itemListElement":[{"@type":"ListItem","position":1,"name":"Home","item":"https:\/\/res-q-jack.com\/"},{"@type":"ListItem","position":2,"name":"Request Quote"}]},{"@type":"WebSite","@id":"https:\/\/res-q-jack.com\/#website","url":"https:\/\/res-q-jack.com\/","name":"Res-Q-Jack, Inc.","description":"Puntales de estabilizaci\u00f3n del veh\u00edculo","publisher":{"@id":"https:\/\/res-q-jack.com\/#organization"},"potentialAction":[{"@type":"SearchAction","target":{"@type":"EntryPoint","urlTemplate":"https:\/\/res-q-jack.com\/?s={search_term_string}"},"query-input":{"@type":"PropertyValueSpecification","valueRequired":true,"valueName":"search_term_string"}}],"inLanguage":"es"},{"@type":"Organization","@id":"https:\/\/res-q-jack.com\/#organization","name":"Res-Q-Jack, Inc.","url":"https:\/\/res-q-jack.com\/","logo":{"@type":"ImageObject","inLanguage":"es","@id":"https:\/\/res-q-jack.com\/#\/schema\/logo\/image\/","url":"https:\/\/res-q-jack.com\/wp-content\/uploads\/2020\/03\/Res-Q-Jack-SEO-Logo.png","contentUrl":"https:\/\/res-q-jack.com\/wp-content\/uploads\/2020\/03\/Res-Q-Jack-SEO-Logo.png","width":612,"height":138,"caption":"Res-Q-Jack, Inc."},"image":{"@id":"https:\/\/res-q-jack.com\/#\/schema\/logo\/image\/"}}]}},"_links":{"self":[{"href":"https:\/\/res-q-jack.com\/es\/wp-json\/wp\/v2\/pages\/970","targetHints":{"allow":["GET"]}}],"collection":[{"href":"https:\/\/res-q-jack.com\/es\/wp-json\/wp\/v2\/pages"}],"about":[{"href":"https:\/\/res-q-jack.com\/es\/wp-json\/wp\/v2\/types\/page"}],"author":[{"embeddable":true,"href":"https:\/\/res-q-jack.com\/es\/wp-json\/wp\/v2\/users\/2"}],"replies":[{"embeddable":true,"href":"https:\/\/res-q-jack.com\/es\/wp-json\/wp\/v2\/comments?post=970"}],"version-history":[{"count":0,"href":"https:\/\/res-q-jack.com\/es\/wp-json\/wp\/v2\/pages\/970\/revisions"}],"wp:attachment":[{"href":"https:\/\/res-q-jack.com\/es\/wp-json\/wp\/v2\/media?parent=970"}],"curies":[{"name":"wp","href":"https:\/\/api.w.org\/{rel}","templated":true}]}}