{"id":46,"date":"2019-12-13T12:40:16","date_gmt":"2019-12-13T17:40:16","guid":{"rendered":"https:\/\/resqjack.wpengine.com\/?page_id=46"},"modified":"2024-01-08T11:05:20","modified_gmt":"2024-01-08T16:05:20","slug":"documentos-de-formacion","status":"publish","type":"page","link":"https:\/\/res-q-jack.com\/es\/training\/training-documents\/","title":{"rendered":"Documentos de formaci\u00f3n"},"content":{"rendered":"<h1>Documentos de formaci\u00f3n<\/h1>\t\t\t\n\t\t\t\t<p>El equipo de Res-Q-Jack tiene a\u00f1os de experiencia en Bomberos y Rescate y hemos utilizado nuestros productos en cientos de situaciones. A lo largo de los a\u00f1os, hemos desarrollado aplicaciones, t\u00e9cnicas patentadas y hemos escrito muchos documentos para educar a nuestros usuarios para que sean m\u00e1s eficaces y seguros en la extricaci\u00f3n.<\/p>\n\t<a href=\"https:\/\/res-q-jack.com\/wp-content\/uploads\/documents\/2021-22-ResQJack-Training-Presentation.pdf\" target=\"_blank\" rel=\"noopener\" aria-label=\"Go to https:\/\/res-q-jack.com\/wp-content\/uploads\/documents\/2021-22-ResQJack-Training-Presentation.pdf\"><\/a>\n\t\t\t\t<img decoding=\"async\" data-src=\"https:\/\/res-q-jack.com\/wp-content\/uploads\/2021\/10\/Training_PDF-min.jpg\" alt=\"Gu\u00eda de formaci\u00f3n PDF\" title=\"Formaci\u00f3n_PDF-min\" itemprop=\"image\" src=\"data:image\/svg+xml;base64,PHN2ZyB3aWR0aD0iMSIgaGVpZ2h0PSIxIiB4bWxucz0iaHR0cDovL3d3dy53My5vcmcvMjAwMC9zdmciPjwvc3ZnPg==\" class=\"lazyload\" style=\"--smush-placeholder-width: 400px; --smush-placeholder-aspect-ratio: 400\/515;\" \/>\n\t\t\t\t<p>Formaci\u00f3n PowerPoint PDF (14.9MB)<\/p>\n\t<a href=\"https:\/\/res-q-jack.com\/wp-content\/uploads\/documents\/2021-22-ResQJack-Training-Presentation-1.pptx\" target=\"_blank\" rel=\"noopener\" aria-label=\"Go to https:\/\/res-q-jack.com\/wp-content\/uploads\/documents\/2021-22-ResQJack-Training-Presentation-1.pptx\"><\/a>\n\t\t\t\t<img decoding=\"async\" data-src=\"https:\/\/res-q-jack.com\/wp-content\/uploads\/2021\/10\/Training_PPT-min.jpg\" alt=\"Gu\u00eda de formaci\u00f3n - Power Point\" title=\"Training_PPT-min\" itemprop=\"image\" src=\"data:image\/svg+xml;base64,PHN2ZyB3aWR0aD0iMSIgaGVpZ2h0PSIxIiB4bWxucz0iaHR0cDovL3d3dy53My5vcmcvMjAwMC9zdmciPjwvc3ZnPg==\" class=\"lazyload\" style=\"--smush-placeholder-width: 400px; --smush-placeholder-aspect-ratio: 400\/515;\" \/>\n\t\t\t\t<p>Formaci\u00f3n PowerPoint PPT (46.5MB)<\/p>\n\t<a href=\"https:\/\/res-q-jack.com\/wp-content\/uploads\/documents\/RQJ-2021-Quick-Reference-Guide-min-Stabilization.pdf\" target=\"_blank\" rel=\"noopener\" aria-label=\"Go to https:\/\/res-q-jack.com\/wp-content\/uploads\/documents\/RQJ-2021-Quick-Reference-Guide-min-Stabilization.pdf\"><\/a>\n\t\t\t\t<img decoding=\"async\" data-src=\"https:\/\/res-q-jack.com\/wp-content\/uploads\/2021\/10\/QR_Guide_2021-min.jpg\" alt=\"Gu\u00eda de referencia r\u00e1pida\" title=\"QR_Guide_2021-min\" itemprop=\"image\" src=\"data:image\/svg+xml;base64,PHN2ZyB3aWR0aD0iMSIgaGVpZ2h0PSIxIiB4bWxucz0iaHR0cDovL3d3dy53My5vcmcvMjAwMC9zdmciPjwvc3ZnPg==\" class=\"lazyload\" style=\"--smush-placeholder-width: 400px; --smush-placeholder-aspect-ratio: 400\/515;\" \/>\n\t\t\t\t<p>Gu\u00eda de referencia r\u00e1pida (13,4MB)<\/p>\n\t<a href=\"https:\/\/res-q-jack.com\/wp-content\/uploads\/documents\/RQJ-Finding-Purchase-Points.pdf\" target=\"_blank\" rel=\"noopener\" aria-label=\"Go to https:\/\/res-q-jack.com\/wp-content\/uploads\/documents\/RQJ-Finding-Purchase-Points.pdf\"><\/a>\n\t\t\t\t<img decoding=\"async\" data-src=\"https:\/\/res-q-jack.com\/wp-content\/uploads\/2020\/01\/Res-Q-Jack-Finding-Purchase-Points.jpg\" alt=\"Res-Q-Jack Encontrar puntos de compra\" title=\"Res-Q-Jack Encontrar puntos de compra\" itemprop=\"image\" src=\"data:image\/svg+xml;base64,PHN2ZyB3aWR0aD0iMSIgaGVpZ2h0PSIxIiB4bWxucz0iaHR0cDovL3d3dy53My5vcmcvMjAwMC9zdmciPjwvc3ZnPg==\" class=\"lazyload\" style=\"--smush-placeholder-width: 400px; --smush-placeholder-aspect-ratio: 400\/515;\" \/>\n\t\t\t\t<p>Encontrar puntos de compra (350KB)<\/p>\n\t<a href=\"https:\/\/res-q-jack.com\/wp-content\/uploads\/documents\/phases-of-stabilization-correct-2016.pdf\" target=\"_blank\" rel=\"noopener\" aria-label=\"Go to https:\/\/res-q-jack.com\/wp-content\/uploads\/documents\/phases-of-stabilization-correct-2016.pdf\"><\/a>\n\t\t\t\t<img decoding=\"async\" data-src=\"https:\/\/res-q-jack.com\/wp-content\/uploads\/2020\/01\/Res-Q-Jack-Phases-of-Stabilization.jpg\" alt=\"Fases de estabilizaci\u00f3n de Res-Q-Jack\" title=\"Fases de estabilizaci\u00f3n de Res-Q-Jack\" itemprop=\"image\" src=\"data:image\/svg+xml;base64,PHN2ZyB3aWR0aD0iMSIgaGVpZ2h0PSIxIiB4bWxucz0iaHR0cDovL3d3dy53My5vcmcvMjAwMC9zdmciPjwvc3ZnPg==\" class=\"lazyload\" style=\"--smush-placeholder-width: 400px; --smush-placeholder-aspect-ratio: 400\/515;\" \/>\n\t\t\t\t<p>Fases de la estabilizaci\u00f3n (1.3MB)<\/p>\n\t<a href=\"https:\/\/res-q-jack.com\/wp-content\/uploads\/documents\/roof-resting-stabilization-correct-2016.pdf\" target=\"_blank\" rel=\"noopener\" aria-label=\"Go to https:\/\/res-q-jack.com\/wp-content\/uploads\/documents\/roof-resting-stabilization-correct-2016.pdf\"><\/a>\n\t\t\t\t<img decoding=\"async\" data-src=\"https:\/\/res-q-jack.com\/wp-content\/uploads\/2020\/01\/Res-Q-Jack-Roof-Resting-Stabilization.jpg\" alt=\"Res-Q-Jack Estabilizaci\u00f3n de Techo\" title=\"Res-Q-Jack Estabilizaci\u00f3n de Techo\" itemprop=\"image\" src=\"data:image\/svg+xml;base64,PHN2ZyB3aWR0aD0iMSIgaGVpZ2h0PSIxIiB4bWxucz0iaHR0cDovL3d3dy53My5vcmcvMjAwMC9zdmciPjwvc3ZnPg==\" class=\"lazyload\" style=\"--smush-placeholder-width: 400px; --smush-placeholder-aspect-ratio: 400\/515;\" \/>\n\t\t\t\t<p>Estabilizaci\u00f3n de techos (1.6MB)<\/p>\n\t<a href=\"https:\/\/res-q-jack.com\/wp-content\/uploads\/documents\/2-point-stabilization-2016.pdf\" target=\"_blank\" rel=\"noopener\" aria-label=\"Go to https:\/\/res-q-jack.com\/wp-content\/uploads\/documents\/2-point-stabilization-2016.pdf\"><\/a>\n\t\t\t\t<img decoding=\"async\" data-src=\"https:\/\/res-q-jack.com\/wp-content\/uploads\/2020\/01\/Res-Q-Jack-2-Point-Stabilization.jpg\" alt=\"Estabilizaci\u00f3n de 2 puntos Res-Q-Jack\" title=\"Estabilizaci\u00f3n de 2 puntos Res-Q-Jack\" itemprop=\"image\" src=\"data:image\/svg+xml;base64,PHN2ZyB3aWR0aD0iMSIgaGVpZ2h0PSIxIiB4bWxucz0iaHR0cDovL3d3dy53My5vcmcvMjAwMC9zdmciPjwvc3ZnPg==\" class=\"lazyload\" style=\"--smush-placeholder-width: 400px; --smush-placeholder-aspect-ratio: 400\/515;\" \/>\n\t\t\t\t<p>Estabilizaci\u00f3n de 2 puntos (2MB)<\/p>\n\t<a href=\"https:\/\/res-q-jack.com\/wp-content\/uploads\/documents\/3-point-stabilization-2016.pdf\" target=\"_blank\" rel=\"noopener\" aria-label=\"Go to https:\/\/res-q-jack.com\/wp-content\/uploads\/documents\/3-point-stabilization-2016.pdf\"><\/a>\n\t\t\t\t<img decoding=\"async\" data-src=\"https:\/\/res-q-jack.com\/wp-content\/uploads\/2020\/01\/Res-Q-Jack-3-Point-Side-Resting-Stabilization.jpg\" alt=\"Estabilizaci\u00f3n lateral de 3 puntos Res-Q-Jack\" title=\"Estabilizaci\u00f3n lateral de 3 puntos Res-Q-Jack\" itemprop=\"image\" src=\"data:image\/svg+xml;base64,PHN2ZyB3aWR0aD0iMSIgaGVpZ2h0PSIxIiB4bWxucz0iaHR0cDovL3d3dy53My5vcmcvMjAwMC9zdmciPjwvc3ZnPg==\" class=\"lazyload\" style=\"--smush-placeholder-width: 400px; --smush-placeholder-aspect-ratio: 400\/515;\" \/>\n\t\t\t\t<p>Estabilizaci\u00f3n de 3 puntos (400KB)<\/p>\n\t<a href=\"https:\/\/res-q-jack.com\/wp-content\/uploads\/documents\/4-point-stabilization-2016.pdf\" target=\"_blank\" rel=\"noopener\" aria-label=\"Go to https:\/\/res-q-jack.com\/wp-content\/uploads\/documents\/4-point-stabilization-2016.pdf\"><\/a>\n\t\t\t\t<img decoding=\"async\" data-src=\"https:\/\/res-q-jack.com\/wp-content\/uploads\/2020\/01\/Res-Q-Jack-4-Point-Stabilization.jpg\" alt=\"Estabilizaci\u00f3n de 4 puntos Res-Q-Jack\" title=\"Estabilizaci\u00f3n de 4 puntos Res-Q-Jack\" itemprop=\"image\" src=\"data:image\/svg+xml;base64,PHN2ZyB3aWR0aD0iMSIgaGVpZ2h0PSIxIiB4bWxucz0iaHR0cDovL3d3dy53My5vcmcvMjAwMC9zdmciPjwvc3ZnPg==\" class=\"lazyload\" style=\"--smush-placeholder-width: 400px; --smush-placeholder-aspect-ratio: 400\/515;\" \/>\n\t\t\t\t<p>Estabilizaci\u00f3n de 4 puntos (740KB)<\/p>\n\t<a href=\"https:\/\/res-q-jack.com\/wp-content\/uploads\/documents\/sloped-ground-stabilization-2016.pdf\" target=\"_blank\" rel=\"noopener\" aria-label=\"Go to https:\/\/res-q-jack.com\/wp-content\/uploads\/documents\/sloped-ground-stabilization-2016.pdf\"><\/a>\n\t\t\t\t<img decoding=\"async\" data-src=\"https:\/\/res-q-jack.com\/wp-content\/uploads\/2020\/01\/Res-Q-Jack-Sloped-Ground-Stabilization.jpg\" alt=\"Res-Q-Jack Estabilizaci\u00f3n de terrenos inclinados\" title=\"Res-Q-Jack Estabilizaci\u00f3n de terrenos inclinados\" itemprop=\"image\" src=\"data:image\/svg+xml;base64,PHN2ZyB3aWR0aD0iMSIgaGVpZ2h0PSIxIiB4bWxucz0iaHR0cDovL3d3dy53My5vcmcvMjAwMC9zdmciPjwvc3ZnPg==\" class=\"lazyload\" style=\"--smush-placeholder-width: 400px; --smush-placeholder-aspect-ratio: 400\/515;\" \/>\n\t\t\t\t<p>Estabilizaci\u00f3n de terrenos en pendiente (1.1MB)<\/p>\n\t<a href=\"https:\/\/res-q-jack.com\/wp-content\/uploads\/documents\/t-bone-override-2016.pdf\" target=\"_blank\" rel=\"noopener\" aria-label=\"Go to https:\/\/res-q-jack.com\/wp-content\/uploads\/documents\/2021-22-ResQJack-Training-Presentation-1.pptx\"00><\/a>\n\t\t\t\t<img decoding=\"async\" data-src=\"https:\/\/res-q-jack.com\/wp-content\/uploads\/2020\/01\/Res-Q-Jack-T-Bone-Override.jpg\" alt=\"Res-Q-Jack T-Bone Override\" title=\"Res-Q-Jack T-Bone Override\" itemprop=\"image\" src=\"data:image\/svg+xml;base64,PHN2ZyB3aWR0aD0iMSIgaGVpZ2h0PSIxIiB4bWxucz0iaHR0cDovL3d3dy53My5vcmcvMjAwMC9zdmciPjwvc3ZnPg==\" class=\"lazyload\" style=\"--smush-placeholder-width: 400px; --smush-placeholder-aspect-ratio: 400\/515;\" \/>\n\t\t\t\t<p>Anulaci\u00f3n de T-Bone (1.8MB)<\/p>\n\t<a href=\"https:\/\/res-q-jack.com\/wp-content\/uploads\/documents\/darlington-roll-2016.pdf\" target=\"_blank\" rel=\"noopener\" aria-label=\"Go to https:\/\/res-q-jack.com\/wp-content\/uploads\/documents\/2021-22-ResQJack-Training-Presentation-1.pptx\"11><\/a>\n\t\t\t\t<img decoding=\"async\" data-src=\"https:\/\/res-q-jack.com\/wp-content\/uploads\/2020\/01\/Res-Q-Jack-Darlington-Roll.jpg\" alt=\"Res-Q-Jack Darlington Roll\" title=\"Res-Q-Jack Darlington Roll\" itemprop=\"image\" src=\"data:image\/svg+xml;base64,PHN2ZyB3aWR0aD0iMSIgaGVpZ2h0PSIxIiB4bWxucz0iaHR0cDovL3d3dy53My5vcmcvMjAwMC9zdmciPjwvc3ZnPg==\" class=\"lazyload\" style=\"--smush-placeholder-width: 400px; --smush-placeholder-aspect-ratio: 400\/515;\" \/>\n\t\t\t\t<p>Rollo de Darlington (1MB)<\/p>\n\t<a href=\"https:\/\/res-q-jack.com\/wp-content\/uploads\/documents\/dash-displacement-2-2016.pdf\" target=\"_blank\" rel=\"noopener\" aria-label=\"Go to https:\/\/res-q-jack.com\/wp-content\/uploads\/documents\/2021-22-ResQJack-Training-Presentation-1.pptx\"22><\/a>\n\t\t\t\t<img decoding=\"async\" data-src=\"https:\/\/res-q-jack.com\/wp-content\/uploads\/2020\/01\/Res-Q-Jack-Dash-Displacement.jpg\" alt=\"Desplazamiento Res-Q-Jack-Dash\" title=\"Desplazamiento Res-Q-Jack-Dash\" itemprop=\"image\" src=\"data:image\/svg+xml;base64,PHN2ZyB3aWR0aD0iMSIgaGVpZ2h0PSIxIiB4bWxucz0iaHR0cDovL3d3dy53My5vcmcvMjAwMC9zdmciPjwvc3ZnPg==\" class=\"lazyload\" style=\"--smush-placeholder-width: 400px; --smush-placeholder-aspect-ratio: 400\/515;\" \/>\n\t\t\t\t<p>Desplazamiento del tablero (654KB)<\/p>","protected":false},"excerpt":{"rendered":"<p>Documentos de Entrenamiento El equipo de Res-Q-Jack tiene a\u00f1os de experiencia en Bomberos y Rescate y hemos usado nuestros productos en cientos de situaciones. A lo largo de los a\u00f1os, hemos desarrollado aplicaciones, t\u00e9cnicas patentadas y hemos escrito muchos documentos para educar a nuestros usuarios para que sean m\u00e1s efectivos, y m\u00e1s seguros en la extricaci\u00f3n. Formaci\u00f3n PowerPoint PDF (14.9MB) Formaci\u00f3n PowerPoint...<\/p>","protected":false},"author":2,"featured_media":1504,"parent":1501,"menu_order":0,"comment_status":"closed","ping_status":"closed","template":"","meta":{"footnotes":""},"class_list":["post-46","page","type-page","status-publish","has-post-thumbnail","hentry"],"yoast_head":"<!-- This site is optimized with the Yoast SEO plugin v27.2 - https:\/\/yoast.com\/product\/yoast-seo-wordpress\/ -->\n<title>Training Documents | Res-Q-Jack, Inc.<\/title>\n<meta name=\"description\" content=\"How-to articles and white papers to educate our users to become more effective, and safer at extrication.\" \/>\n<meta name=\"robots\" content=\"index, follow, max-snippet:-1, max-image-preview:large, max-video-preview:-1\" \/>\n<link rel=\"canonical\" href=\"https:\/\/res-q-jack.com\/es\/formacion\/documentos-de-formacion\/\" \/>\n<meta property=\"og:locale\" content=\"es_MX\" \/>\n<meta property=\"og:type\" content=\"article\" \/>\n<meta property=\"og:title\" content=\"Training Documents | Res-Q-Jack, Inc.\" \/>\n<meta property=\"og:description\" content=\"How-to articles and white papers to educate our users to become more effective, and safer at extrication.\" \/>\n<meta property=\"og:url\" content=\"https:\/\/res-q-jack.com\/es\/formacion\/documentos-de-formacion\/\" \/>\n<meta property=\"og:site_name\" content=\"Res-Q-Jack, Inc.\" \/>\n<meta property=\"article:modified_time\" content=\"2024-01-08T16:05:20+00:00\" \/>\n<meta property=\"og:image\" content=\"https:\/\/res-q-jack.com\/wp-content\/uploads\/2020\/06\/Training-Documents.jpg\" \/>\n\t<meta property=\"og:image:width\" content=\"450\" \/>\n\t<meta property=\"og:image:height\" content=\"300\" \/>\n\t<meta property=\"og:image:type\" content=\"image\/jpeg\" \/>\n<meta name=\"twitter:card\" content=\"summary_large_image\" \/>\n<script type=\"application\/ld+json\" class=\"yoast-schema-graph\">{\"@context\":\"https:\/\/schema.org\",\"@graph\":[{\"@type\":\"WebPage\",\"@id\":\"https:\/\/res-q-jack.com\/training\/training-documents\/\",\"url\":\"https:\/\/res-q-jack.com\/training\/training-documents\/\",\"name\":\"Training Documents | Res-Q-Jack, Inc.\",\"isPartOf\":{\"@id\":\"https:\/\/res-q-jack.com\/#website\"},\"primaryImageOfPage\":{\"@id\":\"https:\/\/res-q-jack.com\/training\/training-documents\/#primaryimage\"},\"image\":{\"@id\":\"https:\/\/res-q-jack.com\/training\/training-documents\/#primaryimage\"},\"thumbnailUrl\":\"https:\/\/res-q-jack.com\/wp-content\/uploads\/2020\/06\/Training-Documents.jpg\",\"datePublished\":\"2019-12-13T17:40:16+00:00\",\"dateModified\":\"2024-01-08T16:05:20+00:00\",\"description\":\"How-to articles and white papers to educate our users to become more effective, and safer at extrication.\",\"breadcrumb\":{\"@id\":\"https:\/\/res-q-jack.com\/training\/training-documents\/#breadcrumb\"},\"inLanguage\":\"es\",\"potentialAction\":[{\"@type\":\"ReadAction\",\"target\":[\"https:\/\/res-q-jack.com\/training\/training-documents\/\"]}]},{\"@type\":\"ImageObject\",\"inLanguage\":\"es\",\"@id\":\"https:\/\/res-q-jack.com\/training\/training-documents\/#primaryimage\",\"url\":\"https:\/\/res-q-jack.com\/wp-content\/uploads\/2020\/06\/Training-Documents.jpg\",\"contentUrl\":\"https:\/\/res-q-jack.com\/wp-content\/uploads\/2020\/06\/Training-Documents.jpg\",\"width\":450,\"height\":300,\"caption\":\"Res-Q-Jack Training Documents\"},{\"@type\":\"BreadcrumbList\",\"@id\":\"https:\/\/res-q-jack.com\/training\/training-documents\/#breadcrumb\",\"itemListElement\":[{\"@type\":\"ListItem\",\"position\":1,\"name\":\"Home\",\"item\":\"https:\/\/res-q-jack.com\/\"},{\"@type\":\"ListItem\",\"position\":2,\"name\":\"Training\",\"item\":\"https:\/\/res-q-jack.com\/training\/\"},{\"@type\":\"ListItem\",\"position\":3,\"name\":\"Training Documents\"}]},{\"@type\":\"WebSite\",\"@id\":\"https:\/\/res-q-jack.com\/#website\",\"url\":\"https:\/\/res-q-jack.com\/\",\"name\":\"Res-Q-Jack, Inc.\",\"description\":\"Vehicle Stabilization Struts\",\"publisher\":{\"@id\":\"https:\/\/res-q-jack.com\/#organization\"},\"potentialAction\":[{\"@type\":\"SearchAction\",\"target\":{\"@type\":\"EntryPoint\",\"urlTemplate\":\"https:\/\/res-q-jack.com\/?s={search_term_string}\"},\"query-input\":{\"@type\":\"PropertyValueSpecification\",\"valueRequired\":true,\"valueName\":\"search_term_string\"}}],\"inLanguage\":\"es\"},{\"@type\":\"Organization\",\"@id\":\"https:\/\/res-q-jack.com\/#organization\",\"name\":\"Res-Q-Jack, Inc.\",\"url\":\"https:\/\/res-q-jack.com\/\",\"logo\":{\"@type\":\"ImageObject\",\"inLanguage\":\"es\",\"@id\":\"https:\/\/res-q-jack.com\/#\/schema\/logo\/image\/\",\"url\":\"https:\/\/res-q-jack.com\/wp-content\/uploads\/2020\/03\/Res-Q-Jack-SEO-Logo.png\",\"contentUrl\":\"https:\/\/res-q-jack.com\/wp-content\/uploads\/2020\/03\/Res-Q-Jack-SEO-Logo.png\",\"width\":612,\"height\":138,\"caption\":\"Res-Q-Jack, Inc.\"},\"image\":{\"@id\":\"https:\/\/res-q-jack.com\/#\/schema\/logo\/image\/\"}}]}<\/script>\n<!-- \/ Yoast SEO plugin. -->","yoast_head_json":{"title":"Documentos de formaci\u00f3n | Res-Q-Jack, Inc.","description":"Art\u00edculos de instrucciones y libros blancos para educar a nuestros usuarios para que sean m\u00e1s eficaces y seguros en la extracci\u00f3n.","robots":{"index":"index","follow":"follow","max-snippet":"max-snippet:-1","max-image-preview":"max-image-preview:large","max-video-preview":"max-video-preview:-1"},"canonical":"https:\/\/res-q-jack.com\/es\/formacion\/documentos-de-formacion\/","og_locale":"es_MX","og_type":"article","og_title":"Training Documents | Res-Q-Jack, Inc.","og_description":"How-to articles and white papers to educate our users to become more effective, and safer at extrication.","og_url":"https:\/\/res-q-jack.com\/es\/formacion\/documentos-de-formacion\/","og_site_name":"Res-Q-Jack, Inc.","article_modified_time":"2024-01-08T16:05:20+00:00","og_image":[{"width":450,"height":300,"url":"https:\/\/res-q-jack.com\/wp-content\/uploads\/2020\/06\/Training-Documents.jpg","type":"image\/jpeg"}],"twitter_card":"summary_large_image","schema":{"@context":"https:\/\/schema.org","@graph":[{"@type":"WebPage","@id":"https:\/\/res-q-jack.com\/training\/training-documents\/","url":"https:\/\/res-q-jack.com\/training\/training-documents\/","name":"Documentos de formaci\u00f3n | Res-Q-Jack, Inc.","isPartOf":{"@id":"https:\/\/res-q-jack.com\/#website"},"primaryImageOfPage":{"@id":"https:\/\/res-q-jack.com\/training\/training-documents\/#primaryimage"},"image":{"@id":"https:\/\/res-q-jack.com\/training\/training-documents\/#primaryimage"},"thumbnailUrl":"https:\/\/res-q-jack.com\/wp-content\/uploads\/2020\/06\/Training-Documents.jpg","datePublished":"2019-12-13T17:40:16+00:00","dateModified":"2024-01-08T16:05:20+00:00","description":"Art\u00edculos de instrucciones y libros blancos para educar a nuestros usuarios para que sean m\u00e1s eficaces y seguros en la extracci\u00f3n.","breadcrumb":{"@id":"https:\/\/res-q-jack.com\/training\/training-documents\/#breadcrumb"},"inLanguage":"es","potentialAction":[{"@type":"ReadAction","target":["https:\/\/res-q-jack.com\/training\/training-documents\/"]}]},{"@type":"ImageObject","inLanguage":"es","@id":"https:\/\/res-q-jack.com\/training\/training-documents\/#primaryimage","url":"https:\/\/res-q-jack.com\/wp-content\/uploads\/2020\/06\/Training-Documents.jpg","contentUrl":"https:\/\/res-q-jack.com\/wp-content\/uploads\/2020\/06\/Training-Documents.jpg","width":450,"height":300,"caption":"Res-Q-Jack Training Documents"},{"@type":"BreadcrumbList","@id":"https:\/\/res-q-jack.com\/training\/training-documents\/#breadcrumb","itemListElement":[{"@type":"ListItem","position":1,"name":"Home","item":"https:\/\/res-q-jack.com\/"},{"@type":"ListItem","position":2,"name":"Training","item":"https:\/\/res-q-jack.com\/training\/"},{"@type":"ListItem","position":3,"name":"Training Documents"}]},{"@type":"WebSite","@id":"https:\/\/res-q-jack.com\/#website","url":"https:\/\/res-q-jack.com\/","name":"Res-Q-Jack, Inc.","description":"Puntales de estabilizaci\u00f3n del veh\u00edculo","publisher":{"@id":"https:\/\/res-q-jack.com\/#organization"},"potentialAction":[{"@type":"SearchAction","target":{"@type":"EntryPoint","urlTemplate":"https:\/\/res-q-jack.com\/?s={search_term_string}"},"query-input":{"@type":"PropertyValueSpecification","valueRequired":true,"valueName":"search_term_string"}}],"inLanguage":"es"},{"@type":"Organization","@id":"https:\/\/res-q-jack.com\/#organization","name":"Res-Q-Jack, Inc.","url":"https:\/\/res-q-jack.com\/","logo":{"@type":"ImageObject","inLanguage":"es","@id":"https:\/\/res-q-jack.com\/#\/schema\/logo\/image\/","url":"https:\/\/res-q-jack.com\/wp-content\/uploads\/2020\/03\/Res-Q-Jack-SEO-Logo.png","contentUrl":"https:\/\/res-q-jack.com\/wp-content\/uploads\/2020\/03\/Res-Q-Jack-SEO-Logo.png","width":612,"height":138,"caption":"Res-Q-Jack, Inc."},"image":{"@id":"https:\/\/res-q-jack.com\/#\/schema\/logo\/image\/"}}]}},"_links":{"self":[{"href":"https:\/\/res-q-jack.com\/es\/wp-json\/wp\/v2\/pages\/46","targetHints":{"allow":["GET"]}}],"collection":[{"href":"https:\/\/res-q-jack.com\/es\/wp-json\/wp\/v2\/pages"}],"about":[{"href":"https:\/\/res-q-jack.com\/es\/wp-json\/wp\/v2\/types\/page"}],"author":[{"embeddable":true,"href":"https:\/\/res-q-jack.com\/es\/wp-json\/wp\/v2\/users\/2"}],"replies":[{"embeddable":true,"href":"https:\/\/res-q-jack.com\/es\/wp-json\/wp\/v2\/comments?post=46"}],"version-history":[{"count":0,"href":"https:\/\/res-q-jack.com\/es\/wp-json\/wp\/v2\/pages\/46\/revisions"}],"up":[{"embeddable":true,"href":"https:\/\/res-q-jack.com\/es\/wp-json\/wp\/v2\/pages\/1501"}],"wp:featuredmedia":[{"embeddable":true,"href":"https:\/\/res-q-jack.com\/es\/wp-json\/wp\/v2\/media\/1504"}],"wp:attachment":[{"href":"https:\/\/res-q-jack.com\/es\/wp-json\/wp\/v2\/media?parent=46"}],"curies":[{"name":"wp","href":"https:\/\/api.w.org\/{rel}","templated":true}]}}