{"id":187,"date":"2019-12-18T16:18:26","date_gmt":"2019-12-18T21:18:26","guid":{"rendered":"https:\/\/resqjack.wpengine.com\/?page_id=187"},"modified":"2024-11-13T15:22:23","modified_gmt":"2024-11-13T20:22:23","slug":"puntales-de-estabilizacion-de-vehiculos","status":"publish","type":"page","link":"https:\/\/res-q-jack.com\/es\/struts\/vehicle-stabilization-struts\/","title":{"rendered":"Puntales de estabilizaci\u00f3n del veh\u00edculo"},"content":{"rendered":"<h3>Heavy, Standard &amp; Light-Duty<\/h3>\r\n<h1>Puntales de estabilizaci\u00f3n del veh\u00edculo<\/h1>\r\n<p>Nuestros puntales est\u00e1n dise\u00f1ados, fabricados a mano y probados rigurosamente en los Estados Unidos, para ofrecerle un puntal de despliegue r\u00e1pido y fiable para cualquier escenario de rescate.<\/p>\r\n<p><img decoding=\"async\" title=\"cami\u00f3n de cemento-icono\" data-src=\"https:\/\/res-q-jack.com\/wp-content\/uploads\/2020\/06\/cement-truck-icon.png\" alt=\"Estabilizaci\u00f3n de veh\u00edculos pesados y puntales de rescate\" src=\"data:image\/svg+xml;base64,PHN2ZyB3aWR0aD0iMSIgaGVpZ2h0PSIxIiB4bWxucz0iaHR0cDovL3d3dy53My5vcmcvMjAwMC9zdmciPjwvc3ZnPg==\" class=\"lazyload\" style=\"--smush-placeholder-width: 115px; --smush-placeholder-aspect-ratio: 115\/115;\" \/><\/p>\r\n<h3>Heavy-Duty<\/h3>\r\n<h2>Puntales de estabilizaci\u00f3n del veh\u00edculo<\/h2>\r\n<p>Nuestros puntales de alta resistencia tienen cargas de trabajo nominales de 10.000 libras a 20.000 (2:1) para su uso con veh\u00edculos grandes, apuntalamiento estructural y rescate t\u00e9cnico.<\/p>\r\n<p><img decoding=\"async\" title=\"Puntal de estabilizaci\u00f3n de veh\u00edculos pesados de la serie Super X-Strut\" data-src=\"https:\/\/res-q-jack.com\/wp-content\/uploads\/2019\/12\/Super-X-Strut-Series-Heavy-Duty-Vehicle-Stabilization-Strut-100x300.png\" alt=\"Puntal de estabilizaci\u00f3n de veh\u00edculos pesados de la serie Super X-Strut\" src=\"data:image\/svg+xml;base64,PHN2ZyB3aWR0aD0iMSIgaGVpZ2h0PSIxIiB4bWxucz0iaHR0cDovL3d3dy53My5vcmcvMjAwMC9zdmciPjwvc3ZnPg==\" class=\"lazyload\" style=\"--smush-placeholder-width: 100px; --smush-placeholder-aspect-ratio: 100\/300;\" \/><\/p>\r\n<h5><img decoding=\"async\" data-src=\"https:\/\/res-q-jack.com\/wp-content\/uploads\/2020\/05\/Pin-Free-Stabilization-Struts-95x18-1.png\" src=\"data:image\/svg+xml;base64,PHN2ZyB3aWR0aD0iMSIgaGVpZ2h0PSIxIiB4bWxucz0iaHR0cDovL3d3dy53My5vcmcvMjAwMC9zdmciPjwvc3ZnPg==\" class=\"lazyload\" style=\"--smush-placeholder-width: 95px; --smush-placeholder-aspect-ratio: 95\/18;\" \/><\/h5>\r\n<h3>Super X-Strut Series<\/h3>\r\n<p>La Super X es nuestra l\u00ednea de puntales m\u00e1s resistente, dise\u00f1ada para el rescate de veh\u00edculos pesados, el apuntalamiento estructural y el rescate t\u00e9cnico.\u00a0<\/p>\r\n<p><strong>L\u00edmite de carga de trabajo: 19.300 libras (factor de seguridad 2:1)<\/strong><\/p>\r\n<p><a role=\"button\" href=\"https:\/\/res-q-jack.com\/es\/puntales\/puntales-de-estabilizacion-de-vehiculos\/puntales-de-estabilizacion-para-vehiculos-pesados\/super-x-strut\/\" target=\"_self\" rel=\"noopener noreferrer\"> Ver detalles <\/a> <img decoding=\"async\" title=\"Puntal de estabilizaci\u00f3n de veh\u00edculos sin pasadores de la serie X-Struct de Apex\" data-src=\"https:\/\/res-q-jack.com\/wp-content\/uploads\/2020\/04\/Apex-X-Struct-Series-Heavy-Duty-Pin-Free-Vehicle-Stabilization-Strut-100x300.jpg\" alt=\"Puntal de estabilizaci\u00f3n de veh\u00edculos sin pasadores de la serie X-Struct de Apex\" src=\"data:image\/svg+xml;base64,PHN2ZyB3aWR0aD0iMSIgaGVpZ2h0PSIxIiB4bWxucz0iaHR0cDovL3d3dy53My5vcmcvMjAwMC9zdmciPjwvc3ZnPg==\" class=\"lazyload\" style=\"--smush-placeholder-width: 100px; --smush-placeholder-aspect-ratio: 100\/300;\" \/><\/p>\r\n<h5><img decoding=\"async\" data-src=\"https:\/\/res-q-jack.com\/wp-content\/uploads\/2020\/05\/Pin-Free-Stabilization-Struts-95x18-1.png\" src=\"data:image\/svg+xml;base64,PHN2ZyB3aWR0aD0iMSIgaGVpZ2h0PSIxIiB4bWxucz0iaHR0cDovL3d3dy53My5vcmcvMjAwMC9zdmciPjwvc3ZnPg==\" class=\"lazyload\" style=\"--smush-placeholder-width: 95px; --smush-placeholder-aspect-ratio: 95\/18;\" \/><\/h5>\r\n<h3>Apex X-Strut Series<\/h3>\r\n<p>El Apex es nuestra \u00faltima l\u00ednea de puntales sin pasador para trabajos pesados, dise\u00f1ada para la mayor\u00eda de los escenarios de rescate de veh\u00edculos.\u00a0\u00a0<\/p>\r\n<p><strong>L\u00edmite de carga de trabajo: hasta 12.500 libras (factor de seguridad 2:1)<\/strong><\/p>\r\n<p><a role=\"button\" href=\"https:\/\/res-q-jack.com\/es\/puntales\/puntales-de-estabilizacion-de-vehiculos\/puntales-de-estabilizacion-para-vehiculos-pesados\/apex-x-strut\/\" target=\"_self\" rel=\"noopener noreferrer\"> Ver detalles <\/a> <img decoding=\"async\" title=\"Puntal de estabilizaci\u00f3n de veh\u00edculos de alta resistencia de la serie X-Strut de aluminio\" data-src=\"https:\/\/res-q-jack.com\/wp-content\/uploads\/2019\/12\/Aluminum-X-Strut-Series-Heavy-Duty-Pinned-Vehicle-Stabilization-Strut-100x300.png\" alt=\"Puntal de estabilizaci\u00f3n de veh\u00edculos de alta resistencia de la serie X-Strut de aluminio\" src=\"data:image\/svg+xml;base64,PHN2ZyB3aWR0aD0iMSIgaGVpZ2h0PSIxIiB4bWxucz0iaHR0cDovL3d3dy53My5vcmcvMjAwMC9zdmciPjwvc3ZnPg==\" class=\"lazyload\" style=\"--smush-placeholder-width: 100px; --smush-placeholder-aspect-ratio: 100\/300;\" \/><\/p>\r\n<h3>Aluminum X-Strut Series<\/h3>\r\n<p>El X-Strut de aluminio es nuestra l\u00ednea de puntales con pasador m\u00e1s resistente, dise\u00f1ada para el rescate de veh\u00edculos pesados junto con otras aplicaciones diversas.<\/p>\r\n<p><strong>L\u00edmite de carga de trabajo: 10.000 libras (factor de seguridad 2:1)<\/strong><\/p>\r\n<p><a role=\"button\" href=\"https:\/\/res-q-jack.com\/es\/puntales\/puntales-de-estabilizacion-de-vehiculos\/puntales-de-estabilizacion-para-vehiculos-pesados\/puntal-de-aluminio-x\/\" target=\"_self\" rel=\"noopener noreferrer\"> Ver detalles <\/a> <img decoding=\"async\" title=\"pickup-icon\" data-src=\"https:\/\/res-q-jack.com\/wp-content\/uploads\/2020\/06\/pickup-icon.png\" alt=\"Puntales de estabilizaci\u00f3n y rescate para veh\u00edculos de servicio est\u00e1ndar\" src=\"data:image\/svg+xml;base64,PHN2ZyB3aWR0aD0iMSIgaGVpZ2h0PSIxIiB4bWxucz0iaHR0cDovL3d3dy53My5vcmcvMjAwMC9zdmciPjwvc3ZnPg==\" class=\"lazyload\" style=\"--smush-placeholder-width: 115px; --smush-placeholder-aspect-ratio: 115\/115;\" \/><\/p>\r\n<h3>Servicio est\u00e1ndar<\/h3>\r\n<h2>Puntales de estabilizaci\u00f3n del veh\u00edculo<\/h2>\r\n<p>Nuestros puntales de servicio est\u00e1ndar tienen cargas de trabajo nominales de 4.000 libras (2:1) para su uso con camiones ligeros, SUV y veh\u00edculos t\u00edpicos.<\/p>\r\n<p><img decoding=\"async\" title=\"Puntal de estabilizaci\u00f3n de veh\u00edculos de servicio est\u00e1ndar de la serie X de acero\" data-src=\"https:\/\/res-q-jack.com\/wp-content\/uploads\/2019\/12\/Steel-X-Strut-Series-Standard-Duty-Vehicle-Stabilization-Strut.jpg\" alt=\"Puntal de estabilizaci\u00f3n de veh\u00edculos de servicio est\u00e1ndar de la serie X de acero\" src=\"data:image\/svg+xml;base64,PHN2ZyB3aWR0aD0iMSIgaGVpZ2h0PSIxIiB4bWxucz0iaHR0cDovL3d3dy53My5vcmcvMjAwMC9zdmciPjwvc3ZnPg==\" class=\"lazyload\" style=\"--smush-placeholder-width: 220px; --smush-placeholder-aspect-ratio: 220\/660;\" \/><\/p>\r\n<h3>Steel X-Strut Series Struts<\/h3>\r\n<p>La serie de puntales X de acero es nuestra l\u00ednea original de puntales X dise\u00f1ada para el rescate t\u00edpico de veh\u00edculos.<\/p>\r\n<p><strong>L\u00edmite de carga de trabajo: 4.000 libras (factor de seguridad 2:1)<\/strong><\/p>\r\n<p><a role=\"button\" href=\"https:\/\/res-q-jack.com\/es\/puntales\/puntales-de-estabilizacion-de-vehiculos\/puntales-de-estabilizacion-de-vehiculos-de-serie\/puntal-de-acero-x\/\" target=\"_self\" rel=\"noopener noreferrer\"> Ver detalles <\/a> <img decoding=\"async\" title=\"Puntal de estabilizaci\u00f3n de veh\u00edculos de servicio est\u00e1ndar de la serie RJ3\" data-src=\"https:\/\/res-q-jack.com\/wp-content\/uploads\/2019\/12\/RJ3-Series-Standard-Duty-Vehicle-Stabilization-Strut-100x300.jpg\" alt=\"Puntal de estabilizaci\u00f3n de veh\u00edculos de servicio est\u00e1ndar de la serie RJ3\" src=\"data:image\/svg+xml;base64,PHN2ZyB3aWR0aD0iMSIgaGVpZ2h0PSIxIiB4bWxucz0iaHR0cDovL3d3dy53My5vcmcvMjAwMC9zdmciPjwvc3ZnPg==\" class=\"lazyload\" style=\"--smush-placeholder-width: 100px; --smush-placeholder-aspect-ratio: 100\/300;\" \/><\/p>\r\n<h3>Puntales de la serie RJ3<\/h3>\r\n<p>La serie RJ3 es una l\u00ednea original de puntales de estabilizaci\u00f3n de acero dise\u00f1ados para el rescate t\u00edpico de veh\u00edculos.<\/p>\r\n<p><strong>L\u00edmite de carga de trabajo: 4.000 libras (factor de seguridad 2:1)<\/strong><\/p>\r\n<p><a role=\"button\" href=\"https:\/\/res-q-jack.com\/es\/puntales\/puntales-de-estabilizacion-de-vehiculos\/puntales-de-estabilizacion-de-vehiculos-de-serie\/rj3-jkst-jackstand\/\" target=\"_self\" rel=\"noopener noreferrer\"> Ver detalles <\/a> <img decoding=\"async\" title=\"car-icon\" data-src=\"https:\/\/res-q-jack.com\/wp-content\/uploads\/2020\/06\/car-icon.png\" alt=\"Estabilizaci\u00f3n de veh\u00edculos ligeros y puntales de rescate\" src=\"data:image\/svg+xml;base64,PHN2ZyB3aWR0aD0iMSIgaGVpZ2h0PSIxIiB4bWxucz0iaHR0cDovL3d3dy53My5vcmcvMjAwMC9zdmciPjwvc3ZnPg==\" class=\"lazyload\" style=\"--smush-placeholder-width: 115px; --smush-placeholder-aspect-ratio: 115\/115;\" \/><\/p>\r\n<h3>Servicio ligero<\/h3>\r\n<h2>Puntales de estabilizaci\u00f3n del veh\u00edculo<\/h2>\r\n<p>Nuestros puntales tienen cargas de trabajo inferiores a 4.000 libras (2:1) para su uso con coches compactos y veh\u00edculos m\u00e1s ligeros.<\/p>\r\n<p><img decoding=\"async\" title=\"Puntal de estabilizaci\u00f3n de veh\u00edculos ligeros de la serie Auto X-Strut\" data-src=\"https:\/\/res-q-jack.com\/wp-content\/uploads\/2019\/12\/Auto-X-Strut-Series-Light-Duty-Vehicle-Stabilization-Strut-100x300.jpg\" alt=\"Puntal de estabilizaci\u00f3n de veh\u00edculos ligeros de la serie Auto X-Strut\" src=\"data:image\/svg+xml;base64,PHN2ZyB3aWR0aD0iMSIgaGVpZ2h0PSIxIiB4bWxucz0iaHR0cDovL3d3dy53My5vcmcvMjAwMC9zdmciPjwvc3ZnPg==\" class=\"lazyload\" style=\"--smush-placeholder-width: 100px; --smush-placeholder-aspect-ratio: 100\/300;\" \/><\/p>\r\n<h5><img decoding=\"async\" data-src=\"https:\/\/res-q-jack.com\/wp-content\/uploads\/2020\/05\/Pin-Free-Stabilization-Struts-95x18-1.png\" src=\"data:image\/svg+xml;base64,PHN2ZyB3aWR0aD0iMSIgaGVpZ2h0PSIxIiB4bWxucz0iaHR0cDovL3d3dy53My5vcmcvMjAwMC9zdmciPjwvc3ZnPg==\" class=\"lazyload\" style=\"--smush-placeholder-width: 95px; --smush-placeholder-aspect-ratio: 95\/18;\" \/><\/h5>\r\n<h3>Auto X-Strut Series<\/h3>\r\n<p>El Auto X es nuestro puntal sin pasador para trabajos ligeros que permite estabilizar y elevar r\u00e1pidamente veh\u00edculos peque\u00f1os.<\/p>\r\n<p><strong>L\u00edmite de carga de trabajo: 3.250 libras (factor de seguridad 2:1)<\/strong><\/p>\r\n<p><a role=\"button\" href=\"https:\/\/res-q-jack.com\/es\/puntales\/puntales-de-estabilizacion-de-vehiculos\/puntales-de-estabilizacion-de-vehiculos-ligeros\/auto-x-strut\/\" target=\"_self\" rel=\"noopener noreferrer\"> Ver detalles <\/a> <img decoding=\"async\" title=\"Puntal de estabilizaci\u00f3n de veh\u00edculos ligeros de la serie X de GreenLite\" data-src=\"https:\/\/res-q-jack.com\/wp-content\/uploads\/2019\/12\/GreenLite-X-Strut-Series-Light-Duty-Vehicle-Stabilization-Strut-100x300.jpg\" alt=\"Puntal de estabilizaci\u00f3n de veh\u00edculos ligeros de la serie X de GreenLite\" src=\"data:image\/svg+xml;base64,PHN2ZyB3aWR0aD0iMSIgaGVpZ2h0PSIxIiB4bWxucz0iaHR0cDovL3d3dy53My5vcmcvMjAwMC9zdmciPjwvc3ZnPg==\" class=\"lazyload\" style=\"--smush-placeholder-width: 100px; --smush-placeholder-aspect-ratio: 100\/300;\" \/><\/p>\r\n<h3>GreenLite\u2122 X-Strut Series<\/h3>\r\n<p>La serie GreenLite es nuestra l\u00ednea X-Strut m\u00e1s asequible, dise\u00f1ada para una r\u00e1pida estabilizaci\u00f3n con la capacidad de elevarse cuando sea necesario.<\/p>\r\n<p><strong>L\u00edmite de carga de trabajo: 2.500 libras (factor de seguridad 2:1)<\/strong><\/p>\r\n<p><a role=\"button\" href=\"https:\/\/res-q-jack.com\/es\/puntales\/puntales-de-estabilizacion-de-vehiculos\/puntales-de-estabilizacion-de-vehiculos-ligeros\/greenlite-x-strut\/\" target=\"_self\" rel=\"noopener noreferrer\"> Ver detalles <\/a><\/p>\r\n<h4>\u00bfPreguntas? Ll\u00e1menos al 1-800-466-9626<\/h4>","protected":false},"excerpt":{"rendered":"<p>Heavy, Standard &amp; Light-Duty Vehicle Stabilization Struts Our struts are designed, hand-made and rigorously tested in the USA, to give you a fast-deploying and reliable strut for any rescue scenario. Heavy-Duty Vehicle Stabilization Struts Our heavy-duty struts have rated working loads of 10,000 lbs. to 20,000 (2:1) for use with large vehicles, structural shoring &amp;&hellip;<\/p>","protected":false},"author":2,"featured_media":0,"parent":42,"menu_order":0,"comment_status":"closed","ping_status":"closed","template":"","meta":{"footnotes":""},"class_list":["post-187","page","type-page","status-publish","hentry"],"yoast_head":"<!-- This site is optimized with the Yoast SEO plugin v27.2 - https:\/\/yoast.com\/product\/yoast-seo-wordpress\/ -->\n<title>Vehicle Stabilization Struts | Res-Q-Jack, Inc.<\/title>\n<meta name=\"description\" content=\"Vehicle stabilization struts by Res-Q-Jack\u2014built for swift, secure support in emergency rescues. Enhance your team\u2019s efficiency today.\" \/>\n<meta name=\"robots\" content=\"index, follow, max-snippet:-1, max-image-preview:large, max-video-preview:-1\" \/>\n<link rel=\"canonical\" href=\"https:\/\/res-q-jack.com\/es\/puntales\/puntales-de-estabilizacion-de-vehiculos\/\" \/>\n<meta property=\"og:locale\" content=\"es_MX\" \/>\n<meta property=\"og:type\" content=\"article\" \/>\n<meta property=\"og:title\" content=\"Vehicle Stabilization Struts | Res-Q-Jack, Inc.\" \/>\n<meta property=\"og:description\" content=\"Vehicle stabilization struts by Res-Q-Jack\u2014built for swift, secure support in emergency rescues. Enhance your team\u2019s efficiency today.\" \/>\n<meta property=\"og:url\" content=\"https:\/\/res-q-jack.com\/es\/puntales\/puntales-de-estabilizacion-de-vehiculos\/\" \/>\n<meta property=\"og:site_name\" content=\"Res-Q-Jack, Inc.\" \/>\n<meta property=\"article:modified_time\" content=\"2024-11-13T20:22:23+00:00\" \/>\n<meta property=\"og:image\" content=\"https:\/\/res-q-jack.com\/wp-content\/uploads\/2020\/06\/cement-truck-icon.png\" \/>\n<meta name=\"twitter:card\" content=\"summary_large_image\" \/>\n<meta name=\"twitter:label1\" content=\"Tiempo de lectura\" \/>\n\t<meta name=\"twitter:data1\" content=\"5 minutos\" \/>\n<script type=\"application\/ld+json\" class=\"yoast-schema-graph\">{\"@context\":\"https:\/\/schema.org\",\"@graph\":[{\"@type\":\"WebPage\",\"@id\":\"https:\/\/res-q-jack.com\/struts\/vehicle-stabilization-struts\/\",\"url\":\"https:\/\/res-q-jack.com\/struts\/vehicle-stabilization-struts\/\",\"name\":\"Vehicle Stabilization Struts | Res-Q-Jack, Inc.\",\"isPartOf\":{\"@id\":\"https:\/\/res-q-jack.com\/#website\"},\"primaryImageOfPage\":{\"@id\":\"https:\/\/res-q-jack.com\/struts\/vehicle-stabilization-struts\/#primaryimage\"},\"image\":{\"@id\":\"https:\/\/res-q-jack.com\/struts\/vehicle-stabilization-struts\/#primaryimage\"},\"thumbnailUrl\":\"https:\/\/res-q-jack.com\/wp-content\/uploads\/2020\/06\/cement-truck-icon.png\",\"datePublished\":\"2019-12-18T21:18:26+00:00\",\"dateModified\":\"2024-11-13T20:22:23+00:00\",\"description\":\"Vehicle stabilization struts by Res-Q-Jack\u2014built for swift, secure support in emergency rescues. Enhance your team\u2019s efficiency today.\",\"breadcrumb\":{\"@id\":\"https:\/\/res-q-jack.com\/struts\/vehicle-stabilization-struts\/#breadcrumb\"},\"inLanguage\":\"es\",\"potentialAction\":[{\"@type\":\"ReadAction\",\"target\":[\"https:\/\/res-q-jack.com\/struts\/vehicle-stabilization-struts\/\"]}]},{\"@type\":\"ImageObject\",\"inLanguage\":\"es\",\"@id\":\"https:\/\/res-q-jack.com\/struts\/vehicle-stabilization-struts\/#primaryimage\",\"url\":\"https:\/\/res-q-jack.com\/wp-content\/uploads\/2020\/06\/cement-truck-icon.png\",\"contentUrl\":\"https:\/\/res-q-jack.com\/wp-content\/uploads\/2020\/06\/cement-truck-icon.png\"},{\"@type\":\"BreadcrumbList\",\"@id\":\"https:\/\/res-q-jack.com\/struts\/vehicle-stabilization-struts\/#breadcrumb\",\"itemListElement\":[{\"@type\":\"ListItem\",\"position\":1,\"name\":\"Home\",\"item\":\"https:\/\/res-q-jack.com\/\"},{\"@type\":\"ListItem\",\"position\":2,\"name\":\"Rescue Struts\",\"item\":\"https:\/\/res-q-jack.com\/struts\/\"},{\"@type\":\"ListItem\",\"position\":3,\"name\":\"Vehicle Stabilization Struts\"}]},{\"@type\":\"WebSite\",\"@id\":\"https:\/\/res-q-jack.com\/#website\",\"url\":\"https:\/\/res-q-jack.com\/\",\"name\":\"Res-Q-Jack, Inc.\",\"description\":\"Vehicle Stabilization Struts\",\"publisher\":{\"@id\":\"https:\/\/res-q-jack.com\/#organization\"},\"potentialAction\":[{\"@type\":\"SearchAction\",\"target\":{\"@type\":\"EntryPoint\",\"urlTemplate\":\"https:\/\/res-q-jack.com\/?s={search_term_string}\"},\"query-input\":{\"@type\":\"PropertyValueSpecification\",\"valueRequired\":true,\"valueName\":\"search_term_string\"}}],\"inLanguage\":\"es\"},{\"@type\":\"Organization\",\"@id\":\"https:\/\/res-q-jack.com\/#organization\",\"name\":\"Res-Q-Jack, Inc.\",\"url\":\"https:\/\/res-q-jack.com\/\",\"logo\":{\"@type\":\"ImageObject\",\"inLanguage\":\"es\",\"@id\":\"https:\/\/res-q-jack.com\/#\/schema\/logo\/image\/\",\"url\":\"https:\/\/res-q-jack.com\/wp-content\/uploads\/2020\/03\/Res-Q-Jack-SEO-Logo.png\",\"contentUrl\":\"https:\/\/res-q-jack.com\/wp-content\/uploads\/2020\/03\/Res-Q-Jack-SEO-Logo.png\",\"width\":612,\"height\":138,\"caption\":\"Res-Q-Jack, Inc.\"},\"image\":{\"@id\":\"https:\/\/res-q-jack.com\/#\/schema\/logo\/image\/\"}}]}<\/script>\n<!-- \/ Yoast SEO plugin. -->","yoast_head_json":{"title":"Puntales de estabilizaci\u00f3n de veh\u00edculos | Res-Q-Jack, Inc.","description":"Puntales de estabilizaci\u00f3n de veh\u00edculos de Res-Q-Jack, construidos para un apoyo r\u00e1pido y seguro en rescates de emergencia. Mejore la eficiencia de su equipo hoy mismo.","robots":{"index":"index","follow":"follow","max-snippet":"max-snippet:-1","max-image-preview":"max-image-preview:large","max-video-preview":"max-video-preview:-1"},"canonical":"https:\/\/res-q-jack.com\/es\/puntales\/puntales-de-estabilizacion-de-vehiculos\/","og_locale":"es_MX","og_type":"article","og_title":"Vehicle Stabilization Struts | Res-Q-Jack, Inc.","og_description":"Vehicle stabilization struts by Res-Q-Jack\u2014built for swift, secure support in emergency rescues. Enhance your team\u2019s efficiency today.","og_url":"https:\/\/res-q-jack.com\/es\/puntales\/puntales-de-estabilizacion-de-vehiculos\/","og_site_name":"Res-Q-Jack, Inc.","article_modified_time":"2024-11-13T20:22:23+00:00","og_image":[{"url":"https:\/\/res-q-jack.com\/wp-content\/uploads\/2020\/06\/cement-truck-icon.png","type":"","width":"","height":""}],"twitter_card":"summary_large_image","twitter_misc":{"Tiempo de lectura":"5 minutos"},"schema":{"@context":"https:\/\/schema.org","@graph":[{"@type":"WebPage","@id":"https:\/\/res-q-jack.com\/struts\/vehicle-stabilization-struts\/","url":"https:\/\/res-q-jack.com\/struts\/vehicle-stabilization-struts\/","name":"Puntales de estabilizaci\u00f3n de veh\u00edculos | Res-Q-Jack, Inc.","isPartOf":{"@id":"https:\/\/res-q-jack.com\/#website"},"primaryImageOfPage":{"@id":"https:\/\/res-q-jack.com\/struts\/vehicle-stabilization-struts\/#primaryimage"},"image":{"@id":"https:\/\/res-q-jack.com\/struts\/vehicle-stabilization-struts\/#primaryimage"},"thumbnailUrl":"https:\/\/res-q-jack.com\/wp-content\/uploads\/2020\/06\/cement-truck-icon.png","datePublished":"2019-12-18T21:18:26+00:00","dateModified":"2024-11-13T20:22:23+00:00","description":"Puntales de estabilizaci\u00f3n de veh\u00edculos de Res-Q-Jack, construidos para un apoyo r\u00e1pido y seguro en rescates de emergencia. Mejore la eficiencia de su equipo hoy mismo.","breadcrumb":{"@id":"https:\/\/res-q-jack.com\/struts\/vehicle-stabilization-struts\/#breadcrumb"},"inLanguage":"es","potentialAction":[{"@type":"ReadAction","target":["https:\/\/res-q-jack.com\/struts\/vehicle-stabilization-struts\/"]}]},{"@type":"ImageObject","inLanguage":"es","@id":"https:\/\/res-q-jack.com\/struts\/vehicle-stabilization-struts\/#primaryimage","url":"https:\/\/res-q-jack.com\/wp-content\/uploads\/2020\/06\/cement-truck-icon.png","contentUrl":"https:\/\/res-q-jack.com\/wp-content\/uploads\/2020\/06\/cement-truck-icon.png"},{"@type":"BreadcrumbList","@id":"https:\/\/res-q-jack.com\/struts\/vehicle-stabilization-struts\/#breadcrumb","itemListElement":[{"@type":"ListItem","position":1,"name":"Home","item":"https:\/\/res-q-jack.com\/"},{"@type":"ListItem","position":2,"name":"Rescue Struts","item":"https:\/\/res-q-jack.com\/struts\/"},{"@type":"ListItem","position":3,"name":"Vehicle Stabilization Struts"}]},{"@type":"WebSite","@id":"https:\/\/res-q-jack.com\/#website","url":"https:\/\/res-q-jack.com\/","name":"Res-Q-Jack, Inc.","description":"Puntales de estabilizaci\u00f3n del veh\u00edculo","publisher":{"@id":"https:\/\/res-q-jack.com\/#organization"},"potentialAction":[{"@type":"SearchAction","target":{"@type":"EntryPoint","urlTemplate":"https:\/\/res-q-jack.com\/?s={search_term_string}"},"query-input":{"@type":"PropertyValueSpecification","valueRequired":true,"valueName":"search_term_string"}}],"inLanguage":"es"},{"@type":"Organization","@id":"https:\/\/res-q-jack.com\/#organization","name":"Res-Q-Jack, Inc.","url":"https:\/\/res-q-jack.com\/","logo":{"@type":"ImageObject","inLanguage":"es","@id":"https:\/\/res-q-jack.com\/#\/schema\/logo\/image\/","url":"https:\/\/res-q-jack.com\/wp-content\/uploads\/2020\/03\/Res-Q-Jack-SEO-Logo.png","contentUrl":"https:\/\/res-q-jack.com\/wp-content\/uploads\/2020\/03\/Res-Q-Jack-SEO-Logo.png","width":612,"height":138,"caption":"Res-Q-Jack, Inc."},"image":{"@id":"https:\/\/res-q-jack.com\/#\/schema\/logo\/image\/"}}]}},"_links":{"self":[{"href":"https:\/\/res-q-jack.com\/es\/wp-json\/wp\/v2\/pages\/187","targetHints":{"allow":["GET"]}}],"collection":[{"href":"https:\/\/res-q-jack.com\/es\/wp-json\/wp\/v2\/pages"}],"about":[{"href":"https:\/\/res-q-jack.com\/es\/wp-json\/wp\/v2\/types\/page"}],"author":[{"embeddable":true,"href":"https:\/\/res-q-jack.com\/es\/wp-json\/wp\/v2\/users\/2"}],"replies":[{"embeddable":true,"href":"https:\/\/res-q-jack.com\/es\/wp-json\/wp\/v2\/comments?post=187"}],"version-history":[{"count":0,"href":"https:\/\/res-q-jack.com\/es\/wp-json\/wp\/v2\/pages\/187\/revisions"}],"up":[{"embeddable":true,"href":"https:\/\/res-q-jack.com\/es\/wp-json\/wp\/v2\/pages\/42"}],"wp:attachment":[{"href":"https:\/\/res-q-jack.com\/es\/wp-json\/wp\/v2\/media?parent=187"}],"curies":[{"name":"wp","href":"https:\/\/api.w.org\/{rel}","templated":true}]}}