{"id":12,"date":"2019-12-13T10:36:36","date_gmt":"2019-12-13T15:36:36","guid":{"rendered":"https:\/\/resqjack.wpengine.com\/?page_id=12"},"modified":"2026-04-22T15:13:03","modified_gmt":"2026-04-22T20:13:03","slug":"inicio","status":"publish","type":"page","link":"https:\/\/res-q-jack.com\/es\/","title":{"rendered":"Inicio"},"content":{"rendered":"<h1>MINIMIZE THE EFFORT.<\/h1>\n\t<h1>MAXIMIZE THE LIFT.<\/h1>\n\t\t\t<a href=\"https:\/\/res-q-jack.com\/es\/accesorios\/x-drive\/\"  target=\"_self\">\n\t\t\t\t\t\t\tEXPLORE X-DRIVE\n\t\t\t\t\t<\/a>\n\t<h2>\n\t\t\t\tRespond Faster with Pin-Free Stabilization &amp; Lifting\n\t\t\t<\/h2>\n\t\t\t<p>Nuestros puntales de estabilizaci\u00f3n y elevaci\u00f3n de veh\u00edculos sin pasadores son m\u00e1s r\u00e1pidos y f\u00e1ciles de desplegar, ahorrando tiempo cuando m\u00e1s importa.<\/p>\t\n\t\t\t\t<img decoding=\"async\" data-src=\"https:\/\/res-q-jack.com\/wp-content\/uploads\/2026\/04\/Super-X-Long-w-Ratchet-Hooked-on-Top.png\" alt=\"Super X Long w Ratchet Hooked on Top\" title=\"Super X Long w Ratchet Hooked on Top\" itemprop=\"image\" src=\"data:image\/svg+xml;base64,PHN2ZyB3aWR0aD0iMSIgaGVpZ2h0PSIxIiB4bWxucz0iaHR0cDovL3d3dy53My5vcmcvMjAwMC9zdmciPjwvc3ZnPg==\" class=\"lazyload\" style=\"--smush-placeholder-width: 1700px; --smush-placeholder-aspect-ratio: 1700\/8300;\" \/>\n\t\t\t<h5><img decoding=\"async\" data-src=\"https:\/\/res-q-jack.com\/wp-content\/uploads\/2020\/05\/Pin-Free-Stabilization-Struts-95x18-1.png\" src=\"data:image\/svg+xml;base64,PHN2ZyB3aWR0aD0iMSIgaGVpZ2h0PSIxIiB4bWxucz0iaHR0cDovL3d3dy53My5vcmcvMjAwMC9zdmciPjwvc3ZnPg==\" class=\"lazyload\" style=\"--smush-placeholder-width: 95px; --smush-placeholder-aspect-ratio: 95\/18;\" \/><\/h5><h3>Super X-Strut Series<\/h3>\t\t\t\n\t\t\t\t<p>La Super X es nuestra l\u00ednea de puntales m\u00e1s resistente, dise\u00f1ada para el rescate de veh\u00edculos pesados, el apuntalamiento estructural y el rescate t\u00e9cnico.\u00a0<\/p>\n<p><strong>L\u00edmite de carga de trabajo: 19.300 libras (factor de seguridad 2:1)<\/strong><\/p>\n\t\t\t<a href=\"https:\/\/res-q-jack.com\/es\/puntales\/puntales-de-estabilizacion-de-vehiculos\/puntales-de-estabilizacion-para-vehiculos-pesados\/super-x-strut\/\" title=\"Ver detalles\" target=\"_self\"   role=\"button\" aria-label=\"Ver detalles\">\n\t\t\t\t\t\t\t\t\t\t\tVer detalles\n\t\t<\/a>\n\t\t\t\t<img decoding=\"async\" data-src=\"https:\/\/res-q-jack.com\/wp-content\/uploads\/2026\/04\/Apex-Long-Strut-scaled.png\" alt=\"Apex Long Strut\" title=\"Apex Long Strut\" itemprop=\"image\" src=\"data:image\/svg+xml;base64,PHN2ZyB3aWR0aD0iMSIgaGVpZ2h0PSIxIiB4bWxucz0iaHR0cDovL3d3dy53My5vcmcvMjAwMC9zdmciPjwvc3ZnPg==\" class=\"lazyload\" style=\"--smush-placeholder-width: 604px; --smush-placeholder-aspect-ratio: 604\/2560;\" \/>\n\t\t\t<h5><img decoding=\"async\" data-src=\"https:\/\/res-q-jack.com\/wp-content\/uploads\/2020\/05\/Pin-Free-Stabilization-Struts-95x18-1.png\" src=\"data:image\/svg+xml;base64,PHN2ZyB3aWR0aD0iMSIgaGVpZ2h0PSIxIiB4bWxucz0iaHR0cDovL3d3dy53My5vcmcvMjAwMC9zdmciPjwvc3ZnPg==\" class=\"lazyload\" style=\"--smush-placeholder-width: 95px; --smush-placeholder-aspect-ratio: 95\/18;\" \/><\/h5><h3>Apex X-Strut Series<\/h3>\t\t\t\n\t\t\t\t<p>El Apex es nuestra \u00faltima l\u00ednea de puntales sin pasador para trabajos pesados, dise\u00f1ada para la mayor\u00eda de los escenarios de rescate de veh\u00edculos.\u00a0\u00a0<\/p>\n<p><strong>L\u00edmite de carga de trabajo: hasta 12.500 libras (factor de seguridad 2:1)<\/strong><\/p>\n\t\t\t<a href=\"https:\/\/res-q-jack.com\/es\/puntales\/puntales-de-estabilizacion-de-vehiculos\/puntales-de-estabilizacion-para-vehiculos-pesados\/apex-x-strut\/\" title=\"Ver detalles\" target=\"_self\"   role=\"button\" aria-label=\"Ver detalles\">\n\t\t\t\t\t\t\t\t\t\t\tVer detalles\n\t\t<\/a>\n\t\t\t\t<img decoding=\"async\" data-src=\"https:\/\/res-q-jack.com\/wp-content\/uploads\/2026\/04\/Auto-X-Long-Strut-scaled.png\" alt=\"Auto X Long Strut\" title=\"Auto X Long Strut\" itemprop=\"image\" src=\"data:image\/svg+xml;base64,PHN2ZyB3aWR0aD0iMSIgaGVpZ2h0PSIxIiB4bWxucz0iaHR0cDovL3d3dy53My5vcmcvMjAwMC9zdmciPjwvc3ZnPg==\" class=\"lazyload\" style=\"--smush-placeholder-width: 602px; --smush-placeholder-aspect-ratio: 602\/2560;\" \/>\n\t\t\t<h5><img decoding=\"async\" data-src=\"https:\/\/res-q-jack.com\/wp-content\/uploads\/2020\/05\/Pin-Free-Stabilization-Struts-95x18-1.png\" src=\"data:image\/svg+xml;base64,PHN2ZyB3aWR0aD0iMSIgaGVpZ2h0PSIxIiB4bWxucz0iaHR0cDovL3d3dy53My5vcmcvMjAwMC9zdmciPjwvc3ZnPg==\" class=\"lazyload\" style=\"--smush-placeholder-width: 95px; --smush-placeholder-aspect-ratio: 95\/18;\" \/><\/h5><h3>Auto X-Strut Series<\/h3>\t\t\t\n\t\t\t\t<p>El Auto X es nuestro puntal sin pasador para trabajos ligeros que permite estabilizar y elevar r\u00e1pidamente veh\u00edculos peque\u00f1os.<\/p>\n<p><strong>L\u00edmite de carga de trabajo: 3.250 libras (factor de seguridad 2:1)<\/strong><\/p>\n\t\t\t<a href=\"https:\/\/res-q-jack.com\/es\/puntales\/puntales-de-estabilizacion-de-vehiculos\/puntales-de-estabilizacion-de-vehiculos-ligeros\/auto-x-strut\/\" title=\"Ver detalles\" target=\"_self\"   role=\"button\" aria-label=\"Ver detalles\">\n\t\t\t\t\t\t\t\t\t\t\tVer detalles\n\t\t<\/a>\n<h3>\n\t\tEstabilizaci\u00f3n de veh\u00edculos\n\t\tElevado\n\t\t\t\t<\/h3>\t\n\t\t\t\t<p>At Res-Q-Jack, we take vehicle stabilization to the next level by offering the most versatile vehicle stabilization and lifting struts on the market.\u00a0 We offer struts ranging from light-duty to heavy-duty, both pin-operated and pin-free, each with a 2:1 safety factor.\u00a0 No matter your needs or your budget, Res-Q-Jack makes sure you have the right tool for the job.\u00a0 And with free training with every kit purchase, we make sure you get the most from our tools.<\/p>\n\t\t\t<a href=\"https:\/\/res-q-jack.com\/es\/sobre\/\" title=\"Leer m\u00e1s\" target=\"_self\"   role=\"button\" aria-label=\"Leer m\u00e1s\">\n\t\t\t\t\t\t\tLeer m\u00e1s\n\t\t<\/a>\n\t<a href=\"https:\/\/res-q-jack.com\/es\/puntales\/puntales-de-estabilizacion-de-vehiculos\/puntales-de-estabilizacion-para-vehiculos-pesados\/\" target=\"_self\"  aria-label=\"Go to https:\/\/res-q-jack.com\/struts\/vehicle-stabilization-struts\/heavy-duty-vehicle-stabilization-struts\/\"><\/a>\n\t\t\t\t<img decoding=\"async\" data-src=\"https:\/\/res-q-jack.com\/wp-content\/uploads\/2020\/06\/cement-truck-icon.png\" alt=\"Estabilizaci\u00f3n de veh\u00edculos pesados y puntales de rescate\" title=\"cami\u00f3n de cemento-icono\" itemprop=\"image\" src=\"data:image\/svg+xml;base64,PHN2ZyB3aWR0aD0iMSIgaGVpZ2h0PSIxIiB4bWxucz0iaHR0cDovL3d3dy53My5vcmcvMjAwMC9zdmciPjwvc3ZnPg==\" class=\"lazyload\" style=\"--smush-placeholder-width: 115px; --smush-placeholder-aspect-ratio: 115\/115;\" \/>\n\t\t<p>Puntales de alta resistencia<\/p>\t\t\t\n\t<a href=\"https:\/\/res-q-jack.com\/es\/puntales\/puntales-de-estabilizacion-de-vehiculos\/puntales-de-estabilizacion-de-vehiculos-de-serie\/\" target=\"_self\"  aria-label=\"Go to https:\/\/res-q-jack.com\/struts\/vehicle-stabilization-struts\/standard-duty-vehicle-stabilization-struts\/\"><\/a>\n\t\t\t\t<img decoding=\"async\" data-src=\"https:\/\/res-q-jack.com\/wp-content\/uploads\/2020\/06\/pickup-icon.png\" alt=\"Puntales de estabilizaci\u00f3n y rescate para veh\u00edculos de servicio est\u00e1ndar\" title=\"pickup-icon\" itemprop=\"image\" src=\"data:image\/svg+xml;base64,PHN2ZyB3aWR0aD0iMSIgaGVpZ2h0PSIxIiB4bWxucz0iaHR0cDovL3d3dy53My5vcmcvMjAwMC9zdmciPjwvc3ZnPg==\" class=\"lazyload\" style=\"--smush-placeholder-width: 115px; --smush-placeholder-aspect-ratio: 115\/115;\" \/>\n\t\t<p>Puntales de servicio est\u00e1ndar<\/p>\t\t\t\n\t<a href=\"https:\/\/res-q-jack.com\/es\/puntales\/puntales-de-estabilizacion-de-vehiculos\/puntales-de-estabilizacion-de-vehiculos-ligeros\/\" target=\"_self\"  aria-label=\"Go to https:\/\/res-q-jack.com\/struts\/vehicle-stabilization-struts\/light-duty-vehicle-stabilization-struts\/\"><\/a>\n\t\t\t\t<img decoding=\"async\" data-src=\"https:\/\/res-q-jack.com\/wp-content\/uploads\/2020\/06\/car-icon.png\" alt=\"Estabilizaci\u00f3n de veh\u00edculos ligeros y puntales de rescate\" title=\"car-icon\" itemprop=\"image\" src=\"data:image\/svg+xml;base64,PHN2ZyB3aWR0aD0iMSIgaGVpZ2h0PSIxIiB4bWxucz0iaHR0cDovL3d3dy53My5vcmcvMjAwMC9zdmciPjwvc3ZnPg==\" class=\"lazyload\" style=\"--smush-placeholder-width: 115px; --smush-placeholder-aspect-ratio: 115\/115;\" \/>\n\t\t<p>Puntales ligeros<\/p>\t\t\t\n\t<a href=\"https:\/\/res-q-jack.com\/es\/puntales\/zanja-escombro-puntales\/\" target=\"_self\"  aria-label=\"Go to https:\/\/res-q-jack.com\/struts\/trench-shoring-struts\/\"><\/a>\n\t\t\t\t<img decoding=\"async\" data-src=\"https:\/\/res-q-jack.com\/wp-content\/uploads\/2020\/06\/trench-icon.png\" alt=\"Puntales de entibaci\u00f3n de zanjas\" title=\"trinchera-icono\" itemprop=\"image\" src=\"data:image\/svg+xml;base64,PHN2ZyB3aWR0aD0iMSIgaGVpZ2h0PSIxIiB4bWxucz0iaHR0cDovL3d3dy53My5vcmcvMjAwMC9zdmciPjwvc3ZnPg==\" class=\"lazyload\" style=\"--smush-placeholder-width: 115px; --smush-placeholder-aspect-ratio: 115\/115;\" \/>\n\t\t<p>Puntales de entibaci\u00f3n de zanjas<\/p>\t\t\t\n\t<a href=\"https:\/\/res-q-jack.com\/es\/formacion\/\" target=\"_self\"  aria-label=\"Go to https:\/\/res-q-jack.com\/training\/\"><\/a>\n\t\t\t\t<img decoding=\"async\" data-src=\"https:\/\/res-q-jack.com\/wp-content\/uploads\/2020\/06\/training-icon.png\" alt=\"Formaci\u00f3n Res-Q-Jack\" title=\"training-icon\" itemprop=\"image\" src=\"data:image\/svg+xml;base64,PHN2ZyB3aWR0aD0iMSIgaGVpZ2h0PSIxIiB4bWxucz0iaHR0cDovL3d3dy53My5vcmcvMjAwMC9zdmciPjwvc3ZnPg==\" class=\"lazyload\" style=\"--smush-placeholder-width: 115px; --smush-placeholder-aspect-ratio: 115\/115;\" \/>\n\t\t<p>Recursos educativos<\/p>\t\t\t\n\t<a href=\"https:\/\/res-q-jack.com\/es\/formacion\/estabilizacion-universidad\/\" target=\"_self\"  aria-label=\"Go to https:\/\/res-q-jack.com\/training\/stabilization-university\/\"><\/a>\n\t\t\t\t<img decoding=\"async\" data-src=\"https:\/\/res-q-jack.com\/wp-content\/uploads\/2020\/06\/stabu-icon.png\" alt=\"Universidad de Estabilizaci\u00f3n\" title=\"stabu-icon\" itemprop=\"image\" src=\"data:image\/svg+xml;base64,PHN2ZyB3aWR0aD0iMSIgaGVpZ2h0PSIxIiB4bWxucz0iaHR0cDovL3d3dy53My5vcmcvMjAwMC9zdmciPjwvc3ZnPg==\" class=\"lazyload\" style=\"--smush-placeholder-width: 115px; --smush-placeholder-aspect-ratio: 115\/115;\" \/>\n\t\t<p>Universidad de Estabilizaci\u00f3n<\/p>\t\t\t\n\t<a href=\"https:\/\/res-q-jack.com\/es\/eventos\/\" target=\"_self\"  aria-label=\"Ver detalles\"00><\/a>\n\t\t\t\t<img decoding=\"async\" data-src=\"https:\/\/res-q-jack.com\/wp-content\/uploads\/2020\/06\/calendar-icon.png\" alt=\"Calendario de eventos de Res-Q-Jack\" title=\"calendario-icono\" itemprop=\"image\" src=\"data:image\/svg+xml;base64,PHN2ZyB3aWR0aD0iMSIgaGVpZ2h0PSIxIiB4bWxucz0iaHR0cDovL3d3dy53My5vcmcvMjAwMC9zdmciPjwvc3ZnPg==\" class=\"lazyload\" style=\"--smush-placeholder-width: 115px; --smush-placeholder-aspect-ratio: 115\/115;\" \/>\n\t\t<p>Calendario de eventos<\/p>\t\t\t\n\t<h3>\n\t\t\t\tCon la confianza de 4.000 departamentos en todo Estados Unidos y en todo el mundo.\n\t\t\t<\/h3>\n\t\t<ul>\n\t\t<li><blockquote><p>\"He tardado 3 a\u00f1os en conseguir que mi departamento compre sus Gatos de Rescate... y nos preguntamos c\u00f3mo hac\u00edamos las cosas antes\" - Philip Kontoulas, Departamento de Bomberos de la Ciudad de Orlando.<\/p><\/blockquote><\/li>\t\t<li><blockquote>\"No est\u00e1bamos considerando la estabilizaci\u00f3n hasta que utilizamos los puntales de elevaci\u00f3n Res-Q-Jack en una demostraci\u00f3n pr\u00e1ctica y nos dimos cuenta de todo lo que pod\u00eda hacer.  La DEMO nos convenci\u00f3 de los Res-Q-Jacks\" - Jefe Artie Sullivan, Departamento de Bomberos de la ciudad de Horseheads.<\/blockquote><\/li>\t\t<li><blockquote>\"Hoy hemos puesto en servicio los Res-Q-Jacks en un accidente de tr\u00e1fico por primera vez. \u00a1Funcionaron muy bien! Gracias por su ayuda y entrenamiento\" - Bob Brown, Departamento de Bomberos de Rose Tree<\/blockquote><\/li>\t\t<li><blockquote>\"Hemos utilizado estos productos sobre el terreno, los utilizo en la formaci\u00f3n y tambi\u00e9n he tenido la oportunidad de asistir a un Stab-U hace muchos a\u00f1os. Sus productos marcan la diferencia. Creo firmemente que sin los puntales de elevaci\u00f3n en este accidente, habr\u00edamos tenido un resultado muy malo para el paciente. Sencillamente, no hab\u00eda otra opci\u00f3n\" - Brian Robinson, Responsable de Formaci\u00f3n del Estado, Asociaci\u00f3n de Escuadrones de Rescate de Tennessee.<\/blockquote><\/li>\t\t\t<\/ul>\n\t\t<h3>Programe su demostraci\u00f3n gratuita hoy mismo.<\/h3>\n\t\t<p>\u00bfEst\u00e1 pensando en comprar uno de nuestros puntales de estabilizaci\u00f3n y elevaci\u00f3n de veh\u00edculos de f\u00e1cil uso?  \u00bfQuiere una demostraci\u00f3n antes de comprometerse a comprar?<\/p>\n\t\t\t<a href=\"https:\/\/res-q-jack.com\/es\/demostracion-gratuita\/\"  target=\"_self\">\n\t\t\t\t\t\t\tPrograme una demostraci\u00f3n\n\t\t\t\t\t<\/a>","protected":false},"excerpt":{"rendered":"<p>MINIMIZE THE EFFORT. MAXIMIZE THE LIFT. EXPLORE X-DRIVE Respond Faster with Pin-Free Stabilization &amp; Lifting Our Pin-Free Vehicle Stabilization &amp; Lifting Struts are faster and easier to deploy, saving time when it matters most. Super X-Strut Series The Super X is our most heavy-duty strut line, designed for heavy vehicle rescue, structural shoring and technical&hellip;<\/p>","protected":false},"author":2,"featured_media":14,"parent":0,"menu_order":0,"comment_status":"closed","ping_status":"closed","template":"","meta":{"footnotes":""},"class_list":["post-12","page","type-page","status-publish","has-post-thumbnail","hentry"],"yoast_head":"<!-- This site is optimized with the Yoast SEO plugin v27.2 - https:\/\/yoast.com\/product\/yoast-seo-wordpress\/ -->\n<title>Vehicle Stabilization Struts<\/title>\n<meta name=\"description\" content=\"Res-Q-Jack provides vehicle stabilization struts, lifting struts and trench shoring products for first responders, fire fighters and EMS.\" \/>\n<meta name=\"robots\" content=\"index, follow, max-snippet:-1, max-image-preview:large, max-video-preview:-1\" \/>\n<link rel=\"canonical\" href=\"https:\/\/res-q-jack.com\/es\/\" \/>\n<meta property=\"og:locale\" content=\"es_MX\" \/>\n<meta property=\"og:type\" content=\"article\" \/>\n<meta property=\"og:title\" content=\"Vehicle Stabilization Struts\" \/>\n<meta property=\"og:description\" content=\"Res-Q-Jack provides vehicle stabilization struts, lifting struts and trench shoring products for first responders, fire fighters and EMS.\" \/>\n<meta property=\"og:url\" content=\"https:\/\/res-q-jack.com\/es\/\" \/>\n<meta property=\"og:site_name\" content=\"Res-Q-Jack, Inc.\" \/>\n<meta property=\"article:modified_time\" content=\"2026-04-22T20:13:03+00:00\" \/>\n<meta property=\"og:image\" content=\"https:\/\/res-q-jack.com\/wp-content\/uploads\/2019\/12\/Vehicle-Stabilization-Struts-from-Res-Q-Jack.jpg\" \/>\n\t<meta property=\"og:image:width\" content=\"900\" \/>\n\t<meta property=\"og:image:height\" content=\"600\" \/>\n\t<meta property=\"og:image:type\" content=\"image\/jpeg\" \/>\n<meta name=\"twitter:card\" content=\"summary_large_image\" \/>\n<meta name=\"twitter:label1\" content=\"Tiempo de lectura\" \/>\n\t<meta name=\"twitter:data1\" content=\"5 minutos\" \/>\n<script type=\"application\/ld+json\" class=\"yoast-schema-graph\">{\"@context\":\"https:\/\/schema.org\",\"@graph\":[{\"@type\":\"WebPage\",\"@id\":\"https:\/\/res-q-jack.com\/\",\"url\":\"https:\/\/res-q-jack.com\/\",\"name\":\"Vehicle Stabilization Struts\",\"isPartOf\":{\"@id\":\"https:\/\/res-q-jack.com\/#website\"},\"primaryImageOfPage\":{\"@id\":\"https:\/\/res-q-jack.com\/#primaryimage\"},\"image\":{\"@id\":\"https:\/\/res-q-jack.com\/#primaryimage\"},\"thumbnailUrl\":\"https:\/\/res-q-jack.com\/wp-content\/uploads\/2019\/12\/Vehicle-Stabilization-Struts-from-Res-Q-Jack.jpg\",\"datePublished\":\"2019-12-13T15:36:36+00:00\",\"dateModified\":\"2026-04-22T20:13:03+00:00\",\"description\":\"Res-Q-Jack provides vehicle stabilization struts, lifting struts and trench shoring products for first responders, fire fighters and EMS.\",\"breadcrumb\":{\"@id\":\"https:\/\/res-q-jack.com\/#breadcrumb\"},\"inLanguage\":\"es\",\"potentialAction\":[{\"@type\":\"ReadAction\",\"target\":[\"https:\/\/res-q-jack.com\/\"]}]},{\"@type\":\"ImageObject\",\"inLanguage\":\"es\",\"@id\":\"https:\/\/res-q-jack.com\/#primaryimage\",\"url\":\"https:\/\/res-q-jack.com\/wp-content\/uploads\/2019\/12\/Vehicle-Stabilization-Struts-from-Res-Q-Jack.jpg\",\"contentUrl\":\"https:\/\/res-q-jack.com\/wp-content\/uploads\/2019\/12\/Vehicle-Stabilization-Struts-from-Res-Q-Jack.jpg\",\"width\":900,\"height\":600,\"caption\":\"Vehicle Stabilization Struts\"},{\"@type\":\"BreadcrumbList\",\"@id\":\"https:\/\/res-q-jack.com\/#breadcrumb\",\"itemListElement\":[{\"@type\":\"ListItem\",\"position\":1,\"name\":\"Home\",\"item\":\"https:\/\/res-q-jack.com\/\"},{\"@type\":\"ListItem\",\"position\":2,\"name\":\"Home\"}]},{\"@type\":\"WebSite\",\"@id\":\"https:\/\/res-q-jack.com\/#website\",\"url\":\"https:\/\/res-q-jack.com\/\",\"name\":\"Res-Q-Jack, Inc.\",\"description\":\"Vehicle Stabilization Struts\",\"publisher\":{\"@id\":\"https:\/\/res-q-jack.com\/#organization\"},\"potentialAction\":[{\"@type\":\"SearchAction\",\"target\":{\"@type\":\"EntryPoint\",\"urlTemplate\":\"https:\/\/res-q-jack.com\/?s={search_term_string}\"},\"query-input\":{\"@type\":\"PropertyValueSpecification\",\"valueRequired\":true,\"valueName\":\"search_term_string\"}}],\"inLanguage\":\"es\"},{\"@type\":\"Organization\",\"@id\":\"https:\/\/res-q-jack.com\/#organization\",\"name\":\"Res-Q-Jack, Inc.\",\"url\":\"https:\/\/res-q-jack.com\/\",\"logo\":{\"@type\":\"ImageObject\",\"inLanguage\":\"es\",\"@id\":\"https:\/\/res-q-jack.com\/#\/schema\/logo\/image\/\",\"url\":\"https:\/\/res-q-jack.com\/wp-content\/uploads\/2020\/03\/Res-Q-Jack-SEO-Logo.png\",\"contentUrl\":\"https:\/\/res-q-jack.com\/wp-content\/uploads\/2020\/03\/Res-Q-Jack-SEO-Logo.png\",\"width\":612,\"height\":138,\"caption\":\"Res-Q-Jack, Inc.\"},\"image\":{\"@id\":\"https:\/\/res-q-jack.com\/#\/schema\/logo\/image\/\"}}]}<\/script>\n<!-- \/ Yoast SEO plugin. -->","yoast_head_json":{"title":"Puntales de estabilizaci\u00f3n del veh\u00edculo","description":"Res-Q-Jack proporciona puntales de estabilizaci\u00f3n de veh\u00edculos, puntales de elevaci\u00f3n y productos de apuntalamiento de zanjas para los primeros en responder, los bomberos y los EMS.","robots":{"index":"index","follow":"follow","max-snippet":"max-snippet:-1","max-image-preview":"max-image-preview:large","max-video-preview":"max-video-preview:-1"},"canonical":"https:\/\/res-q-jack.com\/es\/","og_locale":"es_MX","og_type":"article","og_title":"Vehicle Stabilization Struts","og_description":"Res-Q-Jack provides vehicle stabilization struts, lifting struts and trench shoring products for first responders, fire fighters and EMS.","og_url":"https:\/\/res-q-jack.com\/es\/","og_site_name":"Res-Q-Jack, Inc.","article_modified_time":"2026-04-22T20:13:03+00:00","og_image":[{"width":900,"height":600,"url":"https:\/\/res-q-jack.com\/wp-content\/uploads\/2019\/12\/Vehicle-Stabilization-Struts-from-Res-Q-Jack.jpg","type":"image\/jpeg"}],"twitter_card":"summary_large_image","twitter_misc":{"Tiempo de lectura":"5 minutos"},"schema":{"@context":"https:\/\/schema.org","@graph":[{"@type":"WebPage","@id":"https:\/\/res-q-jack.com\/","url":"https:\/\/res-q-jack.com\/","name":"Puntales de estabilizaci\u00f3n del veh\u00edculo","isPartOf":{"@id":"https:\/\/res-q-jack.com\/#website"},"primaryImageOfPage":{"@id":"https:\/\/res-q-jack.com\/#primaryimage"},"image":{"@id":"https:\/\/res-q-jack.com\/#primaryimage"},"thumbnailUrl":"https:\/\/res-q-jack.com\/wp-content\/uploads\/2019\/12\/Vehicle-Stabilization-Struts-from-Res-Q-Jack.jpg","datePublished":"2019-12-13T15:36:36+00:00","dateModified":"2026-04-22T20:13:03+00:00","description":"Res-Q-Jack proporciona puntales de estabilizaci\u00f3n de veh\u00edculos, puntales de elevaci\u00f3n y productos de apuntalamiento de zanjas para los primeros en responder, los bomberos y los EMS.","breadcrumb":{"@id":"https:\/\/res-q-jack.com\/#breadcrumb"},"inLanguage":"es","potentialAction":[{"@type":"ReadAction","target":["https:\/\/res-q-jack.com\/"]}]},{"@type":"ImageObject","inLanguage":"es","@id":"https:\/\/res-q-jack.com\/#primaryimage","url":"https:\/\/res-q-jack.com\/wp-content\/uploads\/2019\/12\/Vehicle-Stabilization-Struts-from-Res-Q-Jack.jpg","contentUrl":"https:\/\/res-q-jack.com\/wp-content\/uploads\/2019\/12\/Vehicle-Stabilization-Struts-from-Res-Q-Jack.jpg","width":900,"height":600,"caption":"Vehicle Stabilization Struts"},{"@type":"BreadcrumbList","@id":"https:\/\/res-q-jack.com\/#breadcrumb","itemListElement":[{"@type":"ListItem","position":1,"name":"Home","item":"https:\/\/res-q-jack.com\/"},{"@type":"ListItem","position":2,"name":"Home"}]},{"@type":"WebSite","@id":"https:\/\/res-q-jack.com\/#website","url":"https:\/\/res-q-jack.com\/","name":"Res-Q-Jack, Inc.","description":"Puntales de estabilizaci\u00f3n del veh\u00edculo","publisher":{"@id":"https:\/\/res-q-jack.com\/#organization"},"potentialAction":[{"@type":"SearchAction","target":{"@type":"EntryPoint","urlTemplate":"https:\/\/res-q-jack.com\/?s={search_term_string}"},"query-input":{"@type":"PropertyValueSpecification","valueRequired":true,"valueName":"search_term_string"}}],"inLanguage":"es"},{"@type":"Organization","@id":"https:\/\/res-q-jack.com\/#organization","name":"Res-Q-Jack, Inc.","url":"https:\/\/res-q-jack.com\/","logo":{"@type":"ImageObject","inLanguage":"es","@id":"https:\/\/res-q-jack.com\/#\/schema\/logo\/image\/","url":"https:\/\/res-q-jack.com\/wp-content\/uploads\/2020\/03\/Res-Q-Jack-SEO-Logo.png","contentUrl":"https:\/\/res-q-jack.com\/wp-content\/uploads\/2020\/03\/Res-Q-Jack-SEO-Logo.png","width":612,"height":138,"caption":"Res-Q-Jack, Inc."},"image":{"@id":"https:\/\/res-q-jack.com\/#\/schema\/logo\/image\/"}}]}},"_links":{"self":[{"href":"https:\/\/res-q-jack.com\/es\/wp-json\/wp\/v2\/pages\/12","targetHints":{"allow":["GET"]}}],"collection":[{"href":"https:\/\/res-q-jack.com\/es\/wp-json\/wp\/v2\/pages"}],"about":[{"href":"https:\/\/res-q-jack.com\/es\/wp-json\/wp\/v2\/types\/page"}],"author":[{"embeddable":true,"href":"https:\/\/res-q-jack.com\/es\/wp-json\/wp\/v2\/users\/2"}],"replies":[{"embeddable":true,"href":"https:\/\/res-q-jack.com\/es\/wp-json\/wp\/v2\/comments?post=12"}],"version-history":[{"count":6,"href":"https:\/\/res-q-jack.com\/es\/wp-json\/wp\/v2\/pages\/12\/revisions"}],"predecessor-version":[{"id":2447,"href":"https:\/\/res-q-jack.com\/es\/wp-json\/wp\/v2\/pages\/12\/revisions\/2447"}],"wp:featuredmedia":[{"embeddable":true,"href":"https:\/\/res-q-jack.com\/es\/wp-json\/wp\/v2\/media\/14"}],"wp:attachment":[{"href":"https:\/\/res-q-jack.com\/es\/wp-json\/wp\/v2\/media?parent=12"}],"curies":[{"name":"wp","href":"https:\/\/api.w.org\/{rel}","templated":true}]}}