{"id":837,"date":"2020-02-17T16:19:04","date_gmt":"2020-02-17T21:19:04","guid":{"rendered":"https:\/\/resqjack.wpengine.com\/?page_id=837"},"modified":"2020-06-12T16:54:31","modified_gmt":"2020-06-12T21:54:31","slug":"gratis-demo","status":"publish","type":"page","link":"https:\/\/res-q-jack.com\/de_de\/free-demo\/","title":{"rendered":"Kostenlose Demo"},"content":{"rendered":"<h1>Kostenlose Demo<\/h1>\t\t\t\n\t\t\t\t<p>Setzen Sie sich mit Res-Q-Jack in Verbindung, um eine kostenlose, praktische Vorf\u00fchrung unserer Grabenverbau-, Stabilisierungs- und Hubstreben zu vereinbaren.<\/p>\n\t\t\t\t<img decoding=\"async\" data-src=\"https:\/\/res-q-jack.com\/wp-content\/uploads\/2020\/03\/Res-Q-Jack-Free-Demonstration.jpg\" alt=\"Res-Q-Jack Kostenlose Demonstration\" title=\"Res-Q-Jack Kostenlose Demonstration\" itemprop=\"image\" src=\"data:image\/svg+xml;base64,PHN2ZyB3aWR0aD0iMSIgaGVpZ2h0PSIxIiB4bWxucz0iaHR0cDovL3d3dy53My5vcmcvMjAwMC9zdmciPjwvc3ZnPg==\" class=\"lazyload\" style=\"--smush-placeholder-width: 874px; --smush-placeholder-aspect-ratio: 874\/502;\" \/>\n\t<h1>\n\t\t\t\tTraining Night, Drill Night, Einzelgespr\u00e4che in Ihrer Einrichtung.\n\t\t\t<\/h1>\n\t\t\t\t<p>Alles, was Sie brauchen, ist ein Schrottfahrzeug und wir erledigen den Rest! Machen Sie sich mit unseren Werkzeugen vertraut und erleben Sie den Unterschied von Res-Q-Jack bei einer GRATIS-Demo.<\/p>\n<p>Rufen Sie uns einfach an, und wir vermitteln Ihnen einen Res-Q-Jack-H\u00e4ndler in Ihrer N\u00e4he, der zu Ihnen kommt und Ihnen und Ihrer Abteilung die M\u00f6glichkeiten und Vorteile unserer Ger\u00e4te zeigt.<\/p>\n<p>Vereinbaren Sie noch heute einen Termin f\u00fcr eine KOSTENLOSE, unverbindliche Vorf\u00fchrung!<\/p>\n\t<ul>\n\t\t<li>\t\t\t\t\n\t\t<h3>1-800-466-9626<\/h3><\/li><li>\t\t\t\t\n\t\t<h3><a href=\"mailto:fr******@********ck.com\" data-original-string=\"B6VFQ6rOD3Dv5Cc4DvbgmQ==ea0ua9DUuMN\/QPT+tWaWBBWPsrBoDnc3aCdMtmV2FoY\/LwkLSGseoSkiTzzJDqtvPu4nSXSOkT6I8RMa+NCec3qvA==\" title=\"This contact has been encoded by Anti-Spam by CleanTalk. Click to decode. To finish the decoding make sure that JavaScript is enabled in your browser.?subject=Schedule a Demo with Res-Q-Jack\" target=\"_self\" rel=\"noopener noreferrer\"><span \n                data-original-string='q\/kTXLoC9lChxQLC3cAriQ==ea0zHH+U2eh3EO3gl83f\/18RnXEv7qgpRr4Gs\/etwmx280='\n                class='apbct-email-encoder'\n                title='This contact has been encoded by Anti-Spam by CleanTalk. Click to decode. To finish the decoding make sure that JavaScript is enabled in your browser.'>Fr<span class=\"apbct-blur\">******<\/span>@<span class=\"apbct-blur\">********<\/span>ck.com<\/span><\/a><\/h3><\/li>\t<\/ul>","protected":false},"excerpt":{"rendered":"<p>Kostenlose Demo Kontaktieren Sie Res-Q-Jack, um eine kostenlose, praktische Demo unserer Grabenverbau-, Stabilisierungs- und Hebestreben zu vereinbaren. Training Night, Drill Night, One-on-One in Ihrer Einrichtung. Alles, was Sie brauchen, ist ein Schrottauto und wir machen den Rest! Lernen Sie unsere Werkzeuge in Ihrem eigenen Betrieb kennen und erleben Sie den Res-Q-Jack Unterschied...<\/p>","protected":false},"author":2,"featured_media":0,"parent":0,"menu_order":0,"comment_status":"closed","ping_status":"closed","template":"","meta":{"footnotes":""},"class_list":["post-837","page","type-page","status-publish","hentry"],"yoast_head":"<!-- This site is optimized with the Yoast SEO plugin v27.2 - https:\/\/yoast.com\/product\/yoast-seo-wordpress\/ -->\n<title>Free Demo | Res-Q-Jack, Inc.<\/title>\n<meta name=\"robots\" content=\"index, follow, max-snippet:-1, max-image-preview:large, max-video-preview:-1\" \/>\n<link rel=\"canonical\" href=\"https:\/\/res-q-jack.com\/de_de\/gratis-demo\/\" \/>\n<meta property=\"og:locale\" content=\"de_DE\" \/>\n<meta property=\"og:type\" content=\"article\" \/>\n<meta property=\"og:title\" content=\"Free Demo | Res-Q-Jack, Inc.\" \/>\n<meta property=\"og:description\" content=\"Free Demo Contact Res-Q-Jack to setup a free, hands-on demo of our trench shoring, stabilization and lifting struts. Training Night, Drill Night, one-on-one at your facility. All you need is a junk vehicle and we&#8217;ll do the rest! Get hands-on with our tools in the comfort of your own facility and experience the Res-Q-Jack difference&hellip;\" \/>\n<meta property=\"og:url\" content=\"https:\/\/res-q-jack.com\/de_de\/gratis-demo\/\" \/>\n<meta property=\"og:site_name\" content=\"Res-Q-Jack, Inc.\" \/>\n<meta property=\"article:modified_time\" content=\"2020-06-12T21:54:31+00:00\" \/>\n<meta property=\"og:image\" content=\"https:\/\/res-q-jack.com\/wp-content\/uploads\/2020\/03\/Res-Q-Jack-Free-Demonstration.jpg\" \/>\n<meta name=\"twitter:card\" content=\"summary_large_image\" \/>\n<meta name=\"twitter:label1\" content=\"Gesch\u00e4tzte Lesezeit\" \/>\n\t<meta name=\"twitter:data1\" content=\"1 Minute\" \/>\n<script type=\"application\/ld+json\" class=\"yoast-schema-graph\">{\"@context\":\"https:\/\/schema.org\",\"@graph\":[{\"@type\":\"WebPage\",\"@id\":\"https:\/\/res-q-jack.com\/free-demo\/\",\"url\":\"https:\/\/res-q-jack.com\/free-demo\/\",\"name\":\"Free Demo | Res-Q-Jack, Inc.\",\"isPartOf\":{\"@id\":\"https:\/\/res-q-jack.com\/#website\"},\"primaryImageOfPage\":{\"@id\":\"https:\/\/res-q-jack.com\/free-demo\/#primaryimage\"},\"image\":{\"@id\":\"https:\/\/res-q-jack.com\/free-demo\/#primaryimage\"},\"thumbnailUrl\":\"https:\/\/res-q-jack.com\/wp-content\/uploads\/2020\/03\/Res-Q-Jack-Free-Demonstration.jpg\",\"datePublished\":\"2020-02-17T21:19:04+00:00\",\"dateModified\":\"2020-06-12T21:54:31+00:00\",\"breadcrumb\":{\"@id\":\"https:\/\/res-q-jack.com\/free-demo\/#breadcrumb\"},\"inLanguage\":\"de-DE\",\"potentialAction\":[{\"@type\":\"ReadAction\",\"target\":[\"https:\/\/res-q-jack.com\/free-demo\/\"]}]},{\"@type\":\"ImageObject\",\"inLanguage\":\"de-DE\",\"@id\":\"https:\/\/res-q-jack.com\/free-demo\/#primaryimage\",\"url\":\"https:\/\/res-q-jack.com\/wp-content\/uploads\/2020\/03\/Res-Q-Jack-Free-Demonstration.jpg\",\"contentUrl\":\"https:\/\/res-q-jack.com\/wp-content\/uploads\/2020\/03\/Res-Q-Jack-Free-Demonstration.jpg\"},{\"@type\":\"BreadcrumbList\",\"@id\":\"https:\/\/res-q-jack.com\/free-demo\/#breadcrumb\",\"itemListElement\":[{\"@type\":\"ListItem\",\"position\":1,\"name\":\"Home\",\"item\":\"https:\/\/res-q-jack.com\/\"},{\"@type\":\"ListItem\",\"position\":2,\"name\":\"Free Demo\"}]},{\"@type\":\"WebSite\",\"@id\":\"https:\/\/res-q-jack.com\/#website\",\"url\":\"https:\/\/res-q-jack.com\/\",\"name\":\"Res-Q-Jack, Inc.\",\"description\":\"Vehicle Stabilization Struts\",\"publisher\":{\"@id\":\"https:\/\/res-q-jack.com\/#organization\"},\"potentialAction\":[{\"@type\":\"SearchAction\",\"target\":{\"@type\":\"EntryPoint\",\"urlTemplate\":\"https:\/\/res-q-jack.com\/?s={search_term_string}\"},\"query-input\":{\"@type\":\"PropertyValueSpecification\",\"valueRequired\":true,\"valueName\":\"search_term_string\"}}],\"inLanguage\":\"de-DE\"},{\"@type\":\"Organization\",\"@id\":\"https:\/\/res-q-jack.com\/#organization\",\"name\":\"Res-Q-Jack, Inc.\",\"url\":\"https:\/\/res-q-jack.com\/\",\"logo\":{\"@type\":\"ImageObject\",\"inLanguage\":\"de-DE\",\"@id\":\"https:\/\/res-q-jack.com\/#\/schema\/logo\/image\/\",\"url\":\"https:\/\/res-q-jack.com\/wp-content\/uploads\/2020\/03\/Res-Q-Jack-SEO-Logo.png\",\"contentUrl\":\"https:\/\/res-q-jack.com\/wp-content\/uploads\/2020\/03\/Res-Q-Jack-SEO-Logo.png\",\"width\":612,\"height\":138,\"caption\":\"Res-Q-Jack, Inc.\"},\"image\":{\"@id\":\"https:\/\/res-q-jack.com\/#\/schema\/logo\/image\/\"}}]}<\/script>\n<!-- \/ Yoast SEO plugin. -->","yoast_head_json":{"title":"Kostenlose Demo | Res-Q-Jack, Inc.","robots":{"index":"index","follow":"follow","max-snippet":"max-snippet:-1","max-image-preview":"max-image-preview:large","max-video-preview":"max-video-preview:-1"},"canonical":"https:\/\/res-q-jack.com\/de_de\/gratis-demo\/","og_locale":"de_DE","og_type":"article","og_title":"Free Demo | Res-Q-Jack, Inc.","og_description":"Free Demo Contact Res-Q-Jack to setup a free, hands-on demo of our trench shoring, stabilization and lifting struts. Training Night, Drill Night, one-on-one at your facility. All you need is a junk vehicle and we&#8217;ll do the rest! Get hands-on with our tools in the comfort of your own facility and experience the Res-Q-Jack difference&hellip;","og_url":"https:\/\/res-q-jack.com\/de_de\/gratis-demo\/","og_site_name":"Res-Q-Jack, Inc.","article_modified_time":"2020-06-12T21:54:31+00:00","og_image":[{"url":"https:\/\/res-q-jack.com\/wp-content\/uploads\/2020\/03\/Res-Q-Jack-Free-Demonstration.jpg","type":"","width":"","height":""}],"twitter_card":"summary_large_image","twitter_misc":{"Gesch\u00e4tzte Lesezeit":"1 Minute"},"schema":{"@context":"https:\/\/schema.org","@graph":[{"@type":"WebPage","@id":"https:\/\/res-q-jack.com\/free-demo\/","url":"https:\/\/res-q-jack.com\/free-demo\/","name":"Kostenlose Demo | Res-Q-Jack, Inc.","isPartOf":{"@id":"https:\/\/res-q-jack.com\/#website"},"primaryImageOfPage":{"@id":"https:\/\/res-q-jack.com\/free-demo\/#primaryimage"},"image":{"@id":"https:\/\/res-q-jack.com\/free-demo\/#primaryimage"},"thumbnailUrl":"https:\/\/res-q-jack.com\/wp-content\/uploads\/2020\/03\/Res-Q-Jack-Free-Demonstration.jpg","datePublished":"2020-02-17T21:19:04+00:00","dateModified":"2020-06-12T21:54:31+00:00","breadcrumb":{"@id":"https:\/\/res-q-jack.com\/free-demo\/#breadcrumb"},"inLanguage":"de-DE","potentialAction":[{"@type":"ReadAction","target":["https:\/\/res-q-jack.com\/free-demo\/"]}]},{"@type":"ImageObject","inLanguage":"de-DE","@id":"https:\/\/res-q-jack.com\/free-demo\/#primaryimage","url":"https:\/\/res-q-jack.com\/wp-content\/uploads\/2020\/03\/Res-Q-Jack-Free-Demonstration.jpg","contentUrl":"https:\/\/res-q-jack.com\/wp-content\/uploads\/2020\/03\/Res-Q-Jack-Free-Demonstration.jpg"},{"@type":"BreadcrumbList","@id":"https:\/\/res-q-jack.com\/free-demo\/#breadcrumb","itemListElement":[{"@type":"ListItem","position":1,"name":"Home","item":"https:\/\/res-q-jack.com\/"},{"@type":"ListItem","position":2,"name":"Free Demo"}]},{"@type":"WebSite","@id":"https:\/\/res-q-jack.com\/#website","url":"https:\/\/res-q-jack.com\/","name":"Res-Q-Jack, Inc.","description":"Fahrzeugstabilisierungsstreben","publisher":{"@id":"https:\/\/res-q-jack.com\/#organization"},"potentialAction":[{"@type":"SearchAction","target":{"@type":"EntryPoint","urlTemplate":"https:\/\/res-q-jack.com\/?s={search_term_string}"},"query-input":{"@type":"PropertyValueSpecification","valueRequired":true,"valueName":"search_term_string"}}],"inLanguage":"de-DE"},{"@type":"Organization","@id":"https:\/\/res-q-jack.com\/#organization","name":"Res-Q-Jack, Inc.","url":"https:\/\/res-q-jack.com\/","logo":{"@type":"ImageObject","inLanguage":"de-DE","@id":"https:\/\/res-q-jack.com\/#\/schema\/logo\/image\/","url":"https:\/\/res-q-jack.com\/wp-content\/uploads\/2020\/03\/Res-Q-Jack-SEO-Logo.png","contentUrl":"https:\/\/res-q-jack.com\/wp-content\/uploads\/2020\/03\/Res-Q-Jack-SEO-Logo.png","width":612,"height":138,"caption":"Res-Q-Jack, Inc."},"image":{"@id":"https:\/\/res-q-jack.com\/#\/schema\/logo\/image\/"}}]}},"_links":{"self":[{"href":"https:\/\/res-q-jack.com\/de_de\/wp-json\/wp\/v2\/pages\/837","targetHints":{"allow":["GET"]}}],"collection":[{"href":"https:\/\/res-q-jack.com\/de_de\/wp-json\/wp\/v2\/pages"}],"about":[{"href":"https:\/\/res-q-jack.com\/de_de\/wp-json\/wp\/v2\/types\/page"}],"author":[{"embeddable":true,"href":"https:\/\/res-q-jack.com\/de_de\/wp-json\/wp\/v2\/users\/2"}],"replies":[{"embeddable":true,"href":"https:\/\/res-q-jack.com\/de_de\/wp-json\/wp\/v2\/comments?post=837"}],"version-history":[{"count":0,"href":"https:\/\/res-q-jack.com\/de_de\/wp-json\/wp\/v2\/pages\/837\/revisions"}],"wp:attachment":[{"href":"https:\/\/res-q-jack.com\/de_de\/wp-json\/wp\/v2\/media?parent=837"}],"curies":[{"name":"wp","href":"https:\/\/api.w.org\/{rel}","templated":true}]}}