{"id":819,"date":"2020-02-26T17:27:36","date_gmt":"2020-02-26T22:27:36","guid":{"rendered":"https:\/\/resqjack.wpengine.com\/?page_id=819"},"modified":"2024-10-16T13:51:44","modified_gmt":"2024-10-16T18:51:44","slug":"stabilisierung-universitat","status":"publish","type":"page","link":"https:\/\/res-q-jack.com\/de_de\/training\/stabilization-university\/","title":{"rendered":"Universit\u00e4t f\u00fcr Stabilisierung"},"content":{"rendered":"<img decoding=\"async\" data-src=\"https:\/\/res-q-jack.com\/wp-content\/uploads\/2021\/06\/Stabilization-University-Logo-2021.png\" alt=\"Lernen Sie Tipps und Techniken zur Fahrzeugstabilisierung\" title=\"Stabilisierung - Universit\u00e4t - Logo 2021\" itemprop=\"image\" src=\"data:image\/svg+xml;base64,PHN2ZyB3aWR0aD0iMSIgaGVpZ2h0PSIxIiB4bWxucz0iaHR0cDovL3d3dy53My5vcmcvMjAwMC9zdmciPjwvc3ZnPg==\" class=\"lazyload\" style=\"--smush-placeholder-width: 625px; --smush-placeholder-aspect-ratio: 625\/137;\" \/>\n\t\t<h1>Patentierte Werkzeuge.  Patentierte Ausbildung.<\/h1>\t\t\t\n\t\t\t\t<p>Erfahren Sie mehr \u00fcber unsere Werkzeuge und unsere patentierten Techniken von qualifizierten Res-Q-Jack-Ausbildern.  Diese praktischen, ganzt\u00e4gigen Veranstaltungen finden das ganze Jahr \u00fcber im ganzen Land statt.<\/p>\n\tDie Anmeldung f\u00fcr unsere Werksstabilisierungsuniversit\u00e4t 2025 im Greek Peak Mtn. Resort in Cortland, NY!<br \/>\nSamstag, 27. September 2025\n\t<ul>\n\t\t<li>\t\t\n\t\t\t\t<img decoding=\"async\" data-src=\"https:\/\/res-q-jack.com\/wp-content\/uploads\/2024\/10\/2025_stabilization-university_thumb.webp\" alt=\"2025 Stabilisierung Universit\u00e4t Anmeldung\" title=\"2025_Stabilisierung_Universit\u00e4t_daumen\" itemprop=\"image\" src=\"data:image\/svg+xml;base64,PHN2ZyB3aWR0aD0iMSIgaGVpZ2h0PSIxIiB4bWxucz0iaHR0cDovL3d3dy53My5vcmcvMjAwMC9zdmciPjwvc3ZnPg==\" class=\"lazyload\" style=\"--smush-placeholder-width: 500px; --smush-placeholder-aspect-ratio: 500\/647;\" \/>\n\t\t<h3><strong>Melden Sie sich jetzt an, um Ihren Platz zu reservieren!<\/strong> Die Teilnehmerzahl ist auf 125 begrenzt.<\/h3><p>Erleben Sie mit uns einen besonderen Tag mit intensivem praktischem Training im wundersch\u00f6nen Greek Peak Mountain Resort in Cortland, NY. F\u00fcllen Sie das Formular aus, um Ihren Platz an der Stabilization University zu reservieren. Wir werden uns in K\u00fcrze mit Ihnen in Verbindung setzen, um Ihre Anmeldung und die Zahlungsmodalit\u00e4ten zu best\u00e4tigen.<\/p><\/li>\t<\/ul>\n\t\t\t<a href=\"https:\/\/res-q-jack.com\/wp-content\/uploads\/2024\/10\/2025_Stabilization-University_Flyer.pdf\" target=\"_blank\" rel=\"noopener\">\n\t\t\t\t\t\t\tDruckbares Formular herunterladen\n\t\t\t\t\t<\/a>\n\t<h1>\n\t\t\t\tPraktische Schulung zu unseren Tools und patentierten Techniken\n\t\t\t<\/h1>\n\t<p>Lernen Sie das Neueste \u00fcber Fahrzeugstabilisierung und Heben mit unseren patentierten Techniken! Die Stabilization University ist Ihre Eintrittskarte, um mit Ihren Res-Q-Jack Werkzeugen vertraut zu bleiben und \u00fcber unsere neuesten Techniken auf dem Laufenden zu bleiben.<\/p>\n<p>Jede Stabilisierungsuniversit\u00e4t beginnt mit einer kurzen Einf\u00fchrung in unsere Hebetheorie und geht dann nach drau\u00dfen, um realistische, praktische Szenarien zu bew\u00e4ltigen. Unter der Anleitung von Res-Q-Jack-Profis lernen Sie bei jeder Stabilisierungsuniversit\u00e4t grundlegende bis fortgeschrittene Techniken, um sicherzustellen, dass Sie das Beste aus Ihrer Ausr\u00fcstung herausholen.<\/p>\n<p>Schauen Sie in unseren Veranstaltungskalender und folgen Sie uns auf Facebook, um eine Stabilisierungsuniversit\u00e4t in Ihrer N\u00e4he zu finden!<\/p>\n<h3>Die Kurse umfassen:<\/h3>\n<ul>\n<li>Vortrag \u00fcber die Grundlagen der Stabilisierung und Hebekonzepte.<\/li>\n<li>Grundlegende Stabilisierung und Heben von Radst\u00fctzen, Seitenst\u00fctzen und Dachst\u00fctzen.<\/li>\n<li>Kontrolliertes Rollen, Darlington-Rollen und fortgeschrittene \u00dcberschlagstechniken.<\/li>\n<li>Grundlegende und erweiterte \u00dcbersteuerungseinstellungen.<\/li>\n<li>Absperrung, ungew\u00f6hnliche Fahrzeuge, Anheben gro\u00dfer Fahrzeuge und andere komplexe Szenarien.<\/li>\n<\/ul>","protected":false},"excerpt":{"rendered":"<p>Patented tools. Patented training. Learn more about our tools and our patented techniques from qualified Res-Q-Jack instructors.\u00a0 These hands-on, all-day events are held throughout the year all over the country. Registration is now open for our 2025 Factory Stabilization University at Greek Peak Mtn. Resort in Cortland, NY! Saturday, September 27, 2025 Register now to&hellip;<\/p>","protected":false},"author":2,"featured_media":0,"parent":1501,"menu_order":0,"comment_status":"closed","ping_status":"closed","template":"","meta":{"footnotes":""},"class_list":["post-819","page","type-page","status-publish","hentry"],"yoast_head":"<!-- This site is optimized with the Yoast SEO plugin v27.2 - https:\/\/yoast.com\/product\/yoast-seo-wordpress\/ -->\n<title>Stabilization University | Res-Q-Jack, Inc.<\/title>\n<meta name=\"robots\" content=\"index, follow, max-snippet:-1, max-image-preview:large, max-video-preview:-1\" \/>\n<link rel=\"canonical\" href=\"https:\/\/res-q-jack.com\/de_de\/ausbildung\/stabilisierung-universitat\/\" \/>\n<meta property=\"og:locale\" content=\"de_DE\" \/>\n<meta property=\"og:type\" content=\"article\" \/>\n<meta property=\"og:title\" content=\"Stabilization University | Res-Q-Jack, Inc.\" \/>\n<meta property=\"og:description\" content=\"Patented tools. Patented training. Learn more about our tools and our patented techniques from qualified Res-Q-Jack instructors.\u00a0 These hands-on, all-day events are held throughout the year all over the country. Registration is now open for our 2025 Factory Stabilization University at Greek Peak Mtn. Resort in Cortland, NY! Saturday, September 27, 2025 Register now to&hellip;\" \/>\n<meta property=\"og:url\" content=\"https:\/\/res-q-jack.com\/de_de\/ausbildung\/stabilisierung-universitat\/\" \/>\n<meta property=\"og:site_name\" content=\"Res-Q-Jack, Inc.\" \/>\n<meta property=\"article:modified_time\" content=\"2024-10-16T18:51:44+00:00\" \/>\n<meta property=\"og:image\" content=\"https:\/\/res-q-jack.com\/wp-content\/uploads\/2021\/06\/Stabilization-University-Logo-2021.png\" \/>\n<meta name=\"twitter:card\" content=\"summary_large_image\" \/>\n<meta name=\"twitter:label1\" content=\"Gesch\u00e4tzte Lesezeit\" \/>\n\t<meta name=\"twitter:data1\" content=\"1 Minute\" \/>\n<script type=\"application\/ld+json\" class=\"yoast-schema-graph\">{\"@context\":\"https:\/\/schema.org\",\"@graph\":[{\"@type\":\"WebPage\",\"@id\":\"https:\/\/res-q-jack.com\/training\/stabilization-university\/\",\"url\":\"https:\/\/res-q-jack.com\/training\/stabilization-university\/\",\"name\":\"Stabilization University | Res-Q-Jack, Inc.\",\"isPartOf\":{\"@id\":\"https:\/\/res-q-jack.com\/#website\"},\"primaryImageOfPage\":{\"@id\":\"https:\/\/res-q-jack.com\/training\/stabilization-university\/#primaryimage\"},\"image\":{\"@id\":\"https:\/\/res-q-jack.com\/training\/stabilization-university\/#primaryimage\"},\"thumbnailUrl\":\"https:\/\/res-q-jack.com\/wp-content\/uploads\/2021\/06\/Stabilization-University-Logo-2021.png\",\"datePublished\":\"2020-02-26T22:27:36+00:00\",\"dateModified\":\"2024-10-16T18:51:44+00:00\",\"breadcrumb\":{\"@id\":\"https:\/\/res-q-jack.com\/training\/stabilization-university\/#breadcrumb\"},\"inLanguage\":\"de-DE\",\"potentialAction\":[{\"@type\":\"ReadAction\",\"target\":[\"https:\/\/res-q-jack.com\/training\/stabilization-university\/\"]}]},{\"@type\":\"ImageObject\",\"inLanguage\":\"de-DE\",\"@id\":\"https:\/\/res-q-jack.com\/training\/stabilization-university\/#primaryimage\",\"url\":\"https:\/\/res-q-jack.com\/wp-content\/uploads\/2021\/06\/Stabilization-University-Logo-2021.png\",\"contentUrl\":\"https:\/\/res-q-jack.com\/wp-content\/uploads\/2021\/06\/Stabilization-University-Logo-2021.png\"},{\"@type\":\"BreadcrumbList\",\"@id\":\"https:\/\/res-q-jack.com\/training\/stabilization-university\/#breadcrumb\",\"itemListElement\":[{\"@type\":\"ListItem\",\"position\":1,\"name\":\"Home\",\"item\":\"https:\/\/res-q-jack.com\/\"},{\"@type\":\"ListItem\",\"position\":2,\"name\":\"Training\",\"item\":\"https:\/\/res-q-jack.com\/training\/\"},{\"@type\":\"ListItem\",\"position\":3,\"name\":\"Stabilization University\"}]},{\"@type\":\"WebSite\",\"@id\":\"https:\/\/res-q-jack.com\/#website\",\"url\":\"https:\/\/res-q-jack.com\/\",\"name\":\"Res-Q-Jack, Inc.\",\"description\":\"Vehicle Stabilization Struts\",\"publisher\":{\"@id\":\"https:\/\/res-q-jack.com\/#organization\"},\"potentialAction\":[{\"@type\":\"SearchAction\",\"target\":{\"@type\":\"EntryPoint\",\"urlTemplate\":\"https:\/\/res-q-jack.com\/?s={search_term_string}\"},\"query-input\":{\"@type\":\"PropertyValueSpecification\",\"valueRequired\":true,\"valueName\":\"search_term_string\"}}],\"inLanguage\":\"de-DE\"},{\"@type\":\"Organization\",\"@id\":\"https:\/\/res-q-jack.com\/#organization\",\"name\":\"Res-Q-Jack, Inc.\",\"url\":\"https:\/\/res-q-jack.com\/\",\"logo\":{\"@type\":\"ImageObject\",\"inLanguage\":\"de-DE\",\"@id\":\"https:\/\/res-q-jack.com\/#\/schema\/logo\/image\/\",\"url\":\"https:\/\/res-q-jack.com\/wp-content\/uploads\/2020\/03\/Res-Q-Jack-SEO-Logo.png\",\"contentUrl\":\"https:\/\/res-q-jack.com\/wp-content\/uploads\/2020\/03\/Res-Q-Jack-SEO-Logo.png\",\"width\":612,\"height\":138,\"caption\":\"Res-Q-Jack, Inc.\"},\"image\":{\"@id\":\"https:\/\/res-q-jack.com\/#\/schema\/logo\/image\/\"}}]}<\/script>\n<!-- \/ Yoast SEO plugin. -->","yoast_head_json":{"title":"Universit\u00e4t f\u00fcr Stabilisierung | Res-Q-Jack, Inc.","robots":{"index":"index","follow":"follow","max-snippet":"max-snippet:-1","max-image-preview":"max-image-preview:large","max-video-preview":"max-video-preview:-1"},"canonical":"https:\/\/res-q-jack.com\/de_de\/ausbildung\/stabilisierung-universitat\/","og_locale":"de_DE","og_type":"article","og_title":"Stabilization University | Res-Q-Jack, Inc.","og_description":"Patented tools. Patented training. Learn more about our tools and our patented techniques from qualified Res-Q-Jack instructors.\u00a0 These hands-on, all-day events are held throughout the year all over the country. Registration is now open for our 2025 Factory Stabilization University at Greek Peak Mtn. Resort in Cortland, NY! Saturday, September 27, 2025 Register now to&hellip;","og_url":"https:\/\/res-q-jack.com\/de_de\/ausbildung\/stabilisierung-universitat\/","og_site_name":"Res-Q-Jack, Inc.","article_modified_time":"2024-10-16T18:51:44+00:00","og_image":[{"url":"https:\/\/res-q-jack.com\/wp-content\/uploads\/2021\/06\/Stabilization-University-Logo-2021.png","type":"","width":"","height":""}],"twitter_card":"summary_large_image","twitter_misc":{"Gesch\u00e4tzte Lesezeit":"1 Minute"},"schema":{"@context":"https:\/\/schema.org","@graph":[{"@type":"WebPage","@id":"https:\/\/res-q-jack.com\/training\/stabilization-university\/","url":"https:\/\/res-q-jack.com\/training\/stabilization-university\/","name":"Universit\u00e4t f\u00fcr Stabilisierung | Res-Q-Jack, Inc.","isPartOf":{"@id":"https:\/\/res-q-jack.com\/#website"},"primaryImageOfPage":{"@id":"https:\/\/res-q-jack.com\/training\/stabilization-university\/#primaryimage"},"image":{"@id":"https:\/\/res-q-jack.com\/training\/stabilization-university\/#primaryimage"},"thumbnailUrl":"https:\/\/res-q-jack.com\/wp-content\/uploads\/2021\/06\/Stabilization-University-Logo-2021.png","datePublished":"2020-02-26T22:27:36+00:00","dateModified":"2024-10-16T18:51:44+00:00","breadcrumb":{"@id":"https:\/\/res-q-jack.com\/training\/stabilization-university\/#breadcrumb"},"inLanguage":"de-DE","potentialAction":[{"@type":"ReadAction","target":["https:\/\/res-q-jack.com\/training\/stabilization-university\/"]}]},{"@type":"ImageObject","inLanguage":"de-DE","@id":"https:\/\/res-q-jack.com\/training\/stabilization-university\/#primaryimage","url":"https:\/\/res-q-jack.com\/wp-content\/uploads\/2021\/06\/Stabilization-University-Logo-2021.png","contentUrl":"https:\/\/res-q-jack.com\/wp-content\/uploads\/2021\/06\/Stabilization-University-Logo-2021.png"},{"@type":"BreadcrumbList","@id":"https:\/\/res-q-jack.com\/training\/stabilization-university\/#breadcrumb","itemListElement":[{"@type":"ListItem","position":1,"name":"Home","item":"https:\/\/res-q-jack.com\/"},{"@type":"ListItem","position":2,"name":"Training","item":"https:\/\/res-q-jack.com\/training\/"},{"@type":"ListItem","position":3,"name":"Stabilization University"}]},{"@type":"WebSite","@id":"https:\/\/res-q-jack.com\/#website","url":"https:\/\/res-q-jack.com\/","name":"Res-Q-Jack, Inc.","description":"Fahrzeugstabilisierungsstreben","publisher":{"@id":"https:\/\/res-q-jack.com\/#organization"},"potentialAction":[{"@type":"SearchAction","target":{"@type":"EntryPoint","urlTemplate":"https:\/\/res-q-jack.com\/?s={search_term_string}"},"query-input":{"@type":"PropertyValueSpecification","valueRequired":true,"valueName":"search_term_string"}}],"inLanguage":"de-DE"},{"@type":"Organization","@id":"https:\/\/res-q-jack.com\/#organization","name":"Res-Q-Jack, Inc.","url":"https:\/\/res-q-jack.com\/","logo":{"@type":"ImageObject","inLanguage":"de-DE","@id":"https:\/\/res-q-jack.com\/#\/schema\/logo\/image\/","url":"https:\/\/res-q-jack.com\/wp-content\/uploads\/2020\/03\/Res-Q-Jack-SEO-Logo.png","contentUrl":"https:\/\/res-q-jack.com\/wp-content\/uploads\/2020\/03\/Res-Q-Jack-SEO-Logo.png","width":612,"height":138,"caption":"Res-Q-Jack, Inc."},"image":{"@id":"https:\/\/res-q-jack.com\/#\/schema\/logo\/image\/"}}]}},"_links":{"self":[{"href":"https:\/\/res-q-jack.com\/de_de\/wp-json\/wp\/v2\/pages\/819","targetHints":{"allow":["GET"]}}],"collection":[{"href":"https:\/\/res-q-jack.com\/de_de\/wp-json\/wp\/v2\/pages"}],"about":[{"href":"https:\/\/res-q-jack.com\/de_de\/wp-json\/wp\/v2\/types\/page"}],"author":[{"embeddable":true,"href":"https:\/\/res-q-jack.com\/de_de\/wp-json\/wp\/v2\/users\/2"}],"replies":[{"embeddable":true,"href":"https:\/\/res-q-jack.com\/de_de\/wp-json\/wp\/v2\/comments?post=819"}],"version-history":[{"count":0,"href":"https:\/\/res-q-jack.com\/de_de\/wp-json\/wp\/v2\/pages\/819\/revisions"}],"up":[{"embeddable":true,"href":"https:\/\/res-q-jack.com\/de_de\/wp-json\/wp\/v2\/pages\/1501"}],"wp:attachment":[{"href":"https:\/\/res-q-jack.com\/de_de\/wp-json\/wp\/v2\/media?parent=819"}],"curies":[{"name":"wp","href":"https:\/\/api.w.org\/{rel}","templated":true}]}}