{"id":50,"date":"2019-12-13T12:40:42","date_gmt":"2019-12-13T17:40:42","guid":{"rendered":"https:\/\/resqjack.wpengine.com\/?page_id=50"},"modified":"2021-02-01T16:18:07","modified_gmt":"2021-02-01T21:18:07","slug":"uber","status":"publish","type":"page","link":"https:\/\/res-q-jack.com\/de_de\/about\/","title":{"rendered":"\u00dcber"},"content":{"rendered":"<h1>\n\t\t\t\tUnser Unternehmen\n\t\t\t<\/h1>\n\t<p>\"UNSERE WERKZEUGE RETTEN LEBEN\".  Diese Worte stehen auf einem 8-Fu\u00df-Schild in unserer Produktionsst\u00e4tte in Elmira, NY, um daran zu erinnern, was auf unseren Produkten steht.  Unsere Mitarbeiter, von denen viele als freiwillige Helfer t\u00e4tig waren, wissen um die Bedeutung der von uns hergestellten Produkte, und das zeigt sich in allem, was wir tun.<\/p>\n<p>Wir stellen jede Rettungsstrebe in unserer Werkstatt von Hand aus bew\u00e4hrten und vorhersehbaren Materialien her.  Von der Handschwei\u00dfung bis zur High-End-Bearbeitung werden alle unsere Streben mit Sorgfalt hergestellt und gepr\u00fcft, um eine jahrelange Leistung im Einsatz zu gew\u00e4hrleisten.<\/p>\n<p>Unsere Hilfsmittel sind aus den Erfahrungen vor Ort entstanden und wurden durch die Kommunikation mit den Einsatzkr\u00e4ften verfeinert, um den Bed\u00fcrfnissen der Einsatzkr\u00e4fte gerecht zu werden.<\/p>\n<p>Unsere Philosophie ist einfach: \"Einfache Werkzeuge, fortschrittliche Schulung\".  Wir glauben daran, den Einsatzkr\u00e4ften Werkzeuge an die Hand zu geben, die ebenso intuitiv wie effektiv sind, und sie gr\u00fcndlich zu schulen, um die Effektivit\u00e4t im Einsatz zu maximieren.<\/p>\n<p>Wir haben unsere Produkte aus einem bestimmten Grund einfach gehalten.  Wir m\u00f6chten, dass die Einsatzkr\u00e4fte unsere Ger\u00e4te sicher und erfolgreich nutzen k\u00f6nnen.  Wir verwenden keine komplizierte Hydraulik, keine unberechenbaren \"Space-Age\"-Kunststoffe und keine \u00fcberm\u00e4\u00dfig komplizierten Einstellungen.<\/p>\n<p>Wir entwickeln unsere Streben so, dass sie benutzerfreundlich, effektiv und zuverl\u00e4ssig sind.  Bei der Auswahl der Materialien achten wir auf Festigkeit und Vorhersagbarkeit, und wir konzipieren unsere Systeme so, dass sie einfacher und dennoch leistungsf\u00e4higer sind als komplexere Ger\u00e4te.  Wir konstruieren unsere Streben so, dass sie sofort nach der Auslieferung einsatzbereit sind und Zeit sparen, wenn es am wichtigsten ist.<\/p>\n<p>Unsere Ger\u00e4te sind zwar intuitiv bedienbar, aber wir glauben auch, dass ein gutes Rettungsger\u00e4t nur so gut ist wie die Ausbildung, die dahinter steckt.  Deshalb bieten wir bei einem Kauf Ihrer Abteilung bei Res-Q-Jack eine kostenlose Schulung in Ihrer Einrichtung an, sowohl f\u00fcr unsere Ger\u00e4te als auch f\u00fcr unsere Techniken.<\/p>\n<p>Von grundlegenden Einstellungen bis hin zu fortgeschrittenen Techniken - Res-Q-Jack schult Ihre Abteilung so lange, bis Sie unsere Produkte sicher anwenden k\u00f6nnen.  Das Verst\u00e4ndnis unserer bahnbrechenden Stabilisierungs- und Hebetechniken wird zu Ihrem Erfolg im Einsatz beitragen.<\/p>\n<p>Wir sind stolz darauf, ein sympathisches Unternehmen zu sein, dem die Einsatzkr\u00e4fte, die unsere Hilfsmittel verwenden, ebenso am Herzen liegen wie der Grund, warum sie sie verwenden.<\/p>\n<p>Bei Res-Q-Jack gibt es keine Telefonb\u00e4ume, keine automatischen Leitungen und kein Herumgerenne.  Wir sind f\u00fcr unsere Kunden da, wenn sie uns brauchen, und tun unser Bestes, um zu helfen, wo immer wir k\u00f6nnen.  Von kostenlosen Vorf\u00fchrungen und Schulungen bis hin zu ma\u00dfgeschneiderten Produkten - wir m\u00f6chten, dass Sie die besten Werkzeuge und die beste Schulung f\u00fcr Ihre Arbeit erhalten.<\/p>\n<p>Wir sind klein genug, um f\u00fcr Sie erreichbar zu sein und Ihnen eine individuelle Betreuung zu bieten, aber mit einem riesigen Netz handverlesener H\u00e4ndler, die genauso an unsere Marke glauben wie wir, sind wir gro\u00df genug, um Ihnen mit Schulungen und Support zur Seite zu stehen, egal wo Sie sich befinden.<\/p>\n\t<h3>\n\t\t\t\tUnsere Geschichte\n\t\t\t<\/h3>\n\t<p>Nach seinem Master-Abschluss in Maschinenbau und mehreren Jahren im Bereich Beratung und Konstruktion gr\u00fcndete Cris Pasto die Cepco Tool Company.  Cepco Tools begann mit einem Produkt f\u00fcr die einfache Montage von verzogenen Terrassendielen, Sperrholz und Nut- und Feder-Materialien. Dieses Produkt, das Bowrench Deck Tool, steht h\u00e4ufig auf der Liste der meistverkauften Handwerkzeuge bei amazon.com und brachte dem Unternehmen viel Erfolg.<\/p>\n<p>Der Erfolg des Bowrench brachte ein Produkt mit dem Namen QuikJack hervor, einen Wagenheber f\u00fcr Hartholzb\u00f6den. W\u00e4hrend sich Cepco Tools entwickelte und stark wuchs, konnte Cris einen Schritt zur\u00fccktreten.  Also tat er etwas, was er schon eine Weile tun wollte - er trat seiner \u00f6rtlichen Feuerwehr bei.<\/p>\n<p>Als Mitglied der Abteilung war Cris mit vielen interessanten und kreativen Werkzeugen der Feuerwehr konfrontiert, aber er sah viel Raum f\u00fcr Verbesserungen, insbesondere im Bereich der Stabilisierung von Personenkraftwagen.  Frustriert reagierte Cris auf Fahrzeugunf\u00e4lle, die sich \u00fcberschlagen hatten, und f\u00fchlte sich nie zufrieden mit dem Grad der Stabilit\u00e4t, den sie mit den ihnen zur Verf\u00fcgung stehenden Mitteln erreichten.<\/p>\n<p>Im Laufe der n\u00e4chsten Monate entwickelte Cris Prototypen, und Cepco Tools stellte das erste Res-Q-Jack Modell RJ1 her. Urspr\u00fcnglich sollte lediglich die eine Feuerwehr mit geeigneten Werkzeugen zur Stabilisierung versorgt werden, aber es sollte noch viel mehr kommen.<\/p>\n<p>Nach der Entwicklung des RJ1 bat die benachbarte Feuerwehr Cepco Tools, ein Set f\u00fcr sie zu bauen. Von dort aus bekamen Ron Moore vom Firehouse Magazine und die Feuerwehr von Plano in Texas Wind von dem Res-Q-Jack.<\/p>\n<p>Er rief Cris an und fragte, ob er die Konstruktion testen und seine Ergebnisse in einem Sonderartikel f\u00fcr das Firehouse Magazine \u00fcber Stabilisierung ver\u00f6ffentlichen k\u00f6nne. Mit diesem Artikel wurde die Res-Q-Jack-Produktlinie im Wesentlichen auf den Markt gebracht. Ron leistete auch weiterhin wertvolle Beitr\u00e4ge und f\u00f6rderte das Unternehmen und seine Produktentwicklung.<\/p>\n<p>Als John Meier das Unternehmen im Jahr 2004 kaufte, wurde Res-Q-Jack zu einem eigenen Unternehmen, das von Cepco Tools getrennt ist.  Seitdem haben wir unsere Produkte weiterentwickelt und verbessert, um ihre Vielseitigkeit zu maximieren, die Einrichtungsgeschwindigkeit zu erh\u00f6hen, sie benutzer- und patientenfreundlicher zu machen und sie erschwinglich zu halten.<\/p>\n<p>W\u00e4hrend das Ziel der Produkte der Cepco Tool Company immer darin bestand, das Leben von Bauunternehmern zu erleichtern, macht Res-Q-Jack jetzt die Arbeit von Rettungskr\u00e4ften einfacher; und, was noch besser ist, wir helfen jeden Tag, Leben zu retten.<\/p>\n<p>Inzwischen hat sich das Unternehmen zu dem entwickelt, was Sie heute auf unserer Website sehen, und setzt weiterhin Ma\u00dfst\u00e4be in der Fahrzeugstabilisierung und im Heben.<\/p>\n\t<h4>\n\t\t\t\tHaben Sie Fragen?  Rufen Sie uns an: 1-800-466-9626\n\t\t\t<\/h4>","protected":false},"excerpt":{"rendered":"<p>Unser Unternehmen \"UNSERE WERKZEUGE RETTEN LEBEN\".  Diese Worte sind auf einem 8-Fu\u00df-Schild in unserer Produktionsst\u00e4tte in Elmira, NY, aufgedruckt, um daran zu erinnern, was auf unseren Produkten reitet.  Unsere Mitarbeiter, von denen viele als freiwillige Helfer t\u00e4tig waren, wissen um die Bedeutung der von uns hergestellten Produkte, und das zeigt sich in allem, was wir tun....<\/p>","protected":false},"author":2,"featured_media":0,"parent":0,"menu_order":0,"comment_status":"closed","ping_status":"closed","template":"","meta":{"footnotes":""},"class_list":["post-50","page","type-page","status-publish","hentry"],"yoast_head":"<!-- This site is optimized with the Yoast SEO plugin v27.2 - https:\/\/yoast.com\/product\/yoast-seo-wordpress\/ -->\n<title>About | Res-Q-Jack, Inc.<\/title>\n<meta name=\"robots\" content=\"index, follow, max-snippet:-1, max-image-preview:large, max-video-preview:-1\" \/>\n<link rel=\"canonical\" href=\"https:\/\/res-q-jack.com\/de_de\/uber\/\" \/>\n<meta property=\"og:locale\" content=\"de_DE\" \/>\n<meta property=\"og:type\" content=\"article\" \/>\n<meta property=\"og:title\" content=\"About | Res-Q-Jack, Inc.\" \/>\n<meta property=\"og:description\" content=\"Our Company &#8220;OUR TOOLS SAVE LIVES.&#8221;\u00a0 These words are printed on an 8-foot sign in our manufacturing facility in Elmira, NY as a reminder of what rides on our products.\u00a0 Our employees, many of whom have served as volunteer responders, know the importance of the products we produce, and this shows in all we do.&hellip;\" \/>\n<meta property=\"og:url\" content=\"https:\/\/res-q-jack.com\/de_de\/uber\/\" \/>\n<meta property=\"og:site_name\" content=\"Res-Q-Jack, Inc.\" \/>\n<meta property=\"article:modified_time\" content=\"2021-02-01T21:18:07+00:00\" \/>\n<meta name=\"twitter:card\" content=\"summary_large_image\" \/>\n<meta name=\"twitter:label1\" content=\"Gesch\u00e4tzte Lesezeit\" \/>\n\t<meta name=\"twitter:data1\" content=\"4 Minuten\" \/>\n<script type=\"application\/ld+json\" class=\"yoast-schema-graph\">{\"@context\":\"https:\/\/schema.org\",\"@graph\":[{\"@type\":\"WebPage\",\"@id\":\"https:\/\/res-q-jack.com\/about\/\",\"url\":\"https:\/\/res-q-jack.com\/about\/\",\"name\":\"About | Res-Q-Jack, Inc.\",\"isPartOf\":{\"@id\":\"https:\/\/res-q-jack.com\/#website\"},\"datePublished\":\"2019-12-13T17:40:42+00:00\",\"dateModified\":\"2021-02-01T21:18:07+00:00\",\"breadcrumb\":{\"@id\":\"https:\/\/res-q-jack.com\/about\/#breadcrumb\"},\"inLanguage\":\"de-DE\",\"potentialAction\":[{\"@type\":\"ReadAction\",\"target\":[\"https:\/\/res-q-jack.com\/about\/\"]}]},{\"@type\":\"BreadcrumbList\",\"@id\":\"https:\/\/res-q-jack.com\/about\/#breadcrumb\",\"itemListElement\":[{\"@type\":\"ListItem\",\"position\":1,\"name\":\"Home\",\"item\":\"https:\/\/res-q-jack.com\/\"},{\"@type\":\"ListItem\",\"position\":2,\"name\":\"About\"}]},{\"@type\":\"WebSite\",\"@id\":\"https:\/\/res-q-jack.com\/#website\",\"url\":\"https:\/\/res-q-jack.com\/\",\"name\":\"Res-Q-Jack, Inc.\",\"description\":\"Vehicle Stabilization Struts\",\"publisher\":{\"@id\":\"https:\/\/res-q-jack.com\/#organization\"},\"potentialAction\":[{\"@type\":\"SearchAction\",\"target\":{\"@type\":\"EntryPoint\",\"urlTemplate\":\"https:\/\/res-q-jack.com\/?s={search_term_string}\"},\"query-input\":{\"@type\":\"PropertyValueSpecification\",\"valueRequired\":true,\"valueName\":\"search_term_string\"}}],\"inLanguage\":\"de-DE\"},{\"@type\":\"Organization\",\"@id\":\"https:\/\/res-q-jack.com\/#organization\",\"name\":\"Res-Q-Jack, Inc.\",\"url\":\"https:\/\/res-q-jack.com\/\",\"logo\":{\"@type\":\"ImageObject\",\"inLanguage\":\"de-DE\",\"@id\":\"https:\/\/res-q-jack.com\/#\/schema\/logo\/image\/\",\"url\":\"https:\/\/res-q-jack.com\/wp-content\/uploads\/2020\/03\/Res-Q-Jack-SEO-Logo.png\",\"contentUrl\":\"https:\/\/res-q-jack.com\/wp-content\/uploads\/2020\/03\/Res-Q-Jack-SEO-Logo.png\",\"width\":612,\"height\":138,\"caption\":\"Res-Q-Jack, Inc.\"},\"image\":{\"@id\":\"https:\/\/res-q-jack.com\/#\/schema\/logo\/image\/\"}}]}<\/script>\n<!-- \/ Yoast SEO plugin. -->","yoast_head_json":{"title":"\u00dcber | Res-Q-Jack, Inc.","robots":{"index":"index","follow":"follow","max-snippet":"max-snippet:-1","max-image-preview":"max-image-preview:large","max-video-preview":"max-video-preview:-1"},"canonical":"https:\/\/res-q-jack.com\/de_de\/uber\/","og_locale":"de_DE","og_type":"article","og_title":"About | Res-Q-Jack, Inc.","og_description":"Our Company &#8220;OUR TOOLS SAVE LIVES.&#8221;\u00a0 These words are printed on an 8-foot sign in our manufacturing facility in Elmira, NY as a reminder of what rides on our products.\u00a0 Our employees, many of whom have served as volunteer responders, know the importance of the products we produce, and this shows in all we do.&hellip;","og_url":"https:\/\/res-q-jack.com\/de_de\/uber\/","og_site_name":"Res-Q-Jack, Inc.","article_modified_time":"2021-02-01T21:18:07+00:00","twitter_card":"summary_large_image","twitter_misc":{"Gesch\u00e4tzte Lesezeit":"4 Minuten"},"schema":{"@context":"https:\/\/schema.org","@graph":[{"@type":"WebPage","@id":"https:\/\/res-q-jack.com\/about\/","url":"https:\/\/res-q-jack.com\/about\/","name":"\u00dcber | Res-Q-Jack, Inc.","isPartOf":{"@id":"https:\/\/res-q-jack.com\/#website"},"datePublished":"2019-12-13T17:40:42+00:00","dateModified":"2021-02-01T21:18:07+00:00","breadcrumb":{"@id":"https:\/\/res-q-jack.com\/about\/#breadcrumb"},"inLanguage":"de-DE","potentialAction":[{"@type":"ReadAction","target":["https:\/\/res-q-jack.com\/about\/"]}]},{"@type":"BreadcrumbList","@id":"https:\/\/res-q-jack.com\/about\/#breadcrumb","itemListElement":[{"@type":"ListItem","position":1,"name":"Home","item":"https:\/\/res-q-jack.com\/"},{"@type":"ListItem","position":2,"name":"About"}]},{"@type":"WebSite","@id":"https:\/\/res-q-jack.com\/#website","url":"https:\/\/res-q-jack.com\/","name":"Res-Q-Jack, Inc.","description":"Fahrzeugstabilisierungsstreben","publisher":{"@id":"https:\/\/res-q-jack.com\/#organization"},"potentialAction":[{"@type":"SearchAction","target":{"@type":"EntryPoint","urlTemplate":"https:\/\/res-q-jack.com\/?s={search_term_string}"},"query-input":{"@type":"PropertyValueSpecification","valueRequired":true,"valueName":"search_term_string"}}],"inLanguage":"de-DE"},{"@type":"Organization","@id":"https:\/\/res-q-jack.com\/#organization","name":"Res-Q-Jack, Inc.","url":"https:\/\/res-q-jack.com\/","logo":{"@type":"ImageObject","inLanguage":"de-DE","@id":"https:\/\/res-q-jack.com\/#\/schema\/logo\/image\/","url":"https:\/\/res-q-jack.com\/wp-content\/uploads\/2020\/03\/Res-Q-Jack-SEO-Logo.png","contentUrl":"https:\/\/res-q-jack.com\/wp-content\/uploads\/2020\/03\/Res-Q-Jack-SEO-Logo.png","width":612,"height":138,"caption":"Res-Q-Jack, Inc."},"image":{"@id":"https:\/\/res-q-jack.com\/#\/schema\/logo\/image\/"}}]}},"_links":{"self":[{"href":"https:\/\/res-q-jack.com\/de_de\/wp-json\/wp\/v2\/pages\/50","targetHints":{"allow":["GET"]}}],"collection":[{"href":"https:\/\/res-q-jack.com\/de_de\/wp-json\/wp\/v2\/pages"}],"about":[{"href":"https:\/\/res-q-jack.com\/de_de\/wp-json\/wp\/v2\/types\/page"}],"author":[{"embeddable":true,"href":"https:\/\/res-q-jack.com\/de_de\/wp-json\/wp\/v2\/users\/2"}],"replies":[{"embeddable":true,"href":"https:\/\/res-q-jack.com\/de_de\/wp-json\/wp\/v2\/comments?post=50"}],"version-history":[{"count":0,"href":"https:\/\/res-q-jack.com\/de_de\/wp-json\/wp\/v2\/pages\/50\/revisions"}],"wp:attachment":[{"href":"https:\/\/res-q-jack.com\/de_de\/wp-json\/wp\/v2\/media?parent=50"}],"curies":[{"name":"wp","href":"https:\/\/api.w.org\/{rel}","templated":true}]}}