{"id":44,"date":"2019-12-13T12:40:03","date_gmt":"2019-12-13T17:40:03","guid":{"rendered":"https:\/\/resqjack.wpengine.com\/?page_id=44"},"modified":"2026-04-16T13:47:51","modified_gmt":"2026-04-16T18:47:51","slug":"zubehor","status":"publish","type":"page","link":"https:\/\/res-q-jack.com\/de_de\/accessories\/","title":{"rendered":"Zubeh\u00f6r"},"content":{"rendered":"<h1>Zubeh\u00f6r<\/h1>\t\t\t\n\t\t\t\t<p>Res-Q-Jack bietet ein breites Sortiment an speziell angefertigten Endbeschl\u00e4gen und Zubeh\u00f6r f\u00fcr unsere stiftlosen und gestifteten Rettungsst\u00fctzen sowie Pf\u00e4hle, Platten und Unterlegkeile f\u00fcr jedes Szenario.<\/p>\n\t\t\t\t<img decoding=\"async\" data-src=\"https:\/\/res-q-jack.com\/wp-content\/uploads\/2026\/04\/Application-Image-for-Website-2.png\" alt=\"Application Image for Website\" title=\"Application Image for Website\" itemprop=\"image\" src=\"data:image\/svg+xml;base64,PHN2ZyB3aWR0aD0iMSIgaGVpZ2h0PSIxIiB4bWxucz0iaHR0cDovL3d3dy53My5vcmcvMjAwMC9zdmciPjwvc3ZnPg==\" class=\"lazyload\" style=\"--smush-placeholder-width: 900px; --smush-placeholder-aspect-ratio: 900\/600;\" \/>\n\t\t<h3>X-Drive<\/h3>\t\t\t\n\t\t\t\t<p>A battery powered drive system designed to handle up to 6,000 lbs, reduce strain, and eliminate manual cranking.<\/p>\n\t\t\t<a href=\"https:\/\/res-q-jack.com\/de_de\/zubehor\/x-drive\/\" title=\"Details anzeigen\" target=\"_self\"   role=\"button\" aria-label=\"Details anzeigen\">\n\t\t\t\t\t\t\t\t\t\t\tDetails anzeigen\n\t\t<\/a>\n\t\t\t\t<img decoding=\"async\" data-src=\"https:\/\/res-q-jack.com\/wp-content\/uploads\/2020\/02\/Pin-Free-End-Fittings-for-Res-Q-Jack-Rescue-Struts.jpg\" alt=\"Pin-Free Endst\u00fccke f\u00fcr Res-Q-Jack Rettungsst\u00fctzen\" title=\"Pin-Free Endst\u00fccke f\u00fcr Res-Q-Jack Rettungsst\u00fctzen\" itemprop=\"image\" src=\"data:image\/svg+xml;base64,PHN2ZyB3aWR0aD0iMSIgaGVpZ2h0PSIxIiB4bWxucz0iaHR0cDovL3d3dy53My5vcmcvMjAwMC9zdmciPjwvc3ZnPg==\" class=\"lazyload\" style=\"--smush-placeholder-width: 900px; --smush-placeholder-aspect-ratio: 900\/600;\" \/>\n\t\t<h3>Pin-Free End Fittings<\/h3>\t\t\t\n\t\t\t\t<p>Stiftfreie Endst\u00fccke, einschlie\u00dflich schwenkbarer CRG-K\u00f6pfe, Verl\u00e4ngerungsh\u00fclsen, Stativk\u00f6pfe und mehr.<\/p>\n\t\t\t<a href=\"https:\/\/res-q-jack.com\/de_de\/zubehor\/stiftlose-beschlage\/\" title=\"Details anzeigen\" target=\"_self\"   role=\"button\" aria-label=\"Details anzeigen\">\n\t\t\t\t\t\t\t\t\t\t\tDetails anzeigen\n\t\t<\/a>\n\t\t\t\t<img decoding=\"async\" data-src=\"https:\/\/res-q-jack.com\/wp-content\/uploads\/2020\/02\/Pinned-End-Fittings-for-Res-Q-Jack-Rescue-Struts.jpg\" alt=\"Endbeschl\u00e4ge mit Zapfen f\u00fcr Res-Q-Jack Rettungsst\u00fctzen\" title=\"Endbeschl\u00e4ge mit Zapfen f\u00fcr Res-Q-Jack Rettungsst\u00fctzen\" itemprop=\"image\" src=\"data:image\/svg+xml;base64,PHN2ZyB3aWR0aD0iMSIgaGVpZ2h0PSIxIiB4bWxucz0iaHR0cDovL3d3dy53My5vcmcvMjAwMC9zdmciPjwvc3ZnPg==\" class=\"lazyload\" style=\"--smush-placeholder-width: 900px; --smush-placeholder-aspect-ratio: 900\/600;\" \/>\n\t\t<h3>Fittings mit Stiftende<\/h3>\t\t\t\n\t\t\t\t<p>Mit Stiften versehene Endst\u00fccke, einschlie\u00dflich C-K\u00f6pfe, L-Platten, starre feste Basen, schwenkbare CRG-K\u00f6pfe, Stativk\u00f6pfe und mehr.<\/p>\n\t\t\t<a href=\"https:\/\/res-q-jack.com\/de_de\/zubehor\/stiftendbeschlage\/\" title=\"Details anzeigen\" target=\"_self\"   role=\"button\" aria-label=\"Details anzeigen\">\n\t\t\t\t\t\t\t\t\t\t\tDetails anzeigen\n\t\t<\/a>\n\t\t\t\t<img decoding=\"async\" data-src=\"https:\/\/res-q-jack.com\/wp-content\/uploads\/2020\/02\/Load-Pad.jpg\" alt=\"Load Pad Universal Zubeh\u00f6r\" title=\"Load Pad Universal Zubeh\u00f6r\" itemprop=\"image\" src=\"data:image\/svg+xml;base64,PHN2ZyB3aWR0aD0iMSIgaGVpZ2h0PSIxIiB4bWxucz0iaHR0cDovL3d3dy53My5vcmcvMjAwMC9zdmciPjwvc3ZnPg==\" class=\"lazyload\" style=\"--smush-placeholder-width: 900px; --smush-placeholder-aspect-ratio: 900\/600;\" \/>\n\t\t<h3>Universelles Zubeh\u00f6r<\/h3>\t\t\t\n\t\t\t\t<p>Universelles Zubeh\u00f6r, einschlie\u00dflich Darlington-Kopf, Ratschenradkeil, Res-Q-Saw und mehr.<\/p>\n\t\t\t<a href=\"https:\/\/res-q-jack.com\/de_de\/zubehor\/universal-zubehor\/\" title=\"Details anzeigen\" target=\"_self\"   role=\"button\" aria-label=\"Details anzeigen\">\n\t\t\t\t\t\t\t\t\t\t\tDetails anzeigen\n\t\t<\/a>","protected":false},"excerpt":{"rendered":"<p>Accessories Res-Q-Jack offers a wide assortment of purpose-built end fittings, and accessories for our pin-free and pinned rescue struts, as well as pickets, plates and chocks for any scenario. X-Drive A battery powered drive system designed to handle up to 6,000 lbs, reduce strain, and eliminate manual cranking. View Details Pin-Free End Fittings Pin-free end&hellip;<\/p>","protected":false},"author":2,"featured_media":0,"parent":0,"menu_order":0,"comment_status":"closed","ping_status":"closed","template":"","meta":{"footnotes":""},"class_list":["post-44","page","type-page","status-publish","hentry"],"yoast_head":"<!-- This site is optimized with the Yoast SEO plugin v27.2 - https:\/\/yoast.com\/product\/yoast-seo-wordpress\/ -->\n<title>Accessories | Res-Q-Jack, Inc.<\/title>\n<meta name=\"robots\" content=\"index, follow, max-snippet:-1, max-image-preview:large, max-video-preview:-1\" \/>\n<link rel=\"canonical\" href=\"https:\/\/res-q-jack.com\/de_de\/zubehor\/\" \/>\n<meta property=\"og:locale\" content=\"de_DE\" \/>\n<meta property=\"og:type\" content=\"article\" \/>\n<meta property=\"og:title\" content=\"Accessories | Res-Q-Jack, Inc.\" \/>\n<meta property=\"og:description\" content=\"Accessories Res-Q-Jack offers a wide assortment of purpose-built end fittings, and accessories for our pin-free and pinned rescue struts, as well as pickets, plates and chocks for any scenario. X-Drive A battery powered drive system designed to handle up to 6,000 lbs, reduce strain, and eliminate manual cranking. View Details Pin-Free End Fittings Pin-free end&hellip;\" \/>\n<meta property=\"og:url\" content=\"https:\/\/res-q-jack.com\/de_de\/zubehor\/\" \/>\n<meta property=\"og:site_name\" content=\"Res-Q-Jack, Inc.\" \/>\n<meta property=\"article:modified_time\" content=\"2026-04-16T18:47:51+00:00\" \/>\n<meta property=\"og:image\" content=\"https:\/\/res-q-jack.com\/wp-content\/uploads\/2026\/04\/Application-Image-for-Website-2.png\" \/>\n<meta name=\"twitter:card\" content=\"summary_large_image\" \/>\n<meta name=\"twitter:label1\" content=\"Gesch\u00e4tzte Lesezeit\" \/>\n\t<meta name=\"twitter:data1\" content=\"2 Minuten\" \/>\n<script type=\"application\/ld+json\" class=\"yoast-schema-graph\">{\"@context\":\"https:\/\/schema.org\",\"@graph\":[{\"@type\":\"WebPage\",\"@id\":\"https:\/\/res-q-jack.com\/accessories\/\",\"url\":\"https:\/\/res-q-jack.com\/accessories\/\",\"name\":\"Accessories | Res-Q-Jack, Inc.\",\"isPartOf\":{\"@id\":\"https:\/\/res-q-jack.com\/#website\"},\"primaryImageOfPage\":{\"@id\":\"https:\/\/res-q-jack.com\/accessories\/#primaryimage\"},\"image\":{\"@id\":\"https:\/\/res-q-jack.com\/accessories\/#primaryimage\"},\"thumbnailUrl\":\"https:\/\/res-q-jack.com\/wp-content\/uploads\/2026\/04\/Application-Image-for-Website-2.png\",\"datePublished\":\"2019-12-13T17:40:03+00:00\",\"dateModified\":\"2026-04-16T18:47:51+00:00\",\"breadcrumb\":{\"@id\":\"https:\/\/res-q-jack.com\/accessories\/#breadcrumb\"},\"inLanguage\":\"de-DE\",\"potentialAction\":[{\"@type\":\"ReadAction\",\"target\":[\"https:\/\/res-q-jack.com\/accessories\/\"]}]},{\"@type\":\"ImageObject\",\"inLanguage\":\"de-DE\",\"@id\":\"https:\/\/res-q-jack.com\/accessories\/#primaryimage\",\"url\":\"https:\/\/res-q-jack.com\/wp-content\/uploads\/2026\/04\/Application-Image-for-Website-2.png\",\"contentUrl\":\"https:\/\/res-q-jack.com\/wp-content\/uploads\/2026\/04\/Application-Image-for-Website-2.png\"},{\"@type\":\"BreadcrumbList\",\"@id\":\"https:\/\/res-q-jack.com\/accessories\/#breadcrumb\",\"itemListElement\":[{\"@type\":\"ListItem\",\"position\":1,\"name\":\"Home\",\"item\":\"https:\/\/res-q-jack.com\/\"},{\"@type\":\"ListItem\",\"position\":2,\"name\":\"Accessories\"}]},{\"@type\":\"WebSite\",\"@id\":\"https:\/\/res-q-jack.com\/#website\",\"url\":\"https:\/\/res-q-jack.com\/\",\"name\":\"Res-Q-Jack, Inc.\",\"description\":\"Vehicle Stabilization Struts\",\"publisher\":{\"@id\":\"https:\/\/res-q-jack.com\/#organization\"},\"potentialAction\":[{\"@type\":\"SearchAction\",\"target\":{\"@type\":\"EntryPoint\",\"urlTemplate\":\"https:\/\/res-q-jack.com\/?s={search_term_string}\"},\"query-input\":{\"@type\":\"PropertyValueSpecification\",\"valueRequired\":true,\"valueName\":\"search_term_string\"}}],\"inLanguage\":\"de-DE\"},{\"@type\":\"Organization\",\"@id\":\"https:\/\/res-q-jack.com\/#organization\",\"name\":\"Res-Q-Jack, Inc.\",\"url\":\"https:\/\/res-q-jack.com\/\",\"logo\":{\"@type\":\"ImageObject\",\"inLanguage\":\"de-DE\",\"@id\":\"https:\/\/res-q-jack.com\/#\/schema\/logo\/image\/\",\"url\":\"https:\/\/res-q-jack.com\/wp-content\/uploads\/2020\/03\/Res-Q-Jack-SEO-Logo.png\",\"contentUrl\":\"https:\/\/res-q-jack.com\/wp-content\/uploads\/2020\/03\/Res-Q-Jack-SEO-Logo.png\",\"width\":612,\"height\":138,\"caption\":\"Res-Q-Jack, Inc.\"},\"image\":{\"@id\":\"https:\/\/res-q-jack.com\/#\/schema\/logo\/image\/\"}}]}<\/script>\n<!-- \/ Yoast SEO plugin. -->","yoast_head_json":{"title":"Zubeh\u00f6r | Res-Q-Jack, Inc.","robots":{"index":"index","follow":"follow","max-snippet":"max-snippet:-1","max-image-preview":"max-image-preview:large","max-video-preview":"max-video-preview:-1"},"canonical":"https:\/\/res-q-jack.com\/de_de\/zubehor\/","og_locale":"de_DE","og_type":"article","og_title":"Accessories | Res-Q-Jack, Inc.","og_description":"Accessories Res-Q-Jack offers a wide assortment of purpose-built end fittings, and accessories for our pin-free and pinned rescue struts, as well as pickets, plates and chocks for any scenario. X-Drive A battery powered drive system designed to handle up to 6,000 lbs, reduce strain, and eliminate manual cranking. View Details Pin-Free End Fittings Pin-free end&hellip;","og_url":"https:\/\/res-q-jack.com\/de_de\/zubehor\/","og_site_name":"Res-Q-Jack, Inc.","article_modified_time":"2026-04-16T18:47:51+00:00","og_image":[{"url":"https:\/\/res-q-jack.com\/wp-content\/uploads\/2026\/04\/Application-Image-for-Website-2.png","type":"","width":"","height":""}],"twitter_card":"summary_large_image","twitter_misc":{"Gesch\u00e4tzte Lesezeit":"2 Minuten"},"schema":{"@context":"https:\/\/schema.org","@graph":[{"@type":"WebPage","@id":"https:\/\/res-q-jack.com\/accessories\/","url":"https:\/\/res-q-jack.com\/accessories\/","name":"Zubeh\u00f6r | Res-Q-Jack, Inc.","isPartOf":{"@id":"https:\/\/res-q-jack.com\/#website"},"primaryImageOfPage":{"@id":"https:\/\/res-q-jack.com\/accessories\/#primaryimage"},"image":{"@id":"https:\/\/res-q-jack.com\/accessories\/#primaryimage"},"thumbnailUrl":"https:\/\/res-q-jack.com\/wp-content\/uploads\/2026\/04\/Application-Image-for-Website-2.png","datePublished":"2019-12-13T17:40:03+00:00","dateModified":"2026-04-16T18:47:51+00:00","breadcrumb":{"@id":"https:\/\/res-q-jack.com\/accessories\/#breadcrumb"},"inLanguage":"de-DE","potentialAction":[{"@type":"ReadAction","target":["https:\/\/res-q-jack.com\/accessories\/"]}]},{"@type":"ImageObject","inLanguage":"de-DE","@id":"https:\/\/res-q-jack.com\/accessories\/#primaryimage","url":"https:\/\/res-q-jack.com\/wp-content\/uploads\/2026\/04\/Application-Image-for-Website-2.png","contentUrl":"https:\/\/res-q-jack.com\/wp-content\/uploads\/2026\/04\/Application-Image-for-Website-2.png"},{"@type":"BreadcrumbList","@id":"https:\/\/res-q-jack.com\/accessories\/#breadcrumb","itemListElement":[{"@type":"ListItem","position":1,"name":"Home","item":"https:\/\/res-q-jack.com\/"},{"@type":"ListItem","position":2,"name":"Accessories"}]},{"@type":"WebSite","@id":"https:\/\/res-q-jack.com\/#website","url":"https:\/\/res-q-jack.com\/","name":"Res-Q-Jack, Inc.","description":"Fahrzeugstabilisierungsstreben","publisher":{"@id":"https:\/\/res-q-jack.com\/#organization"},"potentialAction":[{"@type":"SearchAction","target":{"@type":"EntryPoint","urlTemplate":"https:\/\/res-q-jack.com\/?s={search_term_string}"},"query-input":{"@type":"PropertyValueSpecification","valueRequired":true,"valueName":"search_term_string"}}],"inLanguage":"de-DE"},{"@type":"Organization","@id":"https:\/\/res-q-jack.com\/#organization","name":"Res-Q-Jack, Inc.","url":"https:\/\/res-q-jack.com\/","logo":{"@type":"ImageObject","inLanguage":"de-DE","@id":"https:\/\/res-q-jack.com\/#\/schema\/logo\/image\/","url":"https:\/\/res-q-jack.com\/wp-content\/uploads\/2020\/03\/Res-Q-Jack-SEO-Logo.png","contentUrl":"https:\/\/res-q-jack.com\/wp-content\/uploads\/2020\/03\/Res-Q-Jack-SEO-Logo.png","width":612,"height":138,"caption":"Res-Q-Jack, Inc."},"image":{"@id":"https:\/\/res-q-jack.com\/#\/schema\/logo\/image\/"}}]}},"_links":{"self":[{"href":"https:\/\/res-q-jack.com\/de_de\/wp-json\/wp\/v2\/pages\/44","targetHints":{"allow":["GET"]}}],"collection":[{"href":"https:\/\/res-q-jack.com\/de_de\/wp-json\/wp\/v2\/pages"}],"about":[{"href":"https:\/\/res-q-jack.com\/de_de\/wp-json\/wp\/v2\/types\/page"}],"author":[{"embeddable":true,"href":"https:\/\/res-q-jack.com\/de_de\/wp-json\/wp\/v2\/users\/2"}],"replies":[{"embeddable":true,"href":"https:\/\/res-q-jack.com\/de_de\/wp-json\/wp\/v2\/comments?post=44"}],"version-history":[{"count":6,"href":"https:\/\/res-q-jack.com\/de_de\/wp-json\/wp\/v2\/pages\/44\/revisions"}],"predecessor-version":[{"id":2361,"href":"https:\/\/res-q-jack.com\/de_de\/wp-json\/wp\/v2\/pages\/44\/revisions\/2361"}],"wp:attachment":[{"href":"https:\/\/res-q-jack.com\/de_de\/wp-json\/wp\/v2\/media?parent=44"}],"curies":[{"name":"wp","href":"https:\/\/api.w.org\/{rel}","templated":true}]}}