{"id":42,"date":"2019-12-13T12:39:51","date_gmt":"2019-12-13T17:39:51","guid":{"rendered":"https:\/\/resqjack.wpengine.com\/?page_id=42"},"modified":"2026-04-15T13:36:49","modified_gmt":"2026-04-15T18:36:49","slug":"streben","status":"publish","type":"page","link":"https:\/\/res-q-jack.com\/de_de\/struts\/","title":{"rendered":"Rettungsst\u00fctzen"},"content":{"rendered":"<h1>Stabilisierung, Verbau<br \/>&amp; Hubstreben<\/h1>\t\t\t\n\t\t\t\t<p>Res-Q-Jack Streben wurden aus jahrelanger Erfahrung im Feuerwehr- und Rettungswesen geboren.  Wir verfeinern und verbessern unsere Rettungsstreben st\u00e4ndig auf der Grundlage von R\u00fcckmeldungen aus der Praxis.  Wir entwickeln, bauen und testen alle unsere Streben in den USA aus hochwertigen Materialien, um Ihnen benutzerfreundliche, sichere und effektive Rettungswerkzeuge zu bieten.<\/p>\n\t\t\t\t<img decoding=\"async\" data-src=\"https:\/\/res-q-jack.com\/wp-content\/uploads\/2026\/04\/Super-X-Long-w-Ratchet-Hooked-on-Top.png\" alt=\"Super X Long w Ratchet Hooked on Top\" title=\"Super X Long w Ratchet Hooked on Top\" itemprop=\"image\" src=\"data:image\/svg+xml;base64,PHN2ZyB3aWR0aD0iMSIgaGVpZ2h0PSIxIiB4bWxucz0iaHR0cDovL3d3dy53My5vcmcvMjAwMC9zdmciPjwvc3ZnPg==\" class=\"lazyload\" style=\"--smush-placeholder-width: 1700px; --smush-placeholder-aspect-ratio: 1700\/8300;\" \/>\n\t\t\t<h5><img decoding=\"async\" data-src=\"https:\/\/res-q-jack.com\/wp-content\/uploads\/2020\/05\/Pin-Free-Stabilization-Struts-95x18-1.png\" src=\"data:image\/svg+xml;base64,PHN2ZyB3aWR0aD0iMSIgaGVpZ2h0PSIxIiB4bWxucz0iaHR0cDovL3d3dy53My5vcmcvMjAwMC9zdmciPjwvc3ZnPg==\" class=\"lazyload\" style=\"--smush-placeholder-width: 95px; --smush-placeholder-aspect-ratio: 95\/18;\" \/><\/h5><h3>Super X-Strut Series<\/h3>\t\t\t\n\t\t\t\t<p>Die Super X ist unsere am st\u00e4rksten belastete Strebenreihe, die f\u00fcr die Rettung schwerer Fahrzeuge, den Bau von St\u00fctzen und die technische Rettung entwickelt wurde.\u00a0<\/p>\n<p><strong>Arbeitslastgrenze: 19.300 lbs. (Sicherheitsfaktor 2:1)<\/strong><\/p>\n\t\t\t<a href=\"https:\/\/res-q-jack.com\/de_de\/streben\/fahrzeug-stabilisierungsstreben\/schwerlast-fahrzeug-stabilisierungsstreben\/super-x-strut\/\" title=\"Details anzeigen\" target=\"_self\"   role=\"button\" aria-label=\"Details anzeigen\">\n\t\t\t\t\t\t\t\t\t\t\tDetails anzeigen\n\t\t<\/a>\n\t\t\t\t<img decoding=\"async\" data-src=\"https:\/\/res-q-jack.com\/wp-content\/uploads\/2026\/04\/Apex-Long-Strut-scaled.png\" alt=\"Apex Long Strut\" title=\"Apex Long Strut\" itemprop=\"image\" src=\"data:image\/svg+xml;base64,PHN2ZyB3aWR0aD0iMSIgaGVpZ2h0PSIxIiB4bWxucz0iaHR0cDovL3d3dy53My5vcmcvMjAwMC9zdmciPjwvc3ZnPg==\" class=\"lazyload\" style=\"--smush-placeholder-width: 604px; --smush-placeholder-aspect-ratio: 604\/2560;\" \/>\n\t\t\t<h5><img decoding=\"async\" data-src=\"https:\/\/res-q-jack.com\/wp-content\/uploads\/2020\/05\/Pin-Free-Stabilization-Struts-95x18-1.png\" src=\"data:image\/svg+xml;base64,PHN2ZyB3aWR0aD0iMSIgaGVpZ2h0PSIxIiB4bWxucz0iaHR0cDovL3d3dy53My5vcmcvMjAwMC9zdmciPjwvc3ZnPg==\" class=\"lazyload\" style=\"--smush-placeholder-width: 95px; --smush-placeholder-aspect-ratio: 95\/18;\" \/><\/h5><h3>Apex X-Strut Series<\/h3>\t\t\t\n\t\t\t\t<p>Das Apex ist unsere neueste, hochbelastbare, stiftlose Strebenreihe, die f\u00fcr die meisten Fahrzeugrettungsszenarien entwickelt wurde.\u00a0\u00a0<\/p>\n<p><strong>Arbeitslastgrenze: bis zu 12.500 lbs. (Sicherheitsfaktor 2:1)<\/strong><\/p>\n\t\t\t<a href=\"https:\/\/res-q-jack.com\/de_de\/streben\/fahrzeug-stabilisierungsstreben\/schwerlast-fahrzeug-stabilisierungsstreben\/apex-x-strut\/\" title=\"Details anzeigen\" target=\"_self\"   role=\"button\" aria-label=\"Details anzeigen\">\n\t\t\t\t\t\t\t\t\t\t\tDetails anzeigen\n\t\t<\/a>\n\t\t\t\t<img decoding=\"async\" data-src=\"https:\/\/res-q-jack.com\/wp-content\/uploads\/2026\/04\/Aluminum-Phoenix-Long-Strut-scaled-e1776176683990.png\" alt=\"Aluminum Phoenix Long Strut\" title=\"Aluminum Phoenix Long Strut\" itemprop=\"image\" src=\"data:image\/svg+xml;base64,PHN2ZyB3aWR0aD0iMSIgaGVpZ2h0PSIxIiB4bWxucz0iaHR0cDovL3d3dy53My5vcmcvMjAwMC9zdmciPjwvc3ZnPg==\" class=\"lazyload\" style=\"--smush-placeholder-width: 576px; --smush-placeholder-aspect-ratio: 576\/2415;\" \/>\n\t\t\t<h3>Aluminum X-Strut Series<\/h3>\t\t\t\n\t\t\t\t<p>Die X-Strebe aus Aluminium ist unsere am st\u00e4rksten belastete Federbeinlinie, die f\u00fcr die Rettung schwerer Fahrzeuge und andere Anwendungen entwickelt wurde.<\/p>\n<p><strong>Arbeitslastgrenze: 10.000 lbs. (Sicherheitsfaktor 2:1)<\/strong><\/p>\n\t\t\t<a href=\"https:\/\/res-q-jack.com\/de_de\/streben\/fahrzeug-stabilisierungsstreben\/schwerlast-fahrzeug-stabilisierungsstreben\/aluminium-x-strut\/\" title=\"Details anzeigen\" target=\"_self\"   role=\"button\" aria-label=\"Details anzeigen\">\n\t\t\t\t\t\t\t\t\t\t\tDetails anzeigen\n\t\t<\/a>\n\t\t\t\t<img decoding=\"async\" data-src=\"https:\/\/res-q-jack.com\/wp-content\/uploads\/2026\/04\/Steel-X-Long-Strut-scaled.png\" alt=\"Steel X Long Strut\" title=\"Steel X Long Strut\" itemprop=\"image\" src=\"data:image\/svg+xml;base64,PHN2ZyB3aWR0aD0iMSIgaGVpZ2h0PSIxIiB4bWxucz0iaHR0cDovL3d3dy53My5vcmcvMjAwMC9zdmciPjwvc3ZnPg==\" class=\"lazyload\" style=\"--smush-placeholder-width: 569px; --smush-placeholder-aspect-ratio: 569\/2560;\" \/>\n\t\t\t<h3>Steel X-Strut Series Struts<\/h3>\t\t\t\n\t\t\t\t<p>Die Steel X-Strut-Serie ist unsere urspr\u00fcngliche Linie von X-Struts, die f\u00fcr typische Fahrzeugrettungen entwickelt wurde.<\/p>\n<p><strong>Arbeitslastgrenze: 4.000 lbs. (Sicherheitsfaktor 2:1)<\/strong><\/p>\n\t\t\t<a href=\"https:\/\/res-q-jack.com\/de_de\/streben\/fahrzeug-stabilisierungsstreben\/standard-fahrzeug-stabilisierungsstreben\/stahl-x-strebe\/\" title=\"Details anzeigen\" target=\"_self\"   role=\"button\" aria-label=\"Details anzeigen\">\n\t\t\t\t\t\t\t\t\t\t\tDetails anzeigen\n\t\t<\/a>\n\t\t\t\t<img decoding=\"async\" data-src=\"https:\/\/res-q-jack.com\/wp-content\/uploads\/2026\/04\/Auto-X-Long-Strut-scaled.png\" alt=\"Auto X Long Strut\" title=\"Auto X Long Strut\" itemprop=\"image\" src=\"data:image\/svg+xml;base64,PHN2ZyB3aWR0aD0iMSIgaGVpZ2h0PSIxIiB4bWxucz0iaHR0cDovL3d3dy53My5vcmcvMjAwMC9zdmciPjwvc3ZnPg==\" class=\"lazyload\" style=\"--smush-placeholder-width: 602px; --smush-placeholder-aspect-ratio: 602\/2560;\" \/>\n\t\t\t<h5><img decoding=\"async\" data-src=\"https:\/\/res-q-jack.com\/wp-content\/uploads\/2020\/05\/Pin-Free-Stabilization-Struts-95x18-1.png\" src=\"data:image\/svg+xml;base64,PHN2ZyB3aWR0aD0iMSIgaGVpZ2h0PSIxIiB4bWxucz0iaHR0cDovL3d3dy53My5vcmcvMjAwMC9zdmciPjwvc3ZnPg==\" class=\"lazyload\" style=\"--smush-placeholder-width: 95px; --smush-placeholder-aspect-ratio: 95\/18;\" \/><\/h5><h3>Auto X-Strut Series<\/h3>\t\t\t\n\t\t\t\t<p>Das Auto X ist unser leichtes, stiftloses Federbein zur blitzschnellen Stabilisierung und Anhebung von typischen Kleinfahrzeugen.<\/p>\n<p><strong>Arbeitslastgrenze: 3.250 lbs. (Sicherheitsfaktor 2:1)<\/strong><\/p>\n\t\t\t<a href=\"https:\/\/res-q-jack.com\/de_de\/streben\/fahrzeug-stabilisierungsstreben\/leichte-fahrzeug-stabilisierungsstreben\/auto-x-strut\/\" title=\"Details anzeigen\" target=\"_self\"   role=\"button\" aria-label=\"Details anzeigen\">\n\t\t\t\t\t\t\t\t\t\t\tDetails anzeigen\n\t\t<\/a>\n\t\t\t\t<img decoding=\"async\" data-src=\"https:\/\/res-q-jack.com\/wp-content\/uploads\/2026\/04\/Green-X-Long-Strut-71x300.png\" alt=\"Green X Long Strut\" title=\"Green X Long Strut\" itemprop=\"image\" src=\"data:image\/svg+xml;base64,PHN2ZyB3aWR0aD0iMSIgaGVpZ2h0PSIxIiB4bWxucz0iaHR0cDovL3d3dy53My5vcmcvMjAwMC9zdmciPjwvc3ZnPg==\" class=\"lazyload\" style=\"--smush-placeholder-width: 71px; --smush-placeholder-aspect-ratio: 71\/300;\" \/>\n\t\t\t<h3>GreenLite\u2122 X-Strut Series<\/h3>\t\t\t\n\t\t\t\t<p>Die GreenLite-Serie ist unsere erschwinglichste X-Strut-Linie, die f\u00fcr eine schnelle Stabilisierung mit der M\u00f6glichkeit zum Anheben bei Bedarf entwickelt wurde.<\/p>\n<p><strong>Arbeitslastgrenze: 2.500 lbs. (Sicherheitsfaktor 2:1)<\/strong><\/p>\n\t\t\t<a href=\"https:\/\/res-q-jack.com\/de_de\/streben\/fahrzeug-stabilisierungsstreben\/leichte-fahrzeug-stabilisierungsstreben\/greenlite-x-strut\/\" title=\"Details anzeigen\" target=\"_self\"   role=\"button\" aria-label=\"Details anzeigen\">\n\t\t\t\t\t\t\t\t\t\t\tDetails anzeigen\n\t\t<\/a>\n\t\t\t\t<img decoding=\"async\" data-src=\"https:\/\/res-q-jack.com\/wp-content\/uploads\/2020\/01\/RJ3-Jack-Stand.png\" alt=\"RJ3 Jack Stand\" title=\"RJ3 Jack Stand\" itemprop=\"image\" src=\"data:image\/svg+xml;base64,PHN2ZyB3aWR0aD0iMSIgaGVpZ2h0PSIxIiB4bWxucz0iaHR0cDovL3d3dy53My5vcmcvMjAwMC9zdmciPjwvc3ZnPg==\" class=\"lazyload\" style=\"--smush-placeholder-width: 664px; --smush-placeholder-aspect-ratio: 664\/1500;\" \/>\n\t\t\t<h3>RJ3 Serie Streben<\/h3>\t\t\t\n\t\t\t\t<p>Die Stahlstabilisierungsstreben der Serie RJ3 wurden speziell f\u00fcr die Rettung typischer Fahrzeuge entwickelt.<\/p>\n<p><strong>Arbeitslastgrenze: 4.000 lbs. (Sicherheitsfaktor 2:1)<\/strong><\/p>\n\t\t\t<a href=\"https:\/\/res-q-jack.com\/de_de\/streben\/fahrzeug-stabilisierungsstreben\/standard-fahrzeug-stabilisierungsstreben\/rj3-jkst-jackstand\/\" title=\"Details anzeigen\" target=\"_self\"   role=\"button\" aria-label=\"Details anzeigen\">\n\t\t\t\t\t\t\t\t\t\t\tDetails anzeigen\n\t\t<\/a>\n\t\t\t\t<img decoding=\"async\" data-src=\"https:\/\/res-q-jack.com\/wp-content\/uploads\/2026\/04\/Trench-Large.png\" alt=\"Trench Large\" title=\"Trench Large\" itemprop=\"image\" src=\"data:image\/svg+xml;base64,PHN2ZyB3aWR0aD0iMSIgaGVpZ2h0PSIxIiB4bWxucz0iaHR0cDovL3d3dy53My5vcmcvMjAwMC9zdmciPjwvc3ZnPg==\" class=\"lazyload\" style=\"--smush-placeholder-width: 300px; --smush-placeholder-aspect-ratio: 300\/2000;\" \/>\n\t\t\t<h5><img decoding=\"async\" data-src=\"https:\/\/res-q-jack.com\/wp-content\/uploads\/2020\/05\/Pin-Free-Stabilization-Struts-95x18-1.png\" src=\"data:image\/svg+xml;base64,PHN2ZyB3aWR0aD0iMSIgaGVpZ2h0PSIxIiB4bWxucz0iaHR0cDovL3d3dy53My5vcmcvMjAwMC9zdmciPjwvc3ZnPg==\" class=\"lazyload\" style=\"--smush-placeholder-width: 95px; --smush-placeholder-aspect-ratio: 95\/18;\" \/><\/h5><h3>SPX-Grabenverbau-System<\/h3>\t\t\t\n\t\t\t\t<p>Basierend auf der Super X-Strut-Architektur bietet dieses System eine effektive L\u00f6sung f\u00fcr Grabenverbau-Anwendungen.<\/p>\n<p><strong>Working Load Limit: 10,400 lbs. &#8211; 38,400 lbs. (2:1 Safety Factor)<\/strong><\/p>\n\t\t\t<a href=\"https:\/\/res-q-jack.com\/de_de\/streben\/grabenverbau-streben\/\" title=\"Details anzeigen\" target=\"_self\"   role=\"button\" aria-label=\"Details anzeigen\">\n\t\t\t\t\t\t\t\t\t\t\tDetails anzeigen\n\t\t<\/a>","protected":false},"excerpt":{"rendered":"<p>Stabilisierungs-, Abst\u00fctz- und Hebestreben Res-Q-Jack Streben sind das Ergebnis jahrelanger Erfahrung aus erster Hand im Feuerwehr- und Rettungswesen.  Wir entwickeln und verbessern unsere Rettungsst\u00fctzen st\u00e4ndig weiter, basierend auf dem Feedback aus der Praxis.  Wir entwerfen, bauen und testen alle unsere Streben in den USA aus hochwertigen Materialien, um Ihnen benutzerfreundliche, sichere und effektive Rettung zu...<\/p>","protected":false},"author":2,"featured_media":745,"parent":0,"menu_order":0,"comment_status":"closed","ping_status":"closed","template":"","meta":{"footnotes":""},"class_list":["post-42","page","type-page","status-publish","has-post-thumbnail","hentry"],"yoast_head":"<!-- This site is optimized with the Yoast SEO plugin v27.2 - https:\/\/yoast.com\/product\/yoast-seo-wordpress\/ -->\n<title>Rescue Struts | Res-Q-Jack, Inc.<\/title>\n<meta name=\"description\" content=\"Res-Q-Jack rescue struts include pinned and pin-free options for Fire and Rescue squads. Our rescue struts are designed, built and tested in the USA.\" \/>\n<meta name=\"robots\" content=\"index, follow, max-snippet:-1, max-image-preview:large, max-video-preview:-1\" \/>\n<link rel=\"canonical\" href=\"https:\/\/res-q-jack.com\/de_de\/streben\/\" \/>\n<meta property=\"og:locale\" content=\"de_DE\" \/>\n<meta property=\"og:type\" content=\"article\" \/>\n<meta property=\"og:title\" content=\"Rescue Struts | Res-Q-Jack, Inc.\" \/>\n<meta property=\"og:description\" content=\"Res-Q-Jack rescue struts include pinned and pin-free options for Fire and Rescue squads. Our rescue struts are designed, built and tested in the USA.\" \/>\n<meta property=\"og:url\" content=\"https:\/\/res-q-jack.com\/de_de\/streben\/\" \/>\n<meta property=\"og:site_name\" content=\"Res-Q-Jack, Inc.\" \/>\n<meta property=\"article:modified_time\" content=\"2026-04-15T18:36:49+00:00\" \/>\n<meta property=\"og:image\" content=\"https:\/\/res-q-jack.com\/wp-content\/uploads\/2020\/02\/APEX-X-Strut-Heavy-Duty-Vehicle-Lifting-Strut-1.jpg\" \/>\n\t<meta property=\"og:image:width\" content=\"900\" \/>\n\t<meta property=\"og:image:height\" content=\"600\" \/>\n\t<meta property=\"og:image:type\" content=\"image\/jpeg\" \/>\n<meta name=\"twitter:card\" content=\"summary_large_image\" \/>\n<meta name=\"twitter:label1\" content=\"Gesch\u00e4tzte Lesezeit\" \/>\n\t<meta name=\"twitter:data1\" content=\"4 Minuten\" \/>\n<script type=\"application\/ld+json\" class=\"yoast-schema-graph\">{\"@context\":\"https:\/\/schema.org\",\"@graph\":[{\"@type\":\"WebPage\",\"@id\":\"https:\/\/res-q-jack.com\/struts\/\",\"url\":\"https:\/\/res-q-jack.com\/struts\/\",\"name\":\"Rescue Struts | Res-Q-Jack, Inc.\",\"isPartOf\":{\"@id\":\"https:\/\/res-q-jack.com\/#website\"},\"primaryImageOfPage\":{\"@id\":\"https:\/\/res-q-jack.com\/struts\/#primaryimage\"},\"image\":{\"@id\":\"https:\/\/res-q-jack.com\/struts\/#primaryimage\"},\"thumbnailUrl\":\"https:\/\/res-q-jack.com\/wp-content\/uploads\/2020\/02\/APEX-X-Strut-Heavy-Duty-Vehicle-Lifting-Strut-1.jpg\",\"datePublished\":\"2019-12-13T17:39:51+00:00\",\"dateModified\":\"2026-04-15T18:36:49+00:00\",\"description\":\"Res-Q-Jack rescue struts include pinned and pin-free options for Fire and Rescue squads. Our rescue struts are designed, built and tested in the USA.\",\"breadcrumb\":{\"@id\":\"https:\/\/res-q-jack.com\/struts\/#breadcrumb\"},\"inLanguage\":\"de-DE\",\"potentialAction\":[{\"@type\":\"ReadAction\",\"target\":[\"https:\/\/res-q-jack.com\/struts\/\"]}]},{\"@type\":\"ImageObject\",\"inLanguage\":\"de-DE\",\"@id\":\"https:\/\/res-q-jack.com\/struts\/#primaryimage\",\"url\":\"https:\/\/res-q-jack.com\/wp-content\/uploads\/2020\/02\/APEX-X-Strut-Heavy-Duty-Vehicle-Lifting-Strut-1.jpg\",\"contentUrl\":\"https:\/\/res-q-jack.com\/wp-content\/uploads\/2020\/02\/APEX-X-Strut-Heavy-Duty-Vehicle-Lifting-Strut-1.jpg\",\"width\":900,\"height\":600,\"caption\":\"APEX X-Strut Heavy-Duty Vehicle Lifting Strut 1\"},{\"@type\":\"BreadcrumbList\",\"@id\":\"https:\/\/res-q-jack.com\/struts\/#breadcrumb\",\"itemListElement\":[{\"@type\":\"ListItem\",\"position\":1,\"name\":\"Home\",\"item\":\"https:\/\/res-q-jack.com\/\"},{\"@type\":\"ListItem\",\"position\":2,\"name\":\"Rescue Struts\"}]},{\"@type\":\"WebSite\",\"@id\":\"https:\/\/res-q-jack.com\/#website\",\"url\":\"https:\/\/res-q-jack.com\/\",\"name\":\"Res-Q-Jack, Inc.\",\"description\":\"Vehicle Stabilization Struts\",\"publisher\":{\"@id\":\"https:\/\/res-q-jack.com\/#organization\"},\"potentialAction\":[{\"@type\":\"SearchAction\",\"target\":{\"@type\":\"EntryPoint\",\"urlTemplate\":\"https:\/\/res-q-jack.com\/?s={search_term_string}\"},\"query-input\":{\"@type\":\"PropertyValueSpecification\",\"valueRequired\":true,\"valueName\":\"search_term_string\"}}],\"inLanguage\":\"de-DE\"},{\"@type\":\"Organization\",\"@id\":\"https:\/\/res-q-jack.com\/#organization\",\"name\":\"Res-Q-Jack, Inc.\",\"url\":\"https:\/\/res-q-jack.com\/\",\"logo\":{\"@type\":\"ImageObject\",\"inLanguage\":\"de-DE\",\"@id\":\"https:\/\/res-q-jack.com\/#\/schema\/logo\/image\/\",\"url\":\"https:\/\/res-q-jack.com\/wp-content\/uploads\/2020\/03\/Res-Q-Jack-SEO-Logo.png\",\"contentUrl\":\"https:\/\/res-q-jack.com\/wp-content\/uploads\/2020\/03\/Res-Q-Jack-SEO-Logo.png\",\"width\":612,\"height\":138,\"caption\":\"Res-Q-Jack, Inc.\"},\"image\":{\"@id\":\"https:\/\/res-q-jack.com\/#\/schema\/logo\/image\/\"}}]}<\/script>\n<!-- \/ Yoast SEO plugin. -->","yoast_head_json":{"title":"Rettungsst\u00fctzen | Res-Q-Jack, Inc.","description":"Res-Q-Jack Rettungsst\u00fctzen umfassen Optionen mit und ohne Bolzen f\u00fcr Feuerwehr- und Rettungskr\u00e4fte. Unsere Rettungsst\u00fctzen werden in den USA entwickelt, gebaut und getestet.","robots":{"index":"index","follow":"follow","max-snippet":"max-snippet:-1","max-image-preview":"max-image-preview:large","max-video-preview":"max-video-preview:-1"},"canonical":"https:\/\/res-q-jack.com\/de_de\/streben\/","og_locale":"de_DE","og_type":"article","og_title":"Rescue Struts | Res-Q-Jack, Inc.","og_description":"Res-Q-Jack rescue struts include pinned and pin-free options for Fire and Rescue squads. Our rescue struts are designed, built and tested in the USA.","og_url":"https:\/\/res-q-jack.com\/de_de\/streben\/","og_site_name":"Res-Q-Jack, Inc.","article_modified_time":"2026-04-15T18:36:49+00:00","og_image":[{"width":900,"height":600,"url":"https:\/\/res-q-jack.com\/wp-content\/uploads\/2020\/02\/APEX-X-Strut-Heavy-Duty-Vehicle-Lifting-Strut-1.jpg","type":"image\/jpeg"}],"twitter_card":"summary_large_image","twitter_misc":{"Gesch\u00e4tzte Lesezeit":"4 Minuten"},"schema":{"@context":"https:\/\/schema.org","@graph":[{"@type":"WebPage","@id":"https:\/\/res-q-jack.com\/struts\/","url":"https:\/\/res-q-jack.com\/struts\/","name":"Rettungsst\u00fctzen | Res-Q-Jack, Inc.","isPartOf":{"@id":"https:\/\/res-q-jack.com\/#website"},"primaryImageOfPage":{"@id":"https:\/\/res-q-jack.com\/struts\/#primaryimage"},"image":{"@id":"https:\/\/res-q-jack.com\/struts\/#primaryimage"},"thumbnailUrl":"https:\/\/res-q-jack.com\/wp-content\/uploads\/2020\/02\/APEX-X-Strut-Heavy-Duty-Vehicle-Lifting-Strut-1.jpg","datePublished":"2019-12-13T17:39:51+00:00","dateModified":"2026-04-15T18:36:49+00:00","description":"Res-Q-Jack Rettungsst\u00fctzen umfassen Optionen mit und ohne Bolzen f\u00fcr Feuerwehr- und Rettungskr\u00e4fte. Unsere Rettungsst\u00fctzen werden in den USA entwickelt, gebaut und getestet.","breadcrumb":{"@id":"https:\/\/res-q-jack.com\/struts\/#breadcrumb"},"inLanguage":"de-DE","potentialAction":[{"@type":"ReadAction","target":["https:\/\/res-q-jack.com\/struts\/"]}]},{"@type":"ImageObject","inLanguage":"de-DE","@id":"https:\/\/res-q-jack.com\/struts\/#primaryimage","url":"https:\/\/res-q-jack.com\/wp-content\/uploads\/2020\/02\/APEX-X-Strut-Heavy-Duty-Vehicle-Lifting-Strut-1.jpg","contentUrl":"https:\/\/res-q-jack.com\/wp-content\/uploads\/2020\/02\/APEX-X-Strut-Heavy-Duty-Vehicle-Lifting-Strut-1.jpg","width":900,"height":600,"caption":"APEX X-Strut Heavy-Duty Vehicle Lifting Strut 1"},{"@type":"BreadcrumbList","@id":"https:\/\/res-q-jack.com\/struts\/#breadcrumb","itemListElement":[{"@type":"ListItem","position":1,"name":"Home","item":"https:\/\/res-q-jack.com\/"},{"@type":"ListItem","position":2,"name":"Rescue Struts"}]},{"@type":"WebSite","@id":"https:\/\/res-q-jack.com\/#website","url":"https:\/\/res-q-jack.com\/","name":"Res-Q-Jack, Inc.","description":"Fahrzeugstabilisierungsstreben","publisher":{"@id":"https:\/\/res-q-jack.com\/#organization"},"potentialAction":[{"@type":"SearchAction","target":{"@type":"EntryPoint","urlTemplate":"https:\/\/res-q-jack.com\/?s={search_term_string}"},"query-input":{"@type":"PropertyValueSpecification","valueRequired":true,"valueName":"search_term_string"}}],"inLanguage":"de-DE"},{"@type":"Organization","@id":"https:\/\/res-q-jack.com\/#organization","name":"Res-Q-Jack, Inc.","url":"https:\/\/res-q-jack.com\/","logo":{"@type":"ImageObject","inLanguage":"de-DE","@id":"https:\/\/res-q-jack.com\/#\/schema\/logo\/image\/","url":"https:\/\/res-q-jack.com\/wp-content\/uploads\/2020\/03\/Res-Q-Jack-SEO-Logo.png","contentUrl":"https:\/\/res-q-jack.com\/wp-content\/uploads\/2020\/03\/Res-Q-Jack-SEO-Logo.png","width":612,"height":138,"caption":"Res-Q-Jack, Inc."},"image":{"@id":"https:\/\/res-q-jack.com\/#\/schema\/logo\/image\/"}}]}},"_links":{"self":[{"href":"https:\/\/res-q-jack.com\/de_de\/wp-json\/wp\/v2\/pages\/42","targetHints":{"allow":["GET"]}}],"collection":[{"href":"https:\/\/res-q-jack.com\/de_de\/wp-json\/wp\/v2\/pages"}],"about":[{"href":"https:\/\/res-q-jack.com\/de_de\/wp-json\/wp\/v2\/types\/page"}],"author":[{"embeddable":true,"href":"https:\/\/res-q-jack.com\/de_de\/wp-json\/wp\/v2\/users\/2"}],"replies":[{"embeddable":true,"href":"https:\/\/res-q-jack.com\/de_de\/wp-json\/wp\/v2\/comments?post=42"}],"version-history":[{"count":5,"href":"https:\/\/res-q-jack.com\/de_de\/wp-json\/wp\/v2\/pages\/42\/revisions"}],"predecessor-version":[{"id":2346,"href":"https:\/\/res-q-jack.com\/de_de\/wp-json\/wp\/v2\/pages\/42\/revisions\/2346"}],"wp:featuredmedia":[{"embeddable":true,"href":"https:\/\/res-q-jack.com\/de_de\/wp-json\/wp\/v2\/media\/745"}],"wp:attachment":[{"href":"https:\/\/res-q-jack.com\/de_de\/wp-json\/wp\/v2\/media?parent=42"}],"curies":[{"name":"wp","href":"https:\/\/api.w.org\/{rel}","templated":true}]}}