{"id":3,"date":"2019-12-13T14:37:13","date_gmt":"2019-12-13T14:37:13","guid":{"rendered":"https:\/\/resqjack.wpengine.com\/?page_id=3"},"modified":"2020-02-19T17:27:48","modified_gmt":"2020-02-19T22:27:48","slug":"datenschutzbestimmungen","status":"publish","type":"page","link":"https:\/\/res-q-jack.com\/de_de\/privacy-policy\/","title":{"rendered":"Datenschutzbestimmungen"},"content":{"rendered":"<p><strong>DATENSCHUTZBESTIMMUNGEN F\u00dcR RES-Q-JACK.COM<\/strong><\/p>\n<strong>EINF\u00dcHRUNG<\/strong><br \/>\nWir nehmen Ihr Recht auf Datenschutz ernst und m\u00f6chten, dass Sie sich bei der Nutzung unserer Website wohl f\u00fchlen. Diese Datenschutzerkl\u00e4rung bezieht sich auf personenbezogene Daten (im Folgenden als \"Daten\" bezeichnet), die wir auf unserer Website erheben k\u00f6nnen. Diese Richtlinie gilt nicht f\u00fcr andere Unternehmen, die uns nicht geh\u00f6ren oder die wir nicht kontrollieren, oder f\u00fcr Personen, die nicht unsere Mitarbeiter oder Vertreter sind oder die nicht unter unserer Kontrolle stehen.\n<strong>1. ERHEBUNG VON DATEN<\/strong><br \/>\nF\u00fcr die Registrierung ben\u00f6tigen wir lediglich eine g\u00fcltige E-Mail-Adresse sowie eine eindeutige Benutzer-ID und ein Passwort. Es steht Ihnen frei, uns andere Informationen zur Verf\u00fcgung zu stellen. Bitte beachten Sie, dass Ihr Benutzername, Ihre E-Mail-Adresse oder andere Angaben, die Sie auf dieser Website machen, Ihren echten Namen oder andere pers\u00f6nlich identifizierbare Informationen enthalten k\u00f6nnen und daher auf dieser Website erscheinen k\u00f6nnen. Wie viele andere Websites k\u00f6nnen auch wir automatisch allgemeine Informationen erhalten, die in unseren Server-Protokolldateien enthalten sind, wie Ihre IP-Adresse und Cookie-Informationen. Informationen dar\u00fcber, wie Werbung auf dieser Website geschaltet werden kann (wenn \u00fcberhaupt), finden Sie weiter unten.\n<strong>2. VERWENDUNG VON DATEN<\/strong><br \/>\nWir k\u00f6nnen Daten verwenden, um Ihre Benutzererfahrung auf dieser Website anzupassen und zu verbessern. Wir bem\u00fchen uns, Ihre Daten nicht an Dritte weiterzugeben, es sei denn, (i) es ist in dieser Datenschutzrichtlinie anders vorgesehen; (ii) wir erhalten Ihre Zustimmung, z. B. wenn Sie sich f\u00fcr oder gegen die Weitergabe von Daten entscheiden; (iii) ein auf unserer Website angebotener Dienst erfordert die Interaktion mit einem Dritten, z. B. einem Anwendungsdienstleister, oder wird von einem Dritten bereitgestellt; (iv) im Rahmen eines Gerichtsverfahrens oder der Strafverfolgung; (v) wenn wir feststellen, dass Ihre Nutzung dieser Website gegen diese Richtlinie, die Nutzungsbedingungen oder andere Nutzungsrichtlinien verst\u00f6\u00dft, oder wenn wir dies als notwendig erachten, um unsere Rechte und\/oder unser Eigentum zu sch\u00fctzen; (vi) oder (vi) wenn diese Website von einem Dritten gekauft wird, wobei dieser Dritte die Daten auf die gleiche Weise nutzen kann wie wir, wie in dieser Richtlinie dargelegt. F\u00fcr den Fall, dass Sie \u00fcber Links auf unserer Website andere Websites besuchen, sollten Sie die dortigen Datenschutzrichtlinien lesen.\n<strong>3. COOKIES<\/strong><br \/>\nWie viele andere Websites setzen und verwenden wir Cookies, um Ihre Benutzererfahrung zu verbessern, z. B. um Ihre pers\u00f6nlichen Einstellungen zu speichern. Es kann sein, dass Werbung auf unserer Website erscheint und, wenn dies der Fall ist, Cookies auf Ihrem Computer setzt und darauf zugreift und den Datenschutzrichtlinien der Parteien unterliegt, die die Werbung bereitstellen. Die Unternehmen, die die Werbung liefern, haben jedoch keinen Zugriff auf unsere Cookies. Diese Unternehmen verwenden in der Regel nicht pers\u00f6nlich identifizierbare oder anonyme Codes, um Informationen \u00fcber Ihre Besuche auf unserer Website zu erhalten.\n<strong>4. KINDER<\/strong><br \/>\nPersonen, die siebzehn Jahre alt oder j\u00fcnger sind, k\u00f6nnen nicht Mitglied dieser Website werden. F\u00fcr weitere Informationen kontaktieren Sie bitte unseren Webmaster.\n<strong>5. BEARBEITUNG ODER L\u00d6SCHUNG IHRER KONTOINFORMATIONEN<\/strong><br \/>\nWir bieten Ihnen die M\u00f6glichkeit, die Informationen in Ihrem Benutzerkonto, die Sie uns bei der Registrierung mitgeteilt haben, zu bearbeiten, indem Sie den Konfigurationsbereich Ihrer pers\u00f6nlichen Seite nutzen. Sie k\u00f6nnen die L\u00f6schung Ihres Benutzerkontos beantragen, indem Sie sich an unseren Webmaster wenden. Inhalte oder andere Daten, die Sie uns zur Verf\u00fcgung gestellt haben und die nicht in Ihrem Benutzerkonto enthalten sind, wie z. B. Beitr\u00e4ge in unseren Foren, k\u00f6nnen nach unserem Ermessen weiterhin auf unserer Website verbleiben, auch wenn Ihr Benutzerkonto gel\u00f6scht wurde.\n<strong>6. \u00c4NDERUNGEN AN DIESER DATENSCHUTZRICHTLINIE<\/strong><br \/>\nWir k\u00f6nnen von Zeit zu Zeit \u00c4nderungen an dieser Richtlinie vornehmen. Wir werden Sie \u00fcber wesentliche \u00c4nderungen dieser Richtlinie entweder durch eine auff\u00e4llige Ank\u00fcndigung auf unserer Website und\/oder durch eine Nachricht an die von Ihnen angegebene E-Mail-Adresse, die in Ihren Benutzereinstellungen enthalten ist, informieren.\n<strong>7. KEINE GARANTIEN<\/strong><br \/>\nObwohl diese Datenschutzrichtlinie unsere Standards f\u00fcr die Datenpflege festlegt und wir uns bem\u00fchen, diese einzuhalten, sind wir nicht in der Lage, diese Standards zu garantieren. Es kann Faktoren geben, die au\u00dferhalb unserer Kontrolle liegen und zur Offenlegung von Daten f\u00fchren k\u00f6nnen. Infolgedessen lehnen wir jegliche Garantien oder Zusicherungen in Bezug auf die Aufrechterhaltung oder Nichtoffenlegung von Daten ab.\n<strong>8. KONTAKTINFORMATIONEN<\/strong><br \/>\nWenn Sie Fragen zu dieser Richtlinie oder zu unserer Website haben, k\u00f6nnen Sie sich gerne an uns wenden.\n<p>&nbsp;<\/p>\n\t<h3>\n\t\t\t\tHaben Sie Fragen?  Rufen Sie uns an: 1-800-466-9626\n\t\t\t<\/h3>","protected":false},"excerpt":{"rendered":"<p>PRIVACY POLICY FOR RES-Q-JACK.COM EINLEITUNG Wir nehmen Ihr Recht auf Datenschutz ernst und m\u00f6chten, dass Sie sich bei der Nutzung unserer Website wohl f\u00fchlen. Diese Datenschutzrichtlinie befasst sich mit pers\u00f6nlich identifizierbaren Informationen (im Folgenden als \"Daten\" bezeichnet), die von uns auf unserer Website gesammelt werden k\u00f6nnen. Diese Richtlinie gilt nicht f\u00fcr andere Unternehmen, die wir...<\/p>","protected":false},"author":1,"featured_media":0,"parent":0,"menu_order":0,"comment_status":"closed","ping_status":"open","template":"","meta":{"footnotes":""},"class_list":["post-3","page","type-page","status-publish","hentry"],"yoast_head":"<!-- This site is optimized with the Yoast SEO plugin v27.2 - https:\/\/yoast.com\/product\/yoast-seo-wordpress\/ -->\n<title>Privacy Policy | Res-Q-Jack, Inc.<\/title>\n<meta name=\"robots\" content=\"index, follow, max-snippet:-1, max-image-preview:large, max-video-preview:-1\" \/>\n<link rel=\"canonical\" href=\"https:\/\/res-q-jack.com\/de_de\/datenschutzbestimmungen\/\" \/>\n<meta property=\"og:locale\" content=\"de_DE\" \/>\n<meta property=\"og:type\" content=\"article\" \/>\n<meta property=\"og:title\" content=\"Privacy Policy | Res-Q-Jack, Inc.\" \/>\n<meta property=\"og:description\" content=\"PRIVACY POLICY FOR RES-Q-JACK.COM INTRODUCTION We take your right to privacy seriously and want you to feel comfortable using our web site. This Privacy Policy deals with personally identifiable information (referred to as &#8220;Data&#8221; below) that may be collected by us on our site. This Policy does not apply to other entities that we do&hellip;\" \/>\n<meta property=\"og:url\" content=\"https:\/\/res-q-jack.com\/de_de\/datenschutzbestimmungen\/\" \/>\n<meta property=\"og:site_name\" content=\"Res-Q-Jack, Inc.\" \/>\n<meta property=\"article:modified_time\" content=\"2020-02-19T22:27:48+00:00\" \/>\n<meta name=\"twitter:card\" content=\"summary_large_image\" \/>\n<meta name=\"twitter:label1\" content=\"Gesch\u00e4tzte Lesezeit\" \/>\n\t<meta name=\"twitter:data1\" content=\"4 Minuten\" \/>\n<script type=\"application\/ld+json\" class=\"yoast-schema-graph\">{\"@context\":\"https:\/\/schema.org\",\"@graph\":[{\"@type\":\"WebPage\",\"@id\":\"https:\/\/res-q-jack.com\/privacy-policy\/\",\"url\":\"https:\/\/res-q-jack.com\/privacy-policy\/\",\"name\":\"Privacy Policy | Res-Q-Jack, Inc.\",\"isPartOf\":{\"@id\":\"https:\/\/res-q-jack.com\/#website\"},\"datePublished\":\"2019-12-13T14:37:13+00:00\",\"dateModified\":\"2020-02-19T22:27:48+00:00\",\"breadcrumb\":{\"@id\":\"https:\/\/res-q-jack.com\/privacy-policy\/#breadcrumb\"},\"inLanguage\":\"de-DE\",\"potentialAction\":[{\"@type\":\"ReadAction\",\"target\":[\"https:\/\/res-q-jack.com\/privacy-policy\/\"]}]},{\"@type\":\"BreadcrumbList\",\"@id\":\"https:\/\/res-q-jack.com\/privacy-policy\/#breadcrumb\",\"itemListElement\":[{\"@type\":\"ListItem\",\"position\":1,\"name\":\"Home\",\"item\":\"https:\/\/res-q-jack.com\/\"},{\"@type\":\"ListItem\",\"position\":2,\"name\":\"Privacy Policy\"}]},{\"@type\":\"WebSite\",\"@id\":\"https:\/\/res-q-jack.com\/#website\",\"url\":\"https:\/\/res-q-jack.com\/\",\"name\":\"Res-Q-Jack, Inc.\",\"description\":\"Vehicle Stabilization Struts\",\"publisher\":{\"@id\":\"https:\/\/res-q-jack.com\/#organization\"},\"potentialAction\":[{\"@type\":\"SearchAction\",\"target\":{\"@type\":\"EntryPoint\",\"urlTemplate\":\"https:\/\/res-q-jack.com\/?s={search_term_string}\"},\"query-input\":{\"@type\":\"PropertyValueSpecification\",\"valueRequired\":true,\"valueName\":\"search_term_string\"}}],\"inLanguage\":\"de-DE\"},{\"@type\":\"Organization\",\"@id\":\"https:\/\/res-q-jack.com\/#organization\",\"name\":\"Res-Q-Jack, Inc.\",\"url\":\"https:\/\/res-q-jack.com\/\",\"logo\":{\"@type\":\"ImageObject\",\"inLanguage\":\"de-DE\",\"@id\":\"https:\/\/res-q-jack.com\/#\/schema\/logo\/image\/\",\"url\":\"https:\/\/res-q-jack.com\/wp-content\/uploads\/2020\/03\/Res-Q-Jack-SEO-Logo.png\",\"contentUrl\":\"https:\/\/res-q-jack.com\/wp-content\/uploads\/2020\/03\/Res-Q-Jack-SEO-Logo.png\",\"width\":612,\"height\":138,\"caption\":\"Res-Q-Jack, Inc.\"},\"image\":{\"@id\":\"https:\/\/res-q-jack.com\/#\/schema\/logo\/image\/\"}}]}<\/script>\n<!-- \/ Yoast SEO plugin. -->","yoast_head_json":{"title":"Datenschutzpolitik | Res-Q-Jack, Inc.","robots":{"index":"index","follow":"follow","max-snippet":"max-snippet:-1","max-image-preview":"max-image-preview:large","max-video-preview":"max-video-preview:-1"},"canonical":"https:\/\/res-q-jack.com\/de_de\/datenschutzbestimmungen\/","og_locale":"de_DE","og_type":"article","og_title":"Privacy Policy | Res-Q-Jack, Inc.","og_description":"PRIVACY POLICY FOR RES-Q-JACK.COM INTRODUCTION We take your right to privacy seriously and want you to feel comfortable using our web site. This Privacy Policy deals with personally identifiable information (referred to as &#8220;Data&#8221; below) that may be collected by us on our site. This Policy does not apply to other entities that we do&hellip;","og_url":"https:\/\/res-q-jack.com\/de_de\/datenschutzbestimmungen\/","og_site_name":"Res-Q-Jack, Inc.","article_modified_time":"2020-02-19T22:27:48+00:00","twitter_card":"summary_large_image","twitter_misc":{"Gesch\u00e4tzte Lesezeit":"4 Minuten"},"schema":{"@context":"https:\/\/schema.org","@graph":[{"@type":"WebPage","@id":"https:\/\/res-q-jack.com\/privacy-policy\/","url":"https:\/\/res-q-jack.com\/privacy-policy\/","name":"Datenschutzpolitik | Res-Q-Jack, Inc.","isPartOf":{"@id":"https:\/\/res-q-jack.com\/#website"},"datePublished":"2019-12-13T14:37:13+00:00","dateModified":"2020-02-19T22:27:48+00:00","breadcrumb":{"@id":"https:\/\/res-q-jack.com\/privacy-policy\/#breadcrumb"},"inLanguage":"de-DE","potentialAction":[{"@type":"ReadAction","target":["https:\/\/res-q-jack.com\/privacy-policy\/"]}]},{"@type":"BreadcrumbList","@id":"https:\/\/res-q-jack.com\/privacy-policy\/#breadcrumb","itemListElement":[{"@type":"ListItem","position":1,"name":"Home","item":"https:\/\/res-q-jack.com\/"},{"@type":"ListItem","position":2,"name":"Privacy Policy"}]},{"@type":"WebSite","@id":"https:\/\/res-q-jack.com\/#website","url":"https:\/\/res-q-jack.com\/","name":"Res-Q-Jack, Inc.","description":"Fahrzeugstabilisierungsstreben","publisher":{"@id":"https:\/\/res-q-jack.com\/#organization"},"potentialAction":[{"@type":"SearchAction","target":{"@type":"EntryPoint","urlTemplate":"https:\/\/res-q-jack.com\/?s={search_term_string}"},"query-input":{"@type":"PropertyValueSpecification","valueRequired":true,"valueName":"search_term_string"}}],"inLanguage":"de-DE"},{"@type":"Organization","@id":"https:\/\/res-q-jack.com\/#organization","name":"Res-Q-Jack, Inc.","url":"https:\/\/res-q-jack.com\/","logo":{"@type":"ImageObject","inLanguage":"de-DE","@id":"https:\/\/res-q-jack.com\/#\/schema\/logo\/image\/","url":"https:\/\/res-q-jack.com\/wp-content\/uploads\/2020\/03\/Res-Q-Jack-SEO-Logo.png","contentUrl":"https:\/\/res-q-jack.com\/wp-content\/uploads\/2020\/03\/Res-Q-Jack-SEO-Logo.png","width":612,"height":138,"caption":"Res-Q-Jack, Inc."},"image":{"@id":"https:\/\/res-q-jack.com\/#\/schema\/logo\/image\/"}}]}},"_links":{"self":[{"href":"https:\/\/res-q-jack.com\/de_de\/wp-json\/wp\/v2\/pages\/3","targetHints":{"allow":["GET"]}}],"collection":[{"href":"https:\/\/res-q-jack.com\/de_de\/wp-json\/wp\/v2\/pages"}],"about":[{"href":"https:\/\/res-q-jack.com\/de_de\/wp-json\/wp\/v2\/types\/page"}],"author":[{"embeddable":true,"href":"https:\/\/res-q-jack.com\/de_de\/wp-json\/wp\/v2\/users\/1"}],"replies":[{"embeddable":true,"href":"https:\/\/res-q-jack.com\/de_de\/wp-json\/wp\/v2\/comments?post=3"}],"version-history":[{"count":0,"href":"https:\/\/res-q-jack.com\/de_de\/wp-json\/wp\/v2\/pages\/3\/revisions"}],"wp:attachment":[{"href":"https:\/\/res-q-jack.com\/de_de\/wp-json\/wp\/v2\/media?parent=3"}],"curies":[{"name":"wp","href":"https:\/\/api.w.org\/{rel}","templated":true}]}}