{"id":195,"date":"2019-12-18T18:32:39","date_gmt":"2019-12-18T23:32:39","guid":{"rendered":"https:\/\/resqjack.wpengine.com\/?page_id=195"},"modified":"2026-04-16T14:40:41","modified_gmt":"2026-04-16T19:40:41","slug":"stiftlose-beschlage","status":"publish","type":"page","link":"https:\/\/res-q-jack.com\/de_de\/accessories\/pin-free-end-fittings\/","title":{"rendered":"Pin-Free End Fittings"},"content":{"rendered":"<h1>\n\t\t\t\tPin-Free End Fittings\n\t\t\t<\/h1>\n\t<ul>\n\t\t<li>\t\t\t\t\n\t\t<h3><a href=\"https:\/\/res-q-jack.com\/de_de\/zubehor\/\" target=\"_self\"  aria-label=\"Go to https:\/\/res-q-jack.com\/accessories\/\">Erfahren Sie mehr \u00fcber unser Zubeh\u00f6r<\/a><\/h3><\/li>\t<\/ul>\n\t\t\t\t<img decoding=\"async\" data-src=\"https:\/\/res-q-jack.com\/wp-content\/uploads\/2026\/04\/Extension-Tubing-2.png\" alt=\"Verl\u00e4ngerungsschl\u00e4uche\" title=\"Verl\u00e4ngerungsschl\u00e4uche\" itemprop=\"image\" src=\"data:image\/svg+xml;base64,PHN2ZyB3aWR0aD0iMSIgaGVpZ2h0PSIxIiB4bWxucz0iaHR0cDovL3d3dy53My5vcmcvMjAwMC9zdmciPjwvc3ZnPg==\" class=\"lazyload\" style=\"--smush-placeholder-width: 900px; --smush-placeholder-aspect-ratio: 900\/600;\" \/>\n\t\t<h5>SPX-12EX (12&#8243;) | SPX-24EX (24&#8243;) | SPX-36EX (36&#8243;)<\/h5><h3>Verl\u00e4ngerungsschl\u00e4uche<\/h3>\t\t\t\n\t\t\t\t<p>Erreichen Sie neue H\u00f6hen mit diesen Verl\u00e4ngerungsrohren. Diese einfach zu verwendenden Verl\u00e4ngerungen sind aus 6061 T-6 Aluminium gefr\u00e4st und bieten zus\u00e4tzliche L\u00e4nge f\u00fcr Ihre Pin-Free X-Struts, Trench Shore und Technical Rescue Kits. Erh\u00e4ltlich in L\u00e4ngen von einem, zwei und drei Fu\u00df.<\/p>\n\t\t\t\t<img decoding=\"async\" data-src=\"https:\/\/res-q-jack.com\/wp-content\/uploads\/2026\/04\/Tripod-Head.png\" alt=\"Stativkopf\" title=\"Stativkopf\" itemprop=\"image\" src=\"data:image\/svg+xml;base64,PHN2ZyB3aWR0aD0iMSIgaGVpZ2h0PSIxIiB4bWxucz0iaHR0cDovL3d3dy53My5vcmcvMjAwMC9zdmciPjwvc3ZnPg==\" class=\"lazyload\" style=\"--smush-placeholder-width: 900px; --smush-placeholder-aspect-ratio: 900\/600;\" \/>\n\t\t<h5>SPX-TRPD<\/h5><h3> Stativkopf<\/h3>\t\t\t\n\t\t\t\t<p>Verwandeln Sie drei Pin-Free-Streben in ein technisches Rettungsstativ mit dieser Pin-Free-Kopfhalterung. Der Stativkopf verf\u00fcgt \u00fcber eine pulverbeschichtete Stahlkrone mit drei gefr\u00e4sten Aluminiumbefestigungen f\u00fcr einen schnellen Aufbau. Die Streben sind separat erh\u00e4ltlich.<\/p>\n\t\t\t\t<img decoding=\"async\" data-src=\"https:\/\/res-q-jack.com\/wp-content\/uploads\/2026\/04\/Trench-Plate-2.png\" alt=\"Trench Plate\" title=\"Trench Plate\" itemprop=\"image\" src=\"data:image\/svg+xml;base64,PHN2ZyB3aWR0aD0iMSIgaGVpZ2h0PSIxIiB4bWxucz0iaHR0cDovL3d3dy53My5vcmcvMjAwMC9zdmciPjwvc3ZnPg==\" class=\"lazyload\" style=\"--smush-placeholder-width: 900px; --smush-placeholder-aspect-ratio: 900\/600;\" \/>\n\t\t<h5>SPX-TRBP<\/h5><h3>Graben PLate<\/h3>\t\t\t\n\t\t\t\t<p>Diese schwenkbare Kugelgelenkplatte ist ideal f\u00fcr den Grabenrettungsverbau, mit 4 Eckl\u00f6chern zur Befestigung mit N\u00e4geln oder Schrauben. Hergestellt aus bearbeitetem Aluminium.<\/p>\n\t\t\t\t<img decoding=\"async\" data-src=\"https:\/\/res-q-jack.com\/wp-content\/uploads\/2026\/04\/Flat-Plate-1.png\" alt=\"Flat Plate\" title=\"Flat Plate\" itemprop=\"image\" src=\"data:image\/svg+xml;base64,PHN2ZyB3aWR0aD0iMSIgaGVpZ2h0PSIxIiB4bWxucz0iaHR0cDovL3d3dy53My5vcmcvMjAwMC9zdmciPjwvc3ZnPg==\" class=\"lazyload\" style=\"--smush-placeholder-width: 900px; --smush-placeholder-aspect-ratio: 900\/600;\" \/>\n\t\t<h5>SPX-FLTH<\/h5><h3>Flachkopf-Platte<\/h3>\t\t\t\n\t\t\t\t<p>This 6&#8243; fixed plate is your straightforward shoring head. Recommended for structural applications with the Super X, but also compatible with the SPX Trench Shore. Made from machined aluminum.<\/p>\n\t\t\t\t<img decoding=\"async\" data-src=\"https:\/\/res-q-jack.com\/wp-content\/uploads\/2026\/04\/Large-Base-Plate.png\" alt=\"Large Base Plate\" title=\"Large Base Plate\" itemprop=\"image\" src=\"data:image\/svg+xml;base64,PHN2ZyB3aWR0aD0iMSIgaGVpZ2h0PSIxIiB4bWxucz0iaHR0cDovL3d3dy53My5vcmcvMjAwMC9zdmciPjwvc3ZnPg==\" class=\"lazyload\" style=\"--smush-placeholder-width: 900px; --smush-placeholder-aspect-ratio: 900\/600;\" \/>\n\t\t<h5>SPX-12BP<\/h5><h3> Super X-Strut Gro\u00dfe Basis<\/h3>\t\t\t\n\t\t\t\t<p>This 12&#8243; swiveling base plate will work in a wide range of scenarios, especially when you need to spread out the load on soft ground. Includes attachment for straps. Made from machined aluminum.<\/p>\n\t\t\t\t<img decoding=\"async\" data-src=\"https:\/\/res-q-jack.com\/wp-content\/uploads\/2026\/04\/Extrication-Base-Plate.png\" alt=\"Extrication Base Plate\" title=\"Extrication Base Plate\" itemprop=\"image\" src=\"data:image\/svg+xml;base64,PHN2ZyB3aWR0aD0iMSIgaGVpZ2h0PSIxIiB4bWxucz0iaHR0cDovL3d3dy53My5vcmcvMjAwMC9zdmciPjwvc3ZnPg==\" class=\"lazyload\" style=\"--smush-placeholder-width: 900px; --smush-placeholder-aspect-ratio: 900\/600;\" \/>\n\t\t<h5>SPX-EXBP<\/h5><h3>Super X-Strut Small Base PLate<\/h3>\t\t\t\n\t\t\t\t<p>Unsere schwenkbare Standard-Grundplatte, die jedoch speziell f\u00fcr den Super X gebaut wurde. Diese leichte Konstruktion enth\u00e4lt D-Ringe f\u00fcr Pfl\u00f6cke oder zum Einh\u00e4ngen von Gurten und Ketten. Die Befestigung besteht aus gefr\u00e4stem Aluminium mit pulverbeschichtetem Stahlfu\u00df und Ringen.<\/p>\n\t\t\t\t<img decoding=\"async\" data-src=\"https:\/\/res-q-jack.com\/wp-content\/uploads\/2026\/04\/Swivel-CRG-Head.png\" alt=\"Drehbarer CRG-Kopf\" title=\"Drehbarer CRG-Kopf\" itemprop=\"image\" src=\"data:image\/svg+xml;base64,PHN2ZyB3aWR0aD0iMSIgaGVpZ2h0PSIxIiB4bWxucz0iaHR0cDovL3d3dy53My5vcmcvMjAwMC9zdmciPjwvc3ZnPg==\" class=\"lazyload\" style=\"--smush-placeholder-width: 900px; --smush-placeholder-aspect-ratio: 900\/600;\" \/>\n\t\t<h5>SPX-SCRG<\/h5><h3> Pin-Free Swivel CRG Kopf<\/h3>\t\t\t\n\t\t\t\t<p>Das CRG kombiniert die Endst\u00fccke von Kanal, Rundspitze und Kettengreifer in einem revolution\u00e4ren Kopf, so dass ein Wechsel der K\u00f6pfe w\u00e4hrend einer Rettung \u00fcberfl\u00fcssig wird. Passend f\u00fcr Super X, Apex &amp; Auto X.<\/p>","protected":false},"excerpt":{"rendered":"<p>Pin-Free End Fittings Learn more about our accessories SPX-12EX (12&#8243;) | SPX-24EX (24&#8243;) | SPX-36EX (36&#8243;) Extension Tubing Reach new heights with these extension tubes. These easy-to-use extensions are machined from 6061 T-6 aluminum and provide extra length to your Pin-Free X-Struts,Trench Shore, and Technical Rescue Kits. Available in one, two and three foot lengths.&hellip;<\/p>","protected":false},"author":2,"featured_media":0,"parent":44,"menu_order":0,"comment_status":"closed","ping_status":"closed","template":"","meta":{"footnotes":""},"class_list":["post-195","page","type-page","status-publish","hentry"],"yoast_head":"<!-- This site is optimized with the Yoast SEO plugin v27.5 - https:\/\/yoast.com\/product\/yoast-seo-wordpress\/ -->\n<title>Pin-Free End Fittings | Res-Q-Jack, Inc.<\/title>\n<meta name=\"robots\" content=\"index, follow, max-snippet:-1, max-image-preview:large, max-video-preview:-1\" \/>\n<link rel=\"canonical\" href=\"https:\/\/res-q-jack.com\/de_de\/zubehor\/stiftlose-beschlage\/\" \/>\n<meta property=\"og:locale\" content=\"de_DE\" \/>\n<meta property=\"og:type\" content=\"article\" \/>\n<meta property=\"og:title\" content=\"Pin-Free End Fittings | Res-Q-Jack, Inc.\" \/>\n<meta property=\"og:description\" content=\"Pin-Free End Fittings Learn more about our accessories SPX-12EX (12&#8243;) | SPX-24EX (24&#8243;) | SPX-36EX (36&#8243;) Extension Tubing Reach new heights with these extension tubes. These easy-to-use extensions are machined from 6061 T-6 aluminum and provide extra length to your Pin-Free X-Struts,Trench Shore, and Technical Rescue Kits. Available in one, two and three foot lengths.&hellip;\" \/>\n<meta property=\"og:url\" content=\"https:\/\/res-q-jack.com\/de_de\/zubehor\/stiftlose-beschlage\/\" \/>\n<meta property=\"og:site_name\" content=\"Res-Q-Jack, Inc.\" \/>\n<meta property=\"article:modified_time\" content=\"2026-04-16T19:40:41+00:00\" \/>\n<meta property=\"og:image\" content=\"https:\/\/res-q-jack.com\/wp-content\/uploads\/2026\/04\/Extension-Tubing-2.png\" \/>\n<meta name=\"twitter:card\" content=\"summary_large_image\" \/>\n<meta name=\"twitter:label1\" content=\"Gesch\u00e4tzte Lesezeit\" \/>\n\t<meta name=\"twitter:data1\" content=\"5 Minuten\" \/>\n<script type=\"application\/ld+json\" class=\"yoast-schema-graph\">{\"@context\":\"https:\\\/\\\/schema.org\",\"@graph\":[{\"@type\":\"WebPage\",\"@id\":\"https:\\\/\\\/res-q-jack.com\\\/accessories\\\/pin-free-end-fittings\\\/\",\"url\":\"https:\\\/\\\/res-q-jack.com\\\/accessories\\\/pin-free-end-fittings\\\/\",\"name\":\"Pin-Free End Fittings | Res-Q-Jack, Inc.\",\"isPartOf\":{\"@id\":\"https:\\\/\\\/res-q-jack.com\\\/#website\"},\"primaryImageOfPage\":{\"@id\":\"https:\\\/\\\/res-q-jack.com\\\/accessories\\\/pin-free-end-fittings\\\/#primaryimage\"},\"image\":{\"@id\":\"https:\\\/\\\/res-q-jack.com\\\/accessories\\\/pin-free-end-fittings\\\/#primaryimage\"},\"thumbnailUrl\":\"https:\\\/\\\/res-q-jack.com\\\/wp-content\\\/uploads\\\/2026\\\/04\\\/Extension-Tubing-2.png\",\"datePublished\":\"2019-12-18T23:32:39+00:00\",\"dateModified\":\"2026-04-16T19:40:41+00:00\",\"breadcrumb\":{\"@id\":\"https:\\\/\\\/res-q-jack.com\\\/accessories\\\/pin-free-end-fittings\\\/#breadcrumb\"},\"inLanguage\":\"de-DE\",\"potentialAction\":[{\"@type\":\"ReadAction\",\"target\":[\"https:\\\/\\\/res-q-jack.com\\\/accessories\\\/pin-free-end-fittings\\\/\"]}]},{\"@type\":\"ImageObject\",\"inLanguage\":\"de-DE\",\"@id\":\"https:\\\/\\\/res-q-jack.com\\\/accessories\\\/pin-free-end-fittings\\\/#primaryimage\",\"url\":\"https:\\\/\\\/res-q-jack.com\\\/wp-content\\\/uploads\\\/2026\\\/04\\\/Extension-Tubing-2.png\",\"contentUrl\":\"https:\\\/\\\/res-q-jack.com\\\/wp-content\\\/uploads\\\/2026\\\/04\\\/Extension-Tubing-2.png\"},{\"@type\":\"BreadcrumbList\",\"@id\":\"https:\\\/\\\/res-q-jack.com\\\/accessories\\\/pin-free-end-fittings\\\/#breadcrumb\",\"itemListElement\":[{\"@type\":\"ListItem\",\"position\":1,\"name\":\"Home\",\"item\":\"https:\\\/\\\/res-q-jack.com\\\/\"},{\"@type\":\"ListItem\",\"position\":2,\"name\":\"Accessories\",\"item\":\"https:\\\/\\\/res-q-jack.com\\\/accessories\\\/\"},{\"@type\":\"ListItem\",\"position\":3,\"name\":\"Pin-Free End Fittings\"}]},{\"@type\":\"WebSite\",\"@id\":\"https:\\\/\\\/res-q-jack.com\\\/#website\",\"url\":\"https:\\\/\\\/res-q-jack.com\\\/\",\"name\":\"Res-Q-Jack, Inc.\",\"description\":\"Vehicle Stabilization Struts\",\"publisher\":{\"@id\":\"https:\\\/\\\/res-q-jack.com\\\/#organization\"},\"potentialAction\":[{\"@type\":\"SearchAction\",\"target\":{\"@type\":\"EntryPoint\",\"urlTemplate\":\"https:\\\/\\\/res-q-jack.com\\\/?s={search_term_string}\"},\"query-input\":{\"@type\":\"PropertyValueSpecification\",\"valueRequired\":true,\"valueName\":\"search_term_string\"}}],\"inLanguage\":\"de-DE\"},{\"@type\":\"Organization\",\"@id\":\"https:\\\/\\\/res-q-jack.com\\\/#organization\",\"name\":\"Res-Q-Jack, Inc.\",\"url\":\"https:\\\/\\\/res-q-jack.com\\\/\",\"logo\":{\"@type\":\"ImageObject\",\"inLanguage\":\"de-DE\",\"@id\":\"https:\\\/\\\/res-q-jack.com\\\/#\\\/schema\\\/logo\\\/image\\\/\",\"url\":\"https:\\\/\\\/res-q-jack.com\\\/wp-content\\\/uploads\\\/2020\\\/03\\\/Res-Q-Jack-SEO-Logo.png\",\"contentUrl\":\"https:\\\/\\\/res-q-jack.com\\\/wp-content\\\/uploads\\\/2020\\\/03\\\/Res-Q-Jack-SEO-Logo.png\",\"width\":612,\"height\":138,\"caption\":\"Res-Q-Jack, Inc.\"},\"image\":{\"@id\":\"https:\\\/\\\/res-q-jack.com\\\/#\\\/schema\\\/logo\\\/image\\\/\"}}]}<\/script>\n<!-- \/ Yoast SEO plugin. -->","yoast_head_json":{"title":"Pin-Free End Fittings | Res-Q-Jack, Inc.","robots":{"index":"index","follow":"follow","max-snippet":"max-snippet:-1","max-image-preview":"max-image-preview:large","max-video-preview":"max-video-preview:-1"},"canonical":"https:\/\/res-q-jack.com\/de_de\/zubehor\/stiftlose-beschlage\/","og_locale":"de_DE","og_type":"article","og_title":"Pin-Free End Fittings | Res-Q-Jack, Inc.","og_description":"Pin-Free End Fittings Learn more about our accessories SPX-12EX (12&#8243;) | SPX-24EX (24&#8243;) | SPX-36EX (36&#8243;) Extension Tubing Reach new heights with these extension tubes. These easy-to-use extensions are machined from 6061 T-6 aluminum and provide extra length to your Pin-Free X-Struts,Trench Shore, and Technical Rescue Kits. Available in one, two and three foot lengths.&hellip;","og_url":"https:\/\/res-q-jack.com\/de_de\/zubehor\/stiftlose-beschlage\/","og_site_name":"Res-Q-Jack, Inc.","article_modified_time":"2026-04-16T19:40:41+00:00","og_image":[{"url":"https:\/\/res-q-jack.com\/wp-content\/uploads\/2026\/04\/Extension-Tubing-2.png","type":"","width":"","height":""}],"twitter_card":"summary_large_image","twitter_misc":{"Gesch\u00e4tzte Lesezeit":"5 Minuten"},"schema":{"@context":"https:\/\/schema.org","@graph":[{"@type":"WebPage","@id":"https:\/\/res-q-jack.com\/accessories\/pin-free-end-fittings\/","url":"https:\/\/res-q-jack.com\/accessories\/pin-free-end-fittings\/","name":"Pin-Free End Fittings | Res-Q-Jack, Inc.","isPartOf":{"@id":"https:\/\/res-q-jack.com\/#website"},"primaryImageOfPage":{"@id":"https:\/\/res-q-jack.com\/accessories\/pin-free-end-fittings\/#primaryimage"},"image":{"@id":"https:\/\/res-q-jack.com\/accessories\/pin-free-end-fittings\/#primaryimage"},"thumbnailUrl":"https:\/\/res-q-jack.com\/wp-content\/uploads\/2026\/04\/Extension-Tubing-2.png","datePublished":"2019-12-18T23:32:39+00:00","dateModified":"2026-04-16T19:40:41+00:00","breadcrumb":{"@id":"https:\/\/res-q-jack.com\/accessories\/pin-free-end-fittings\/#breadcrumb"},"inLanguage":"de-DE","potentialAction":[{"@type":"ReadAction","target":["https:\/\/res-q-jack.com\/accessories\/pin-free-end-fittings\/"]}]},{"@type":"ImageObject","inLanguage":"de-DE","@id":"https:\/\/res-q-jack.com\/accessories\/pin-free-end-fittings\/#primaryimage","url":"https:\/\/res-q-jack.com\/wp-content\/uploads\/2026\/04\/Extension-Tubing-2.png","contentUrl":"https:\/\/res-q-jack.com\/wp-content\/uploads\/2026\/04\/Extension-Tubing-2.png"},{"@type":"BreadcrumbList","@id":"https:\/\/res-q-jack.com\/accessories\/pin-free-end-fittings\/#breadcrumb","itemListElement":[{"@type":"ListItem","position":1,"name":"Home","item":"https:\/\/res-q-jack.com\/"},{"@type":"ListItem","position":2,"name":"Accessories","item":"https:\/\/res-q-jack.com\/accessories\/"},{"@type":"ListItem","position":3,"name":"Pin-Free End Fittings"}]},{"@type":"WebSite","@id":"https:\/\/res-q-jack.com\/#website","url":"https:\/\/res-q-jack.com\/","name":"Res-Q-Jack, Inc.","description":"Fahrzeugstabilisierungsstreben","publisher":{"@id":"https:\/\/res-q-jack.com\/#organization"},"potentialAction":[{"@type":"SearchAction","target":{"@type":"EntryPoint","urlTemplate":"https:\/\/res-q-jack.com\/?s={search_term_string}"},"query-input":{"@type":"PropertyValueSpecification","valueRequired":true,"valueName":"search_term_string"}}],"inLanguage":"de-DE"},{"@type":"Organization","@id":"https:\/\/res-q-jack.com\/#organization","name":"Res-Q-Jack, Inc.","url":"https:\/\/res-q-jack.com\/","logo":{"@type":"ImageObject","inLanguage":"de-DE","@id":"https:\/\/res-q-jack.com\/#\/schema\/logo\/image\/","url":"https:\/\/res-q-jack.com\/wp-content\/uploads\/2020\/03\/Res-Q-Jack-SEO-Logo.png","contentUrl":"https:\/\/res-q-jack.com\/wp-content\/uploads\/2020\/03\/Res-Q-Jack-SEO-Logo.png","width":612,"height":138,"caption":"Res-Q-Jack, Inc."},"image":{"@id":"https:\/\/res-q-jack.com\/#\/schema\/logo\/image\/"}}]}},"_links":{"self":[{"href":"https:\/\/res-q-jack.com\/de_de\/wp-json\/wp\/v2\/pages\/195","targetHints":{"allow":["GET"]}}],"collection":[{"href":"https:\/\/res-q-jack.com\/de_de\/wp-json\/wp\/v2\/pages"}],"about":[{"href":"https:\/\/res-q-jack.com\/de_de\/wp-json\/wp\/v2\/types\/page"}],"author":[{"embeddable":true,"href":"https:\/\/res-q-jack.com\/de_de\/wp-json\/wp\/v2\/users\/2"}],"replies":[{"embeddable":true,"href":"https:\/\/res-q-jack.com\/de_de\/wp-json\/wp\/v2\/comments?post=195"}],"version-history":[{"count":2,"href":"https:\/\/res-q-jack.com\/de_de\/wp-json\/wp\/v2\/pages\/195\/revisions"}],"predecessor-version":[{"id":2381,"href":"https:\/\/res-q-jack.com\/de_de\/wp-json\/wp\/v2\/pages\/195\/revisions\/2381"}],"up":[{"embeddable":true,"href":"https:\/\/res-q-jack.com\/de_de\/wp-json\/wp\/v2\/pages\/44"}],"wp:attachment":[{"href":"https:\/\/res-q-jack.com\/de_de\/wp-json\/wp\/v2\/media?parent=195"}],"curies":[{"name":"wp","href":"https:\/\/api.w.org\/{rel}","templated":true}]}}