{"id":193,"date":"2019-12-18T18:31:55","date_gmt":"2019-12-18T23:31:55","guid":{"rendered":"https:\/\/resqjack.wpengine.com\/?page_id=193"},"modified":"2026-04-16T14:12:37","modified_gmt":"2026-04-16T19:12:37","slug":"universal-zubehor","status":"publish","type":"page","link":"https:\/\/res-q-jack.com\/de_de\/accessories\/universal-accessories\/","title":{"rendered":"Universelles Zubeh\u00f6r"},"content":{"rendered":"<h1>\n\t\t\t\tUniverselles Zubeh\u00f6r\n\t\t\t<\/h1>\n\t<ul>\n\t\t<li>\t\t\t\t\n\t\t<h3><a href=\"https:\/\/res-q-jack.com\/de_de\/zubehor\/\" target=\"_self\"  aria-label=\"Go to https:\/\/res-q-jack.com\/accessories\/\">Erfahren Sie mehr \u00fcber unser Zubeh\u00f6r<\/a><\/h3><\/li>\t<\/ul>\n\t\t\t\t<img decoding=\"async\" data-src=\"https:\/\/res-q-jack.com\/wp-content\/uploads\/2020\/02\/Darlington-Head.jpg\" alt=\"Darlington Head Universal Zubeh\u00f6r\" title=\"Darlington Head Universal Zubeh\u00f6r\" itemprop=\"image\" src=\"data:image\/svg+xml;base64,PHN2ZyB3aWR0aD0iMSIgaGVpZ2h0PSIxIiB4bWxucz0iaHR0cDovL3d3dy53My5vcmcvMjAwMC9zdmciPjwvc3ZnPg==\" class=\"lazyload\" style=\"--smush-placeholder-width: 900px; --smush-placeholder-aspect-ratio: 900\/600;\" \/>\n\t\t<h5>Dar-HEAD<\/h5><h3>Darlington Kopf<\/h3>\t\t\t\n\t\t\t\t<p>Mit dem Darlington-Kopf k\u00f6nnen Sie zwei Streben miteinander verbinden, indem Sie die CRG-K\u00f6pfe miteinander verkn\u00fcpfen. Dies erm\u00f6glicht einen einfacheren Aufbau f\u00fcr die Darlington-Rolle. Kann auch verwendet werden, um einen Bi-Pod mit zwei Streben einzurichten. Kompatibel mit ALLEN Res-Q-Jack Struts.<\/p>\n\t\t\t\t<img decoding=\"async\" data-src=\"https:\/\/res-q-jack.com\/wp-content\/uploads\/2026\/04\/Racheting-Wheel-Chock.png\" alt=\"Racheting Wheel Chock\" title=\"Racheting Wheel Chock\" itemprop=\"image\" src=\"data:image\/svg+xml;base64,PHN2ZyB3aWR0aD0iMSIgaGVpZ2h0PSIxIiB4bWxucz0iaHR0cDovL3d3dy53My5vcmcvMjAwMC9zdmciPjwvc3ZnPg==\" class=\"lazyload\" style=\"--smush-placeholder-width: 900px; --smush-placeholder-aspect-ratio: 900\/600;\" \/>\n\t\t<h5>ACC-WCHK<\/h5><h3>Radkeil mit Ratsche<\/h3>\t\t\t\n\t\t\t\t<p>A rugged and easy-to-use option for chocking wheels, this chock won&#8217;t &#8220;push&#8221; both sides of the wheel with just one piece of equipment, as do oversized blocks and chocks.<\/p>\n\t\t\t\t<img decoding=\"async\" data-src=\"https:\/\/res-q-jack.com\/wp-content\/uploads\/2026\/04\/EZ-Picket-Plate-1.png\" alt=\"EZ Picket Plate\" title=\"EZ Picket Plate\" itemprop=\"image\" src=\"data:image\/svg+xml;base64,PHN2ZyB3aWR0aD0iMSIgaGVpZ2h0PSIxIiB4bWxucz0iaHR0cDovL3d3dy53My5vcmcvMjAwMC9zdmciPjwvc3ZnPg==\" class=\"lazyload\" style=\"--smush-placeholder-width: 900px; --smush-placeholder-aspect-ratio: 900\/600;\" \/>\n\t\t<h5>ACC-EAPP<\/h5><h3>EZ Picket Plate<\/h3>\t\t\t\n\t\t\t\t<p>The EZ Picket Plate features three oversized collars for 1&#8243; diameter pickets, which are set at 20\u00b0 angles for fast and precise placement. Includes two extra holes to accommodate pickets up to 1 5\/8&#8243; diameter. The EZ Picket Plate measures 30&#8243; long by 6&#8243; wide and features a built-in carry handle, D-Ring and diamond plate foot print.<\/p>\n\t\t\t\t<img decoding=\"async\" data-src=\"https:\/\/res-q-jack.com\/wp-content\/uploads\/2020\/02\/Ram-Plate.jpg\" alt=\"Rampenplatte Universal Zubeh\u00f6r\" title=\"Ram Plate Universal Zubeh\u00f6r\" itemprop=\"image\" src=\"data:image\/svg+xml;base64,PHN2ZyB3aWR0aD0iMSIgaGVpZ2h0PSIxIiB4bWxucz0iaHR0cDovL3d3dy53My5vcmcvMjAwMC9zdmciPjwvc3ZnPg==\" class=\"lazyload\" style=\"--smush-placeholder-width: 900px; --smush-placeholder-aspect-ratio: 900\/600;\" \/>\n\t\t<h5>ACC-RAMP<\/h5><h3>Rammplatte<\/h3>\t\t\t\n\t\t\t\t<p>Diese hochbelastbare Mehrzweck-St\u00fctzplatte sollte \u00fcber einem Schweller angebracht werden, um mehrere Angriffspunkte f\u00fcr Ihren St\u00f6\u00dfel zu schaffen, wenn Sie einen Schlagabtausch durchf\u00fchren.<\/p>\n\t\t\t\t<img decoding=\"async\" data-src=\"https:\/\/res-q-jack.com\/wp-content\/uploads\/2020\/02\/Load-Pad.jpg\" alt=\"Load Pad Universal Zubeh\u00f6r\" title=\"Load Pad Universal Zubeh\u00f6r\" itemprop=\"image\" src=\"data:image\/svg+xml;base64,PHN2ZyB3aWR0aD0iMSIgaGVpZ2h0PSIxIiB4bWxucz0iaHR0cDovL3d3dy53My5vcmcvMjAwMC9zdmciPjwvc3ZnPg==\" class=\"lazyload\" style=\"--smush-placeholder-width: 900px; --smush-placeholder-aspect-ratio: 900\/600;\" \/>\n\t\t<h5>ACC-LOAD<\/h5><h3> Pad laden<\/h3>\t\t\t\n\t\t\t\t<p>This 14&#8243; x 14&#8243; load pad allows you to spread the load evenly over soft ground. Four carry holes double as stake holes, and the inner strut pocket is designed to fit the strut base.<\/p>","protected":false},"excerpt":{"rendered":"<p>Universelles Zubeh\u00f6r Erfahren Sie mehr \u00fcber unser Zubeh\u00f6r Dar-HEAD Darlington Head Der Darlington Head erm\u00f6glicht es Ihnen, zwei Streben miteinander zu verbinden, indem Sie die CRG Heads miteinander verbinden. Dies erleichtert den Aufbau der Darlington-Rolle. Er kann auch verwendet werden, um einen Bi-Pod mit zwei Streben aufzubauen. Kompatibel mit ALLEN Res-Q-Jack...<\/p>","protected":false},"author":2,"featured_media":0,"parent":44,"menu_order":0,"comment_status":"closed","ping_status":"closed","template":"","meta":{"footnotes":""},"class_list":["post-193","page","type-page","status-publish","hentry"],"yoast_head":"<!-- This site is optimized with the Yoast SEO plugin v27.2 - https:\/\/yoast.com\/product\/yoast-seo-wordpress\/ -->\n<title>Universal Accessories | Res-Q-Jack, Inc.<\/title>\n<meta name=\"robots\" content=\"index, follow, max-snippet:-1, max-image-preview:large, max-video-preview:-1\" \/>\n<link rel=\"canonical\" href=\"https:\/\/res-q-jack.com\/de_de\/zubehor\/universal-zubehor\/\" \/>\n<meta property=\"og:locale\" content=\"de_DE\" \/>\n<meta property=\"og:type\" content=\"article\" \/>\n<meta property=\"og:title\" content=\"Universal Accessories | Res-Q-Jack, Inc.\" \/>\n<meta property=\"og:description\" content=\"Universal Accessories Learn more about our accessories Dar-HEAD Darlington Head The Darlington Head allows you to marry two struts together by linking the CRG Heads together. This allows for an easier set up to perform the Darlington Roll. Also can be used to set up a Bi Pod using two struts. Compatible with ALL Res-Q-Jack&hellip;\" \/>\n<meta property=\"og:url\" content=\"https:\/\/res-q-jack.com\/de_de\/zubehor\/universal-zubehor\/\" \/>\n<meta property=\"og:site_name\" content=\"Res-Q-Jack, Inc.\" \/>\n<meta property=\"article:modified_time\" content=\"2026-04-16T19:12:37+00:00\" \/>\n<meta property=\"og:image\" content=\"https:\/\/res-q-jack.com\/wp-content\/uploads\/2020\/02\/Darlington-Head.jpg\" \/>\n<meta name=\"twitter:card\" content=\"summary_large_image\" \/>\n<meta name=\"twitter:label1\" content=\"Gesch\u00e4tzte Lesezeit\" \/>\n\t<meta name=\"twitter:data1\" content=\"1 Minute\" \/>\n<script type=\"application\/ld+json\" class=\"yoast-schema-graph\">{\"@context\":\"https:\/\/schema.org\",\"@graph\":[{\"@type\":\"WebPage\",\"@id\":\"https:\/\/res-q-jack.com\/accessories\/universal-accessories\/\",\"url\":\"https:\/\/res-q-jack.com\/accessories\/universal-accessories\/\",\"name\":\"Universal Accessories | Res-Q-Jack, Inc.\",\"isPartOf\":{\"@id\":\"https:\/\/res-q-jack.com\/#website\"},\"primaryImageOfPage\":{\"@id\":\"https:\/\/res-q-jack.com\/accessories\/universal-accessories\/#primaryimage\"},\"image\":{\"@id\":\"https:\/\/res-q-jack.com\/accessories\/universal-accessories\/#primaryimage\"},\"thumbnailUrl\":\"https:\/\/res-q-jack.com\/wp-content\/uploads\/2020\/02\/Darlington-Head.jpg\",\"datePublished\":\"2019-12-18T23:31:55+00:00\",\"dateModified\":\"2026-04-16T19:12:37+00:00\",\"breadcrumb\":{\"@id\":\"https:\/\/res-q-jack.com\/accessories\/universal-accessories\/#breadcrumb\"},\"inLanguage\":\"de-DE\",\"potentialAction\":[{\"@type\":\"ReadAction\",\"target\":[\"https:\/\/res-q-jack.com\/accessories\/universal-accessories\/\"]}]},{\"@type\":\"ImageObject\",\"inLanguage\":\"de-DE\",\"@id\":\"https:\/\/res-q-jack.com\/accessories\/universal-accessories\/#primaryimage\",\"url\":\"https:\/\/res-q-jack.com\/wp-content\/uploads\/2020\/02\/Darlington-Head.jpg\",\"contentUrl\":\"https:\/\/res-q-jack.com\/wp-content\/uploads\/2020\/02\/Darlington-Head.jpg\"},{\"@type\":\"BreadcrumbList\",\"@id\":\"https:\/\/res-q-jack.com\/accessories\/universal-accessories\/#breadcrumb\",\"itemListElement\":[{\"@type\":\"ListItem\",\"position\":1,\"name\":\"Home\",\"item\":\"https:\/\/res-q-jack.com\/\"},{\"@type\":\"ListItem\",\"position\":2,\"name\":\"Accessories\",\"item\":\"https:\/\/res-q-jack.com\/accessories\/\"},{\"@type\":\"ListItem\",\"position\":3,\"name\":\"Universal Accessories\"}]},{\"@type\":\"WebSite\",\"@id\":\"https:\/\/res-q-jack.com\/#website\",\"url\":\"https:\/\/res-q-jack.com\/\",\"name\":\"Res-Q-Jack, Inc.\",\"description\":\"Vehicle Stabilization Struts\",\"publisher\":{\"@id\":\"https:\/\/res-q-jack.com\/#organization\"},\"potentialAction\":[{\"@type\":\"SearchAction\",\"target\":{\"@type\":\"EntryPoint\",\"urlTemplate\":\"https:\/\/res-q-jack.com\/?s={search_term_string}\"},\"query-input\":{\"@type\":\"PropertyValueSpecification\",\"valueRequired\":true,\"valueName\":\"search_term_string\"}}],\"inLanguage\":\"de-DE\"},{\"@type\":\"Organization\",\"@id\":\"https:\/\/res-q-jack.com\/#organization\",\"name\":\"Res-Q-Jack, Inc.\",\"url\":\"https:\/\/res-q-jack.com\/\",\"logo\":{\"@type\":\"ImageObject\",\"inLanguage\":\"de-DE\",\"@id\":\"https:\/\/res-q-jack.com\/#\/schema\/logo\/image\/\",\"url\":\"https:\/\/res-q-jack.com\/wp-content\/uploads\/2020\/03\/Res-Q-Jack-SEO-Logo.png\",\"contentUrl\":\"https:\/\/res-q-jack.com\/wp-content\/uploads\/2020\/03\/Res-Q-Jack-SEO-Logo.png\",\"width\":612,\"height\":138,\"caption\":\"Res-Q-Jack, Inc.\"},\"image\":{\"@id\":\"https:\/\/res-q-jack.com\/#\/schema\/logo\/image\/\"}}]}<\/script>\n<!-- \/ Yoast SEO plugin. -->","yoast_head_json":{"title":"Universelles Zubeh\u00f6r | Res-Q-Jack, Inc.","robots":{"index":"index","follow":"follow","max-snippet":"max-snippet:-1","max-image-preview":"max-image-preview:large","max-video-preview":"max-video-preview:-1"},"canonical":"https:\/\/res-q-jack.com\/de_de\/zubehor\/universal-zubehor\/","og_locale":"de_DE","og_type":"article","og_title":"Universal Accessories | Res-Q-Jack, Inc.","og_description":"Universal Accessories Learn more about our accessories Dar-HEAD Darlington Head The Darlington Head allows you to marry two struts together by linking the CRG Heads together. This allows for an easier set up to perform the Darlington Roll. Also can be used to set up a Bi Pod using two struts. Compatible with ALL Res-Q-Jack&hellip;","og_url":"https:\/\/res-q-jack.com\/de_de\/zubehor\/universal-zubehor\/","og_site_name":"Res-Q-Jack, Inc.","article_modified_time":"2026-04-16T19:12:37+00:00","og_image":[{"url":"https:\/\/res-q-jack.com\/wp-content\/uploads\/2020\/02\/Darlington-Head.jpg","type":"","width":"","height":""}],"twitter_card":"summary_large_image","twitter_misc":{"Gesch\u00e4tzte Lesezeit":"1 Minute"},"schema":{"@context":"https:\/\/schema.org","@graph":[{"@type":"WebPage","@id":"https:\/\/res-q-jack.com\/accessories\/universal-accessories\/","url":"https:\/\/res-q-jack.com\/accessories\/universal-accessories\/","name":"Universelles Zubeh\u00f6r | Res-Q-Jack, Inc.","isPartOf":{"@id":"https:\/\/res-q-jack.com\/#website"},"primaryImageOfPage":{"@id":"https:\/\/res-q-jack.com\/accessories\/universal-accessories\/#primaryimage"},"image":{"@id":"https:\/\/res-q-jack.com\/accessories\/universal-accessories\/#primaryimage"},"thumbnailUrl":"https:\/\/res-q-jack.com\/wp-content\/uploads\/2020\/02\/Darlington-Head.jpg","datePublished":"2019-12-18T23:31:55+00:00","dateModified":"2026-04-16T19:12:37+00:00","breadcrumb":{"@id":"https:\/\/res-q-jack.com\/accessories\/universal-accessories\/#breadcrumb"},"inLanguage":"de-DE","potentialAction":[{"@type":"ReadAction","target":["https:\/\/res-q-jack.com\/accessories\/universal-accessories\/"]}]},{"@type":"ImageObject","inLanguage":"de-DE","@id":"https:\/\/res-q-jack.com\/accessories\/universal-accessories\/#primaryimage","url":"https:\/\/res-q-jack.com\/wp-content\/uploads\/2020\/02\/Darlington-Head.jpg","contentUrl":"https:\/\/res-q-jack.com\/wp-content\/uploads\/2020\/02\/Darlington-Head.jpg"},{"@type":"BreadcrumbList","@id":"https:\/\/res-q-jack.com\/accessories\/universal-accessories\/#breadcrumb","itemListElement":[{"@type":"ListItem","position":1,"name":"Home","item":"https:\/\/res-q-jack.com\/"},{"@type":"ListItem","position":2,"name":"Accessories","item":"https:\/\/res-q-jack.com\/accessories\/"},{"@type":"ListItem","position":3,"name":"Universal Accessories"}]},{"@type":"WebSite","@id":"https:\/\/res-q-jack.com\/#website","url":"https:\/\/res-q-jack.com\/","name":"Res-Q-Jack, Inc.","description":"Fahrzeugstabilisierungsstreben","publisher":{"@id":"https:\/\/res-q-jack.com\/#organization"},"potentialAction":[{"@type":"SearchAction","target":{"@type":"EntryPoint","urlTemplate":"https:\/\/res-q-jack.com\/?s={search_term_string}"},"query-input":{"@type":"PropertyValueSpecification","valueRequired":true,"valueName":"search_term_string"}}],"inLanguage":"de-DE"},{"@type":"Organization","@id":"https:\/\/res-q-jack.com\/#organization","name":"Res-Q-Jack, Inc.","url":"https:\/\/res-q-jack.com\/","logo":{"@type":"ImageObject","inLanguage":"de-DE","@id":"https:\/\/res-q-jack.com\/#\/schema\/logo\/image\/","url":"https:\/\/res-q-jack.com\/wp-content\/uploads\/2020\/03\/Res-Q-Jack-SEO-Logo.png","contentUrl":"https:\/\/res-q-jack.com\/wp-content\/uploads\/2020\/03\/Res-Q-Jack-SEO-Logo.png","width":612,"height":138,"caption":"Res-Q-Jack, Inc."},"image":{"@id":"https:\/\/res-q-jack.com\/#\/schema\/logo\/image\/"}}]}},"_links":{"self":[{"href":"https:\/\/res-q-jack.com\/de_de\/wp-json\/wp\/v2\/pages\/193","targetHints":{"allow":["GET"]}}],"collection":[{"href":"https:\/\/res-q-jack.com\/de_de\/wp-json\/wp\/v2\/pages"}],"about":[{"href":"https:\/\/res-q-jack.com\/de_de\/wp-json\/wp\/v2\/types\/page"}],"author":[{"embeddable":true,"href":"https:\/\/res-q-jack.com\/de_de\/wp-json\/wp\/v2\/users\/2"}],"replies":[{"embeddable":true,"href":"https:\/\/res-q-jack.com\/de_de\/wp-json\/wp\/v2\/comments?post=193"}],"version-history":[{"count":2,"href":"https:\/\/res-q-jack.com\/de_de\/wp-json\/wp\/v2\/pages\/193\/revisions"}],"predecessor-version":[{"id":2367,"href":"https:\/\/res-q-jack.com\/de_de\/wp-json\/wp\/v2\/pages\/193\/revisions\/2367"}],"up":[{"embeddable":true,"href":"https:\/\/res-q-jack.com\/de_de\/wp-json\/wp\/v2\/pages\/44"}],"wp:attachment":[{"href":"https:\/\/res-q-jack.com\/de_de\/wp-json\/wp\/v2\/media?parent=193"}],"curies":[{"name":"wp","href":"https:\/\/api.w.org\/{rel}","templated":true}]}}