{"id":175,"date":"2019-12-18T15:42:05","date_gmt":"2019-12-18T20:42:05","guid":{"rendered":"https:\/\/resqjack.wpengine.com\/?page_id=175"},"modified":"2020-07-02T14:06:41","modified_gmt":"2020-07-02T19:06:41","slug":"schwerlast-fahrzeug-stabilisierungsstreben","status":"publish","type":"page","link":"https:\/\/res-q-jack.com\/de_de\/struts\/vehicle-stabilization-struts\/heavy-duty-vehicle-stabilization-struts\/","title":{"rendered":"Stabilisierungsstreben f\u00fcr Schwerlastfahrzeuge"},"content":{"rendered":"<p><img decoding=\"async\" title=\"Stabilisierungsstreben f\u00fcr Schwerlastfahrzeuge\" data-src=\"https:\/\/res-q-jack.com\/wp-content\/uploads\/2019\/12\/cement-yellow.png\" alt=\"Stabilisierungsstreben f\u00fcr Schwerlastfahrzeuge\" src=\"data:image\/svg+xml;base64,PHN2ZyB3aWR0aD0iMSIgaGVpZ2h0PSIxIiB4bWxucz0iaHR0cDovL3d3dy53My5vcmcvMjAwMC9zdmciPjwvc3ZnPg==\" class=\"lazyload\" style=\"--smush-placeholder-width: 115px; --smush-placeholder-aspect-ratio: 115\/115;\" \/><\/p>\r\n<h3>Heavy-Duty<\/h3>\r\n<h1>Fahrzeugstabilisierungsstreben<\/h1>\r\n<p>Unsere Schwerlaststreben haben eine Nenntragf\u00e4higkeit von 10.000 lbs. bis 20.000 (2:1) f\u00fcr den Einsatz bei gro\u00dfen Fahrzeugen, strukturellem Verbau und technischer Rettung.<\/p>\r\n<p><img decoding=\"async\" title=\"Aluminium X-Strut Serie Heavy-Duty Fahrzeugstabilisierungsstrebe mit Bolzen\" data-src=\"https:\/\/res-q-jack.com\/wp-content\/uploads\/2019\/12\/Aluminum-X-Strut-Series-Heavy-Duty-Pinned-Vehicle-Stabilization-Strut-100x300.png\" alt=\"Aluminium X-Strut Serie Heavy-Duty Fahrzeugstabilisierungsstrebe mit Bolzen\" src=\"data:image\/svg+xml;base64,PHN2ZyB3aWR0aD0iMSIgaGVpZ2h0PSIxIiB4bWxucz0iaHR0cDovL3d3dy53My5vcmcvMjAwMC9zdmciPjwvc3ZnPg==\" class=\"lazyload\" style=\"--smush-placeholder-width: 100px; --smush-placeholder-aspect-ratio: 100\/300;\" \/><\/p>\r\n<h3>Aluminium X-Strebe<sup><\/sup> Serie<\/h3>\r\n<p>Die X-Strebe aus Aluminium ist unsere am st\u00e4rksten belastete Federbeinlinie, die f\u00fcr die Rettung schwerer Fahrzeuge und andere Anwendungen entwickelt wurde.<\/p>\r\n<p><strong>Arbeitslastgrenze: 10.000 lbs. (Sicherheitsfaktor 2:1)<\/strong><\/p>\r\n<p><a role=\"button\" href=\"https:\/\/res-q-jack.com\/de_de\/streben\/fahrzeug-stabilisierungsstreben\/schwerlast-fahrzeug-stabilisierungsstreben\/aluminium-x-strut\/\" target=\"_self\" rel=\"noopener noreferrer\"> Details anzeigen <\/a> <img decoding=\"async\" title=\"Apex X-Struct Serie Heavy-Duty Pin-Free Fahrzeugstabilisierungsstrebe\" data-src=\"https:\/\/res-q-jack.com\/wp-content\/uploads\/2020\/04\/Apex-X-Struct-Series-Heavy-Duty-Pin-Free-Vehicle-Stabilization-Strut-100x300.jpg\" alt=\"Apex X-Struct Serie Heavy-Duty Pin-Free Fahrzeugstabilisierungsstrebe\" src=\"data:image\/svg+xml;base64,PHN2ZyB3aWR0aD0iMSIgaGVpZ2h0PSIxIiB4bWxucz0iaHR0cDovL3d3dy53My5vcmcvMjAwMC9zdmciPjwvc3ZnPg==\" class=\"lazyload\" style=\"--smush-placeholder-width: 100px; --smush-placeholder-aspect-ratio: 100\/300;\" \/><\/p>\r\n<h5><img decoding=\"async\" data-src=\"https:\/\/res-q-jack.com\/wp-content\/uploads\/2020\/05\/Pin-Free-Stabilization-Struts-95x18-1.png\" src=\"data:image\/svg+xml;base64,PHN2ZyB3aWR0aD0iMSIgaGVpZ2h0PSIxIiB4bWxucz0iaHR0cDovL3d3dy53My5vcmcvMjAwMC9zdmciPjwvc3ZnPg==\" class=\"lazyload\" style=\"--smush-placeholder-width: 95px; --smush-placeholder-aspect-ratio: 95\/18;\" \/><\/h5>\r\n<h3>Apex X-Strebe<sup><\/sup> Serie<\/h3>\r\n<p>Das Apex ist unsere neueste, hochbelastbare, stiftlose Strebenreihe, die f\u00fcr die meisten Fahrzeugrettungsszenarien entwickelt wurde.\u00a0\u00a0<\/p>\r\n<p><strong>Arbeitslastgrenze: bis zu 12.500 lbs. (Sicherheitsfaktor 2:1)<\/strong><\/p>\r\n<p><a role=\"button\" href=\"https:\/\/res-q-jack.com\/de_de\/streben\/fahrzeug-stabilisierungsstreben\/schwerlast-fahrzeug-stabilisierungsstreben\/apex-x-strut\/\" target=\"_self\" rel=\"noopener noreferrer\"> Details anzeigen <\/a> <img decoding=\"async\" title=\"Super X-Strut Serie Schwerlast-Fahrzeugstabilisierungsstrebe\" data-src=\"https:\/\/res-q-jack.com\/wp-content\/uploads\/2019\/12\/Super-X-Strut-Series-Heavy-Duty-Vehicle-Stabilization-Strut-100x300.png\" alt=\"Super X-Strut Serie Schwerlast-Fahrzeugstabilisierungsstrebe\" src=\"data:image\/svg+xml;base64,PHN2ZyB3aWR0aD0iMSIgaGVpZ2h0PSIxIiB4bWxucz0iaHR0cDovL3d3dy53My5vcmcvMjAwMC9zdmciPjwvc3ZnPg==\" class=\"lazyload\" style=\"--smush-placeholder-width: 100px; --smush-placeholder-aspect-ratio: 100\/300;\" \/><\/p>\r\n<h5><img decoding=\"async\" data-src=\"https:\/\/res-q-jack.com\/wp-content\/uploads\/2020\/05\/Pin-Free-Stabilization-Struts-95x18-1.png\" src=\"data:image\/svg+xml;base64,PHN2ZyB3aWR0aD0iMSIgaGVpZ2h0PSIxIiB4bWxucz0iaHR0cDovL3d3dy53My5vcmcvMjAwMC9zdmciPjwvc3ZnPg==\" class=\"lazyload\" style=\"--smush-placeholder-width: 95px; --smush-placeholder-aspect-ratio: 95\/18;\" \/><\/h5>\r\n<h3>Super X-Strebe<sup><\/sup> Serie<\/h3>\r\n<p>Die Super X ist unsere am st\u00e4rksten belastete Strebenreihe, die f\u00fcr die Rettung schwerer Fahrzeuge, den Bau von St\u00fctzen und die technische Rettung entwickelt wurde.\u00a0<\/p>\r\n<p><strong>Arbeitslastgrenze: 19.300 lbs. (Sicherheitsfaktor 2:1)<\/strong><\/p>\r\n<p><a role=\"button\" href=\"https:\/\/res-q-jack.com\/de_de\/streben\/fahrzeug-stabilisierungsstreben\/schwerlast-fahrzeug-stabilisierungsstreben\/super-x-strut\/\" target=\"_self\" rel=\"noopener noreferrer\"> Details anzeigen <\/a><\/p>\r\n<h4>Noch Fragen? Rufen Sie uns an: 1-800-466-9626<\/h4>","protected":false},"excerpt":{"rendered":"<p>Schwerlast-Fahrzeugstabilisierungsstreben Unsere Schwerlaststreben haben Nennbelastungen von 10.000 lbs. bis 20.000 (2:1) f\u00fcr den Einsatz bei gro\u00dfen Fahrzeugen, strukturellem St\u00fctzen und technischer Rettung. Aluminum X-Strut Serie Die Aluminum X-Strut ist unsere am st\u00e4rksten belastete Strebenserie, die f\u00fcr die Rettung schwerer Fahrzeuge und andere verschiedene Anwendungen entwickelt wurde. Belastungsgrenze: 10.000 lbs....<\/p>","protected":false},"author":2,"featured_media":0,"parent":187,"menu_order":0,"comment_status":"closed","ping_status":"closed","template":"","meta":{"footnotes":""},"class_list":["post-175","page","type-page","status-publish","hentry"],"yoast_head":"<!-- This site is optimized with the Yoast SEO plugin v27.2 - https:\/\/yoast.com\/product\/yoast-seo-wordpress\/ -->\n<title>Heavy-Duty Vehicle Stabilization Struts | Res-Q-Jack, Inc.<\/title>\n<meta name=\"description\" content=\"Res-Q-Jack heavy-duty struts have rated working loads of 10,000 lbs. to 20,000 (2:1) for use with large vehicles, structural shoring &amp; technical rescue.\" \/>\n<meta name=\"robots\" content=\"index, follow, max-snippet:-1, max-image-preview:large, max-video-preview:-1\" \/>\n<link rel=\"canonical\" href=\"https:\/\/res-q-jack.com\/de_de\/streben\/fahrzeug-stabilisierungsstreben\/schwerlast-fahrzeug-stabilisierungsstreben\/\" \/>\n<meta property=\"og:locale\" content=\"de_DE\" \/>\n<meta property=\"og:type\" content=\"article\" \/>\n<meta property=\"og:title\" content=\"Heavy-Duty Vehicle Stabilization Struts | Res-Q-Jack, Inc.\" \/>\n<meta property=\"og:description\" content=\"Res-Q-Jack heavy-duty struts have rated working loads of 10,000 lbs. to 20,000 (2:1) for use with large vehicles, structural shoring &amp; technical rescue.\" \/>\n<meta property=\"og:url\" content=\"https:\/\/res-q-jack.com\/de_de\/streben\/fahrzeug-stabilisierungsstreben\/schwerlast-fahrzeug-stabilisierungsstreben\/\" \/>\n<meta property=\"og:site_name\" content=\"Res-Q-Jack, Inc.\" \/>\n<meta property=\"article:modified_time\" content=\"2020-07-02T19:06:41+00:00\" \/>\n<meta property=\"og:image\" content=\"https:\/\/res-q-jack.com\/wp-content\/uploads\/2019\/12\/cement-yellow.png\" \/>\n<meta name=\"twitter:card\" content=\"summary_large_image\" \/>\n<meta name=\"twitter:label1\" content=\"Gesch\u00e4tzte Lesezeit\" \/>\n\t<meta name=\"twitter:data1\" content=\"1 Minute\" \/>\n<script type=\"application\/ld+json\" class=\"yoast-schema-graph\">{\"@context\":\"https:\/\/schema.org\",\"@graph\":[{\"@type\":\"WebPage\",\"@id\":\"https:\/\/res-q-jack.com\/struts\/vehicle-stabilization-struts\/heavy-duty-vehicle-stabilization-struts\/\",\"url\":\"https:\/\/res-q-jack.com\/struts\/vehicle-stabilization-struts\/heavy-duty-vehicle-stabilization-struts\/\",\"name\":\"Heavy-Duty Vehicle Stabilization Struts | Res-Q-Jack, Inc.\",\"isPartOf\":{\"@id\":\"https:\/\/res-q-jack.com\/#website\"},\"primaryImageOfPage\":{\"@id\":\"https:\/\/res-q-jack.com\/struts\/vehicle-stabilization-struts\/heavy-duty-vehicle-stabilization-struts\/#primaryimage\"},\"image\":{\"@id\":\"https:\/\/res-q-jack.com\/struts\/vehicle-stabilization-struts\/heavy-duty-vehicle-stabilization-struts\/#primaryimage\"},\"thumbnailUrl\":\"https:\/\/res-q-jack.com\/wp-content\/uploads\/2019\/12\/cement-yellow.png\",\"datePublished\":\"2019-12-18T20:42:05+00:00\",\"dateModified\":\"2020-07-02T19:06:41+00:00\",\"description\":\"Res-Q-Jack heavy-duty struts have rated working loads of 10,000 lbs. to 20,000 (2:1) for use with large vehicles, structural shoring & technical rescue.\",\"breadcrumb\":{\"@id\":\"https:\/\/res-q-jack.com\/struts\/vehicle-stabilization-struts\/heavy-duty-vehicle-stabilization-struts\/#breadcrumb\"},\"inLanguage\":\"de-DE\",\"potentialAction\":[{\"@type\":\"ReadAction\",\"target\":[\"https:\/\/res-q-jack.com\/struts\/vehicle-stabilization-struts\/heavy-duty-vehicle-stabilization-struts\/\"]}]},{\"@type\":\"ImageObject\",\"inLanguage\":\"de-DE\",\"@id\":\"https:\/\/res-q-jack.com\/struts\/vehicle-stabilization-struts\/heavy-duty-vehicle-stabilization-struts\/#primaryimage\",\"url\":\"https:\/\/res-q-jack.com\/wp-content\/uploads\/2019\/12\/cement-yellow.png\",\"contentUrl\":\"https:\/\/res-q-jack.com\/wp-content\/uploads\/2019\/12\/cement-yellow.png\"},{\"@type\":\"BreadcrumbList\",\"@id\":\"https:\/\/res-q-jack.com\/struts\/vehicle-stabilization-struts\/heavy-duty-vehicle-stabilization-struts\/#breadcrumb\",\"itemListElement\":[{\"@type\":\"ListItem\",\"position\":1,\"name\":\"Home\",\"item\":\"https:\/\/res-q-jack.com\/\"},{\"@type\":\"ListItem\",\"position\":2,\"name\":\"Rescue Struts\",\"item\":\"https:\/\/res-q-jack.com\/struts\/\"},{\"@type\":\"ListItem\",\"position\":3,\"name\":\"Vehicle Stabilization Struts\",\"item\":\"https:\/\/res-q-jack.com\/struts\/vehicle-stabilization-struts\/\"},{\"@type\":\"ListItem\",\"position\":4,\"name\":\"Heavy-Duty Vehicle Stabilization Struts\"}]},{\"@type\":\"WebSite\",\"@id\":\"https:\/\/res-q-jack.com\/#website\",\"url\":\"https:\/\/res-q-jack.com\/\",\"name\":\"Res-Q-Jack, Inc.\",\"description\":\"Vehicle Stabilization Struts\",\"publisher\":{\"@id\":\"https:\/\/res-q-jack.com\/#organization\"},\"potentialAction\":[{\"@type\":\"SearchAction\",\"target\":{\"@type\":\"EntryPoint\",\"urlTemplate\":\"https:\/\/res-q-jack.com\/?s={search_term_string}\"},\"query-input\":{\"@type\":\"PropertyValueSpecification\",\"valueRequired\":true,\"valueName\":\"search_term_string\"}}],\"inLanguage\":\"de-DE\"},{\"@type\":\"Organization\",\"@id\":\"https:\/\/res-q-jack.com\/#organization\",\"name\":\"Res-Q-Jack, Inc.\",\"url\":\"https:\/\/res-q-jack.com\/\",\"logo\":{\"@type\":\"ImageObject\",\"inLanguage\":\"de-DE\",\"@id\":\"https:\/\/res-q-jack.com\/#\/schema\/logo\/image\/\",\"url\":\"https:\/\/res-q-jack.com\/wp-content\/uploads\/2020\/03\/Res-Q-Jack-SEO-Logo.png\",\"contentUrl\":\"https:\/\/res-q-jack.com\/wp-content\/uploads\/2020\/03\/Res-Q-Jack-SEO-Logo.png\",\"width\":612,\"height\":138,\"caption\":\"Res-Q-Jack, Inc.\"},\"image\":{\"@id\":\"https:\/\/res-q-jack.com\/#\/schema\/logo\/image\/\"}}]}<\/script>\n<!-- \/ Yoast SEO plugin. -->","yoast_head_json":{"title":"Stabilisierungsstreben f\u00fcr Schwerlastfahrzeuge | Res-Q-Jack, Inc.","description":"Res-Q-Jack Schwerlaststreben haben eine Nenntragf\u00e4higkeit von 10.000 lbs. bis 20.000 (2:1) f\u00fcr den Einsatz bei gro\u00dfen Fahrzeugen, strukturellen Abst\u00fctzungen und technischer Rettung.","robots":{"index":"index","follow":"follow","max-snippet":"max-snippet:-1","max-image-preview":"max-image-preview:large","max-video-preview":"max-video-preview:-1"},"canonical":"https:\/\/res-q-jack.com\/de_de\/streben\/fahrzeug-stabilisierungsstreben\/schwerlast-fahrzeug-stabilisierungsstreben\/","og_locale":"de_DE","og_type":"article","og_title":"Heavy-Duty Vehicle Stabilization Struts | Res-Q-Jack, Inc.","og_description":"Res-Q-Jack heavy-duty struts have rated working loads of 10,000 lbs. to 20,000 (2:1) for use with large vehicles, structural shoring & technical rescue.","og_url":"https:\/\/res-q-jack.com\/de_de\/streben\/fahrzeug-stabilisierungsstreben\/schwerlast-fahrzeug-stabilisierungsstreben\/","og_site_name":"Res-Q-Jack, Inc.","article_modified_time":"2020-07-02T19:06:41+00:00","og_image":[{"url":"https:\/\/res-q-jack.com\/wp-content\/uploads\/2019\/12\/cement-yellow.png","type":"","width":"","height":""}],"twitter_card":"summary_large_image","twitter_misc":{"Gesch\u00e4tzte Lesezeit":"1 Minute"},"schema":{"@context":"https:\/\/schema.org","@graph":[{"@type":"WebPage","@id":"https:\/\/res-q-jack.com\/struts\/vehicle-stabilization-struts\/heavy-duty-vehicle-stabilization-struts\/","url":"https:\/\/res-q-jack.com\/struts\/vehicle-stabilization-struts\/heavy-duty-vehicle-stabilization-struts\/","name":"Stabilisierungsstreben f\u00fcr Schwerlastfahrzeuge | Res-Q-Jack, Inc.","isPartOf":{"@id":"https:\/\/res-q-jack.com\/#website"},"primaryImageOfPage":{"@id":"https:\/\/res-q-jack.com\/struts\/vehicle-stabilization-struts\/heavy-duty-vehicle-stabilization-struts\/#primaryimage"},"image":{"@id":"https:\/\/res-q-jack.com\/struts\/vehicle-stabilization-struts\/heavy-duty-vehicle-stabilization-struts\/#primaryimage"},"thumbnailUrl":"https:\/\/res-q-jack.com\/wp-content\/uploads\/2019\/12\/cement-yellow.png","datePublished":"2019-12-18T20:42:05+00:00","dateModified":"2020-07-02T19:06:41+00:00","description":"Res-Q-Jack Schwerlaststreben haben eine Nenntragf\u00e4higkeit von 10.000 lbs. bis 20.000 (2:1) f\u00fcr den Einsatz bei gro\u00dfen Fahrzeugen, strukturellen Abst\u00fctzungen und technischer Rettung.","breadcrumb":{"@id":"https:\/\/res-q-jack.com\/struts\/vehicle-stabilization-struts\/heavy-duty-vehicle-stabilization-struts\/#breadcrumb"},"inLanguage":"de-DE","potentialAction":[{"@type":"ReadAction","target":["https:\/\/res-q-jack.com\/struts\/vehicle-stabilization-struts\/heavy-duty-vehicle-stabilization-struts\/"]}]},{"@type":"ImageObject","inLanguage":"de-DE","@id":"https:\/\/res-q-jack.com\/struts\/vehicle-stabilization-struts\/heavy-duty-vehicle-stabilization-struts\/#primaryimage","url":"https:\/\/res-q-jack.com\/wp-content\/uploads\/2019\/12\/cement-yellow.png","contentUrl":"https:\/\/res-q-jack.com\/wp-content\/uploads\/2019\/12\/cement-yellow.png"},{"@type":"BreadcrumbList","@id":"https:\/\/res-q-jack.com\/struts\/vehicle-stabilization-struts\/heavy-duty-vehicle-stabilization-struts\/#breadcrumb","itemListElement":[{"@type":"ListItem","position":1,"name":"Home","item":"https:\/\/res-q-jack.com\/"},{"@type":"ListItem","position":2,"name":"Rescue Struts","item":"https:\/\/res-q-jack.com\/struts\/"},{"@type":"ListItem","position":3,"name":"Vehicle Stabilization Struts","item":"https:\/\/res-q-jack.com\/struts\/vehicle-stabilization-struts\/"},{"@type":"ListItem","position":4,"name":"Heavy-Duty Vehicle Stabilization Struts"}]},{"@type":"WebSite","@id":"https:\/\/res-q-jack.com\/#website","url":"https:\/\/res-q-jack.com\/","name":"Res-Q-Jack, Inc.","description":"Fahrzeugstabilisierungsstreben","publisher":{"@id":"https:\/\/res-q-jack.com\/#organization"},"potentialAction":[{"@type":"SearchAction","target":{"@type":"EntryPoint","urlTemplate":"https:\/\/res-q-jack.com\/?s={search_term_string}"},"query-input":{"@type":"PropertyValueSpecification","valueRequired":true,"valueName":"search_term_string"}}],"inLanguage":"de-DE"},{"@type":"Organization","@id":"https:\/\/res-q-jack.com\/#organization","name":"Res-Q-Jack, Inc.","url":"https:\/\/res-q-jack.com\/","logo":{"@type":"ImageObject","inLanguage":"de-DE","@id":"https:\/\/res-q-jack.com\/#\/schema\/logo\/image\/","url":"https:\/\/res-q-jack.com\/wp-content\/uploads\/2020\/03\/Res-Q-Jack-SEO-Logo.png","contentUrl":"https:\/\/res-q-jack.com\/wp-content\/uploads\/2020\/03\/Res-Q-Jack-SEO-Logo.png","width":612,"height":138,"caption":"Res-Q-Jack, Inc."},"image":{"@id":"https:\/\/res-q-jack.com\/#\/schema\/logo\/image\/"}}]}},"_links":{"self":[{"href":"https:\/\/res-q-jack.com\/de_de\/wp-json\/wp\/v2\/pages\/175","targetHints":{"allow":["GET"]}}],"collection":[{"href":"https:\/\/res-q-jack.com\/de_de\/wp-json\/wp\/v2\/pages"}],"about":[{"href":"https:\/\/res-q-jack.com\/de_de\/wp-json\/wp\/v2\/types\/page"}],"author":[{"embeddable":true,"href":"https:\/\/res-q-jack.com\/de_de\/wp-json\/wp\/v2\/users\/2"}],"replies":[{"embeddable":true,"href":"https:\/\/res-q-jack.com\/de_de\/wp-json\/wp\/v2\/comments?post=175"}],"version-history":[{"count":0,"href":"https:\/\/res-q-jack.com\/de_de\/wp-json\/wp\/v2\/pages\/175\/revisions"}],"up":[{"embeddable":true,"href":"https:\/\/res-q-jack.com\/de_de\/wp-json\/wp\/v2\/pages\/187"}],"wp:attachment":[{"href":"https:\/\/res-q-jack.com\/de_de\/wp-json\/wp\/v2\/media?parent=175"}],"curies":[{"name":"wp","href":"https:\/\/api.w.org\/{rel}","templated":true}]}}