{"id":12,"date":"2019-12-13T10:36:36","date_gmt":"2019-12-13T15:36:36","guid":{"rendered":"https:\/\/resqjack.wpengine.com\/?page_id=12"},"modified":"2024-11-13T15:51:08","modified_gmt":"2024-11-13T20:51:08","slug":"startseite","status":"publish","type":"page","link":"https:\/\/res-q-jack.com\/de_de\/","title":{"rendered":"Startseite"},"content":{"rendered":"<h2>Respond Faster with Pin-Free Stabilization &amp; Lifting<\/h2>\r\n<p>Unsere stiftfreien Fahrzeugstabilisierungs- und Hubstreben lassen sich schneller und einfacher einsetzen und sparen Zeit, wenn es am wichtigsten ist.<\/p>\r\n<p><img decoding=\"async\" title=\"Super-X-Strebe - unsere st\u00e4rkste Schwerlast-Hubstrebe\" data-src=\"https:\/\/res-q-jack.com\/wp-content\/uploads\/2022\/06\/Super-X-Strut-Our-Strongest-Heavy-Duty-Lifting-Strut.jpeg\" alt=\"Super X-Strut Unsere st\u00e4rkste Heavy-Duty-Hubstrebe\" src=\"data:image\/svg+xml;base64,PHN2ZyB3aWR0aD0iMSIgaGVpZ2h0PSIxIiB4bWxucz0iaHR0cDovL3d3dy53My5vcmcvMjAwMC9zdmciPjwvc3ZnPg==\" class=\"lazyload\" style=\"--smush-placeholder-width: 220px; --smush-placeholder-aspect-ratio: 220\/660;\" \/><\/p>\r\n<h5><img decoding=\"async\" data-src=\"https:\/\/res-q-jack.com\/wp-content\/uploads\/2020\/05\/Pin-Free-Stabilization-Struts-95x18-1.png\" src=\"data:image\/svg+xml;base64,PHN2ZyB3aWR0aD0iMSIgaGVpZ2h0PSIxIiB4bWxucz0iaHR0cDovL3d3dy53My5vcmcvMjAwMC9zdmciPjwvc3ZnPg==\" class=\"lazyload\" style=\"--smush-placeholder-width: 95px; --smush-placeholder-aspect-ratio: 95\/18;\" \/><\/h5>\r\n<h3>Super X-Strut Series<\/h3>\r\n<p>Die Super X ist unsere am st\u00e4rksten belastete Strebenreihe, die f\u00fcr die Rettung schwerer Fahrzeuge, den Bau von St\u00fctzen und die technische Rettung entwickelt wurde.\u00a0<\/p>\r\n<p><strong>Arbeitslastgrenze: 19.300 lbs. (Sicherheitsfaktor 2:1)<\/strong><\/p>\r\n<p><a role=\"button\" href=\"https:\/\/res-q-jack.com\/de_de\/streben\/fahrzeug-stabilisierungsstreben\/schwerlast-fahrzeug-stabilisierungsstreben\/super-x-strut\/\" target=\"_self\" rel=\"noopener\" aria-label=\"Details anzeigen\"> Details anzeigen <\/a> <img decoding=\"async\" title=\"Apex X-Struct Serie Heavy-Duty Pin-Free Fahrzeugstabilisierungsstrebe\" data-src=\"https:\/\/res-q-jack.com\/wp-content\/uploads\/2020\/04\/Apex-X-Struct-Series-Heavy-Duty-Pin-Free-Vehicle-Stabilization-Strut-100x300.jpg\" alt=\"Apex X-Struct Serie Heavy-Duty Pin-Free Fahrzeugstabilisierungsstrebe\" src=\"data:image\/svg+xml;base64,PHN2ZyB3aWR0aD0iMSIgaGVpZ2h0PSIxIiB4bWxucz0iaHR0cDovL3d3dy53My5vcmcvMjAwMC9zdmciPjwvc3ZnPg==\" class=\"lazyload\" style=\"--smush-placeholder-width: 100px; --smush-placeholder-aspect-ratio: 100\/300;\" \/><\/p>\r\n<h5><img decoding=\"async\" data-src=\"https:\/\/res-q-jack.com\/wp-content\/uploads\/2020\/05\/Pin-Free-Stabilization-Struts-95x18-1.png\" src=\"data:image\/svg+xml;base64,PHN2ZyB3aWR0aD0iMSIgaGVpZ2h0PSIxIiB4bWxucz0iaHR0cDovL3d3dy53My5vcmcvMjAwMC9zdmciPjwvc3ZnPg==\" class=\"lazyload\" style=\"--smush-placeholder-width: 95px; --smush-placeholder-aspect-ratio: 95\/18;\" \/><\/h5>\r\n<h3>Apex X-Strut Series<\/h3>\r\n<p>Das Apex ist unsere neueste, hochbelastbare, stiftlose Strebenreihe, die f\u00fcr die meisten Fahrzeugrettungsszenarien entwickelt wurde.\u00a0\u00a0<\/p>\r\n<p><strong>Arbeitslastgrenze: bis zu 12.500 lbs. (Sicherheitsfaktor 2:1)<\/strong><\/p>\r\n<p><a role=\"button\" href=\"https:\/\/res-q-jack.com\/de_de\/streben\/fahrzeug-stabilisierungsstreben\/schwerlast-fahrzeug-stabilisierungsstreben\/apex-x-strut\/\" target=\"_self\" rel=\"noopener\" aria-label=\"Details anzeigen\"> Details anzeigen <\/a> <img decoding=\"async\" title=\"Auto X-Strut Serie Leichte Fahrzeugstabilisierungsstrebe\" data-src=\"https:\/\/res-q-jack.com\/wp-content\/uploads\/2019\/12\/Auto-X-Strut-Series-Light-Duty-Vehicle-Stabilization-Strut-100x300.jpg\" alt=\"Auto X-Strut Serie Leichte Fahrzeugstabilisierungsstrebe\" src=\"data:image\/svg+xml;base64,PHN2ZyB3aWR0aD0iMSIgaGVpZ2h0PSIxIiB4bWxucz0iaHR0cDovL3d3dy53My5vcmcvMjAwMC9zdmciPjwvc3ZnPg==\" class=\"lazyload\" style=\"--smush-placeholder-width: 100px; --smush-placeholder-aspect-ratio: 100\/300;\" \/><\/p>\r\n<h5><img decoding=\"async\" data-src=\"https:\/\/res-q-jack.com\/wp-content\/uploads\/2020\/05\/Pin-Free-Stabilization-Struts-95x18-1.png\" src=\"data:image\/svg+xml;base64,PHN2ZyB3aWR0aD0iMSIgaGVpZ2h0PSIxIiB4bWxucz0iaHR0cDovL3d3dy53My5vcmcvMjAwMC9zdmciPjwvc3ZnPg==\" class=\"lazyload\" style=\"--smush-placeholder-width: 95px; --smush-placeholder-aspect-ratio: 95\/18;\" \/><\/h5>\r\n<h3>Auto X-Strut Series<\/h3>\r\n<p>Das Auto X ist unser leichtes, stiftloses Federbein zur blitzschnellen Stabilisierung und Anhebung von typischen Kleinfahrzeugen.<\/p>\r\n<p><strong>Arbeitslastgrenze: 3.250 lbs. (Sicherheitsfaktor 2:1)<\/strong><\/p>\r\n<p><a role=\"button\" href=\"https:\/\/res-q-jack.com\/de_de\/streben\/fahrzeug-stabilisierungsstreben\/leichte-fahrzeug-stabilisierungsstreben\/auto-x-strut\/\" target=\"_self\" rel=\"noopener\" aria-label=\"Details anzeigen\"> Details anzeigen <\/a><\/p>\r\n<h3>Vehicle Stabilization Elevated<\/h3>\r\n<p>At Res-Q-Jack, we take vehicle stabilization to the next level by offering the most versatile vehicle stabilization and lifting struts on the market.\u00a0 We offer struts ranging from light-duty to heavy-duty, both pin-operated and pin-free, each with a 2:1 safety factor.\u00a0 No matter your needs or your budget, Res-Q-Jack makes sure you have the right tool for the job.\u00a0 And with free training with every kit purchase, we make sure you get the most from our tools.<\/p>\r\n<p><a role=\"button\" href=\"https:\/\/res-q-jack.com\/de_de\/uber\/\" target=\"_self\" rel=\"noopener\" aria-label=\"Mehr lesen\"> Mehr lesen <\/a> <img decoding=\"async\" title=\"Zementlaster-Symbol\" data-src=\"https:\/\/res-q-jack.com\/wp-content\/uploads\/2020\/06\/cement-truck-icon.png\" alt=\"Stabilisierungs- und Rettungsstreben f\u00fcr Schwerlastfahrzeuge\" src=\"data:image\/svg+xml;base64,PHN2ZyB3aWR0aD0iMSIgaGVpZ2h0PSIxIiB4bWxucz0iaHR0cDovL3d3dy53My5vcmcvMjAwMC9zdmciPjwvc3ZnPg==\" class=\"lazyload\" style=\"--smush-placeholder-width: 115px; --smush-placeholder-aspect-ratio: 115\/115;\" \/><\/p>\r\n<p>Heavy-Duty-Streben<\/p>\r\n<p><img decoding=\"async\" title=\"Pickup-Symbol\" data-src=\"https:\/\/res-q-jack.com\/wp-content\/uploads\/2020\/06\/pickup-icon.png\" alt=\"Stabilisierungs- und Rettungsstreben f\u00fcr Standardfahrzeuge\" src=\"data:image\/svg+xml;base64,PHN2ZyB3aWR0aD0iMSIgaGVpZ2h0PSIxIiB4bWxucz0iaHR0cDovL3d3dy53My5vcmcvMjAwMC9zdmciPjwvc3ZnPg==\" class=\"lazyload\" style=\"--smush-placeholder-width: 115px; --smush-placeholder-aspect-ratio: 115\/115;\" \/><\/p>\r\n<p>Standard-Federbeine<\/p>\r\n<p><img decoding=\"async\" title=\"Auto-Symbol\" data-src=\"https:\/\/res-q-jack.com\/wp-content\/uploads\/2020\/06\/car-icon.png\" alt=\"Stabilisierungs- und Rettungsstreben f\u00fcr leichte Nutzfahrzeuge\" src=\"data:image\/svg+xml;base64,PHN2ZyB3aWR0aD0iMSIgaGVpZ2h0PSIxIiB4bWxucz0iaHR0cDovL3d3dy53My5vcmcvMjAwMC9zdmciPjwvc3ZnPg==\" class=\"lazyload\" style=\"--smush-placeholder-width: 115px; --smush-placeholder-aspect-ratio: 115\/115;\" \/><\/p>\r\n<p>Leichtgewichtige Streben<\/p>\r\n<p><img decoding=\"async\" title=\"Graben-Symbol\" data-src=\"https:\/\/res-q-jack.com\/wp-content\/uploads\/2020\/06\/trench-icon.png\" alt=\"Grabenverbau-Streben\" src=\"data:image\/svg+xml;base64,PHN2ZyB3aWR0aD0iMSIgaGVpZ2h0PSIxIiB4bWxucz0iaHR0cDovL3d3dy53My5vcmcvMjAwMC9zdmciPjwvc3ZnPg==\" class=\"lazyload\" style=\"--smush-placeholder-width: 115px; --smush-placeholder-aspect-ratio: 115\/115;\" \/><\/p>\r\n<p>Grabenverbau-Streben<\/p>\r\n<p><img decoding=\"async\" title=\"Ausbildungs-Symbol\" data-src=\"https:\/\/res-q-jack.com\/wp-content\/uploads\/2020\/06\/training-icon.png\" alt=\"Res-Q-Jack Ausbildung\" src=\"data:image\/svg+xml;base64,PHN2ZyB3aWR0aD0iMSIgaGVpZ2h0PSIxIiB4bWxucz0iaHR0cDovL3d3dy53My5vcmcvMjAwMC9zdmciPjwvc3ZnPg==\" class=\"lazyload\" style=\"--smush-placeholder-width: 115px; --smush-placeholder-aspect-ratio: 115\/115;\" \/><\/p>\r\n<p>P\u00e4dagogische Ressourcen<\/p>\r\n<p><img decoding=\"async\" title=\"stabu-Symbol\" data-src=\"https:\/\/res-q-jack.com\/wp-content\/uploads\/2020\/06\/stabu-icon.png\" alt=\"Universit\u00e4t f\u00fcr Stabilisierung\" src=\"data:image\/svg+xml;base64,PHN2ZyB3aWR0aD0iMSIgaGVpZ2h0PSIxIiB4bWxucz0iaHR0cDovL3d3dy53My5vcmcvMjAwMC9zdmciPjwvc3ZnPg==\" class=\"lazyload\" style=\"--smush-placeholder-width: 115px; --smush-placeholder-aspect-ratio: 115\/115;\" \/><\/p>\r\n<p>Universit\u00e4t f\u00fcr Stabilisierung<\/p>\r\n<p><img decoding=\"async\" title=\"Kalender-Symbol\" data-src=\"https:\/\/res-q-jack.com\/wp-content\/uploads\/2020\/06\/calendar-icon.png\" alt=\"Res-Q-Jack Veranstaltungskalender\" src=\"data:image\/svg+xml;base64,PHN2ZyB3aWR0aD0iMSIgaGVpZ2h0PSIxIiB4bWxucz0iaHR0cDovL3d3dy53My5vcmcvMjAwMC9zdmciPjwvc3ZnPg==\" class=\"lazyload\" style=\"--smush-placeholder-width: 115px; --smush-placeholder-aspect-ratio: 115\/115;\" \/><\/p>\r\n<p>Veranstaltungskalender<\/p>\r\n<h3>4.000 Abteilungen in den USA und weltweit vertrauen darauf.<\/h3>\r\n<p>&#8220;It&#8217;s taken me 3 years to get my department to buy your Rescue Jacks\u2026and we wonder how we did things before.&#8221;&#8211; Philip Kontoulas, City of Orlando Fire Department &#8212;<\/p>\r\n<p>\"Wir zogen eine Stabilisierung nicht in Betracht, bis wir die Res-Q-Jack Hebest\u00fctzen in einer praktischen Vorf\u00fchrung benutzten und erkannten, was sie alles leisten k\u00f6nnen.  Die DEMO hat uns von den Res-Q-Jacks \u00fcberzeugt.\"- Chief Artie Sullivan, Villiage of Horseheads Fire Department -<\/p>\r\n<p>\"Wir haben die Res-Q-Jacks heute zum ersten Mal bei einem Autounfall eingesetzt. Sie haben gro\u00dfartig funktioniert! Vielen Dank f\u00fcr Ihre Hilfe und Ausbildung!\"- Bob Brown, Rose Tree Fire Department -<\/p>\r\n<p>\"Wir haben diese Produkte im Einsatz verwendet, ich verwende sie in der Ausbildung, und ich hatte vor vielen Jahren auch die Gelegenheit, an einem Stab-U teilzunehmen. Ihre Produkte machen einen Unterschied. Ich bin der festen \u00dcberzeugung, dass es ohne die Hubstreben bei diesem Unfall sehr schlecht f\u00fcr den Patienten ausgegangen w\u00e4re. Es gab einfach keine andere M\u00f6glichkeit\" - Brian Robinson, State Training Officer, Tennessee Association of Rescue Squads -<\/p>\r\n<h3>Vereinbaren Sie noch heute einen Termin f\u00fcr Ihre kostenlose Demo!<\/h3>\r\n<p>Denken Sie \u00fcber den Kauf einer unserer einfach zu bedienenden Fahrzeugstabilisierungs- und Hubstreben nach?  M\u00f6chten Sie eine Demo, bevor Sie sich zum Kauf verpflichten?<\/p>\r\n<p><a href=\"https:\/\/res-q-jack.com\/de_de\/gratis-demo\/\" target=\"_self\" rel=\"noopener\"> Planen Sie eine Demo <\/a><\/p>","protected":false},"excerpt":{"rendered":"<p>Respond Faster with Pin-Free Stabilization &amp; Lifting Our Pin-Free Vehicle Stabilization &amp; Lifting Struts are faster and easier to deploy, saving time when it matters most. Super X-Strut Series The Super X is our most heavy-duty strut line, designed for heavy vehicle rescue, structural shoring and technical rescue.\u00a0 Working Load Limit: 19,300 lbs. (2:1 Safety&hellip;<\/p>","protected":false},"author":2,"featured_media":14,"parent":0,"menu_order":0,"comment_status":"closed","ping_status":"closed","template":"","meta":{"footnotes":""},"class_list":["post-12","page","type-page","status-publish","has-post-thumbnail","hentry"],"yoast_head":"<!-- This site is optimized with the Yoast SEO plugin v27.2 - https:\/\/yoast.com\/product\/yoast-seo-wordpress\/ -->\n<title>Vehicle Stabilization Struts<\/title>\n<meta name=\"description\" content=\"Res-Q-Jack provides vehicle stabilization struts, lifting struts and trench shoring products for first responders, fire fighters and EMS.\" \/>\n<meta name=\"robots\" content=\"index, follow, max-snippet:-1, max-image-preview:large, max-video-preview:-1\" \/>\n<link rel=\"canonical\" href=\"https:\/\/res-q-jack.com\/de_de\/\" \/>\n<meta property=\"og:locale\" content=\"de_DE\" \/>\n<meta property=\"og:type\" content=\"article\" \/>\n<meta property=\"og:title\" content=\"Vehicle Stabilization Struts\" \/>\n<meta property=\"og:description\" content=\"Res-Q-Jack provides vehicle stabilization struts, lifting struts and trench shoring products for first responders, fire fighters and EMS.\" \/>\n<meta property=\"og:url\" content=\"https:\/\/res-q-jack.com\/de_de\/\" \/>\n<meta property=\"og:site_name\" content=\"Res-Q-Jack, Inc.\" \/>\n<meta property=\"article:modified_time\" content=\"2024-11-13T20:51:08+00:00\" \/>\n<meta property=\"og:image\" content=\"https:\/\/res-q-jack.com\/wp-content\/uploads\/2019\/12\/Vehicle-Stabilization-Struts-from-Res-Q-Jack.jpg\" \/>\n\t<meta property=\"og:image:width\" content=\"900\" \/>\n\t<meta property=\"og:image:height\" content=\"600\" \/>\n\t<meta property=\"og:image:type\" content=\"image\/jpeg\" \/>\n<meta name=\"twitter:card\" content=\"summary_large_image\" \/>\n<meta name=\"twitter:label1\" content=\"Gesch\u00e4tzte Lesezeit\" \/>\n\t<meta name=\"twitter:data1\" content=\"5 Minuten\" \/>\n<script type=\"application\/ld+json\" class=\"yoast-schema-graph\">{\"@context\":\"https:\/\/schema.org\",\"@graph\":[{\"@type\":\"WebPage\",\"@id\":\"https:\/\/res-q-jack.com\/\",\"url\":\"https:\/\/res-q-jack.com\/\",\"name\":\"Vehicle Stabilization Struts\",\"isPartOf\":{\"@id\":\"https:\/\/res-q-jack.com\/#website\"},\"primaryImageOfPage\":{\"@id\":\"https:\/\/res-q-jack.com\/#primaryimage\"},\"image\":{\"@id\":\"https:\/\/res-q-jack.com\/#primaryimage\"},\"thumbnailUrl\":\"https:\/\/res-q-jack.com\/wp-content\/uploads\/2019\/12\/Vehicle-Stabilization-Struts-from-Res-Q-Jack.jpg\",\"datePublished\":\"2019-12-13T15:36:36+00:00\",\"dateModified\":\"2024-11-13T20:51:08+00:00\",\"description\":\"Res-Q-Jack provides vehicle stabilization struts, lifting struts and trench shoring products for first responders, fire fighters and EMS.\",\"breadcrumb\":{\"@id\":\"https:\/\/res-q-jack.com\/#breadcrumb\"},\"inLanguage\":\"de-DE\",\"potentialAction\":[{\"@type\":\"ReadAction\",\"target\":[\"https:\/\/res-q-jack.com\/\"]}]},{\"@type\":\"ImageObject\",\"inLanguage\":\"de-DE\",\"@id\":\"https:\/\/res-q-jack.com\/#primaryimage\",\"url\":\"https:\/\/res-q-jack.com\/wp-content\/uploads\/2019\/12\/Vehicle-Stabilization-Struts-from-Res-Q-Jack.jpg\",\"contentUrl\":\"https:\/\/res-q-jack.com\/wp-content\/uploads\/2019\/12\/Vehicle-Stabilization-Struts-from-Res-Q-Jack.jpg\",\"width\":900,\"height\":600,\"caption\":\"Vehicle Stabilization Struts\"},{\"@type\":\"BreadcrumbList\",\"@id\":\"https:\/\/res-q-jack.com\/#breadcrumb\",\"itemListElement\":[{\"@type\":\"ListItem\",\"position\":1,\"name\":\"Home\",\"item\":\"https:\/\/res-q-jack.com\/\"},{\"@type\":\"ListItem\",\"position\":2,\"name\":\"Home\"}]},{\"@type\":\"WebSite\",\"@id\":\"https:\/\/res-q-jack.com\/#website\",\"url\":\"https:\/\/res-q-jack.com\/\",\"name\":\"Res-Q-Jack, Inc.\",\"description\":\"Vehicle Stabilization Struts\",\"publisher\":{\"@id\":\"https:\/\/res-q-jack.com\/#organization\"},\"potentialAction\":[{\"@type\":\"SearchAction\",\"target\":{\"@type\":\"EntryPoint\",\"urlTemplate\":\"https:\/\/res-q-jack.com\/?s={search_term_string}\"},\"query-input\":{\"@type\":\"PropertyValueSpecification\",\"valueRequired\":true,\"valueName\":\"search_term_string\"}}],\"inLanguage\":\"de-DE\"},{\"@type\":\"Organization\",\"@id\":\"https:\/\/res-q-jack.com\/#organization\",\"name\":\"Res-Q-Jack, Inc.\",\"url\":\"https:\/\/res-q-jack.com\/\",\"logo\":{\"@type\":\"ImageObject\",\"inLanguage\":\"de-DE\",\"@id\":\"https:\/\/res-q-jack.com\/#\/schema\/logo\/image\/\",\"url\":\"https:\/\/res-q-jack.com\/wp-content\/uploads\/2020\/03\/Res-Q-Jack-SEO-Logo.png\",\"contentUrl\":\"https:\/\/res-q-jack.com\/wp-content\/uploads\/2020\/03\/Res-Q-Jack-SEO-Logo.png\",\"width\":612,\"height\":138,\"caption\":\"Res-Q-Jack, Inc.\"},\"image\":{\"@id\":\"https:\/\/res-q-jack.com\/#\/schema\/logo\/image\/\"}}]}<\/script>\n<!-- \/ Yoast SEO plugin. -->","yoast_head_json":{"title":"Fahrzeugstabilisierungsstreben","description":"Res-Q-Jack bietet Fahrzeugstabilisierungsstreben, Hubstreben und Grabenverbau-Produkte f\u00fcr Ersthelfer, Feuerwehr und EMS.","robots":{"index":"index","follow":"follow","max-snippet":"max-snippet:-1","max-image-preview":"max-image-preview:large","max-video-preview":"max-video-preview:-1"},"canonical":"https:\/\/res-q-jack.com\/de_de\/","og_locale":"de_DE","og_type":"article","og_title":"Vehicle Stabilization Struts","og_description":"Res-Q-Jack provides vehicle stabilization struts, lifting struts and trench shoring products for first responders, fire fighters and EMS.","og_url":"https:\/\/res-q-jack.com\/de_de\/","og_site_name":"Res-Q-Jack, Inc.","article_modified_time":"2024-11-13T20:51:08+00:00","og_image":[{"width":900,"height":600,"url":"https:\/\/res-q-jack.com\/wp-content\/uploads\/2019\/12\/Vehicle-Stabilization-Struts-from-Res-Q-Jack.jpg","type":"image\/jpeg"}],"twitter_card":"summary_large_image","twitter_misc":{"Gesch\u00e4tzte Lesezeit":"5 Minuten"},"schema":{"@context":"https:\/\/schema.org","@graph":[{"@type":"WebPage","@id":"https:\/\/res-q-jack.com\/","url":"https:\/\/res-q-jack.com\/","name":"Fahrzeugstabilisierungsstreben","isPartOf":{"@id":"https:\/\/res-q-jack.com\/#website"},"primaryImageOfPage":{"@id":"https:\/\/res-q-jack.com\/#primaryimage"},"image":{"@id":"https:\/\/res-q-jack.com\/#primaryimage"},"thumbnailUrl":"https:\/\/res-q-jack.com\/wp-content\/uploads\/2019\/12\/Vehicle-Stabilization-Struts-from-Res-Q-Jack.jpg","datePublished":"2019-12-13T15:36:36+00:00","dateModified":"2024-11-13T20:51:08+00:00","description":"Res-Q-Jack bietet Fahrzeugstabilisierungsstreben, Hubstreben und Grabenverbau-Produkte f\u00fcr Ersthelfer, Feuerwehr und EMS.","breadcrumb":{"@id":"https:\/\/res-q-jack.com\/#breadcrumb"},"inLanguage":"de-DE","potentialAction":[{"@type":"ReadAction","target":["https:\/\/res-q-jack.com\/"]}]},{"@type":"ImageObject","inLanguage":"de-DE","@id":"https:\/\/res-q-jack.com\/#primaryimage","url":"https:\/\/res-q-jack.com\/wp-content\/uploads\/2019\/12\/Vehicle-Stabilization-Struts-from-Res-Q-Jack.jpg","contentUrl":"https:\/\/res-q-jack.com\/wp-content\/uploads\/2019\/12\/Vehicle-Stabilization-Struts-from-Res-Q-Jack.jpg","width":900,"height":600,"caption":"Vehicle Stabilization Struts"},{"@type":"BreadcrumbList","@id":"https:\/\/res-q-jack.com\/#breadcrumb","itemListElement":[{"@type":"ListItem","position":1,"name":"Home","item":"https:\/\/res-q-jack.com\/"},{"@type":"ListItem","position":2,"name":"Home"}]},{"@type":"WebSite","@id":"https:\/\/res-q-jack.com\/#website","url":"https:\/\/res-q-jack.com\/","name":"Res-Q-Jack, Inc.","description":"Fahrzeugstabilisierungsstreben","publisher":{"@id":"https:\/\/res-q-jack.com\/#organization"},"potentialAction":[{"@type":"SearchAction","target":{"@type":"EntryPoint","urlTemplate":"https:\/\/res-q-jack.com\/?s={search_term_string}"},"query-input":{"@type":"PropertyValueSpecification","valueRequired":true,"valueName":"search_term_string"}}],"inLanguage":"de-DE"},{"@type":"Organization","@id":"https:\/\/res-q-jack.com\/#organization","name":"Res-Q-Jack, Inc.","url":"https:\/\/res-q-jack.com\/","logo":{"@type":"ImageObject","inLanguage":"de-DE","@id":"https:\/\/res-q-jack.com\/#\/schema\/logo\/image\/","url":"https:\/\/res-q-jack.com\/wp-content\/uploads\/2020\/03\/Res-Q-Jack-SEO-Logo.png","contentUrl":"https:\/\/res-q-jack.com\/wp-content\/uploads\/2020\/03\/Res-Q-Jack-SEO-Logo.png","width":612,"height":138,"caption":"Res-Q-Jack, Inc."},"image":{"@id":"https:\/\/res-q-jack.com\/#\/schema\/logo\/image\/"}}]}},"_links":{"self":[{"href":"https:\/\/res-q-jack.com\/de_de\/wp-json\/wp\/v2\/pages\/12","targetHints":{"allow":["GET"]}}],"collection":[{"href":"https:\/\/res-q-jack.com\/de_de\/wp-json\/wp\/v2\/pages"}],"about":[{"href":"https:\/\/res-q-jack.com\/de_de\/wp-json\/wp\/v2\/types\/page"}],"author":[{"embeddable":true,"href":"https:\/\/res-q-jack.com\/de_de\/wp-json\/wp\/v2\/users\/2"}],"replies":[{"embeddable":true,"href":"https:\/\/res-q-jack.com\/de_de\/wp-json\/wp\/v2\/comments?post=12"}],"version-history":[{"count":0,"href":"https:\/\/res-q-jack.com\/de_de\/wp-json\/wp\/v2\/pages\/12\/revisions"}],"wp:featuredmedia":[{"embeddable":true,"href":"https:\/\/res-q-jack.com\/de_de\/wp-json\/wp\/v2\/media\/14"}],"wp:attachment":[{"href":"https:\/\/res-q-jack.com\/de_de\/wp-json\/wp\/v2\/media?parent=12"}],"curies":[{"name":"wp","href":"https:\/\/api.w.org\/{rel}","templated":true}]}}