{"id":44,"date":"2019-12-13T12:40:03","date_gmt":"2019-12-13T17:40:03","guid":{"rendered":"https:\/\/resqjack.wpengine.com\/?page_id=44"},"modified":"2024-04-02T10:39:29","modified_gmt":"2024-04-02T15:39:29","slug":"aksesuarlar","status":"publish","type":"page","link":"http:\/\/res-q-jack.com\/tr\/accessories\/","title":{"rendered":"Aksesuarlar"},"content":{"rendered":"<h1>Aksesuarlar<\/h1>\t\t\t\n\t\t\t\t<p>Res-Q-Jack, pimsiz ve pimli kurtarma desteklerimiz i\u00e7in amaca uygun olarak \u00fcretilmi\u015f \u00e7ok \u00e7e\u015fitli u\u00e7 ba\u011flant\u0131 par\u00e7alar\u0131 ve aksesuarlar\u0131n yan\u0131 s\u0131ra her senaryo i\u00e7in kaz\u0131klar, plakalar ve takozlar sunar.<\/p>\n\t\t\t\t<img decoding=\"async\" data-src=\"https:\/\/res-q-jack.com\/wp-content\/uploads\/2020\/02\/Pin-Free-End-Fittings-for-Res-Q-Jack-Rescue-Struts.jpg\" alt=\"Res-Q-Jack Kurtarma Destekleri i\u00e7in Pimsiz U\u00e7 Ba\u011flant\u0131 Par\u00e7alar\u0131\" title=\"Res-Q-Jack Kurtarma Destekleri i\u00e7in Pimsiz U\u00e7 Ba\u011flant\u0131 Par\u00e7alar\u0131\" itemprop=\"image\" src=\"data:image\/svg+xml;base64,PHN2ZyB3aWR0aD0iMSIgaGVpZ2h0PSIxIiB4bWxucz0iaHR0cDovL3d3dy53My5vcmcvMjAwMC9zdmciPjwvc3ZnPg==\" class=\"lazyload\" style=\"--smush-placeholder-width: 900px; --smush-placeholder-aspect-ratio: 900\/600;\" \/>\n\t\t<h3>Pimsiz U\u00e7 Ba\u011flant\u0131 Par\u00e7alar\u0131<\/h3>\t\t\t\n\t\t\t\t<p>D\u00f6ner CRG ba\u015fl\u0131klar\u0131, uzatma k\u00fcvetleri, tripod ba\u015fl\u0131klar\u0131 ve daha fazlas\u0131 dahil olmak \u00fczere pimsiz u\u00e7 ba\u011flant\u0131 par\u00e7alar\u0131.<\/p>\n\t\t\t<a href=\"https:\/\/res-q-jack.com\/tr\/aksesuarlar\/pimsiz-uc-fittings\/\" target=\"_self\" role=\"button\" aria-label=\"Detaylar\u0131 G\u00f6r\u00fcnt\u00fcle\" rel=\"noopener\">\n\t\t\t\t\t\t\t\t\t\t\tDetaylar\u0131 G\u00f6r\u00fcnt\u00fcle\n\t\t<\/a>\n\t\t\t\t<img decoding=\"async\" data-src=\"https:\/\/res-q-jack.com\/wp-content\/uploads\/2020\/02\/Pinned-End-Fittings-for-Res-Q-Jack-Rescue-Struts.jpg\" alt=\"Res-Q-Jack Kurtarma Destekleri i\u00e7in Pimli U\u00e7 Ba\u011flant\u0131 Par\u00e7alar\u0131\" title=\"Res-Q-Jack Kurtarma Destekleri i\u00e7in Pimli U\u00e7 Ba\u011flant\u0131 Par\u00e7alar\u0131\" itemprop=\"image\" src=\"data:image\/svg+xml;base64,PHN2ZyB3aWR0aD0iMSIgaGVpZ2h0PSIxIiB4bWxucz0iaHR0cDovL3d3dy53My5vcmcvMjAwMC9zdmciPjwvc3ZnPg==\" class=\"lazyload\" style=\"--smush-placeholder-width: 900px; --smush-placeholder-aspect-ratio: 900\/600;\" \/>\n\t\t<h3>Pimli U\u00e7 Ba\u011flant\u0131 Par\u00e7alar\u0131<\/h3>\t\t\t\n\t\t\t\t<p>C kafalar\u0131, L plakalar\u0131, sert sabit tabanlar, d\u00f6ner CRG kafas\u0131, tripod kafas\u0131 ve daha fazlas\u0131n\u0131 i\u00e7eren pimli u\u00e7 ba\u011flant\u0131 par\u00e7alar\u0131.<\/p>\n\t\t\t<a href=\"https:\/\/res-q-jack.com\/tr\/aksesuarlar\/pimli-uc-fittings\/\" target=\"_self\" role=\"button\" aria-label=\"Detaylar\u0131 G\u00f6r\u00fcnt\u00fcle\" rel=\"noopener\">\n\t\t\t\t\t\t\t\t\t\t\tDetaylar\u0131 G\u00f6r\u00fcnt\u00fcle\n\t\t<\/a>\n\t\t\t\t<img decoding=\"async\" data-src=\"https:\/\/res-q-jack.com\/wp-content\/uploads\/2020\/02\/Load-Pad.jpg\" alt=\"Y\u00fck Pedi \u00dcniversal Aksesuarlar\u0131\" title=\"Y\u00fck Pedi \u00dcniversal Aksesuarlar\u0131\" itemprop=\"image\" src=\"data:image\/svg+xml;base64,PHN2ZyB3aWR0aD0iMSIgaGVpZ2h0PSIxIiB4bWxucz0iaHR0cDovL3d3dy53My5vcmcvMjAwMC9zdmciPjwvc3ZnPg==\" class=\"lazyload\" style=\"--smush-placeholder-width: 900px; --smush-placeholder-aspect-ratio: 900\/600;\" \/>\n\t\t<h3>Evrensel Aksesuarlar<\/h3>\t\t\t\n\t\t\t\t<p>Darlington kafa, c\u0131rc\u0131rl\u0131 tekerlek takozu, Res-Q-Saw ve daha fazlas\u0131n\u0131 i\u00e7eren evrensel aksesuarlar.<\/p>\n\t\t\t<a href=\"https:\/\/res-q-jack.com\/tr\/aksesuarlar\/evrensel-aksesuarlar\/\" target=\"_self\" role=\"button\" aria-label=\"Detaylar\u0131 G\u00f6r\u00fcnt\u00fcle\" rel=\"noopener\">\n\t\t\t\t\t\t\t\t\t\t\tDetaylar\u0131 G\u00f6r\u00fcnt\u00fcle\n\t\t<\/a>","protected":false},"excerpt":{"rendered":"<p>Accessories Res-Q-Jack offers a wide assortment of purpose-built end fittings, and accessories for our pin-free and pinned rescue struts, as well as pickets, plates and chocks for any scenario. Pin-Free End Fittings Pin-free end fittings including swivel CRG heads, extension tubs, tripod heads, and more. View Details Pinned End Fittings Pinned end fittings including C-heads,&hellip;<\/p>","protected":false},"author":2,"featured_media":0,"parent":0,"menu_order":0,"comment_status":"closed","ping_status":"closed","template":"","meta":{"footnotes":""},"class_list":["post-44","page","type-page","status-publish","hentry"],"yoast_head":"<!-- This site is optimized with the Yoast SEO plugin v27.2 - https:\/\/yoast.com\/product\/yoast-seo-wordpress\/ -->\n<title>Accessories | Res-Q-Jack, Inc.<\/title>\n<meta name=\"robots\" content=\"index, follow, max-snippet:-1, max-image-preview:large, max-video-preview:-1\" \/>\n<link rel=\"canonical\" href=\"https:\/\/res-q-jack.com\/tr\/aksesuarlar\/\" \/>\n<meta property=\"og:locale\" content=\"tr_TR\" \/>\n<meta property=\"og:type\" content=\"article\" \/>\n<meta property=\"og:title\" content=\"Accessories | Res-Q-Jack, Inc.\" \/>\n<meta property=\"og:description\" content=\"Accessories Res-Q-Jack offers a wide assortment of purpose-built end fittings, and accessories for our pin-free and pinned rescue struts, as well as pickets, plates and chocks for any scenario. Pin-Free End Fittings Pin-free end fittings including swivel CRG heads, extension tubs, tripod heads, and more. View Details Pinned End Fittings Pinned end fittings including C-heads,&hellip;\" \/>\n<meta property=\"og:url\" content=\"https:\/\/res-q-jack.com\/tr\/aksesuarlar\/\" \/>\n<meta property=\"og:site_name\" content=\"Res-Q-Jack, Inc.\" \/>\n<meta property=\"article:modified_time\" content=\"2024-04-02T15:39:29+00:00\" \/>\n<meta property=\"og:image\" content=\"https:\/\/res-q-jack.com\/wp-content\/uploads\/2020\/02\/Pin-Free-End-Fittings-for-Res-Q-Jack-Rescue-Struts.jpg\" \/>\n<meta name=\"twitter:card\" content=\"summary_large_image\" \/>\n<script type=\"application\/ld+json\" class=\"yoast-schema-graph\">{\"@context\":\"https:\/\/schema.org\",\"@graph\":[{\"@type\":\"WebPage\",\"@id\":\"https:\/\/res-q-jack.com\/accessories\/\",\"url\":\"https:\/\/res-q-jack.com\/accessories\/\",\"name\":\"Accessories | Res-Q-Jack, Inc.\",\"isPartOf\":{\"@id\":\"https:\/\/res-q-jack.com\/#website\"},\"primaryImageOfPage\":{\"@id\":\"https:\/\/res-q-jack.com\/accessories\/#primaryimage\"},\"image\":{\"@id\":\"https:\/\/res-q-jack.com\/accessories\/#primaryimage\"},\"thumbnailUrl\":\"https:\/\/res-q-jack.com\/wp-content\/uploads\/2020\/02\/Pin-Free-End-Fittings-for-Res-Q-Jack-Rescue-Struts.jpg\",\"datePublished\":\"2019-12-13T17:40:03+00:00\",\"dateModified\":\"2024-04-02T15:39:29+00:00\",\"breadcrumb\":{\"@id\":\"https:\/\/res-q-jack.com\/accessories\/#breadcrumb\"},\"inLanguage\":\"tr\",\"potentialAction\":[{\"@type\":\"ReadAction\",\"target\":[\"https:\/\/res-q-jack.com\/accessories\/\"]}]},{\"@type\":\"ImageObject\",\"inLanguage\":\"tr\",\"@id\":\"https:\/\/res-q-jack.com\/accessories\/#primaryimage\",\"url\":\"https:\/\/res-q-jack.com\/wp-content\/uploads\/2020\/02\/Pin-Free-End-Fittings-for-Res-Q-Jack-Rescue-Struts.jpg\",\"contentUrl\":\"https:\/\/res-q-jack.com\/wp-content\/uploads\/2020\/02\/Pin-Free-End-Fittings-for-Res-Q-Jack-Rescue-Struts.jpg\"},{\"@type\":\"BreadcrumbList\",\"@id\":\"https:\/\/res-q-jack.com\/accessories\/#breadcrumb\",\"itemListElement\":[{\"@type\":\"ListItem\",\"position\":1,\"name\":\"Home\",\"item\":\"https:\/\/res-q-jack.com\/\"},{\"@type\":\"ListItem\",\"position\":2,\"name\":\"Accessories\"}]},{\"@type\":\"WebSite\",\"@id\":\"https:\/\/res-q-jack.com\/#website\",\"url\":\"https:\/\/res-q-jack.com\/\",\"name\":\"Res-Q-Jack, Inc.\",\"description\":\"Vehicle Stabilization Struts\",\"publisher\":{\"@id\":\"https:\/\/res-q-jack.com\/#organization\"},\"potentialAction\":[{\"@type\":\"SearchAction\",\"target\":{\"@type\":\"EntryPoint\",\"urlTemplate\":\"https:\/\/res-q-jack.com\/?s={search_term_string}\"},\"query-input\":{\"@type\":\"PropertyValueSpecification\",\"valueRequired\":true,\"valueName\":\"search_term_string\"}}],\"inLanguage\":\"tr\"},{\"@type\":\"Organization\",\"@id\":\"https:\/\/res-q-jack.com\/#organization\",\"name\":\"Res-Q-Jack, Inc.\",\"url\":\"https:\/\/res-q-jack.com\/\",\"logo\":{\"@type\":\"ImageObject\",\"inLanguage\":\"tr\",\"@id\":\"https:\/\/res-q-jack.com\/#\/schema\/logo\/image\/\",\"url\":\"https:\/\/res-q-jack.com\/wp-content\/uploads\/2020\/03\/Res-Q-Jack-SEO-Logo.png\",\"contentUrl\":\"https:\/\/res-q-jack.com\/wp-content\/uploads\/2020\/03\/Res-Q-Jack-SEO-Logo.png\",\"width\":612,\"height\":138,\"caption\":\"Res-Q-Jack, Inc.\"},\"image\":{\"@id\":\"https:\/\/res-q-jack.com\/#\/schema\/logo\/image\/\"}}]}<\/script>\n<!-- \/ Yoast SEO plugin. -->","yoast_head_json":{"title":"Aksesuarlar | Res-Q-Jack, Inc.","robots":{"index":"index","follow":"follow","max-snippet":"max-snippet:-1","max-image-preview":"max-image-preview:large","max-video-preview":"max-video-preview:-1"},"canonical":"https:\/\/res-q-jack.com\/tr\/aksesuarlar\/","og_locale":"tr_TR","og_type":"article","og_title":"Accessories | Res-Q-Jack, Inc.","og_description":"Accessories Res-Q-Jack offers a wide assortment of purpose-built end fittings, and accessories for our pin-free and pinned rescue struts, as well as pickets, plates and chocks for any scenario. Pin-Free End Fittings Pin-free end fittings including swivel CRG heads, extension tubs, tripod heads, and more. View Details Pinned End Fittings Pinned end fittings including C-heads,&hellip;","og_url":"https:\/\/res-q-jack.com\/tr\/aksesuarlar\/","og_site_name":"Res-Q-Jack, Inc.","article_modified_time":"2024-04-02T15:39:29+00:00","og_image":[{"url":"https:\/\/res-q-jack.com\/wp-content\/uploads\/2020\/02\/Pin-Free-End-Fittings-for-Res-Q-Jack-Rescue-Struts.jpg","type":"","width":"","height":""}],"twitter_card":"summary_large_image","schema":{"@context":"https:\/\/schema.org","@graph":[{"@type":"WebPage","@id":"https:\/\/res-q-jack.com\/accessories\/","url":"https:\/\/res-q-jack.com\/accessories\/","name":"Aksesuarlar | Res-Q-Jack, Inc.","isPartOf":{"@id":"https:\/\/res-q-jack.com\/#website"},"primaryImageOfPage":{"@id":"https:\/\/res-q-jack.com\/accessories\/#primaryimage"},"image":{"@id":"https:\/\/res-q-jack.com\/accessories\/#primaryimage"},"thumbnailUrl":"https:\/\/res-q-jack.com\/wp-content\/uploads\/2020\/02\/Pin-Free-End-Fittings-for-Res-Q-Jack-Rescue-Struts.jpg","datePublished":"2019-12-13T17:40:03+00:00","dateModified":"2024-04-02T15:39:29+00:00","breadcrumb":{"@id":"https:\/\/res-q-jack.com\/accessories\/#breadcrumb"},"inLanguage":"tr","potentialAction":[{"@type":"ReadAction","target":["https:\/\/res-q-jack.com\/accessories\/"]}]},{"@type":"ImageObject","inLanguage":"tr","@id":"https:\/\/res-q-jack.com\/accessories\/#primaryimage","url":"https:\/\/res-q-jack.com\/wp-content\/uploads\/2020\/02\/Pin-Free-End-Fittings-for-Res-Q-Jack-Rescue-Struts.jpg","contentUrl":"https:\/\/res-q-jack.com\/wp-content\/uploads\/2020\/02\/Pin-Free-End-Fittings-for-Res-Q-Jack-Rescue-Struts.jpg"},{"@type":"BreadcrumbList","@id":"https:\/\/res-q-jack.com\/accessories\/#breadcrumb","itemListElement":[{"@type":"ListItem","position":1,"name":"Home","item":"https:\/\/res-q-jack.com\/"},{"@type":"ListItem","position":2,"name":"Accessories"}]},{"@type":"WebSite","@id":"https:\/\/res-q-jack.com\/#website","url":"https:\/\/res-q-jack.com\/","name":"Res-Q-Jack, Inc.","description":"Ara\u00e7 Stabilizasyon Destekleri","publisher":{"@id":"https:\/\/res-q-jack.com\/#organization"},"potentialAction":[{"@type":"SearchAction","target":{"@type":"EntryPoint","urlTemplate":"https:\/\/res-q-jack.com\/?s={search_term_string}"},"query-input":{"@type":"PropertyValueSpecification","valueRequired":true,"valueName":"search_term_string"}}],"inLanguage":"tr"},{"@type":"Organization","@id":"https:\/\/res-q-jack.com\/#organization","name":"Res-Q-Jack, Inc.","url":"https:\/\/res-q-jack.com\/","logo":{"@type":"ImageObject","inLanguage":"tr","@id":"https:\/\/res-q-jack.com\/#\/schema\/logo\/image\/","url":"https:\/\/res-q-jack.com\/wp-content\/uploads\/2020\/03\/Res-Q-Jack-SEO-Logo.png","contentUrl":"https:\/\/res-q-jack.com\/wp-content\/uploads\/2020\/03\/Res-Q-Jack-SEO-Logo.png","width":612,"height":138,"caption":"Res-Q-Jack, Inc."},"image":{"@id":"https:\/\/res-q-jack.com\/#\/schema\/logo\/image\/"}}]}},"_links":{"self":[{"href":"http:\/\/res-q-jack.com\/tr\/wp-json\/wp\/v2\/pages\/44","targetHints":{"allow":["GET"]}}],"collection":[{"href":"http:\/\/res-q-jack.com\/tr\/wp-json\/wp\/v2\/pages"}],"about":[{"href":"http:\/\/res-q-jack.com\/tr\/wp-json\/wp\/v2\/types\/page"}],"author":[{"embeddable":true,"href":"http:\/\/res-q-jack.com\/tr\/wp-json\/wp\/v2\/users\/2"}],"replies":[{"embeddable":true,"href":"http:\/\/res-q-jack.com\/tr\/wp-json\/wp\/v2\/comments?post=44"}],"version-history":[{"count":0,"href":"http:\/\/res-q-jack.com\/tr\/wp-json\/wp\/v2\/pages\/44\/revisions"}],"wp:attachment":[{"href":"http:\/\/res-q-jack.com\/tr\/wp-json\/wp\/v2\/media?parent=44"}],"curies":[{"name":"wp","href":"https:\/\/api.w.org\/{rel}","templated":true}]}}