{"id":48,"date":"2019-12-13T12:40:28","date_gmt":"2019-12-13T17:40:28","guid":{"rendered":"https:\/\/resqjack.wpengine.com\/?page_id=48"},"modified":"2024-11-13T15:48:16","modified_gmt":"2024-11-13T20:48:16","slug":"eventos","status":"publish","type":"page","link":"http:\/\/res-q-jack.com\/pt\/events\/","title":{"rendered":"Eventos"},"content":{"rendered":"<h1>Calend\u00e1rio de eventos<\/h1>\r\n<p>Mantenha-se atualizado sobre nossos eventos de treinamento, feiras e muito mais.<\/p>\r\n<p><iframe id=\"easyXDM_default4878_provider\" src=\"https:\/\/upto.com\/intermediary?url=https:\/\/upto.com\/embedded\/plugin\/HALO&amp;xdm_e=http%3A%2F%2Fres-q-jack.com&amp;xdm_c=default4878&amp;xdm_p=1\" name=\"easyXDM_default4878_provider\"><\/iframe><\/p>","protected":false},"excerpt":{"rendered":"<p>Calend\u00e1rio de Eventos Mantenha-se atualizado sobre nossos eventos de treinamento, feiras e muito mais.<\/p>","protected":false},"author":2,"featured_media":0,"parent":0,"menu_order":0,"comment_status":"closed","ping_status":"closed","template":"","meta":{"footnotes":""},"class_list":["post-48","page","type-page","status-publish","hentry"],"yoast_head":"<!-- This site is optimized with the Yoast SEO plugin v27.2 - https:\/\/yoast.com\/product\/yoast-seo-wordpress\/ -->\n<title>Events | Res-Q-Jack, Inc.<\/title>\n<meta name=\"description\" content=\"Stay updated on Res-Q-Jack\u2019s latest events and training sessions. Join us to enhance your rescue skills and connect with industry experts.\" \/>\n<meta name=\"robots\" content=\"index, follow, max-snippet:-1, max-image-preview:large, max-video-preview:-1\" \/>\n<link rel=\"canonical\" href=\"https:\/\/res-q-jack.com\/pt\/eventos\/\" \/>\n<meta property=\"og:locale\" content=\"pt_BR\" \/>\n<meta property=\"og:type\" content=\"article\" \/>\n<meta property=\"og:title\" content=\"Events | Res-Q-Jack, Inc.\" \/>\n<meta property=\"og:description\" content=\"Stay updated on Res-Q-Jack\u2019s latest events and training sessions. Join us to enhance your rescue skills and connect with industry experts.\" \/>\n<meta property=\"og:url\" content=\"https:\/\/res-q-jack.com\/pt\/eventos\/\" \/>\n<meta property=\"og:site_name\" content=\"Res-Q-Jack, Inc.\" \/>\n<meta property=\"article:modified_time\" content=\"2024-11-13T20:48:16+00:00\" \/>\n<meta name=\"twitter:card\" content=\"summary_large_image\" \/>\n<meta name=\"twitter:label1\" content=\"Est. tempo de leitura\" \/>\n\t<meta name=\"twitter:data1\" content=\"1 minuto\" \/>\n<script type=\"application\/ld+json\" class=\"yoast-schema-graph\">{\"@context\":\"https:\/\/schema.org\",\"@graph\":[{\"@type\":\"WebPage\",\"@id\":\"https:\/\/res-q-jack.com\/events\/\",\"url\":\"https:\/\/res-q-jack.com\/events\/\",\"name\":\"Events | Res-Q-Jack, Inc.\",\"isPartOf\":{\"@id\":\"https:\/\/res-q-jack.com\/#website\"},\"datePublished\":\"2019-12-13T17:40:28+00:00\",\"dateModified\":\"2024-11-13T20:48:16+00:00\",\"description\":\"Stay updated on Res-Q-Jack\u2019s latest events and training sessions. Join us to enhance your rescue skills and connect with industry experts.\",\"breadcrumb\":{\"@id\":\"https:\/\/res-q-jack.com\/events\/#breadcrumb\"},\"inLanguage\":\"pt-BR\",\"potentialAction\":[{\"@type\":\"ReadAction\",\"target\":[\"https:\/\/res-q-jack.com\/events\/\"]}]},{\"@type\":\"BreadcrumbList\",\"@id\":\"https:\/\/res-q-jack.com\/events\/#breadcrumb\",\"itemListElement\":[{\"@type\":\"ListItem\",\"position\":1,\"name\":\"Home\",\"item\":\"https:\/\/res-q-jack.com\/\"},{\"@type\":\"ListItem\",\"position\":2,\"name\":\"Events\"}]},{\"@type\":\"WebSite\",\"@id\":\"https:\/\/res-q-jack.com\/#website\",\"url\":\"https:\/\/res-q-jack.com\/\",\"name\":\"Res-Q-Jack, Inc.\",\"description\":\"Vehicle Stabilization Struts\",\"publisher\":{\"@id\":\"https:\/\/res-q-jack.com\/#organization\"},\"potentialAction\":[{\"@type\":\"SearchAction\",\"target\":{\"@type\":\"EntryPoint\",\"urlTemplate\":\"https:\/\/res-q-jack.com\/?s={search_term_string}\"},\"query-input\":{\"@type\":\"PropertyValueSpecification\",\"valueRequired\":true,\"valueName\":\"search_term_string\"}}],\"inLanguage\":\"pt-BR\"},{\"@type\":\"Organization\",\"@id\":\"https:\/\/res-q-jack.com\/#organization\",\"name\":\"Res-Q-Jack, Inc.\",\"url\":\"https:\/\/res-q-jack.com\/\",\"logo\":{\"@type\":\"ImageObject\",\"inLanguage\":\"pt-BR\",\"@id\":\"https:\/\/res-q-jack.com\/#\/schema\/logo\/image\/\",\"url\":\"https:\/\/res-q-jack.com\/wp-content\/uploads\/2020\/03\/Res-Q-Jack-SEO-Logo.png\",\"contentUrl\":\"https:\/\/res-q-jack.com\/wp-content\/uploads\/2020\/03\/Res-Q-Jack-SEO-Logo.png\",\"width\":612,\"height\":138,\"caption\":\"Res-Q-Jack, Inc.\"},\"image\":{\"@id\":\"https:\/\/res-q-jack.com\/#\/schema\/logo\/image\/\"}}]}<\/script>\n<!-- \/ Yoast SEO plugin. -->","yoast_head_json":{"title":"Eventos | Res-Q-Jack, Inc.","description":"Mantenha-se atualizado sobre os \u00faltimos eventos e sess\u00f5es de treinamento do Res-Q-Jack. Junte-se a n\u00f3s para aprimorar suas habilidades de resgate e se conectar com especialistas do setor.","robots":{"index":"index","follow":"follow","max-snippet":"max-snippet:-1","max-image-preview":"max-image-preview:large","max-video-preview":"max-video-preview:-1"},"canonical":"https:\/\/res-q-jack.com\/pt\/eventos\/","og_locale":"pt_BR","og_type":"article","og_title":"Events | Res-Q-Jack, Inc.","og_description":"Stay updated on Res-Q-Jack\u2019s latest events and training sessions. Join us to enhance your rescue skills and connect with industry experts.","og_url":"https:\/\/res-q-jack.com\/pt\/eventos\/","og_site_name":"Res-Q-Jack, Inc.","article_modified_time":"2024-11-13T20:48:16+00:00","twitter_card":"summary_large_image","twitter_misc":{"Est. tempo de leitura":"1 minuto"},"schema":{"@context":"https:\/\/schema.org","@graph":[{"@type":"WebPage","@id":"https:\/\/res-q-jack.com\/events\/","url":"https:\/\/res-q-jack.com\/events\/","name":"Eventos | Res-Q-Jack, Inc.","isPartOf":{"@id":"https:\/\/res-q-jack.com\/#website"},"datePublished":"2019-12-13T17:40:28+00:00","dateModified":"2024-11-13T20:48:16+00:00","description":"Mantenha-se atualizado sobre os \u00faltimos eventos e sess\u00f5es de treinamento do Res-Q-Jack. Junte-se a n\u00f3s para aprimorar suas habilidades de resgate e se conectar com especialistas do setor.","breadcrumb":{"@id":"https:\/\/res-q-jack.com\/events\/#breadcrumb"},"inLanguage":"pt-BR","potentialAction":[{"@type":"ReadAction","target":["https:\/\/res-q-jack.com\/events\/"]}]},{"@type":"BreadcrumbList","@id":"https:\/\/res-q-jack.com\/events\/#breadcrumb","itemListElement":[{"@type":"ListItem","position":1,"name":"Home","item":"https:\/\/res-q-jack.com\/"},{"@type":"ListItem","position":2,"name":"Events"}]},{"@type":"WebSite","@id":"https:\/\/res-q-jack.com\/#website","url":"https:\/\/res-q-jack.com\/","name":"Res-Q-Jack, Inc.","description":"Estruturas de estabiliza\u00e7\u00e3o de ve\u00edculos","publisher":{"@id":"https:\/\/res-q-jack.com\/#organization"},"potentialAction":[{"@type":"SearchAction","target":{"@type":"EntryPoint","urlTemplate":"https:\/\/res-q-jack.com\/?s={search_term_string}"},"query-input":{"@type":"PropertyValueSpecification","valueRequired":true,"valueName":"search_term_string"}}],"inLanguage":"pt-BR"},{"@type":"Organization","@id":"https:\/\/res-q-jack.com\/#organization","name":"Res-Q-Jack, Inc.","url":"https:\/\/res-q-jack.com\/","logo":{"@type":"ImageObject","inLanguage":"pt-BR","@id":"https:\/\/res-q-jack.com\/#\/schema\/logo\/image\/","url":"https:\/\/res-q-jack.com\/wp-content\/uploads\/2020\/03\/Res-Q-Jack-SEO-Logo.png","contentUrl":"https:\/\/res-q-jack.com\/wp-content\/uploads\/2020\/03\/Res-Q-Jack-SEO-Logo.png","width":612,"height":138,"caption":"Res-Q-Jack, Inc."},"image":{"@id":"https:\/\/res-q-jack.com\/#\/schema\/logo\/image\/"}}]}},"_links":{"self":[{"href":"http:\/\/res-q-jack.com\/pt\/wp-json\/wp\/v2\/pages\/48","targetHints":{"allow":["GET"]}}],"collection":[{"href":"http:\/\/res-q-jack.com\/pt\/wp-json\/wp\/v2\/pages"}],"about":[{"href":"http:\/\/res-q-jack.com\/pt\/wp-json\/wp\/v2\/types\/page"}],"author":[{"embeddable":true,"href":"http:\/\/res-q-jack.com\/pt\/wp-json\/wp\/v2\/users\/2"}],"replies":[{"embeddable":true,"href":"http:\/\/res-q-jack.com\/pt\/wp-json\/wp\/v2\/comments?post=48"}],"version-history":[{"count":0,"href":"http:\/\/res-q-jack.com\/pt\/wp-json\/wp\/v2\/pages\/48\/revisions"}],"wp:attachment":[{"href":"http:\/\/res-q-jack.com\/pt\/wp-json\/wp\/v2\/media?parent=48"}],"curies":[{"name":"wp","href":"https:\/\/api.w.org\/{rel}","templated":true}]}}