{"id":3,"date":"2019-12-13T14:37:13","date_gmt":"2019-12-13T14:37:13","guid":{"rendered":"https:\/\/resqjack.wpengine.com\/?page_id=3"},"modified":"2020-02-19T17:27:48","modified_gmt":"2020-02-19T22:27:48","slug":"politica-de-privacidade","status":"publish","type":"page","link":"http:\/\/res-q-jack.com\/pt\/privacy-policy\/","title":{"rendered":"Pol\u00edtica de Privacidade"},"content":{"rendered":"<p><strong>POL\u00cdTICA DE PRIVACIDADE PARA RES-Q-JACK.COM<\/strong><\/p>\n<strong>INTRODU\u00c7\u00c3O<\/strong><br \/>\nLevamos a s\u00e9rio seu direito \u00e0 privacidade e queremos que voc\u00ea se sinta \u00e0 vontade para usar nosso site na web. Esta Pol\u00edtica de Privacidade trata de informa\u00e7\u00f5es pessoalmente identific\u00e1veis (referidas como \"Dados\" abaixo) que podem ser coletadas por n\u00f3s em nosso site. Esta Pol\u00edtica n\u00e3o se aplica a outras entidades que n\u00e3o possu\u00edmos ou controlamos ou pessoas que n\u00e3o s\u00e3o nossos funcion\u00e1rios, agentes ou que est\u00e3o sob nosso controle.\n<strong>1. COLETA DE DADOS<\/strong><br \/>\nNosso processo de registro requer apenas um endere\u00e7o de e-mail v\u00e1lido e um ID de usu\u00e1rio e senha \u00fanicos. Fornecer-nos outras informa\u00e7\u00f5es est\u00e1 a seu crit\u00e9rio. Por favor, note que seu nome de usu\u00e1rio, endere\u00e7o de e-mail ou outras informa\u00e7\u00f5es que voc\u00ea fizer neste site podem conter seu nome verdadeiro ou outras informa\u00e7\u00f5es pessoalmente identific\u00e1veis e, como resultado, podem aparecer neste site. Como muitos websites, tamb\u00e9m podemos receber automaticamente informa\u00e7\u00f5es gerais que est\u00e3o contidas em nossos arquivos de log do servidor, tais como seu endere\u00e7o IP e informa\u00e7\u00f5es de cookies. Informa\u00e7\u00f5es sobre como a publicidade pode ser servida neste site (se for o caso) s\u00e3o apresentadas abaixo.\n<strong>2. USO DE DADOS<\/strong><br \/>\nPodemos usar os dados para personalizar e melhorar sua experi\u00eancia de usu\u00e1rio neste site. Envidaremos esfor\u00e7os para que seus Dados n\u00e3o sejam fornecidos a terceiros, a menos que (i) seja previsto o contr\u00e1rio nesta Pol\u00edtica de Privacidade; (ii) obtenhamos seu consentimento, como quando voc\u00ea optar por entrar ou sair do compartilhamento de Dados; (iii) um servi\u00e7o fornecido em nosso site exija a intera\u00e7\u00e3o com ou seja fornecido por um terceiro, a t\u00edtulo de exemplo, um Provedor de Servi\u00e7os de Aplica\u00e7\u00e3o; (iv) de acordo com processo legal ou aplica\u00e7\u00e3o da lei; (v) descobrimos que seu uso deste site viola nossa Pol\u00edtica, Termos de Servi\u00e7o, outras diretrizes de uso ou conforme considerado razoavelmente necess\u00e1rio por n\u00f3s para proteger nossos direitos legais e\/ou propriedade; (vi) ou (vi) este site \u00e9 adquirido por um terceiro, pelo qual esse terceiro poder\u00e1 usar os Dados da mesma forma que n\u00f3s podemos, conforme estabelecido nesta Pol\u00edtica. Caso voc\u00ea opte por usar links que aparecem em nosso site para visitar outros sites da Web, \u00e9 aconselh\u00e1vel que voc\u00ea leia as pol\u00edticas de privacidade que aparecem nesses sites.\n<strong>3. COOKIES<\/strong><br \/>\nComo muitos websites, definimos e usamos cookies para melhorar sua experi\u00eancia de usu\u00e1rio, como, por exemplo, manter suas configura\u00e7\u00f5es pessoais. Os an\u00fancios podem aparecer em nosso website e, se assim for, podem configurar e acessar cookies em seu computador e est\u00e3o sujeitos \u00e0 pol\u00edtica de privacidade das partes que fornecem o an\u00fancio. Entretanto, as empresas que servem a publicidade n\u00e3o t\u00eam acesso aos nossos cookies. Essas empresas geralmente utilizam c\u00f3digos n\u00e3o identific\u00e1veis pessoalmente ou an\u00f4nimos para obter informa\u00e7\u00f5es sobre suas visitas ao nosso site.\n<strong>4. CRIAN\u00c7AS<\/strong><br \/>\nN\u00e3o permitimos que pessoas com 17 anos de idade ou menos se tornem membros deste site. Para maiores informa\u00e7\u00f5es, favor contatar nosso webmaster.\n<strong>5. EDI\u00c7\u00c3O OU EXCLUS\u00c3O DE INFORMA\u00c7\u00d5ES DE SUA CONTA<\/strong><br \/>\nFornecemos a voc\u00ea a possibilidade de editar as informa\u00e7\u00f5es de sua conta de usu\u00e1rio que voc\u00ea nos forneceu no registro, usando sua \u00e1rea pessoal de configura\u00e7\u00e3o de p\u00e1gina. Voc\u00ea pode solicitar a exclus\u00e3o de sua conta de usu\u00e1rio entrando em contato com nosso webmaster. Conte\u00fado ou outros dados que voc\u00ea possa ter nos fornecido e que n\u00e3o estejam contidos em sua conta de usu\u00e1rio, tais como mensagens que possam aparecer em nossos f\u00f3runs, podem continuar a permanecer em nosso site a nosso crit\u00e9rio, mesmo que sua conta de usu\u00e1rio seja exclu\u00edda.\n<strong>6. ALTERA\u00c7\u00d5ES A ESTA POL\u00cdTICA DE PRIVACIDADE<\/strong><br \/>\nPodemos fazer mudan\u00e7as nesta Pol\u00edtica de tempos em tempos. Notificaremos voc\u00ea sobre mudan\u00e7as substanciais nesta Pol\u00edtica, seja colocando um an\u00fancio proeminente em nosso site e\/ou enviando uma mensagem para o endere\u00e7o de e-mail que voc\u00ea nos forneceu e que est\u00e1 contido dentro de suas configura\u00e7\u00f5es de usu\u00e1rio.\n<strong>7. SEM GARANTIAS<\/strong><br \/>\nEmbora esta Pol\u00edtica de Privacidade declare nossos padr\u00f5es de manuten\u00e7\u00e3o de Dados e n\u00f3s faremos esfor\u00e7os para cumpri-los, n\u00e3o estamos em condi\u00e7\u00f5es de garantir esses padr\u00f5es. Pode haver fatores fora de nosso controle que podem resultar na divulga\u00e7\u00e3o de dados. Como conseq\u00fc\u00eancia, renunciamos a quaisquer garantias ou representa\u00e7\u00f5es relacionadas \u00e0 manuten\u00e7\u00e3o ou n\u00e3o-divulga\u00e7\u00e3o de Dados.\n<strong>8. INFORMA\u00c7\u00d5ES DE CONTATO<\/strong><br \/>\nSe voc\u00ea tiver alguma d\u00favida sobre esta Pol\u00edtica ou sobre nosso site, n\u00e3o hesite em entrar em contato conosco.\n<p>&nbsp;<\/p>\n\t<h3>\n\t\t\t\tD\u00favidas?  Ligue para 1-800-466-9626\n\t\t\t<\/h3>","protected":false},"excerpt":{"rendered":"<p>POL\u00cdTICA DE PRIVACIDADE PARA RES-Q-JACK.COM INTRODU\u00c7\u00c3O Levamos a s\u00e9rio seu direito \u00e0 privacidade e queremos que voc\u00ea se sinta \u00e0 vontade para usar nosso site. Esta Pol\u00edtica de Privacidade trata de informa\u00e7\u00f5es pessoalmente identific\u00e1veis (referidas como \"Dados\" abaixo) que podem ser coletadas por n\u00f3s em nosso site. Esta Pol\u00edtica n\u00e3o se aplica a outras entidades que n\u00f3s...<\/p>","protected":false},"author":1,"featured_media":0,"parent":0,"menu_order":0,"comment_status":"closed","ping_status":"open","template":"","meta":{"footnotes":""},"class_list":["post-3","page","type-page","status-publish","hentry"],"yoast_head":"<!-- This site is optimized with the Yoast SEO plugin v27.2 - https:\/\/yoast.com\/product\/yoast-seo-wordpress\/ -->\n<title>Privacy Policy | Res-Q-Jack, Inc.<\/title>\n<meta name=\"robots\" content=\"index, follow, max-snippet:-1, max-image-preview:large, max-video-preview:-1\" \/>\n<link rel=\"canonical\" href=\"https:\/\/res-q-jack.com\/pt\/politica-de-privacidade\/\" \/>\n<meta property=\"og:locale\" content=\"pt_BR\" \/>\n<meta property=\"og:type\" content=\"article\" \/>\n<meta property=\"og:title\" content=\"Privacy Policy | Res-Q-Jack, Inc.\" \/>\n<meta property=\"og:description\" content=\"PRIVACY POLICY FOR RES-Q-JACK.COM INTRODUCTION We take your right to privacy seriously and want you to feel comfortable using our web site. This Privacy Policy deals with personally identifiable information (referred to as &#8220;Data&#8221; below) that may be collected by us on our site. This Policy does not apply to other entities that we do&hellip;\" \/>\n<meta property=\"og:url\" content=\"https:\/\/res-q-jack.com\/pt\/politica-de-privacidade\/\" \/>\n<meta property=\"og:site_name\" content=\"Res-Q-Jack, Inc.\" \/>\n<meta property=\"article:modified_time\" content=\"2020-02-19T22:27:48+00:00\" \/>\n<meta name=\"twitter:card\" content=\"summary_large_image\" \/>\n<meta name=\"twitter:label1\" content=\"Est. tempo de leitura\" \/>\n\t<meta name=\"twitter:data1\" content=\"4 minutos\" \/>\n<script type=\"application\/ld+json\" class=\"yoast-schema-graph\">{\"@context\":\"https:\/\/schema.org\",\"@graph\":[{\"@type\":\"WebPage\",\"@id\":\"https:\/\/res-q-jack.com\/privacy-policy\/\",\"url\":\"https:\/\/res-q-jack.com\/privacy-policy\/\",\"name\":\"Privacy Policy | Res-Q-Jack, Inc.\",\"isPartOf\":{\"@id\":\"https:\/\/res-q-jack.com\/#website\"},\"datePublished\":\"2019-12-13T14:37:13+00:00\",\"dateModified\":\"2020-02-19T22:27:48+00:00\",\"breadcrumb\":{\"@id\":\"https:\/\/res-q-jack.com\/privacy-policy\/#breadcrumb\"},\"inLanguage\":\"pt-BR\",\"potentialAction\":[{\"@type\":\"ReadAction\",\"target\":[\"https:\/\/res-q-jack.com\/privacy-policy\/\"]}]},{\"@type\":\"BreadcrumbList\",\"@id\":\"https:\/\/res-q-jack.com\/privacy-policy\/#breadcrumb\",\"itemListElement\":[{\"@type\":\"ListItem\",\"position\":1,\"name\":\"Home\",\"item\":\"https:\/\/res-q-jack.com\/\"},{\"@type\":\"ListItem\",\"position\":2,\"name\":\"Privacy Policy\"}]},{\"@type\":\"WebSite\",\"@id\":\"https:\/\/res-q-jack.com\/#website\",\"url\":\"https:\/\/res-q-jack.com\/\",\"name\":\"Res-Q-Jack, Inc.\",\"description\":\"Vehicle Stabilization Struts\",\"publisher\":{\"@id\":\"https:\/\/res-q-jack.com\/#organization\"},\"potentialAction\":[{\"@type\":\"SearchAction\",\"target\":{\"@type\":\"EntryPoint\",\"urlTemplate\":\"https:\/\/res-q-jack.com\/?s={search_term_string}\"},\"query-input\":{\"@type\":\"PropertyValueSpecification\",\"valueRequired\":true,\"valueName\":\"search_term_string\"}}],\"inLanguage\":\"pt-BR\"},{\"@type\":\"Organization\",\"@id\":\"https:\/\/res-q-jack.com\/#organization\",\"name\":\"Res-Q-Jack, Inc.\",\"url\":\"https:\/\/res-q-jack.com\/\",\"logo\":{\"@type\":\"ImageObject\",\"inLanguage\":\"pt-BR\",\"@id\":\"https:\/\/res-q-jack.com\/#\/schema\/logo\/image\/\",\"url\":\"https:\/\/res-q-jack.com\/wp-content\/uploads\/2020\/03\/Res-Q-Jack-SEO-Logo.png\",\"contentUrl\":\"https:\/\/res-q-jack.com\/wp-content\/uploads\/2020\/03\/Res-Q-Jack-SEO-Logo.png\",\"width\":612,\"height\":138,\"caption\":\"Res-Q-Jack, Inc.\"},\"image\":{\"@id\":\"https:\/\/res-q-jack.com\/#\/schema\/logo\/image\/\"}}]}<\/script>\n<!-- \/ Yoast SEO plugin. -->","yoast_head_json":{"title":"Pol\u00edtica de Privacidade | Res-Q-Jack, Inc.","robots":{"index":"index","follow":"follow","max-snippet":"max-snippet:-1","max-image-preview":"max-image-preview:large","max-video-preview":"max-video-preview:-1"},"canonical":"https:\/\/res-q-jack.com\/pt\/politica-de-privacidade\/","og_locale":"pt_BR","og_type":"article","og_title":"Privacy Policy | Res-Q-Jack, Inc.","og_description":"PRIVACY POLICY FOR RES-Q-JACK.COM INTRODUCTION We take your right to privacy seriously and want you to feel comfortable using our web site. This Privacy Policy deals with personally identifiable information (referred to as &#8220;Data&#8221; below) that may be collected by us on our site. This Policy does not apply to other entities that we do&hellip;","og_url":"https:\/\/res-q-jack.com\/pt\/politica-de-privacidade\/","og_site_name":"Res-Q-Jack, Inc.","article_modified_time":"2020-02-19T22:27:48+00:00","twitter_card":"summary_large_image","twitter_misc":{"Est. tempo de leitura":"4 minutos"},"schema":{"@context":"https:\/\/schema.org","@graph":[{"@type":"WebPage","@id":"https:\/\/res-q-jack.com\/privacy-policy\/","url":"https:\/\/res-q-jack.com\/privacy-policy\/","name":"Pol\u00edtica de Privacidade | Res-Q-Jack, Inc.","isPartOf":{"@id":"https:\/\/res-q-jack.com\/#website"},"datePublished":"2019-12-13T14:37:13+00:00","dateModified":"2020-02-19T22:27:48+00:00","breadcrumb":{"@id":"https:\/\/res-q-jack.com\/privacy-policy\/#breadcrumb"},"inLanguage":"pt-BR","potentialAction":[{"@type":"ReadAction","target":["https:\/\/res-q-jack.com\/privacy-policy\/"]}]},{"@type":"BreadcrumbList","@id":"https:\/\/res-q-jack.com\/privacy-policy\/#breadcrumb","itemListElement":[{"@type":"ListItem","position":1,"name":"Home","item":"https:\/\/res-q-jack.com\/"},{"@type":"ListItem","position":2,"name":"Privacy Policy"}]},{"@type":"WebSite","@id":"https:\/\/res-q-jack.com\/#website","url":"https:\/\/res-q-jack.com\/","name":"Res-Q-Jack, Inc.","description":"Estruturas de estabiliza\u00e7\u00e3o de ve\u00edculos","publisher":{"@id":"https:\/\/res-q-jack.com\/#organization"},"potentialAction":[{"@type":"SearchAction","target":{"@type":"EntryPoint","urlTemplate":"https:\/\/res-q-jack.com\/?s={search_term_string}"},"query-input":{"@type":"PropertyValueSpecification","valueRequired":true,"valueName":"search_term_string"}}],"inLanguage":"pt-BR"},{"@type":"Organization","@id":"https:\/\/res-q-jack.com\/#organization","name":"Res-Q-Jack, Inc.","url":"https:\/\/res-q-jack.com\/","logo":{"@type":"ImageObject","inLanguage":"pt-BR","@id":"https:\/\/res-q-jack.com\/#\/schema\/logo\/image\/","url":"https:\/\/res-q-jack.com\/wp-content\/uploads\/2020\/03\/Res-Q-Jack-SEO-Logo.png","contentUrl":"https:\/\/res-q-jack.com\/wp-content\/uploads\/2020\/03\/Res-Q-Jack-SEO-Logo.png","width":612,"height":138,"caption":"Res-Q-Jack, Inc."},"image":{"@id":"https:\/\/res-q-jack.com\/#\/schema\/logo\/image\/"}}]}},"_links":{"self":[{"href":"http:\/\/res-q-jack.com\/pt\/wp-json\/wp\/v2\/pages\/3","targetHints":{"allow":["GET"]}}],"collection":[{"href":"http:\/\/res-q-jack.com\/pt\/wp-json\/wp\/v2\/pages"}],"about":[{"href":"http:\/\/res-q-jack.com\/pt\/wp-json\/wp\/v2\/types\/page"}],"author":[{"embeddable":true,"href":"http:\/\/res-q-jack.com\/pt\/wp-json\/wp\/v2\/users\/1"}],"replies":[{"embeddable":true,"href":"http:\/\/res-q-jack.com\/pt\/wp-json\/wp\/v2\/comments?post=3"}],"version-history":[{"count":0,"href":"http:\/\/res-q-jack.com\/pt\/wp-json\/wp\/v2\/pages\/3\/revisions"}],"wp:attachment":[{"href":"http:\/\/res-q-jack.com\/pt\/wp-json\/wp\/v2\/media?parent=3"}],"curies":[{"name":"wp","href":"https:\/\/api.w.org\/{rel}","templated":true}]}}