{"id":197,"date":"2019-12-18T18:33:03","date_gmt":"2019-12-18T23:33:03","guid":{"rendered":"https:\/\/resqjack.wpengine.com\/?page_id=197"},"modified":"2024-02-27T12:33:18","modified_gmt":"2024-02-27T17:33:18","slug":"racores-con-clavijas","status":"publish","type":"page","link":"http:\/\/res-q-jack.com\/es_es\/accessories\/pinned-end-fittings\/","title":{"rendered":"Herrajes para extremos con clavijas"},"content":{"rendered":"<h1>Herrajes para extremos con clavijas<\/h1>\r\n<ul>\r\n<li>\r\n<h3><a href=\"https:\/\/res-q-jack.com\/es_es\/accesorios\/\" target=\"_self\" rel=\"noopener noreferrer\">M\u00e1s informaci\u00f3n sobre nuestros accesorios<\/a><\/h3>\r\n<\/li>\r\n<\/ul>\r\n<p><img decoding=\"async\" title=\"Cabeza de tr\u00edpode con clavijas\" data-src=\"https:\/\/res-q-jack.com\/wp-content\/uploads\/2020\/02\/Pinned-Tripod-Head.jpg\" alt=\"Cabeza de tr\u00edpode con clavijas\" src=\"data:image\/svg+xml;base64,PHN2ZyB3aWR0aD0iMSIgaGVpZ2h0PSIxIiB4bWxucz0iaHR0cDovL3d3dy53My5vcmcvMjAwMC9zdmciPjwvc3ZnPg==\" class=\"lazyload\" style=\"--smush-placeholder-width: 900px; --smush-placeholder-aspect-ratio: 900\/600;\" \/><\/p>\r\n<h5>ALX-TRPD| RJ3-TRPD | GLX-TRPD<\/h5>\r\n<h3>Cabeza de tr\u00edpode<\/h3>\r\n<p>Convierta sus puntales con pasador en un tr\u00edpode para escenarios de rescate t\u00e9cnico. Cuenta con una corona de acero con recubrimiento de polvo y patas de acero tubular. Asegurado con nuestros pasadores de bloqueo de pesta\u00f1a de acero endurecido. Las cabezas de acero X \/ RJ3 y GreenLite incluyen extensiones de 36\u2033 para alcanzar hasta 9 pies.<\/p>\r\n<p><img decoding=\"async\" title=\"Cabeza cuadrada con pasador\" data-src=\"https:\/\/res-q-jack.com\/wp-content\/uploads\/2020\/02\/Pinned-Square-Head.jpg\" alt=\"Cabeza cuadrada con pasador\" src=\"data:image\/svg+xml;base64,PHN2ZyB3aWR0aD0iMSIgaGVpZ2h0PSIxIiB4bWxucz0iaHR0cDovL3d3dy53My5vcmcvMjAwMC9zdmciPjwvc3ZnPg==\" class=\"lazyload\" style=\"--smush-placeholder-width: 900px; --smush-placeholder-aspect-ratio: 900\/600;\" \/><\/p>\r\n<h5>ALX-SQUR | RJ3-SQUR<\/h5>\r\n<h3>Cabeza cuadrada<\/h3>\r\n<p>Este accesorio final est\u00e1 equipado con una placa cuadrada para su uso en situaciones estructurales como el apuntalamiento ligero contra una superficie a\u00e9rea plana. Disponible para las series X de aluminio, X de acero y RJ3.<\/p>\r\n<p><img decoding=\"async\" title=\"Placa en L con pasador\" data-src=\"https:\/\/res-q-jack.com\/wp-content\/uploads\/2020\/02\/Pinned-L-Plate.jpg\" alt=\"Placa en L con pasador\" src=\"data:image\/svg+xml;base64,PHN2ZyB3aWR0aD0iMSIgaGVpZ2h0PSIxIiB4bWxucz0iaHR0cDovL3d3dy53My5vcmcvMjAwMC9zdmciPjwvc3ZnPg==\" class=\"lazyload\" style=\"--smush-placeholder-width: 900px; --smush-placeholder-aspect-ratio: 900\/600;\" \/><\/p>\r\n<h5>ALX-LPLT | RJ3-LPLT<\/h5>\r\n<h3>L-PLate<\/h3>\r\n<p>Este accesorio final est\u00e1 dise\u00f1ado para el soporte de vigas durante el apuntalamiento estructural ligero. Su dise\u00f1o en forma de L sostiene la viga e incluye agujeros en cada lado para fijarla con clavos o tornillos. Disponible para las series X de aluminio, X de acero y RJ3.\u00a0<\/p>\r\n<p><img decoding=\"async\" title=\"Cabeza de C con pasador\" data-src=\"https:\/\/res-q-jack.com\/wp-content\/uploads\/2020\/02\/Pinned-C-Head.jpg\" alt=\"Cabeza de C con pasador\" src=\"data:image\/svg+xml;base64,PHN2ZyB3aWR0aD0iMSIgaGVpZ2h0PSIxIiB4bWxucz0iaHR0cDovL3d3dy53My5vcmcvMjAwMC9zdmciPjwvc3ZnPg==\" class=\"lazyload\" style=\"--smush-placeholder-width: 900px; --smush-placeholder-aspect-ratio: 900\/600;\" \/><\/p>\r\n<h5>ALX-CHED | RJ3-CHED<\/h5>\r\n<h3>Cabeza C<\/h3>\r\n<p>Este accesorio final permite acunar miembros anchos, como un poste en A, con una sujeci\u00f3n positiva segura. Disponible para las series X de aluminio, X de acero y RJ3.<\/p>\r\n<p><img decoding=\"async\" title=\"Base fija con pasador\" data-src=\"https:\/\/res-q-jack.com\/wp-content\/uploads\/2020\/02\/Pinned-Fixed-Base.jpg\" alt=\"Base fija con pasador\" src=\"data:image\/svg+xml;base64,PHN2ZyB3aWR0aD0iMSIgaGVpZ2h0PSIxIiB4bWxucz0iaHR0cDovL3d3dy53My5vcmcvMjAwMC9zdmciPjwvc3ZnPg==\" class=\"lazyload\" style=\"--smush-placeholder-width: 900px; --smush-placeholder-aspect-ratio: 900\/600;\" \/><\/p>\r\n<h5>RJ3-FBAS<\/h5>\r\n<h3>Base fija<\/h3>\r\n<p>Esta base r\u00edgida se mantiene erguida, y es \u00fatil para muchas aplicaciones, como una unidad de gato que sirve como dispositivo de elevaci\u00f3n de objetos a bajo nivel, para volcaduras o aplicaciones en espacios confinados. Compatible s\u00f3lo con RJ3.<\/p>\r\n<p><img decoding=\"async\" title=\"Base RJ3 con clavijas\" data-src=\"https:\/\/res-q-jack.com\/wp-content\/uploads\/2020\/02\/Pinned-RJ3-Base.jpg\" alt=\"Base RJ3 con clavijas\" src=\"data:image\/svg+xml;base64,PHN2ZyB3aWR0aD0iMSIgaGVpZ2h0PSIxIiB4bWxucz0iaHR0cDovL3d3dy53My5vcmcvMjAwMC9zdmciPjwvc3ZnPg==\" class=\"lazyload\" style=\"--smush-placeholder-width: 900px; --smush-placeholder-aspect-ratio: 900\/600;\" \/><\/p>\r\n<h5>RJ3-BASE<\/h5>\r\n<h3>Base RJ3<\/h3>\r\n<p>Nuestra placa base est\u00e1ndar para la serie RJ3. Los eslabones de las anillas en D est\u00e1n fijados permanentemente para facilitar la conexi\u00f3n de las sujeciones de la base, as\u00ed como las correas de hebilla CAM para mayor comodidad. Compatible s\u00f3lo con RJ3.<\/p>\r\n<p><img decoding=\"async\" title=\"Cabezal CRG giratorio - Amarillo\" data-src=\"https:\/\/res-q-jack.com\/wp-content\/uploads\/2020\/04\/Swivel-CRG-Head-Yellow.png\" alt=\"Cabezal CRG giratorio - Amarillo\" src=\"data:image\/svg+xml;base64,PHN2ZyB3aWR0aD0iMSIgaGVpZ2h0PSIxIiB4bWxucz0iaHR0cDovL3d3dy53My5vcmcvMjAwMC9zdmciPjwvc3ZnPg==\" class=\"lazyload\" style=\"--smush-placeholder-width: 900px; --smush-placeholder-aspect-ratio: 900\/600;\" \/><\/p>\r\n<h5>ALX-SCRG | STX-SCRG | RJ3-SCRG | GLX-SCRG<\/h5>\r\n<h3>Cabezal CRG giratorio<\/h3>\r\n<p>La CRG combina los accesorios de punta de canal, punta redonda y pinza de cadena en una sola cabeza revolucionaria, y hace innecesario el cambio de cabezas durante un rescate. La punta CRG giratoria gira 360\u00b0 para encontrar f\u00e1cilmente los puntos de agarre en cualquier \u00e1ngulo. Tambi\u00e9n est\u00e1 disponible como cabeza CRG fija (s\u00f3lo en el soporte de gato RJ3-FCRG -RJ3).<\/p>","protected":false},"excerpt":{"rendered":"<p>Accesorios con pasadores Conozca m\u00e1s sobre nuestros accesorios ALX-TRPD| RJ3-TRPD | GLX-TRPD Cabeza de tr\u00edpode Convierta sus puntales con pasadores en un tr\u00edpode para escenarios de rescate t\u00e9cnico. Cuenta con una corona de acero con recubrimiento de polvo y patas de acero tubular. Asegurado con nuestros pasadores de bloqueo de leng\u00fceta de acero endurecido. Los cabezales Steel X \/ RJ3 y GreenLite incluyen extensiones de 36\u2033 para llegar hasta...<\/p>","protected":false},"author":2,"featured_media":0,"parent":44,"menu_order":0,"comment_status":"closed","ping_status":"closed","template":"","meta":{"footnotes":""},"class_list":["post-197","page","type-page","status-publish","hentry"],"yoast_head":"<!-- This site is optimized with the Yoast SEO plugin v27.2 - https:\/\/yoast.com\/product\/yoast-seo-wordpress\/ -->\n<title>Pinned End Fittings | Res-Q-Jack, Inc.<\/title>\n<meta name=\"robots\" content=\"index, follow, max-snippet:-1, max-image-preview:large, max-video-preview:-1\" \/>\n<link rel=\"canonical\" href=\"https:\/\/res-q-jack.com\/es_es\/accesorios\/racores-con-clavijas\/\" \/>\n<meta property=\"og:locale\" content=\"es_ES\" \/>\n<meta property=\"og:type\" content=\"article\" \/>\n<meta property=\"og:title\" content=\"Pinned End Fittings | Res-Q-Jack, Inc.\" \/>\n<meta property=\"og:description\" content=\"Pinned End Fittings Learn more about our accessories ALX-TRPD| RJ3-TRPD | GLX-TRPD Tripod Head Turn your pin-operated struts into a tripod for technical rescue scenarios. Features powder coated steel crown and tubular steel legs. Secured with our hardened steel tab lock pins. Steel X \/ RJ3 and GreenLite heads include 36&#8243; extensions to reach up&hellip;\" \/>\n<meta property=\"og:url\" content=\"https:\/\/res-q-jack.com\/es_es\/accesorios\/racores-con-clavijas\/\" \/>\n<meta property=\"og:site_name\" content=\"Res-Q-Jack, Inc.\" \/>\n<meta property=\"article:modified_time\" content=\"2024-02-27T17:33:18+00:00\" \/>\n<meta property=\"og:image\" content=\"https:\/\/res-q-jack.com\/wp-content\/uploads\/2020\/02\/Pinned-Tripod-Head.jpg\" \/>\n<meta name=\"twitter:card\" content=\"summary_large_image\" \/>\n<meta name=\"twitter:label1\" content=\"Tiempo de lectura\" \/>\n\t<meta name=\"twitter:data1\" content=\"4 minutos\" \/>\n<script type=\"application\/ld+json\" class=\"yoast-schema-graph\">{\"@context\":\"https:\/\/schema.org\",\"@graph\":[{\"@type\":\"WebPage\",\"@id\":\"https:\/\/res-q-jack.com\/accessories\/pinned-end-fittings\/\",\"url\":\"https:\/\/res-q-jack.com\/accessories\/pinned-end-fittings\/\",\"name\":\"Pinned End Fittings | Res-Q-Jack, Inc.\",\"isPartOf\":{\"@id\":\"https:\/\/res-q-jack.com\/#website\"},\"primaryImageOfPage\":{\"@id\":\"https:\/\/res-q-jack.com\/accessories\/pinned-end-fittings\/#primaryimage\"},\"image\":{\"@id\":\"https:\/\/res-q-jack.com\/accessories\/pinned-end-fittings\/#primaryimage\"},\"thumbnailUrl\":\"https:\/\/res-q-jack.com\/wp-content\/uploads\/2020\/02\/Pinned-Tripod-Head.jpg\",\"datePublished\":\"2019-12-18T23:33:03+00:00\",\"dateModified\":\"2024-02-27T17:33:18+00:00\",\"breadcrumb\":{\"@id\":\"https:\/\/res-q-jack.com\/accessories\/pinned-end-fittings\/#breadcrumb\"},\"inLanguage\":\"es\",\"potentialAction\":[{\"@type\":\"ReadAction\",\"target\":[\"https:\/\/res-q-jack.com\/accessories\/pinned-end-fittings\/\"]}]},{\"@type\":\"ImageObject\",\"inLanguage\":\"es\",\"@id\":\"https:\/\/res-q-jack.com\/accessories\/pinned-end-fittings\/#primaryimage\",\"url\":\"https:\/\/res-q-jack.com\/wp-content\/uploads\/2020\/02\/Pinned-Tripod-Head.jpg\",\"contentUrl\":\"https:\/\/res-q-jack.com\/wp-content\/uploads\/2020\/02\/Pinned-Tripod-Head.jpg\"},{\"@type\":\"BreadcrumbList\",\"@id\":\"https:\/\/res-q-jack.com\/accessories\/pinned-end-fittings\/#breadcrumb\",\"itemListElement\":[{\"@type\":\"ListItem\",\"position\":1,\"name\":\"Home\",\"item\":\"https:\/\/res-q-jack.com\/\"},{\"@type\":\"ListItem\",\"position\":2,\"name\":\"Accessories\",\"item\":\"https:\/\/res-q-jack.com\/accessories\/\"},{\"@type\":\"ListItem\",\"position\":3,\"name\":\"Pinned End Fittings\"}]},{\"@type\":\"WebSite\",\"@id\":\"https:\/\/res-q-jack.com\/#website\",\"url\":\"https:\/\/res-q-jack.com\/\",\"name\":\"Res-Q-Jack, Inc.\",\"description\":\"Vehicle Stabilization Struts\",\"publisher\":{\"@id\":\"https:\/\/res-q-jack.com\/#organization\"},\"potentialAction\":[{\"@type\":\"SearchAction\",\"target\":{\"@type\":\"EntryPoint\",\"urlTemplate\":\"https:\/\/res-q-jack.com\/?s={search_term_string}\"},\"query-input\":{\"@type\":\"PropertyValueSpecification\",\"valueRequired\":true,\"valueName\":\"search_term_string\"}}],\"inLanguage\":\"es\"},{\"@type\":\"Organization\",\"@id\":\"https:\/\/res-q-jack.com\/#organization\",\"name\":\"Res-Q-Jack, Inc.\",\"url\":\"https:\/\/res-q-jack.com\/\",\"logo\":{\"@type\":\"ImageObject\",\"inLanguage\":\"es\",\"@id\":\"https:\/\/res-q-jack.com\/#\/schema\/logo\/image\/\",\"url\":\"https:\/\/res-q-jack.com\/wp-content\/uploads\/2020\/03\/Res-Q-Jack-SEO-Logo.png\",\"contentUrl\":\"https:\/\/res-q-jack.com\/wp-content\/uploads\/2020\/03\/Res-Q-Jack-SEO-Logo.png\",\"width\":612,\"height\":138,\"caption\":\"Res-Q-Jack, Inc.\"},\"image\":{\"@id\":\"https:\/\/res-q-jack.com\/#\/schema\/logo\/image\/\"}}]}<\/script>\n<!-- \/ Yoast SEO plugin. -->","yoast_head_json":{"title":"Accesorios de extremo con pasador | Res-Q-Jack, Inc.","robots":{"index":"index","follow":"follow","max-snippet":"max-snippet:-1","max-image-preview":"max-image-preview:large","max-video-preview":"max-video-preview:-1"},"canonical":"https:\/\/res-q-jack.com\/es_es\/accesorios\/racores-con-clavijas\/","og_locale":"es_ES","og_type":"article","og_title":"Pinned End Fittings | Res-Q-Jack, Inc.","og_description":"Pinned End Fittings Learn more about our accessories ALX-TRPD| RJ3-TRPD | GLX-TRPD Tripod Head Turn your pin-operated struts into a tripod for technical rescue scenarios. Features powder coated steel crown and tubular steel legs. Secured with our hardened steel tab lock pins. Steel X \/ RJ3 and GreenLite heads include 36&#8243; extensions to reach up&hellip;","og_url":"https:\/\/res-q-jack.com\/es_es\/accesorios\/racores-con-clavijas\/","og_site_name":"Res-Q-Jack, Inc.","article_modified_time":"2024-02-27T17:33:18+00:00","og_image":[{"url":"https:\/\/res-q-jack.com\/wp-content\/uploads\/2020\/02\/Pinned-Tripod-Head.jpg","type":"","width":"","height":""}],"twitter_card":"summary_large_image","twitter_misc":{"Tiempo de lectura":"4 minutos"},"schema":{"@context":"https:\/\/schema.org","@graph":[{"@type":"WebPage","@id":"https:\/\/res-q-jack.com\/accessories\/pinned-end-fittings\/","url":"https:\/\/res-q-jack.com\/accessories\/pinned-end-fittings\/","name":"Accesorios de extremo con pasador | Res-Q-Jack, Inc.","isPartOf":{"@id":"https:\/\/res-q-jack.com\/#website"},"primaryImageOfPage":{"@id":"https:\/\/res-q-jack.com\/accessories\/pinned-end-fittings\/#primaryimage"},"image":{"@id":"https:\/\/res-q-jack.com\/accessories\/pinned-end-fittings\/#primaryimage"},"thumbnailUrl":"https:\/\/res-q-jack.com\/wp-content\/uploads\/2020\/02\/Pinned-Tripod-Head.jpg","datePublished":"2019-12-18T23:33:03+00:00","dateModified":"2024-02-27T17:33:18+00:00","breadcrumb":{"@id":"https:\/\/res-q-jack.com\/accessories\/pinned-end-fittings\/#breadcrumb"},"inLanguage":"es","potentialAction":[{"@type":"ReadAction","target":["https:\/\/res-q-jack.com\/accessories\/pinned-end-fittings\/"]}]},{"@type":"ImageObject","inLanguage":"es","@id":"https:\/\/res-q-jack.com\/accessories\/pinned-end-fittings\/#primaryimage","url":"https:\/\/res-q-jack.com\/wp-content\/uploads\/2020\/02\/Pinned-Tripod-Head.jpg","contentUrl":"https:\/\/res-q-jack.com\/wp-content\/uploads\/2020\/02\/Pinned-Tripod-Head.jpg"},{"@type":"BreadcrumbList","@id":"https:\/\/res-q-jack.com\/accessories\/pinned-end-fittings\/#breadcrumb","itemListElement":[{"@type":"ListItem","position":1,"name":"Home","item":"https:\/\/res-q-jack.com\/"},{"@type":"ListItem","position":2,"name":"Accessories","item":"https:\/\/res-q-jack.com\/accessories\/"},{"@type":"ListItem","position":3,"name":"Pinned End Fittings"}]},{"@type":"WebSite","@id":"https:\/\/res-q-jack.com\/#website","url":"https:\/\/res-q-jack.com\/","name":"Res-Q-Jack, Inc.","description":"Puntales de estabilizaci\u00f3n del veh\u00edculo","publisher":{"@id":"https:\/\/res-q-jack.com\/#organization"},"potentialAction":[{"@type":"SearchAction","target":{"@type":"EntryPoint","urlTemplate":"https:\/\/res-q-jack.com\/?s={search_term_string}"},"query-input":{"@type":"PropertyValueSpecification","valueRequired":true,"valueName":"search_term_string"}}],"inLanguage":"es"},{"@type":"Organization","@id":"https:\/\/res-q-jack.com\/#organization","name":"Res-Q-Jack, Inc.","url":"https:\/\/res-q-jack.com\/","logo":{"@type":"ImageObject","inLanguage":"es","@id":"https:\/\/res-q-jack.com\/#\/schema\/logo\/image\/","url":"https:\/\/res-q-jack.com\/wp-content\/uploads\/2020\/03\/Res-Q-Jack-SEO-Logo.png","contentUrl":"https:\/\/res-q-jack.com\/wp-content\/uploads\/2020\/03\/Res-Q-Jack-SEO-Logo.png","width":612,"height":138,"caption":"Res-Q-Jack, Inc."},"image":{"@id":"https:\/\/res-q-jack.com\/#\/schema\/logo\/image\/"}}]}},"_links":{"self":[{"href":"http:\/\/res-q-jack.com\/es_es\/wp-json\/wp\/v2\/pages\/197","targetHints":{"allow":["GET"]}}],"collection":[{"href":"http:\/\/res-q-jack.com\/es_es\/wp-json\/wp\/v2\/pages"}],"about":[{"href":"http:\/\/res-q-jack.com\/es_es\/wp-json\/wp\/v2\/types\/page"}],"author":[{"embeddable":true,"href":"http:\/\/res-q-jack.com\/es_es\/wp-json\/wp\/v2\/users\/2"}],"replies":[{"embeddable":true,"href":"http:\/\/res-q-jack.com\/es_es\/wp-json\/wp\/v2\/comments?post=197"}],"version-history":[{"count":0,"href":"http:\/\/res-q-jack.com\/es_es\/wp-json\/wp\/v2\/pages\/197\/revisions"}],"up":[{"embeddable":true,"href":"http:\/\/res-q-jack.com\/es_es\/wp-json\/wp\/v2\/pages\/44"}],"wp:attachment":[{"href":"http:\/\/res-q-jack.com\/es_es\/wp-json\/wp\/v2\/media?parent=197"}],"curies":[{"name":"wp","href":"https:\/\/api.w.org\/{rel}","templated":true}]}}