{"id":195,"date":"2019-12-18T18:32:39","date_gmt":"2019-12-18T23:32:39","guid":{"rendered":"https:\/\/resqjack.wpengine.com\/?page_id=195"},"modified":"2024-02-27T12:31:36","modified_gmt":"2024-02-27T17:31:36","slug":"racores-sin-pasador","status":"publish","type":"page","link":"http:\/\/res-q-jack.com\/es_es\/accessories\/pin-free-end-fittings\/","title":{"rendered":"Accesorios finales sin clavijas"},"content":{"rendered":"<h1>Accesorios finales sin clavijas<\/h1>\r\n<ul>\r\n<li>\r\n<h3><a href=\"https:\/\/res-q-jack.com\/es_es\/accesorios\/\" target=\"_self\" rel=\"noopener noreferrer\">M\u00e1s informaci\u00f3n sobre nuestros accesorios<\/a>&lt;\/h3&gt;<\/h3>\r\n<\/li>\r\n<\/ul>\r\n<p><img decoding=\"async\" title=\"Tubo de extensi\u00f3n sin clavijas\" data-src=\"https:\/\/res-q-jack.com\/wp-content\/uploads\/2020\/02\/Pin-Free-Extension-Tubing-1.jpg\" alt=\"Tubo de extensi\u00f3n sin clavijas\" src=\"data:image\/svg+xml;base64,PHN2ZyB3aWR0aD0iMSIgaGVpZ2h0PSIxIiB4bWxucz0iaHR0cDovL3d3dy53My5vcmcvMjAwMC9zdmciPjwvc3ZnPg==\" class=\"lazyload\" style=\"--smush-placeholder-width: 900px; --smush-placeholder-aspect-ratio: 900\/600;\" \/><\/p>\r\n<h5>SPX-12EX (12\") | SPX-24EX (24\") | SPX-36EX (36\")<\/h5>\r\n<h3>Tubo de extensi\u00f3n<\/h3>\r\n<p>Alcance nuevas alturas con estos tubos de extensi\u00f3n. Estas extensiones f\u00e1ciles de usar est\u00e1n mecanizadas en aluminio 6061 T-6 y proporcionan una longitud adicional a sus puntales X sin pasador, Trench Shore y kits de rescate t\u00e9cnico. Disponibles en longitudes de uno, dos y tres pies.<\/p>\r\n<p><img decoding=\"async\" title=\"Cabeza de tr\u00edpode sin clavijas\" data-src=\"https:\/\/res-q-jack.com\/wp-content\/uploads\/2020\/02\/Pin-Free-Tripod-Head.jpg\" alt=\"Cabeza de tr\u00edpode sin clavijas\" src=\"data:image\/svg+xml;base64,PHN2ZyB3aWR0aD0iMSIgaGVpZ2h0PSIxIiB4bWxucz0iaHR0cDovL3d3dy53My5vcmcvMjAwMC9zdmciPjwvc3ZnPg==\" class=\"lazyload\" style=\"--smush-placeholder-width: 900px; --smush-placeholder-aspect-ratio: 900\/600;\" \/><\/p>\r\n<h5>SPX-TRPD<\/h5>\r\n<h3>Cabeza de tr\u00edpode<\/h3>\r\n<p>Convierta tres puntales sin pasador en un tr\u00edpode de rescate t\u00e9cnico con este accesorio de cabeza sin pasador. El cabezal del tr\u00edpode cuenta con una corona de acero con recubrimiento de polvo y tres accesorios de aluminio mecanizado para una r\u00e1pida configuraci\u00f3n. Los puntales se venden por separado.<\/p>\r\n<p><img decoding=\"async\" title=\"Placa de zanja SPX\" data-src=\"https:\/\/res-q-jack.com\/wp-content\/uploads\/2020\/05\/SPX-Trench-Plate.jpg\" alt=\"Placa de zanja SPX\" src=\"data:image\/svg+xml;base64,PHN2ZyB3aWR0aD0iMSIgaGVpZ2h0PSIxIiB4bWxucz0iaHR0cDovL3d3dy53My5vcmcvMjAwMC9zdmciPjwvc3ZnPg==\" class=\"lazyload\" style=\"--smush-placeholder-width: 900px; --smush-placeholder-aspect-ratio: 900\/600;\" \/><\/p>\r\n<h5>SPX-TRBP<\/h5>\r\n<h3>Placa de zanja<\/h3>\r\n<p>Esta placa de r\u00f3tula giratoria es ideal para el apuntalamiento de rescate de zanjas, con 4 agujeros en las esquinas para asegurar con clavos o tornillos. Fabricada en aluminio mecanizado.<\/p>\r\n<p><img decoding=\"async\" title=\"Placa de cabeza plana sin pasador\" data-src=\"https:\/\/res-q-jack.com\/wp-content\/uploads\/2020\/02\/Pin-Free-Flat-Head-Plate.jpg\" alt=\"Placa de cabeza plana sin pasador\" src=\"data:image\/svg+xml;base64,PHN2ZyB3aWR0aD0iMSIgaGVpZ2h0PSIxIiB4bWxucz0iaHR0cDovL3d3dy53My5vcmcvMjAwMC9zdmciPjwvc3ZnPg==\" class=\"lazyload\" style=\"--smush-placeholder-width: 900px; --smush-placeholder-aspect-ratio: 900\/600;\" \/><\/p>\r\n<h5>SPX-FLTH<\/h5>\r\n<h3>Placa de cabeza plana<\/h3>\r\n<p>Esta placa fija de 6\" es su cabezal de apuntalamiento directo. Se recomienda para aplicaciones estructurales con el Super X, pero tambi\u00e9n es compatible con el SPX Trench Shore. Fabricado en aluminio mecanizado.<\/p>\r\n<p><img decoding=\"async\" title=\"Placa base giratoria grande sin pasador\" data-src=\"https:\/\/res-q-jack.com\/wp-content\/uploads\/2020\/02\/Pin-Free-Large-Swiveling-Base-Plate.jpg\" alt=\"Placa base giratoria grande sin pasador\" src=\"data:image\/svg+xml;base64,PHN2ZyB3aWR0aD0iMSIgaGVpZ2h0PSIxIiB4bWxucz0iaHR0cDovL3d3dy53My5vcmcvMjAwMC9zdmciPjwvc3ZnPg==\" class=\"lazyload\" style=\"--smush-placeholder-width: 900px; --smush-placeholder-aspect-ratio: 900\/600;\" \/><\/p>\r\n<h5>SPX-12BP<\/h5>\r\n<h3>Super X-Strut Base grande<\/h3>\r\n<p>Esta placa base giratoria de 12\" funcionar\u00e1 en una amplia gama de escenarios, especialmente cuando necesite repartir la carga en terrenos blandos. Incluye un accesorio para las correas. Fabricada en aluminio mecanizado.<\/p>\r\n<p><img decoding=\"async\" title=\"Placa base peque\u00f1a Super X-Strut\" data-src=\"https:\/\/res-q-jack.com\/wp-content\/uploads\/2020\/05\/Super-X-Strut-Small-Base-Plate.jpg\" alt=\"Placa base peque\u00f1a Super X-Strut\" src=\"data:image\/svg+xml;base64,PHN2ZyB3aWR0aD0iMSIgaGVpZ2h0PSIxIiB4bWxucz0iaHR0cDovL3d3dy53My5vcmcvMjAwMC9zdmciPjwvc3ZnPg==\" class=\"lazyload\" style=\"--smush-placeholder-width: 900px; --smush-placeholder-aspect-ratio: 900\/600;\" \/><\/p>\r\n<h5>SPX-EXBP<\/h5>\r\n<h3>Super X-Strut Small Base PLate<\/h3>\r\n<p>Nuestra placa base giratoria est\u00e1ndar, pero construida espec\u00edficamente para el Super X. Este dise\u00f1o ligero incluye anillos en D para estacas o para enganchar correas y cadenas. Cuenta con un accesorio de aluminio mecanizado con base y anillos de acero con recubrimiento de polvo.<\/p>\r\n<p><img decoding=\"async\" title=\"Cabeza CRG giratoria sin pasador\" data-src=\"https:\/\/res-q-jack.com\/wp-content\/uploads\/2020\/02\/Pin-Free-Swivel-CRG-Head.jpg\" alt=\"Cabeza CRG giratoria sin pasador\" src=\"data:image\/svg+xml;base64,PHN2ZyB3aWR0aD0iMSIgaGVpZ2h0PSIxIiB4bWxucz0iaHR0cDovL3d3dy53My5vcmcvMjAwMC9zdmciPjwvc3ZnPg==\" class=\"lazyload\" style=\"--smush-placeholder-width: 900px; --smush-placeholder-aspect-ratio: 900\/600;\" \/><\/p>\r\n<h5>SPX-SCRG<\/h5>\r\n<h3>Cabeza CRG giratoria sin pasador<\/h3>\r\n<p>El CRG combina los accesorios de extremo de canal, punta redonda y pinza de cadena en un solo cabezal revolucionario, haciendo innecesario el cambio de cabezales durante un rescate. Se adapta a Super X, Apex y Auto X.<\/p>","protected":false},"excerpt":{"rendered":"<p>Terminales sin pasador M&aacute;s informaci&oacute;n sobre nuestros accesorios&lt;\/h3&gt; SPX-12EX (12&quot;) | SPX-24EX (24&quot;) | SPX-36EX (36&quot;) Tubos de extensi&oacute;n Alcance nuevas alturas con estos tubos de extensi&oacute;n. Estas extensiones f&aacute;ciles de usar est&aacute;n mecanizadas en aluminio 6061 T-6 y proporcionan longitud adicional a sus puntales X sin pasador, Trench Shore y kits de rescate t&eacute;cnico. Disponibles en uno, dos y tres pies...<\/p>","protected":false},"author":2,"featured_media":0,"parent":44,"menu_order":0,"comment_status":"closed","ping_status":"closed","template":"","meta":{"footnotes":""},"class_list":["post-195","page","type-page","status-publish","hentry"],"yoast_head":"<!-- This site is optimized with the Yoast SEO plugin v27.2 - https:\/\/yoast.com\/product\/yoast-seo-wordpress\/ -->\n<title>Pin-Free End Fittings | Res-Q-Jack, Inc.<\/title>\n<meta name=\"robots\" content=\"index, follow, max-snippet:-1, max-image-preview:large, max-video-preview:-1\" \/>\n<link rel=\"canonical\" href=\"https:\/\/res-q-jack.com\/es_es\/accesorios\/racores-sin-pasador\/\" \/>\n<meta property=\"og:locale\" content=\"es_ES\" \/>\n<meta property=\"og:type\" content=\"article\" \/>\n<meta property=\"og:title\" content=\"Pin-Free End Fittings | Res-Q-Jack, Inc.\" \/>\n<meta property=\"og:description\" content=\"Pin-Free End Fittings Learn more about our accessories&lt;\/h3 &gt; SPX-12EX (12\u201d) | SPX-24EX (24\u201d) | SPX-36EX (36\u201d) Extension Tubing Reach new heights with these extension tubes. These easy-to-use extensions are machined from 6061 T-6 aluminum and provide extra length to your Pin-Free X-Struts,Trench Shore, and Technical Rescue Kits. Available in one, two and three foot&hellip;\" \/>\n<meta property=\"og:url\" content=\"https:\/\/res-q-jack.com\/es_es\/accesorios\/racores-sin-pasador\/\" \/>\n<meta property=\"og:site_name\" content=\"Res-Q-Jack, Inc.\" \/>\n<meta property=\"article:modified_time\" content=\"2024-02-27T17:31:36+00:00\" \/>\n<meta property=\"og:image\" content=\"https:\/\/res-q-jack.com\/wp-content\/uploads\/2020\/02\/Pin-Free-Extension-Tubing-1.jpg\" \/>\n<meta name=\"twitter:card\" content=\"summary_large_image\" \/>\n<meta name=\"twitter:label1\" content=\"Tiempo de lectura\" \/>\n\t<meta name=\"twitter:data1\" content=\"5 minutos\" \/>\n<script type=\"application\/ld+json\" class=\"yoast-schema-graph\">{\"@context\":\"https:\/\/schema.org\",\"@graph\":[{\"@type\":\"WebPage\",\"@id\":\"https:\/\/res-q-jack.com\/accessories\/pin-free-end-fittings\/\",\"url\":\"https:\/\/res-q-jack.com\/accessories\/pin-free-end-fittings\/\",\"name\":\"Pin-Free End Fittings | Res-Q-Jack, Inc.\",\"isPartOf\":{\"@id\":\"https:\/\/res-q-jack.com\/#website\"},\"primaryImageOfPage\":{\"@id\":\"https:\/\/res-q-jack.com\/accessories\/pin-free-end-fittings\/#primaryimage\"},\"image\":{\"@id\":\"https:\/\/res-q-jack.com\/accessories\/pin-free-end-fittings\/#primaryimage\"},\"thumbnailUrl\":\"https:\/\/res-q-jack.com\/wp-content\/uploads\/2020\/02\/Pin-Free-Extension-Tubing-1.jpg\",\"datePublished\":\"2019-12-18T23:32:39+00:00\",\"dateModified\":\"2024-02-27T17:31:36+00:00\",\"breadcrumb\":{\"@id\":\"https:\/\/res-q-jack.com\/accessories\/pin-free-end-fittings\/#breadcrumb\"},\"inLanguage\":\"es\",\"potentialAction\":[{\"@type\":\"ReadAction\",\"target\":[\"https:\/\/res-q-jack.com\/accessories\/pin-free-end-fittings\/\"]}]},{\"@type\":\"ImageObject\",\"inLanguage\":\"es\",\"@id\":\"https:\/\/res-q-jack.com\/accessories\/pin-free-end-fittings\/#primaryimage\",\"url\":\"https:\/\/res-q-jack.com\/wp-content\/uploads\/2020\/02\/Pin-Free-Extension-Tubing-1.jpg\",\"contentUrl\":\"https:\/\/res-q-jack.com\/wp-content\/uploads\/2020\/02\/Pin-Free-Extension-Tubing-1.jpg\"},{\"@type\":\"BreadcrumbList\",\"@id\":\"https:\/\/res-q-jack.com\/accessories\/pin-free-end-fittings\/#breadcrumb\",\"itemListElement\":[{\"@type\":\"ListItem\",\"position\":1,\"name\":\"Home\",\"item\":\"https:\/\/res-q-jack.com\/\"},{\"@type\":\"ListItem\",\"position\":2,\"name\":\"Accessories\",\"item\":\"https:\/\/res-q-jack.com\/accessories\/\"},{\"@type\":\"ListItem\",\"position\":3,\"name\":\"Pin-Free End Fittings\"}]},{\"@type\":\"WebSite\",\"@id\":\"https:\/\/res-q-jack.com\/#website\",\"url\":\"https:\/\/res-q-jack.com\/\",\"name\":\"Res-Q-Jack, Inc.\",\"description\":\"Vehicle Stabilization Struts\",\"publisher\":{\"@id\":\"https:\/\/res-q-jack.com\/#organization\"},\"potentialAction\":[{\"@type\":\"SearchAction\",\"target\":{\"@type\":\"EntryPoint\",\"urlTemplate\":\"https:\/\/res-q-jack.com\/?s={search_term_string}\"},\"query-input\":{\"@type\":\"PropertyValueSpecification\",\"valueRequired\":true,\"valueName\":\"search_term_string\"}}],\"inLanguage\":\"es\"},{\"@type\":\"Organization\",\"@id\":\"https:\/\/res-q-jack.com\/#organization\",\"name\":\"Res-Q-Jack, Inc.\",\"url\":\"https:\/\/res-q-jack.com\/\",\"logo\":{\"@type\":\"ImageObject\",\"inLanguage\":\"es\",\"@id\":\"https:\/\/res-q-jack.com\/#\/schema\/logo\/image\/\",\"url\":\"https:\/\/res-q-jack.com\/wp-content\/uploads\/2020\/03\/Res-Q-Jack-SEO-Logo.png\",\"contentUrl\":\"https:\/\/res-q-jack.com\/wp-content\/uploads\/2020\/03\/Res-Q-Jack-SEO-Logo.png\",\"width\":612,\"height\":138,\"caption\":\"Res-Q-Jack, Inc.\"},\"image\":{\"@id\":\"https:\/\/res-q-jack.com\/#\/schema\/logo\/image\/\"}}]}<\/script>\n<!-- \/ Yoast SEO plugin. -->","yoast_head_json":{"title":"Accesorios finales sin pasador | Res-Q-Jack, Inc.","robots":{"index":"index","follow":"follow","max-snippet":"max-snippet:-1","max-image-preview":"max-image-preview:large","max-video-preview":"max-video-preview:-1"},"canonical":"https:\/\/res-q-jack.com\/es_es\/accesorios\/racores-sin-pasador\/","og_locale":"es_ES","og_type":"article","og_title":"Pin-Free End Fittings | Res-Q-Jack, Inc.","og_description":"Pin-Free End Fittings Learn more about our accessories&lt;\/h3 &gt; SPX-12EX (12\u201d) | SPX-24EX (24\u201d) | SPX-36EX (36\u201d) Extension Tubing Reach new heights with these extension tubes. These easy-to-use extensions are machined from 6061 T-6 aluminum and provide extra length to your Pin-Free X-Struts,Trench Shore, and Technical Rescue Kits. Available in one, two and three foot&hellip;","og_url":"https:\/\/res-q-jack.com\/es_es\/accesorios\/racores-sin-pasador\/","og_site_name":"Res-Q-Jack, Inc.","article_modified_time":"2024-02-27T17:31:36+00:00","og_image":[{"url":"https:\/\/res-q-jack.com\/wp-content\/uploads\/2020\/02\/Pin-Free-Extension-Tubing-1.jpg","type":"","width":"","height":""}],"twitter_card":"summary_large_image","twitter_misc":{"Tiempo de lectura":"5 minutos"},"schema":{"@context":"https:\/\/schema.org","@graph":[{"@type":"WebPage","@id":"https:\/\/res-q-jack.com\/accessories\/pin-free-end-fittings\/","url":"https:\/\/res-q-jack.com\/accessories\/pin-free-end-fittings\/","name":"Accesorios finales sin pasador | Res-Q-Jack, Inc.","isPartOf":{"@id":"https:\/\/res-q-jack.com\/#website"},"primaryImageOfPage":{"@id":"https:\/\/res-q-jack.com\/accessories\/pin-free-end-fittings\/#primaryimage"},"image":{"@id":"https:\/\/res-q-jack.com\/accessories\/pin-free-end-fittings\/#primaryimage"},"thumbnailUrl":"https:\/\/res-q-jack.com\/wp-content\/uploads\/2020\/02\/Pin-Free-Extension-Tubing-1.jpg","datePublished":"2019-12-18T23:32:39+00:00","dateModified":"2024-02-27T17:31:36+00:00","breadcrumb":{"@id":"https:\/\/res-q-jack.com\/accessories\/pin-free-end-fittings\/#breadcrumb"},"inLanguage":"es","potentialAction":[{"@type":"ReadAction","target":["https:\/\/res-q-jack.com\/accessories\/pin-free-end-fittings\/"]}]},{"@type":"ImageObject","inLanguage":"es","@id":"https:\/\/res-q-jack.com\/accessories\/pin-free-end-fittings\/#primaryimage","url":"https:\/\/res-q-jack.com\/wp-content\/uploads\/2020\/02\/Pin-Free-Extension-Tubing-1.jpg","contentUrl":"https:\/\/res-q-jack.com\/wp-content\/uploads\/2020\/02\/Pin-Free-Extension-Tubing-1.jpg"},{"@type":"BreadcrumbList","@id":"https:\/\/res-q-jack.com\/accessories\/pin-free-end-fittings\/#breadcrumb","itemListElement":[{"@type":"ListItem","position":1,"name":"Home","item":"https:\/\/res-q-jack.com\/"},{"@type":"ListItem","position":2,"name":"Accessories","item":"https:\/\/res-q-jack.com\/accessories\/"},{"@type":"ListItem","position":3,"name":"Pin-Free End Fittings"}]},{"@type":"WebSite","@id":"https:\/\/res-q-jack.com\/#website","url":"https:\/\/res-q-jack.com\/","name":"Res-Q-Jack, Inc.","description":"Puntales de estabilizaci\u00f3n del veh\u00edculo","publisher":{"@id":"https:\/\/res-q-jack.com\/#organization"},"potentialAction":[{"@type":"SearchAction","target":{"@type":"EntryPoint","urlTemplate":"https:\/\/res-q-jack.com\/?s={search_term_string}"},"query-input":{"@type":"PropertyValueSpecification","valueRequired":true,"valueName":"search_term_string"}}],"inLanguage":"es"},{"@type":"Organization","@id":"https:\/\/res-q-jack.com\/#organization","name":"Res-Q-Jack, Inc.","url":"https:\/\/res-q-jack.com\/","logo":{"@type":"ImageObject","inLanguage":"es","@id":"https:\/\/res-q-jack.com\/#\/schema\/logo\/image\/","url":"https:\/\/res-q-jack.com\/wp-content\/uploads\/2020\/03\/Res-Q-Jack-SEO-Logo.png","contentUrl":"https:\/\/res-q-jack.com\/wp-content\/uploads\/2020\/03\/Res-Q-Jack-SEO-Logo.png","width":612,"height":138,"caption":"Res-Q-Jack, Inc."},"image":{"@id":"https:\/\/res-q-jack.com\/#\/schema\/logo\/image\/"}}]}},"_links":{"self":[{"href":"http:\/\/res-q-jack.com\/es_es\/wp-json\/wp\/v2\/pages\/195","targetHints":{"allow":["GET"]}}],"collection":[{"href":"http:\/\/res-q-jack.com\/es_es\/wp-json\/wp\/v2\/pages"}],"about":[{"href":"http:\/\/res-q-jack.com\/es_es\/wp-json\/wp\/v2\/types\/page"}],"author":[{"embeddable":true,"href":"http:\/\/res-q-jack.com\/es_es\/wp-json\/wp\/v2\/users\/2"}],"replies":[{"embeddable":true,"href":"http:\/\/res-q-jack.com\/es_es\/wp-json\/wp\/v2\/comments?post=195"}],"version-history":[{"count":0,"href":"http:\/\/res-q-jack.com\/es_es\/wp-json\/wp\/v2\/pages\/195\/revisions"}],"up":[{"embeddable":true,"href":"http:\/\/res-q-jack.com\/es_es\/wp-json\/wp\/v2\/pages\/44"}],"wp:attachment":[{"href":"http:\/\/res-q-jack.com\/es_es\/wp-json\/wp\/v2\/media?parent=195"}],"curies":[{"name":"wp","href":"https:\/\/api.w.org\/{rel}","templated":true}]}}